{"id":9525,"date":"2023-05-10T10:29:51","date_gmt":"2023-05-10T09:29:51","guid":{"rendered":"https:\/\/ebrecleaneco.com\/avis-legal\/"},"modified":"2023-06-08T09:28:35","modified_gmt":"2023-06-08T08:28:35","slug":"avis-legal","status":"publish","type":"page","link":"https:\/\/ebrecleaneco.com\/ca\/avis-legal\/","title":{"rendered":"Av\u00eds legal"},"content":{"rendered":"\n<h2 class=\"wp-block-heading\">IDENTIFICACI\u00d3 I TITULARITAT<\/h2>\n\n<p>En compliment de l&#8217;article 10 de la Llei 34\/2002, de 11 de juliol, de Serveis de la Societat de la Informaci\u00f3 i Comer\u00e7 Electr\u00f2nic, el titular exposa les seves dades identificatives.<\/p>\n\n<p><strong>Titular: <\/strong>EbreClean Eco<br\/><strong>Domicili<\/strong>: Gandesa, 43780<br\/><strong>Correu electr\u00f2nic<\/strong>: <a href=\"mailto:info@ebrecleaneco.com\">mailto:info@ebrecleaneco.com<\/a><br\/><strong>Lloc Web<\/strong>: <a href=\"https:\/\/ebrecleaneco.com\/ca\/\">https:\/\/ebrecleaneco.com<\/a><\/p>\n\n<h3 class=\"wp-block-heading\">CONDICIONS D&#8217;\u00daS<\/h3>\n\n<p>La utilitzaci\u00f3 del lloc web us atorga la condici\u00f3 d&#8217;Usuari, i implica l&#8217;acceptaci\u00f3 completa de totes les cl\u00e0usules i condicions d&#8217;\u00fas incloses a les p\u00e0gines:<\/p>\n\n<p>Av\u00eds legal<br\/><a href=\"https:\/\/ebrecleaneco.com\/ca\/\">Pol\u00edtica de Privacitat<\/a><br\/><a href=\"https:\/\/ebrecleaneco.com\/ca\/\">Pol\u00edtica de Cookies<\/a><\/p>\n\n<p>Si no esteu d&#8217;acord amb totes i cadascuna d&#8217;aquestes cl\u00e0usules i condicions, us abstindreu d&#8217;utilitzar aquest lloc web.<\/p>\n\n<p>L&#8217;acc\u00e9s a aquest lloc web no suposa, de cap manera, l&#8217;inici d&#8217;una relaci\u00f3 comercial amb <strong>EbreClean Eco<\/strong> a trav\u00e9s d&#8217;aquest lloc web, el titular et facilita l&#8217;acc\u00e9s i la utilitzaci\u00f3 de diversos continguts que el titular o els seus col\u00b7laboradors han publicat mitjan\u00e7ant Internet.<\/p>\n\n<p>A aquest efecte, t&#8217;obligues i compromets a NO utilitzar qualsevol dels continguts del lloc web amb fins o efectes il\u00b7l\u00edcits, prohibits en aquest av\u00eds legal o per la legislaci\u00f3 vigent, lesius dels drets i interessos de tercers, o que de qualsevol manera puguin danyar, inutilitzar, sobrecarregar, deteriorar o impedir la utilitzaci\u00f3 normal dels continguts, equips inform\u00e0tics o documents, arxius i tota mena de continguts emmagatzemats en qualsevol equip inform\u00e0tic propis o contractats per <strong>EbreClean Eco<\/strong>, d&#8217;altres usuaris o qualsevol usuari d&#8217;Internet.<\/p>\n\n<h3 class=\"wp-block-heading\">MESURES DE SEGURETAT<\/h3>\n\n<p>Les dades personals que facilitis al Titular poden ser emmagatzemades en bases de dades automatitzades o no, la titularitat correspon en exclusiva a <strong>EbreClean Eco<\/strong>, que assumeix totes les mesures d&#8217;\u00edndole t\u00e8cnica, organitzativa i de seguretat que garanteixen la confidencialitat, integritat i qualitat de la informaci\u00f3 que cont\u00e9 d&#8217;acord amb el que estableix la normativa vigent en protecci\u00f3 de dades.<\/p>\n\n<p>Tot i aix\u00f2, has de ser conscient que les mesures de seguretat dels sistemes inform\u00e0tics a Internet no s\u00f3n enterament fiables i que, per tant el Titular no pot garantir la inexist\u00e8ncia de virus o altres elements que puguin produir alteracions en els sistemes inform\u00e0tics (programari i maquinari) de l&#8217;Usuari o en els seus documents electr\u00f2nics i fitxers que cont\u00e9 encara que el Titular posa tots els mitjans necessaris i pren les mesures de seguretat oportunes per evitar la pres\u00e8ncia d&#8217;aquests elements nocius.<\/p>\n\n<h3 class=\"wp-block-heading\">TRACTAMENT DE DADES PERSONALS<\/h3>\n\n<p>Pots consultar tota la informaci\u00f3 relativa al tractament de dades personals recollides pel Titular a la p\u00e0gina de Pol\u00edtica de Privadesa.<\/p>\n\n<h3 class=\"wp-block-heading\">CONTINGUTS<\/h3>\n\n<p>El Titular ha obtingut la informaci\u00f3, el contingut multim\u00e8dia i els materials inclosos al lloc web de fonts que considera fiables, per\u00f2 si b\u00e9 ha pres totes les mesures raonables per assegurar que la informaci\u00f3 continguda \u00e9s correcta, el Titular no garanteix que sigui exacta, completa o actualitzada. <strong>EbreClean Eco<\/strong> declina expressament qualsevol responsabilitat per error o omissi\u00f3 a la informaci\u00f3 continguda a les p\u00e0gines d&#8217;aquest lloc web.<\/p>\n\n<p>Queda prohibit transmetre o enviar a trav\u00e9s del lloc web qualsevol contingut il\u00b7legal o il\u00b7l\u00edcit, virus inform\u00e0tics, o missatges que, en general, afectin o violin drets del Titular o de tercers.<\/p>\n\n<p>Els continguts d&#8217;<a href=\"https:\/\/ebrecleaneco.com%20\">https:\/\/ebrecleaneco.com<\/a> tenen \u00fanicament una finalitat informativa i sota cap circumst\u00e0ncia han d&#8217;usar ni considerar com a oferta de venda, sol\u00b7licitud d&#8217;una oferta de compra ni recomanaci\u00f3 per fer qualsevol altra operaci\u00f3, llevat que aix\u00ed s&#8217;indiqui expressament.<\/p>\n\n<p><strong><strong>EbreClean Eco<\/strong><\/strong> es reserva el dret a modificar, suspendre, cancel\u00b7lar o restringir el contingut de <a href=\"https:\/\/ebrecleaneco.com\/ca\/\">https:\/\/ebrecleaneco.com<\/a>, els vincles o la informaci\u00f3 obtinguda a trav\u00e9s del lloc web, sense necessitat de previ av\u00eds.<\/p>\n\n<p><strong><strong>EbreClean Eco<\/strong><\/strong> no \u00e9s responsable dels danys i perjudicis que puguin derivar-se de la utilitzaci\u00f3 de la informaci\u00f3 del lloc web o de la continguda a les xarxes socials del Titular.<\/p>\n\n<h3 class=\"wp-block-heading\">POL\u00cdTICA DE COOKIES<\/h3>\n\n<p>A la p\u00e0gina <strong>Pol\u00edtica de Cookies<\/strong> pots consultar tota la informaci\u00f3 relativa a la pol\u00edtica de recollida i tractament de cookies.<\/p>\n\n<h3 class=\"wp-block-heading\">ENLLA\u00c7OS A ALTRES LLOCS WEB<\/h3>\n\n<p>El Titular pot proporcionar acc\u00e9s a llocs web de tercers mitjan\u00e7ant enlla\u00e7os amb la finalitat exclusiva d&#8217;informar-te sobre l&#8217;exist\u00e8ncia d&#8217;altres fonts d&#8217;informaci\u00f3 a Internet on podr\u00e0s ampliar les dades ofertes al lloc web.<\/p>\n\n<p>Aquests enlla\u00e7os a altres llocs web no suposen en cap cas un suggeriment o recomanaci\u00f3 perqu\u00e8 visitis les p\u00e0gines web de destinaci\u00f3, que estan fora de control de la persona titular, per la qual cosa <strong>EbreClean Eco<\/strong> no \u00e9s responsable del contingut dels llocs web vinculats ni del resultat que obtinguis en seguir els enlla\u00e7os.<\/p>\n\n<p>Aix\u00ed mateix, <strong>EbreClean Eco<\/strong> no respon dels links o enlla\u00e7os ubicats als llocs web vinculats als quals et proporciona acc\u00e9s.<\/p>\n\n<p>L&#8217;establiment de l&#8217;enlla\u00e7 no implica en cap cas l&#8217;exist\u00e8ncia de relacions entre <strong><strong>EbreClean Eco<\/strong><\/strong> i el propietari del lloc on s&#8217;estableixi l&#8217;enlla\u00e7, ni l&#8217;acceptaci\u00f3 o l&#8217;aprovaci\u00f3 per part del Titular dels seus continguts o serveis.<\/p>\n\n<p>Si accediu a un lloc web extern des d&#8217;un enlla\u00e7 que trobeu a <a href=\"https:\/\/ebrecleaneco.com%20\">https:\/\/ebrecleaneco.com<\/a> heu de llegir la pr\u00f2pia pol\u00edtica de privadesa de l&#8217;altre lloc web que pot ser diferent de la d&#8217;aquest lloc web.<\/p>\n\n<h3 class=\"wp-block-heading\">PROPIETAT INTEL\u00b7LECTUAL I INDUSTRIAL<\/h3>\n\n<p>Tots els drets estan reservats.<\/p>\n\n<p>Tot acc\u00e9s a aquest lloc web est\u00e0 subjecte a les condicions seg\u00fcents: la reproducci\u00f3, emmagatzematge permanent i la difusi\u00f3 dels continguts o qualsevol altre \u00fas que tingui finalitat p\u00fablica o comercial queda expressament prohibida sense el consentiment expr\u00e9s previ i per escrit d&#8217;<strong>EbreClean Eco<\/strong>.<\/p>\n\n<h3 class=\"wp-block-heading\">LIMITACI\u00d3 DE RESPONSABILITAT<\/h3>\n\n<p>La informaci\u00f3 i els serveis inclosos o disponibles a trav\u00e9s d&#8217;aquest lloc web poden incloure incorreccions o errors tipogr\u00e0fics. De forma peri\u00f2dica el titular incorpora millores i\/o canvis a la informaci\u00f3 continguda i\/o als Serveis que pot introduir en qualsevol moment.<\/p>\n\n<p>El Titular no declara ni garanteix que els serveis o continguts siguin interromputs o que estiguin lliures derrors, que els defectes siguin corregits, o que el servei o servidor que el posa a disposici\u00f3 estiguin lliures de virus o altres components nocius sense perjudici que el titular fa tots els esfor\u00e7os a evitar aquest tipus d&#8217;incidents.<\/p>\n\n<p><strong>EbreClean Eco<\/strong> declina qualsevol responsabilitat en cas que hi hagi interrupcions o un mal funcionament dels serveis o continguts oferts a Internet, sigui quina sigui la causa. Aix\u00ed mateix, el titular no es fa responsable per caigudes de la xarxa, p\u00e8rdues de negoci a conseq\u00fc\u00e8ncia d&#8217;aquestes caigudes, suspensions temporals de fluid el\u00e8ctric o qualsevol altre tipus de dany indirecte que et pugui causar per causes alienes al titular.<\/p>\n\n<p>Abans de prendre decisions i\/o accions sobre la base de la informaci\u00f3 inclosa al lloc web, el titular et recomana comprovar i contrastar la informaci\u00f3 rebuda amb altres fonts.<\/p>\n\n<h3 class=\"wp-block-heading\">JURISDICCI\u00d3<\/h3>\n\n<p>Aquest Av\u00eds Legal es regeix \u00edntegrament per la legislaci\u00f3 espanyola.<\/p>\n\n<h3 class=\"wp-block-heading\">CONTACTE<\/h3>\n\n<p>En cas que tinguis qualsevol dubte sobre aquestes Condicions legals o vulguis fer qualsevol comentari sobre aquest lloc web, pots enviar un missatge de correu electr\u00f2nic a l&#8217;adre\u00e7a <a href=\"mailto:info@ebrecleaneco.com\">info@ebrecleaneco.com<\/a>.<\/p>\n\n<hr class=\"wp-block-separator has-alpha-channel-opacity\"\/>\n","protected":false},"excerpt":{"rendered":"<p>IDENTIFICACI\u00d3 I TITULARITAT En compliment de l&#8217;article 10 de la Llei 34\/2002, de 11 de juliol, de Serveis de la Societat de la Informaci\u00f3 i Comer\u00e7 Electr\u00f2nic, el titular exposa les seves dades identificatives. Titular: EbreClean EcoDomicili: Gandesa, 43780Correu electr\u00f2nic: mailto:info@ebrecleaneco.comLloc Web: https:\/\/ebrecleaneco.com CONDICIONS D&#8217;\u00daS La utilitzaci\u00f3 del lloc web us atorga la condici\u00f3 d&#8217;Usuari, [&hellip;]<\/p>\n","protected":false},"author":3,"featured_media":0,"parent":0,"menu_order":0,"comment_status":"closed","ping_status":"open","template":"","meta":{"inline_featured_image":false,"footnotes":""},"class_list":["post-9525","page","type-page","status-publish","hentry"],"yoast_head":"<!-- This site is optimized with the Yoast SEO plugin v27.6 - https:\/\/yoast.com\/product\/yoast-seo-wordpress\/ -->\n<title>Av\u00eds legal - Ebreclean ECO<\/title>\n<meta name=\"robots\" content=\"noindex, nofollow\" \/>\n<meta property=\"og:locale\" content=\"ca_ES\" \/>\n<meta property=\"og:type\" content=\"article\" \/>\n<meta property=\"og:title\" content=\"Av\u00eds legal - Ebreclean ECO\" \/>\n<meta property=\"og:description\" content=\"IDENTIFICACI\u00d3 I TITULARITAT En compliment de l&#8217;article 10 de la Llei 34\/2002, de 11 de juliol, de Serveis de la Societat de la Informaci\u00f3 i Comer\u00e7 Electr\u00f2nic, el titular exposa les seves dades identificatives. Titular: EbreClean EcoDomicili: Gandesa, 43780Correu electr\u00f2nic: mailto:info@ebrecleaneco.comLloc Web: https:\/\/ebrecleaneco.com CONDICIONS D&#8217;\u00daS La utilitzaci\u00f3 del lloc web us atorga la condici\u00f3 d&#8217;Usuari, [&hellip;]\" \/>\n<meta property=\"og:url\" content=\"https:\/\/ebrecleaneco.com\/ca\/avis-legal\/\" \/>\n<meta property=\"og:site_name\" content=\"Ebreclean ECO\" \/>\n<meta property=\"article:modified_time\" content=\"2023-06-08T08:28:35+00:00\" \/>\n<meta name=\"twitter:card\" content=\"summary_large_image\" \/>\n<meta name=\"twitter:label1\" content=\"Temps estimat de lectura\" \/>\n\t<meta name=\"twitter:data1\" content=\"6 minuts\" \/>\n<script type=\"application\/ld+json\" class=\"yoast-schema-graph\">{\"@context\":\"https:\\\/\\\/schema.org\",\"@graph\":[{\"@type\":\"WebPage\",\"@id\":\"https:\\\/\\\/ebrecleaneco.com\\\/ca\\\/avis-legal\\\/\",\"url\":\"https:\\\/\\\/ebrecleaneco.com\\\/ca\\\/avis-legal\\\/\",\"name\":\"Av\u00eds legal - Ebreclean ECO\",\"isPartOf\":{\"@id\":\"https:\\\/\\\/ebrecleaneco.com\\\/ca\\\/#website\"},\"datePublished\":\"2023-05-10T09:29:51+00:00\",\"dateModified\":\"2023-06-08T08:28:35+00:00\",\"breadcrumb\":{\"@id\":\"https:\\\/\\\/ebrecleaneco.com\\\/ca\\\/avis-legal\\\/#breadcrumb\"},\"inLanguage\":\"ca\",\"potentialAction\":[{\"@type\":\"ReadAction\",\"target\":[\"https:\\\/\\\/ebrecleaneco.com\\\/ca\\\/avis-legal\\\/\"]}]},{\"@type\":\"BreadcrumbList\",\"@id\":\"https:\\\/\\\/ebrecleaneco.com\\\/ca\\\/avis-legal\\\/#breadcrumb\",\"itemListElement\":[{\"@type\":\"ListItem\",\"position\":1,\"name\":\"Home\",\"item\":\"https:\\\/\\\/ebrecleaneco.com\\\/ca\\\/ebreclean-eco-detailing\\\/\"},{\"@type\":\"ListItem\",\"position\":2,\"name\":\"Av\u00eds legal\"}]},{\"@type\":\"WebSite\",\"@id\":\"https:\\\/\\\/ebrecleaneco.com\\\/ca\\\/#website\",\"url\":\"https:\\\/\\\/ebrecleaneco.com\\\/ca\\\/\",\"name\":\"Ebreclean ECO\",\"description\":\"Tu tienda online de productos de limpieza para tu vehiculo, accesorios y detailing! Somos fabricantes y distribuidores. Monta tu propio lavadero ecol\u00f3gico con nosotros!\",\"publisher\":{\"@id\":\"https:\\\/\\\/ebrecleaneco.com\\\/ca\\\/#organization\"},\"alternateName\":\"EBRECLEAN\",\"potentialAction\":[{\"@type\":\"SearchAction\",\"target\":{\"@type\":\"EntryPoint\",\"urlTemplate\":\"https:\\\/\\\/ebrecleaneco.com\\\/ca\\\/?s={search_term_string}\"},\"query-input\":{\"@type\":\"PropertyValueSpecification\",\"valueRequired\":true,\"valueName\":\"search_term_string\"}}],\"inLanguage\":\"ca\"},{\"@type\":\"Organization\",\"@id\":\"https:\\\/\\\/ebrecleaneco.com\\\/ca\\\/#organization\",\"name\":\"Ebreclean ECO\",\"url\":\"https:\\\/\\\/ebrecleaneco.com\\\/ca\\\/\",\"logo\":{\"@type\":\"ImageObject\",\"inLanguage\":\"ca\",\"@id\":\"https:\\\/\\\/ebrecleaneco.com\\\/ca\\\/#\\\/schema\\\/logo\\\/image\\\/\",\"url\":\"https:\\\/\\\/ebrecleaneco.com\\\/wp-content\\\/uploads\\\/2023\\\/03\\\/cropped-logo-512-blanc.png\",\"contentUrl\":\"https:\\\/\\\/ebrecleaneco.com\\\/wp-content\\\/uploads\\\/2023\\\/03\\\/cropped-logo-512-blanc.png\",\"width\":512,\"height\":512,\"caption\":\"Ebreclean ECO\"},\"image\":{\"@id\":\"https:\\\/\\\/ebrecleaneco.com\\\/ca\\\/#\\\/schema\\\/logo\\\/image\\\/\"},\"sameAs\":[\"https:\\\/\\\/www.instagram.com\\\/ebrecleaneco\\\/\"]}]}<\/script>\n<!-- \/ Yoast SEO plugin. -->","yoast_head_json":{"title":"Av\u00eds legal - Ebreclean ECO","robots":{"index":"noindex","follow":"nofollow"},"og_locale":"ca_ES","og_type":"article","og_title":"Av\u00eds legal - Ebreclean ECO","og_description":"IDENTIFICACI\u00d3 I TITULARITAT En compliment de l&#8217;article 10 de la Llei 34\/2002, de 11 de juliol, de Serveis de la Societat de la Informaci\u00f3 i Comer\u00e7 Electr\u00f2nic, el titular exposa les seves dades identificatives. Titular: EbreClean EcoDomicili: Gandesa, 43780Correu electr\u00f2nic: mailto:info@ebrecleaneco.comLloc Web: https:\/\/ebrecleaneco.com CONDICIONS D&#8217;\u00daS La utilitzaci\u00f3 del lloc web us atorga la condici\u00f3 d&#8217;Usuari, [&hellip;]","og_url":"https:\/\/ebrecleaneco.com\/ca\/avis-legal\/","og_site_name":"Ebreclean ECO","article_modified_time":"2023-06-08T08:28:35+00:00","twitter_card":"summary_large_image","twitter_misc":{"Temps estimat de lectura":"6 minuts"},"schema":{"@context":"https:\/\/schema.org","@graph":[{"@type":"WebPage","@id":"https:\/\/ebrecleaneco.com\/ca\/avis-legal\/","url":"https:\/\/ebrecleaneco.com\/ca\/avis-legal\/","name":"Av\u00eds legal - Ebreclean ECO","isPartOf":{"@id":"https:\/\/ebrecleaneco.com\/ca\/#website"},"datePublished":"2023-05-10T09:29:51+00:00","dateModified":"2023-06-08T08:28:35+00:00","breadcrumb":{"@id":"https:\/\/ebrecleaneco.com\/ca\/avis-legal\/#breadcrumb"},"inLanguage":"ca","potentialAction":[{"@type":"ReadAction","target":["https:\/\/ebrecleaneco.com\/ca\/avis-legal\/"]}]},{"@type":"BreadcrumbList","@id":"https:\/\/ebrecleaneco.com\/ca\/avis-legal\/#breadcrumb","itemListElement":[{"@type":"ListItem","position":1,"name":"Home","item":"https:\/\/ebrecleaneco.com\/ca\/ebreclean-eco-detailing\/"},{"@type":"ListItem","position":2,"name":"Av\u00eds legal"}]},{"@type":"WebSite","@id":"https:\/\/ebrecleaneco.com\/ca\/#website","url":"https:\/\/ebrecleaneco.com\/ca\/","name":"Ebreclean ECO","description":"Tu tienda online de productos de limpieza para tu vehiculo, accesorios y detailing! Somos fabricantes y distribuidores. Monta tu propio lavadero ecol\u00f3gico con nosotros!","publisher":{"@id":"https:\/\/ebrecleaneco.com\/ca\/#organization"},"alternateName":"EBRECLEAN","potentialAction":[{"@type":"SearchAction","target":{"@type":"EntryPoint","urlTemplate":"https:\/\/ebrecleaneco.com\/ca\/?s={search_term_string}"},"query-input":{"@type":"PropertyValueSpecification","valueRequired":true,"valueName":"search_term_string"}}],"inLanguage":"ca"},{"@type":"Organization","@id":"https:\/\/ebrecleaneco.com\/ca\/#organization","name":"Ebreclean ECO","url":"https:\/\/ebrecleaneco.com\/ca\/","logo":{"@type":"ImageObject","inLanguage":"ca","@id":"https:\/\/ebrecleaneco.com\/ca\/#\/schema\/logo\/image\/","url":"https:\/\/ebrecleaneco.com\/wp-content\/uploads\/2023\/03\/cropped-logo-512-blanc.png","contentUrl":"https:\/\/ebrecleaneco.com\/wp-content\/uploads\/2023\/03\/cropped-logo-512-blanc.png","width":512,"height":512,"caption":"Ebreclean ECO"},"image":{"@id":"https:\/\/ebrecleaneco.com\/ca\/#\/schema\/logo\/image\/"},"sameAs":["https:\/\/www.instagram.com\/ebrecleaneco\/"]}]}},"_links":{"self":[{"href":"https:\/\/ebrecleaneco.com\/ca\/wp-json\/wp\/v2\/pages\/9525","targetHints":{"allow":["GET"]}}],"collection":[{"href":"https:\/\/ebrecleaneco.com\/ca\/wp-json\/wp\/v2\/pages"}],"about":[{"href":"https:\/\/ebrecleaneco.com\/ca\/wp-json\/wp\/v2\/types\/page"}],"author":[{"embeddable":true,"href":"https:\/\/ebrecleaneco.com\/ca\/wp-json\/wp\/v2\/users\/3"}],"replies":[{"embeddable":true,"href":"https:\/\/ebrecleaneco.com\/ca\/wp-json\/wp\/v2\/comments?post=9525"}],"version-history":[{"count":0,"href":"https:\/\/ebrecleaneco.com\/ca\/wp-json\/wp\/v2\/pages\/9525\/revisions"}],"wp:attachment":[{"href":"https:\/\/ebrecleaneco.com\/ca\/wp-json\/wp\/v2\/media?parent=9525"}],"curies":[{"name":"wp","href":"https:\/\/api.w.org\/{rel}","templated":true}]}}