{"id":9531,"date":"2023-05-09T10:49:25","date_gmt":"2023-05-09T09:49:25","guid":{"rendered":"https:\/\/ebrecleaneco.com\/condicions-generals-dus\/"},"modified":"2023-06-15T16:14:23","modified_gmt":"2023-06-15T15:14:23","slug":"condicions-generals-dus","status":"publish","type":"page","link":"https:\/\/ebrecleaneco.com\/ca\/condicions-generals-dus\/","title":{"rendered":"Condicions generals d&#8217;\u00fas"},"content":{"rendered":"\n<p>Els productes oferts en aquesta web estan gestionats per EBRECLEAN ECO DETAILING. Venem al client i el client compra el producte o productes especificats a la comanda i la factura. Di\u00e0riament s&#8217;actualitzen les altes i baixes al cat\u00e0leg, ofertes, promocions, etc. En cas de sol\u00b7licitar un producte esgotat o descatalogat procedirem a informar-lo mitjan\u00e7ant l&#8217;adre\u00e7a de correu electr\u00f2nic que ens hagi facilitat.<\/p>\n\n\n\n<p>Les condicions i el preu de l&#8217;enviament estan detallades quan processeu la cistella de compra i inclouen tots els impostos aplicables a Espanya peninsular. Totes les vendes es consideraran realitzades a efectes fiscals a Espanya.<\/p>\n\n\n\n<p>Els preus mostrats al lloc web s\u00f3n v\u00e0lids excepte per error tipogr\u00e0fic. Els preus es revisen peri\u00f2dicament, i estan subjectes a canvis sense av\u00eds previ. En el moment d&#8217;emplenar la comanda se us informar\u00e0 dels costos d&#8217;enviament. Si necessiteu o voleu proposar una altra forma d&#8217;enviament diferent de la mostrada a la p\u00e0gina web, poseu-vos en contacte amb nosaltres abans de fer la vostra comanda.<\/p>\n\n\n\n<p>Les comandes poden ser cancel\u00b7lades sense cap cost per al client abans que les lliurem a la companyia de transports. Si \u00e9s el vostre cas envieu-nos un e-mail com m\u00e9s aviat millor a <a href=\"mailto:info@ebrecleaneco.com\" target=\"_blank\" rel=\"noreferrer noopener\">info@ebrecleaneco.com<\/a> perqu\u00e8 puguem procedir a la cancel\u00b7laci\u00f3.<\/p>\n\n\n\n<p>Les comandes que es formalitzin abans de les 14:00 de la tarda es prepararan i enviaran el mateix dia, i el client les rebr\u00e0 en 24\/48h (excepte excepcions o comandes de m\u00e9s de 20Kg). En el cas de comandes formalitzades amb posterioritat a aquesta hora, la comanda s&#8217;enviar\u00e0 l&#8217;endem\u00e0. Aquestes condicions nom\u00e9s apliquen per a comandes el pagament de les quals es faci mitjan\u00e7ant targeta de cr\u00e8dit o Paypal. Les comandes el preu de les quals s&#8217;aboni mitjan\u00e7ant transfer\u00e8ncia banc\u00e0ria es prepararan i enviaran al llarg del dia en qu\u00e8 l&#8217;import sigui abonat a EBRECLEANECO DETAILING (si us plau tenir en compte que les transfer\u00e8ncies entre entitats banc\u00e0ries diferents poden demorar-se 24 o 48 hores). Les comandes viatgen sempre per compte i risc del comprador. Si observeu alguna anomalia o desperfecte en el vostre paquet o comanda heu de fer-ho constar a l&#8217;albar\u00e0 del transportista o no es podr\u00e0 realitzar una reclamaci\u00f3 posterior. En el cas de comandes de m\u00e9s de 20Kg, l&#8217;enviament es fa per ag\u00e8ncia de transports convencional (no urgent) i el temps de tr\u00e0nsit \u00e9s de 48\/72h<\/p>\n\n\n\n<p>NO emmagatzemem cap dada relacionada amb el pagament ni de la targeta de cr\u00e8dit o d\u00e8bit utilitzada per a aquest. Tota l&#8217;operativa de pagament mitjan\u00e7ant targeta es fa en una passarel\u00b7la de pagament segura d&#8217;una entitat banc\u00e0ria amb les dades encriptades mitjan\u00e7ant el protocol SSL, evitant aix\u00ed la intercepci\u00f3 de la informaci\u00f3 per part de tercers. Les transaccions que es facin a trav\u00e9s del web comptaran amb totes les garanties de seguretat, confidencialitat i integritat per als agents participants: titulars de targetes i les seves entitats emissores, comer\u00e7os i entitats o persones adquirents.<\/p>\n\n\n\n<p>Intentarem que el lloc web sigui accessible les 24 hores del dia., per\u00f2 no ens fem responsables si el lloc web \u00e9s inaccessible qualsevol moment o per\u00edode de temps. La connexi\u00f3 pot ser suspesa temporalment en cas de fallada del sistema, manteniment o reparaci\u00f3, aix\u00ed com qualsevol altra circumst\u00e0ncia fora del nostre control.<\/p>\n\n\n\n<p>Per a qualsevol aclariment o dubte addicional sobre les condicions de venda, poseu-vos en contacte amb nosaltres per correu electr\u00f2nic a <a href=\"mailto:info@ebrecleaneco.com\" target=\"_blank\" rel=\"noreferrer noopener\">info@ebrecleaneco.com<\/a><\/p>\n","protected":false},"excerpt":{"rendered":"<p>Els productes oferts en aquesta web estan gestionats per EBRECLEAN ECO DETAILING. Venem al client i el client compra el producte o productes especificats a la comanda i la factura. Di\u00e0riament s&#8217;actualitzen les altes i baixes al cat\u00e0leg, ofertes, promocions, etc. En cas de sol\u00b7licitar un producte esgotat o descatalogat procedirem a informar-lo mitjan\u00e7ant l&#8217;adre\u00e7a [&hellip;]<\/p>\n","protected":false},"author":3,"featured_media":0,"parent":0,"menu_order":0,"comment_status":"closed","ping_status":"closed","template":"","meta":{"inline_featured_image":false,"footnotes":""},"class_list":["post-9531","page","type-page","status-publish","hentry"],"yoast_head":"<!-- This site is optimized with the Yoast SEO plugin v27.6 - https:\/\/yoast.com\/product\/yoast-seo-wordpress\/ -->\n<title>Condicions generals d&#039;\u00fas - Ebreclean ECO<\/title>\n<meta name=\"robots\" content=\"noindex, nofollow\" \/>\n<meta property=\"og:locale\" content=\"ca_ES\" \/>\n<meta property=\"og:type\" content=\"article\" \/>\n<meta property=\"og:title\" content=\"Condicions generals d&#039;\u00fas - Ebreclean ECO\" \/>\n<meta property=\"og:description\" content=\"Els productes oferts en aquesta web estan gestionats per EBRECLEAN ECO DETAILING. Venem al client i el client compra el producte o productes especificats a la comanda i la factura. Di\u00e0riament s&#8217;actualitzen les altes i baixes al cat\u00e0leg, ofertes, promocions, etc. En cas de sol\u00b7licitar un producte esgotat o descatalogat procedirem a informar-lo mitjan\u00e7ant l&#8217;adre\u00e7a [&hellip;]\" \/>\n<meta property=\"og:url\" content=\"https:\/\/ebrecleaneco.com\/ca\/condicions-generals-dus\/\" \/>\n<meta property=\"og:site_name\" content=\"Ebreclean ECO\" \/>\n<meta property=\"article:modified_time\" content=\"2023-06-15T15:14:23+00:00\" \/>\n<meta name=\"twitter:card\" content=\"summary_large_image\" \/>\n<meta name=\"twitter:label1\" content=\"Temps estimat de lectura\" \/>\n\t<meta name=\"twitter:data1\" content=\"3 minuts\" \/>\n<script type=\"application\/ld+json\" class=\"yoast-schema-graph\">{\"@context\":\"https:\\\/\\\/schema.org\",\"@graph\":[{\"@type\":\"WebPage\",\"@id\":\"https:\\\/\\\/ebrecleaneco.com\\\/ca\\\/condicions-generals-dus\\\/\",\"url\":\"https:\\\/\\\/ebrecleaneco.com\\\/ca\\\/condicions-generals-dus\\\/\",\"name\":\"Condicions generals d'\u00fas - Ebreclean ECO\",\"isPartOf\":{\"@id\":\"https:\\\/\\\/ebrecleaneco.com\\\/ca\\\/#website\"},\"datePublished\":\"2023-05-09T09:49:25+00:00\",\"dateModified\":\"2023-06-15T15:14:23+00:00\",\"breadcrumb\":{\"@id\":\"https:\\\/\\\/ebrecleaneco.com\\\/ca\\\/condicions-generals-dus\\\/#breadcrumb\"},\"inLanguage\":\"ca\",\"potentialAction\":[{\"@type\":\"ReadAction\",\"target\":[\"https:\\\/\\\/ebrecleaneco.com\\\/ca\\\/condicions-generals-dus\\\/\"]}]},{\"@type\":\"BreadcrumbList\",\"@id\":\"https:\\\/\\\/ebrecleaneco.com\\\/ca\\\/condicions-generals-dus\\\/#breadcrumb\",\"itemListElement\":[{\"@type\":\"ListItem\",\"position\":1,\"name\":\"Home\",\"item\":\"https:\\\/\\\/ebrecleaneco.com\\\/ca\\\/ebreclean-eco-detailing\\\/\"},{\"@type\":\"ListItem\",\"position\":2,\"name\":\"Condicions generals d&#8217;\u00fas\"}]},{\"@type\":\"WebSite\",\"@id\":\"https:\\\/\\\/ebrecleaneco.com\\\/ca\\\/#website\",\"url\":\"https:\\\/\\\/ebrecleaneco.com\\\/ca\\\/\",\"name\":\"Ebreclean ECO\",\"description\":\"Tu tienda online de productos de limpieza para tu vehiculo, accesorios y detailing! Somos fabricantes y distribuidores. Monta tu propio lavadero ecol\u00f3gico con nosotros!\",\"publisher\":{\"@id\":\"https:\\\/\\\/ebrecleaneco.com\\\/ca\\\/#organization\"},\"alternateName\":\"EBRECLEAN\",\"potentialAction\":[{\"@type\":\"SearchAction\",\"target\":{\"@type\":\"EntryPoint\",\"urlTemplate\":\"https:\\\/\\\/ebrecleaneco.com\\\/ca\\\/?s={search_term_string}\"},\"query-input\":{\"@type\":\"PropertyValueSpecification\",\"valueRequired\":true,\"valueName\":\"search_term_string\"}}],\"inLanguage\":\"ca\"},{\"@type\":\"Organization\",\"@id\":\"https:\\\/\\\/ebrecleaneco.com\\\/ca\\\/#organization\",\"name\":\"Ebreclean ECO\",\"url\":\"https:\\\/\\\/ebrecleaneco.com\\\/ca\\\/\",\"logo\":{\"@type\":\"ImageObject\",\"inLanguage\":\"ca\",\"@id\":\"https:\\\/\\\/ebrecleaneco.com\\\/ca\\\/#\\\/schema\\\/logo\\\/image\\\/\",\"url\":\"https:\\\/\\\/ebrecleaneco.com\\\/wp-content\\\/uploads\\\/2023\\\/03\\\/cropped-logo-512-blanc.png\",\"contentUrl\":\"https:\\\/\\\/ebrecleaneco.com\\\/wp-content\\\/uploads\\\/2023\\\/03\\\/cropped-logo-512-blanc.png\",\"width\":512,\"height\":512,\"caption\":\"Ebreclean ECO\"},\"image\":{\"@id\":\"https:\\\/\\\/ebrecleaneco.com\\\/ca\\\/#\\\/schema\\\/logo\\\/image\\\/\"},\"sameAs\":[\"https:\\\/\\\/www.instagram.com\\\/ebrecleaneco\\\/\"]}]}<\/script>\n<!-- \/ Yoast SEO plugin. -->","yoast_head_json":{"title":"Condicions generals d'\u00fas - Ebreclean ECO","robots":{"index":"noindex","follow":"nofollow"},"og_locale":"ca_ES","og_type":"article","og_title":"Condicions generals d'\u00fas - Ebreclean ECO","og_description":"Els productes oferts en aquesta web estan gestionats per EBRECLEAN ECO DETAILING. Venem al client i el client compra el producte o productes especificats a la comanda i la factura. Di\u00e0riament s&#8217;actualitzen les altes i baixes al cat\u00e0leg, ofertes, promocions, etc. En cas de sol\u00b7licitar un producte esgotat o descatalogat procedirem a informar-lo mitjan\u00e7ant l&#8217;adre\u00e7a [&hellip;]","og_url":"https:\/\/ebrecleaneco.com\/ca\/condicions-generals-dus\/","og_site_name":"Ebreclean ECO","article_modified_time":"2023-06-15T15:14:23+00:00","twitter_card":"summary_large_image","twitter_misc":{"Temps estimat de lectura":"3 minuts"},"schema":{"@context":"https:\/\/schema.org","@graph":[{"@type":"WebPage","@id":"https:\/\/ebrecleaneco.com\/ca\/condicions-generals-dus\/","url":"https:\/\/ebrecleaneco.com\/ca\/condicions-generals-dus\/","name":"Condicions generals d'\u00fas - Ebreclean ECO","isPartOf":{"@id":"https:\/\/ebrecleaneco.com\/ca\/#website"},"datePublished":"2023-05-09T09:49:25+00:00","dateModified":"2023-06-15T15:14:23+00:00","breadcrumb":{"@id":"https:\/\/ebrecleaneco.com\/ca\/condicions-generals-dus\/#breadcrumb"},"inLanguage":"ca","potentialAction":[{"@type":"ReadAction","target":["https:\/\/ebrecleaneco.com\/ca\/condicions-generals-dus\/"]}]},{"@type":"BreadcrumbList","@id":"https:\/\/ebrecleaneco.com\/ca\/condicions-generals-dus\/#breadcrumb","itemListElement":[{"@type":"ListItem","position":1,"name":"Home","item":"https:\/\/ebrecleaneco.com\/ca\/ebreclean-eco-detailing\/"},{"@type":"ListItem","position":2,"name":"Condicions generals d&#8217;\u00fas"}]},{"@type":"WebSite","@id":"https:\/\/ebrecleaneco.com\/ca\/#website","url":"https:\/\/ebrecleaneco.com\/ca\/","name":"Ebreclean ECO","description":"Tu tienda online de productos de limpieza para tu vehiculo, accesorios y detailing! Somos fabricantes y distribuidores. Monta tu propio lavadero ecol\u00f3gico con nosotros!","publisher":{"@id":"https:\/\/ebrecleaneco.com\/ca\/#organization"},"alternateName":"EBRECLEAN","potentialAction":[{"@type":"SearchAction","target":{"@type":"EntryPoint","urlTemplate":"https:\/\/ebrecleaneco.com\/ca\/?s={search_term_string}"},"query-input":{"@type":"PropertyValueSpecification","valueRequired":true,"valueName":"search_term_string"}}],"inLanguage":"ca"},{"@type":"Organization","@id":"https:\/\/ebrecleaneco.com\/ca\/#organization","name":"Ebreclean ECO","url":"https:\/\/ebrecleaneco.com\/ca\/","logo":{"@type":"ImageObject","inLanguage":"ca","@id":"https:\/\/ebrecleaneco.com\/ca\/#\/schema\/logo\/image\/","url":"https:\/\/ebrecleaneco.com\/wp-content\/uploads\/2023\/03\/cropped-logo-512-blanc.png","contentUrl":"https:\/\/ebrecleaneco.com\/wp-content\/uploads\/2023\/03\/cropped-logo-512-blanc.png","width":512,"height":512,"caption":"Ebreclean ECO"},"image":{"@id":"https:\/\/ebrecleaneco.com\/ca\/#\/schema\/logo\/image\/"},"sameAs":["https:\/\/www.instagram.com\/ebrecleaneco\/"]}]}},"_links":{"self":[{"href":"https:\/\/ebrecleaneco.com\/ca\/wp-json\/wp\/v2\/pages\/9531","targetHints":{"allow":["GET"]}}],"collection":[{"href":"https:\/\/ebrecleaneco.com\/ca\/wp-json\/wp\/v2\/pages"}],"about":[{"href":"https:\/\/ebrecleaneco.com\/ca\/wp-json\/wp\/v2\/types\/page"}],"author":[{"embeddable":true,"href":"https:\/\/ebrecleaneco.com\/ca\/wp-json\/wp\/v2\/users\/3"}],"replies":[{"embeddable":true,"href":"https:\/\/ebrecleaneco.com\/ca\/wp-json\/wp\/v2\/comments?post=9531"}],"version-history":[{"count":0,"href":"https:\/\/ebrecleaneco.com\/ca\/wp-json\/wp\/v2\/pages\/9531\/revisions"}],"wp:attachment":[{"href":"https:\/\/ebrecleaneco.com\/ca\/wp-json\/wp\/v2\/media?parent=9531"}],"curies":[{"name":"wp","href":"https:\/\/api.w.org\/{rel}","templated":true}]}}