{"id":9540,"date":"2023-05-09T12:26:52","date_gmt":"2023-05-09T11:26:52","guid":{"rendered":"https:\/\/ebrecleaneco.com\/pagament-segur\/"},"modified":"2023-06-08T16:05:33","modified_gmt":"2023-06-08T15:05:33","slug":"pagament-segur","status":"publish","type":"page","link":"https:\/\/ebrecleaneco.com\/ca\/pagament-segur\/","title":{"rendered":"Pagament segur"},"content":{"rendered":"\n<p>Garantim la seguretat de les transaccions i pagaments amb els nostres clients i treballem amb els m\u00e8todes de pagament m\u00e9s segurs (VISA, PayPal, transfer\u00e8ncia banc\u00e0ria). No us preocupeu per les vostres dades personals ja que estan protegides i assegurades mitjan\u00e7ant el certificat SSL. A continuaci\u00f3 us detallem les diferents formes de pagament de qu\u00e8 disposa la nostra botiga<\/p>\n\n<p>A la nostra web es pot pagar amb targeta de cr\u00e8dit (Visa, Mastercard, etc.). Tamb\u00e9 oferim la possibilitat de pagar mitjan\u00e7ant Paypal, ja que permet pagar de manera senzilla i segura sense la necessitat de crear un nou compte a PayPal.<\/p>\n\n<p>PAGAMENT AMB TARGETA DE CR\u00c8DIT<\/p>\n\n<p>El pagament amb targeta de cr\u00e8dit garanteix una forma de pagament simple i segura. L&#8217;import es carregar\u00e0 a la targeta de cr\u00e8dit immediatament despr\u00e9s que es faci la comanda. La informaci\u00f3 de la targeta de cr\u00e8dit es transferir\u00e0 encriptada, usant la tecnologia SSL que fa que el pagament amb targeta de cr\u00e8dit a La botiga compromesa sigui molt segur.<\/p>\n\n<p>PAY PAL<\/p>\n\n<p>PayPal protegeix la informaci\u00f3 financera amb sistemes de prevenci\u00f3 de fraus i de seguretat l\u00edders del sector. PayPal \u00e9s un sistema de pagament en l\u00ednia de reconegut prestigi internacional. Quan s&#8217;utilitza PayPal, la informaci\u00f3 financera mai no es comparteix amb el venedor. Un cop completat el pagament, se us enviar\u00e0 el rebut de la transacci\u00f3 per correu electr\u00f2nic.<\/p>\n\n<p>Tutorial per a Pay Pal<\/p>\n\n<p>Un cop seleccionats els seus productes a la nostra botiga accediu a la cistella, confirmeu-la i seleccioneu el sistema d&#8217;enviament que m\u00e9s us convingui. En fer accedir al seg\u00fcent pas podr\u00e0 triar la forma de pagament. Si la vostra opci\u00f3 \u00e9s PayPal seguiu els passos seg\u00fcents:<\/p>\n\n<p>1. Si ja sou usuari registrat de PayPal: introdu\u00efu les vostres dades d&#8217;acc\u00e9s. Al seg\u00fcent pas podr\u00e0 confirmar el pagament.<\/p>\n\n<p>2. Si no sou usuari de PayPal: Feu clic al link &#8220;continuar&#8221; ubicat sota el text &#8220;No disposa d&#8217;un compte PayPal?&#8221;<\/p>\n\n<p>2.1. Introdu\u00efu la vostra informaci\u00f3 de facturaci\u00f3: escolliu la vostra targeta de cr\u00e8dit i despr\u00e9s d&#8217;emplenar les dades sol\u00b7licitades feu clic sobre &#8220;revisar comanda i continuar&#8221;<\/p>\n\n<p>2.2. Revisar pagament: En aquest moment podreu revisar el pagament. Un cop acabat aquest pas fes clic sobre &#8220;Pagar ara&#8221; per finalitzar la transacci\u00f3.<\/p>\n\n<p>TRANSFER\u00c8NCIA BANCARIA<\/p>\n\n<p>Tamb\u00e9 podr\u00e0s realitzar els pagaments mitjan\u00e7ant transfer\u00e8ncia banc\u00e0ria.<\/p>\n\n<p>La transfer\u00e8ncia banc\u00e0ria o ingr\u00e9s en compte \u00e9s el sistema preferit per les persones que dubten del pagament en l\u00ednia o de l&#8217;\u00fas de la targeta de cr\u00e8dit a Internet.<\/p>\n\n<p>La transfer\u00e8ncia banc\u00e0ria o ingr\u00e9s en compte suposa un retard en la gesti\u00f3 de la vostra compra, ja que la comanda no entrar\u00e0 en el proc\u00e9s de preparaci\u00f3 fins que no s&#8217;hagi confirmat la realitzaci\u00f3 de la transfer\u00e8ncia<\/p>\n\n<p>Les dades que necessites per fer la transfer\u00e8ncia t&#8217;apareixeran un cop confirmada la comanda. Us suggerim que, feu constar el n\u00famero de comanda o nom del comprador a la descripci\u00f3 del moviment bancari. Tamb\u00e9 teniu l&#8217;opci\u00f3 d&#8217;enviar mitjan\u00e7ant el nostre formulari de contacte una c\u00f2pia del resguard. Les transfer\u00e8ncies banc\u00e0ries solen trigar entre 1 i 2 dies feiners.<\/p>\n\n<p>Per finalitzar la compra, nom\u00e9s haur\u00e0 de fer la comanda al carret de la compra i escollir la forma de pagament. Un cop fet el pagament la comanda es posar\u00e0 autom\u00e0ticament en proc\u00e9s d&#8217;enviament. El possible cost de la transfer\u00e8ncia va a c\u00e0rrec del client.<\/p>\n","protected":false},"excerpt":{"rendered":"<p>Garantim la seguretat de les transaccions i pagaments amb els nostres clients i treballem amb els m\u00e8todes de pagament m\u00e9s segurs (VISA, PayPal, transfer\u00e8ncia banc\u00e0ria). No us preocupeu per les vostres dades personals ja que estan protegides i assegurades mitjan\u00e7ant el certificat SSL. A continuaci\u00f3 us detallem les diferents formes de pagament de qu\u00e8 disposa [&hellip;]<\/p>\n","protected":false},"author":3,"featured_media":0,"parent":0,"menu_order":0,"comment_status":"closed","ping_status":"open","template":"","meta":{"inline_featured_image":false,"footnotes":""},"class_list":["post-9540","page","type-page","status-publish","hentry"],"yoast_head":"<!-- This site is optimized with the Yoast SEO plugin v27.6 - https:\/\/yoast.com\/product\/yoast-seo-wordpress\/ -->\n<title>Pagament segur - Ebreclean ECO<\/title>\n<meta name=\"robots\" content=\"noindex, nofollow\" \/>\n<meta property=\"og:locale\" content=\"ca_ES\" \/>\n<meta property=\"og:type\" content=\"article\" \/>\n<meta property=\"og:title\" content=\"Pagament segur - Ebreclean ECO\" \/>\n<meta property=\"og:description\" content=\"Garantim la seguretat de les transaccions i pagaments amb els nostres clients i treballem amb els m\u00e8todes de pagament m\u00e9s segurs (VISA, PayPal, transfer\u00e8ncia banc\u00e0ria). No us preocupeu per les vostres dades personals ja que estan protegides i assegurades mitjan\u00e7ant el certificat SSL. A continuaci\u00f3 us detallem les diferents formes de pagament de qu\u00e8 disposa [&hellip;]\" \/>\n<meta property=\"og:url\" content=\"https:\/\/ebrecleaneco.com\/ca\/pagament-segur\/\" \/>\n<meta property=\"og:site_name\" content=\"Ebreclean ECO\" \/>\n<meta property=\"article:modified_time\" content=\"2023-06-08T15:05:33+00:00\" \/>\n<meta name=\"twitter:card\" content=\"summary_large_image\" \/>\n<meta name=\"twitter:label1\" content=\"Temps estimat de lectura\" \/>\n\t<meta name=\"twitter:data1\" content=\"3 minuts\" \/>\n<script type=\"application\/ld+json\" class=\"yoast-schema-graph\">{\"@context\":\"https:\\\/\\\/schema.org\",\"@graph\":[{\"@type\":\"WebPage\",\"@id\":\"https:\\\/\\\/ebrecleaneco.com\\\/ca\\\/pagament-segur\\\/\",\"url\":\"https:\\\/\\\/ebrecleaneco.com\\\/ca\\\/pagament-segur\\\/\",\"name\":\"Pagament segur - Ebreclean ECO\",\"isPartOf\":{\"@id\":\"https:\\\/\\\/ebrecleaneco.com\\\/ca\\\/#website\"},\"datePublished\":\"2023-05-09T11:26:52+00:00\",\"dateModified\":\"2023-06-08T15:05:33+00:00\",\"breadcrumb\":{\"@id\":\"https:\\\/\\\/ebrecleaneco.com\\\/ca\\\/pagament-segur\\\/#breadcrumb\"},\"inLanguage\":\"ca\",\"potentialAction\":[{\"@type\":\"ReadAction\",\"target\":[\"https:\\\/\\\/ebrecleaneco.com\\\/ca\\\/pagament-segur\\\/\"]}]},{\"@type\":\"BreadcrumbList\",\"@id\":\"https:\\\/\\\/ebrecleaneco.com\\\/ca\\\/pagament-segur\\\/#breadcrumb\",\"itemListElement\":[{\"@type\":\"ListItem\",\"position\":1,\"name\":\"Home\",\"item\":\"https:\\\/\\\/ebrecleaneco.com\\\/ca\\\/ebreclean-eco-detailing\\\/\"},{\"@type\":\"ListItem\",\"position\":2,\"name\":\"Pagament segur\"}]},{\"@type\":\"WebSite\",\"@id\":\"https:\\\/\\\/ebrecleaneco.com\\\/ca\\\/#website\",\"url\":\"https:\\\/\\\/ebrecleaneco.com\\\/ca\\\/\",\"name\":\"Ebreclean ECO\",\"description\":\"Tu tienda online de productos de limpieza para tu vehiculo, accesorios y detailing! Somos fabricantes y distribuidores. Monta tu propio lavadero ecol\u00f3gico con nosotros!\",\"publisher\":{\"@id\":\"https:\\\/\\\/ebrecleaneco.com\\\/ca\\\/#organization\"},\"alternateName\":\"EBRECLEAN\",\"potentialAction\":[{\"@type\":\"SearchAction\",\"target\":{\"@type\":\"EntryPoint\",\"urlTemplate\":\"https:\\\/\\\/ebrecleaneco.com\\\/ca\\\/?s={search_term_string}\"},\"query-input\":{\"@type\":\"PropertyValueSpecification\",\"valueRequired\":true,\"valueName\":\"search_term_string\"}}],\"inLanguage\":\"ca\"},{\"@type\":\"Organization\",\"@id\":\"https:\\\/\\\/ebrecleaneco.com\\\/ca\\\/#organization\",\"name\":\"Ebreclean ECO\",\"url\":\"https:\\\/\\\/ebrecleaneco.com\\\/ca\\\/\",\"logo\":{\"@type\":\"ImageObject\",\"inLanguage\":\"ca\",\"@id\":\"https:\\\/\\\/ebrecleaneco.com\\\/ca\\\/#\\\/schema\\\/logo\\\/image\\\/\",\"url\":\"https:\\\/\\\/ebrecleaneco.com\\\/wp-content\\\/uploads\\\/2023\\\/03\\\/cropped-logo-512-blanc.png\",\"contentUrl\":\"https:\\\/\\\/ebrecleaneco.com\\\/wp-content\\\/uploads\\\/2023\\\/03\\\/cropped-logo-512-blanc.png\",\"width\":512,\"height\":512,\"caption\":\"Ebreclean ECO\"},\"image\":{\"@id\":\"https:\\\/\\\/ebrecleaneco.com\\\/ca\\\/#\\\/schema\\\/logo\\\/image\\\/\"},\"sameAs\":[\"https:\\\/\\\/www.instagram.com\\\/ebrecleaneco\\\/\"]}]}<\/script>\n<!-- \/ Yoast SEO plugin. -->","yoast_head_json":{"title":"Pagament segur - Ebreclean ECO","robots":{"index":"noindex","follow":"nofollow"},"og_locale":"ca_ES","og_type":"article","og_title":"Pagament segur - Ebreclean ECO","og_description":"Garantim la seguretat de les transaccions i pagaments amb els nostres clients i treballem amb els m\u00e8todes de pagament m\u00e9s segurs (VISA, PayPal, transfer\u00e8ncia banc\u00e0ria). No us preocupeu per les vostres dades personals ja que estan protegides i assegurades mitjan\u00e7ant el certificat SSL. A continuaci\u00f3 us detallem les diferents formes de pagament de qu\u00e8 disposa [&hellip;]","og_url":"https:\/\/ebrecleaneco.com\/ca\/pagament-segur\/","og_site_name":"Ebreclean ECO","article_modified_time":"2023-06-08T15:05:33+00:00","twitter_card":"summary_large_image","twitter_misc":{"Temps estimat de lectura":"3 minuts"},"schema":{"@context":"https:\/\/schema.org","@graph":[{"@type":"WebPage","@id":"https:\/\/ebrecleaneco.com\/ca\/pagament-segur\/","url":"https:\/\/ebrecleaneco.com\/ca\/pagament-segur\/","name":"Pagament segur - Ebreclean ECO","isPartOf":{"@id":"https:\/\/ebrecleaneco.com\/ca\/#website"},"datePublished":"2023-05-09T11:26:52+00:00","dateModified":"2023-06-08T15:05:33+00:00","breadcrumb":{"@id":"https:\/\/ebrecleaneco.com\/ca\/pagament-segur\/#breadcrumb"},"inLanguage":"ca","potentialAction":[{"@type":"ReadAction","target":["https:\/\/ebrecleaneco.com\/ca\/pagament-segur\/"]}]},{"@type":"BreadcrumbList","@id":"https:\/\/ebrecleaneco.com\/ca\/pagament-segur\/#breadcrumb","itemListElement":[{"@type":"ListItem","position":1,"name":"Home","item":"https:\/\/ebrecleaneco.com\/ca\/ebreclean-eco-detailing\/"},{"@type":"ListItem","position":2,"name":"Pagament segur"}]},{"@type":"WebSite","@id":"https:\/\/ebrecleaneco.com\/ca\/#website","url":"https:\/\/ebrecleaneco.com\/ca\/","name":"Ebreclean ECO","description":"Tu tienda online de productos de limpieza para tu vehiculo, accesorios y detailing! Somos fabricantes y distribuidores. Monta tu propio lavadero ecol\u00f3gico con nosotros!","publisher":{"@id":"https:\/\/ebrecleaneco.com\/ca\/#organization"},"alternateName":"EBRECLEAN","potentialAction":[{"@type":"SearchAction","target":{"@type":"EntryPoint","urlTemplate":"https:\/\/ebrecleaneco.com\/ca\/?s={search_term_string}"},"query-input":{"@type":"PropertyValueSpecification","valueRequired":true,"valueName":"search_term_string"}}],"inLanguage":"ca"},{"@type":"Organization","@id":"https:\/\/ebrecleaneco.com\/ca\/#organization","name":"Ebreclean ECO","url":"https:\/\/ebrecleaneco.com\/ca\/","logo":{"@type":"ImageObject","inLanguage":"ca","@id":"https:\/\/ebrecleaneco.com\/ca\/#\/schema\/logo\/image\/","url":"https:\/\/ebrecleaneco.com\/wp-content\/uploads\/2023\/03\/cropped-logo-512-blanc.png","contentUrl":"https:\/\/ebrecleaneco.com\/wp-content\/uploads\/2023\/03\/cropped-logo-512-blanc.png","width":512,"height":512,"caption":"Ebreclean ECO"},"image":{"@id":"https:\/\/ebrecleaneco.com\/ca\/#\/schema\/logo\/image\/"},"sameAs":["https:\/\/www.instagram.com\/ebrecleaneco\/"]}]}},"_links":{"self":[{"href":"https:\/\/ebrecleaneco.com\/ca\/wp-json\/wp\/v2\/pages\/9540","targetHints":{"allow":["GET"]}}],"collection":[{"href":"https:\/\/ebrecleaneco.com\/ca\/wp-json\/wp\/v2\/pages"}],"about":[{"href":"https:\/\/ebrecleaneco.com\/ca\/wp-json\/wp\/v2\/types\/page"}],"author":[{"embeddable":true,"href":"https:\/\/ebrecleaneco.com\/ca\/wp-json\/wp\/v2\/users\/3"}],"replies":[{"embeddable":true,"href":"https:\/\/ebrecleaneco.com\/ca\/wp-json\/wp\/v2\/comments?post=9540"}],"version-history":[{"count":0,"href":"https:\/\/ebrecleaneco.com\/ca\/wp-json\/wp\/v2\/pages\/9540\/revisions"}],"wp:attachment":[{"href":"https:\/\/ebrecleaneco.com\/ca\/wp-json\/wp\/v2\/media?parent=9540"}],"curies":[{"name":"wp","href":"https:\/\/api.w.org\/{rel}","templated":true}]}}