{"id":9544,"date":"2020-10-15T18:17:57","date_gmt":"2020-10-15T17:17:57","guid":{"rendered":"https:\/\/ebrecleaneco.com\/sobre-nosaltres\/"},"modified":"2023-08-18T09:04:28","modified_gmt":"2023-08-18T08:04:28","slug":"sobre-nosaltres","status":"publish","type":"page","link":"https:\/\/ebrecleaneco.com\/ca\/sobre-nosaltres\/","title":{"rendered":"Sobre nosaltres"},"content":{"rendered":"<section class=\"wpb-content-wrapper\"><p>[vc_row pix_padding_top=&#8221;padding No&#8221; pix_column_gap=&#8221;pix-column-gap-40&#8243; gradient_colors=&#8221;%5B%7B%7D%5D&#8221; pix_padding=&#8221;pix-padding-both&#8221;][vc_column gradient_colors=&#8221;%5B%7B%7D%5D&#8221; offset=&#8221;vc_col-lg-3 vc_col-md-4&#8243;][vc_single_image image=&#8221;9281&#8243; img_size=&#8221;full&#8221;][\/vc_column][vc_column gradient_colors=&#8221;%5B%7B%7D%5D&#8221; offset=&#8221;vc_col-lg-9 vc_col-md-8&#8243;][vc_column_text]<strong>EBRECLEAN ECO DETAILING<\/strong> som fabricants i distribu\u00efdors de <strong>productes de neteja de vehicles i detailing<\/strong>.<\/p>\n<div dir=\"auto\"><\/div>\n<div dir=\"auto\">Estem especialitzats en la investigaci\u00f3, fabricaci\u00f3, distribuci\u00f3 i comercialitzaci\u00f3 de productes qu\u00edmics per a l&#8217;automoci\u00f3.<\/div>\n<div dir=\"auto\">El nostre principal objectiu \u00e9s continuar sent l\u00edders en el sector per al manteniment, detall i neteja a l&#8217;automoci\u00f3, i la millor valorada pels nostres clients quant a la qualitat dels nostres productes i atenci\u00f3 al client.<\/div>\n<div dir=\"auto\"><\/div>\n<div dir=\"auto\"><strong>EBRECLEANECO DETAILING<\/strong> disposa de:<\/div>\n<div dir=\"auto\"><\/div>\n<div dir=\"auto\"><em>Laboratoris<\/em><\/div>\n<ul>\n<li dir=\"auto\">Equip d&#8217;I+D<\/li>\n<li dir=\"auto\">Equip de Formaci\u00f3<\/li>\n<li dir=\"auto\">Equip T\u00e8cnic \u2013 Comercial<\/li>\n<\/ul>\n<p>[\/vc_column_text][\/vc_column][\/vc_row][vc_row full_width=&#8221;stretch_row&#8221; pix_column_gap=&#8221;pix-column-gap-40&#8243; ptextcolor=&#8221;Black&#8221; gradient_colors=&#8221;%5B%7B%7D%5D&#8221; pix_padding=&#8221;pix-padding-both&#8221; css=&#8221;.vc_custom_1618509878865{background-color: #f2f2f2 !important;}&#8221;][vc_column gradient_colors=&#8221;%5B%7B%7D%5D&#8221; offset=&#8221;vc_col-lg-3 vc_col-md-4&#8243;][common_title title=&#8221;Avantatges&#8221; size=&#8221;h3&#8243; position=&#8221;text-left&#8221; subtitle=&#8221;Profesionales&#8221;]El nostre principal objectiu \u00e9s millorar el nostre servei i oferir la m\u00e0xima qualitat als nostres productes. Contacta amb nosaltres si creus que podem millorar en qualsevol aspecte.[\/common_title][\/vc_column][vc_column gradient_colors=&#8221;%5B%7B%7D%5D&#8221; css=&#8221;.vc_custom_1615385044764{padding-right: 0px !important;padding-left: 10px !important;}&#8221; offset=&#8221;vc_col-lg-9 vc_col-md-8&#8243;][common_slider swiper=&#8221;off&#8221; swiper_slides_per_view=&#8221;4&#8243; swiper_items_desktop=&#8221;3&#8243; swiper_items_laptop=&#8221;3&#8243; swiper_items_tablet_land=&#8221;2&#8243; tab_id=&#8221;1618486387889-9&#8243;][common_icon_box icon_size=&#8221;pix-icon-xl&#8221; link=&#8221;url:https%3A%2F%2Febrecleaneco.com%2Fpago-seguro%2F|title:Pago%20seguro&#8221; image=&#8221;9681&#8243; title=&#8221;Pagament segur&#8221;]Pagament segur a trav\u00e9s de passarel\u00b7la de pagament encriptada.[\/common_icon_box] [common_icon_box icon_size=&#8221;pix-icon-xl&#8221; image=&#8221;9679&#8243; title=&#8221;Qualitat assegurada&#8221;]Nom\u00e9s treballem amb marques l\u00edders al sector i d&#8217;alta qualitat.[\/common_icon_box][common_icon_box icon_size=&#8221;pix-icon-xl&#8221; image=&#8221;9677&#8243; title=&#8221;Productes certificats&#8221;]Els nostres productes tenen els m\u00e9s alts est\u00e0ndards de qualitat. Fabricats a Espanya.[\/common_icon_box][common_icon_box icon_size=&#8221;pix-icon-xl&#8221; image=&#8221;9683&#8243; title=&#8221;Control de qualitat&#8221;]Tots els nostres productes han estat testejats amb anterioritat pel nostre equip, a m\u00e9s d&#8217;haver rebut formaci\u00f3 sobre aix\u00f2 per poder oferir-te el millor servei d&#8217;atenci\u00f3.[\/common_icon_box][\/common_slider][\/vc_column][\/vc_row][vc_row full_width=&#8221;stretch_row_content_no_spaces&#8221; disable_element=&#8221;yes&#8221; pix_padding_bottom=&#8221;padding No&#8221; gradient_colors=&#8221;%5B%7B%7D%5D&#8221;][vc_column][common_video color=&#8221;rgba(0,0,0,0.01)&#8221; video_opacity=&#8221;&#8221; image=&#8221;9499&#8243; height=&#8221;900px&#8221;][\/common_video][\/vc_column][\/vc_row][vc_row full_width=&#8221;stretch_row_content_no_spaces&#8221; gradient_colors=&#8221;%5B%7B%7D%5D&#8221; css=&#8221;.vc_custom_1692283186010{background-image: url(https:\/\/ebrecleaneco.com\/wp-content\/uploads\/2023\/05\/FOTO-CAPTURA-VIDEO.jpg?id=9499) !important;background-position: center !important;background-repeat: no-repeat !important;background-size: cover !important;}&#8221;][vc_column][vc_empty_space height=&#8221;1080px&#8221;][\/vc_column][\/vc_row]<\/p>\n<\/section>","protected":false},"excerpt":{"rendered":"<p>[vc_row pix_padding_top=&#8221;padding No&#8221; pix_column_gap=&#8221;pix-column-gap-40&#8243; gradient_colors=&#8221;%5B%7B%7D%5D&#8221; pix_padding=&#8221;pix-padding-both&#8221;][vc_column gradient_colors=&#8221;%5B%7B%7D%5D&#8221; offset=&#8221;vc_col-lg-3 vc_col-md-4&#8243;][vc_single_image image=&#8221;9281&#8243; img_size=&#8221;full&#8221;][\/vc_column][vc_column gradient_colors=&#8221;%5B%7B%7D%5D&#8221; offset=&#8221;vc_col-lg-9 vc_col-md-8&#8243;][vc_column_text]EBRECLEAN ECO DETAILING som fabricants i distribu\u00efdors de productes de neteja de vehicles i detailing. Estem especialitzats en la investigaci\u00f3, fabricaci\u00f3, distribuci\u00f3 i comercialitzaci\u00f3 de productes qu\u00edmics per a l&#8217;automoci\u00f3. El nostre principal objectiu \u00e9s continuar sent l\u00edders en el sector per [&hellip;]<\/p>\n","protected":false},"author":3,"featured_media":0,"parent":0,"menu_order":0,"comment_status":"closed","ping_status":"closed","template":"","meta":{"inline_featured_image":false,"footnotes":""},"class_list":["post-9544","page","type-page","status-publish","hentry"],"yoast_head":"<!-- This site is optimized with the Yoast SEO plugin v27.5 - https:\/\/yoast.com\/product\/yoast-seo-wordpress\/ -->\n<title>Sobre nosaltres - Ebreclean ECO<\/title>\n<meta name=\"description\" content=\"La teva botiga de productes de neteja pel teu vehicle, accessoris i detailing! Som fabricants i distribu\u00efdors. Munta el teu propi rentador ecol\u00f2gic amb nosaltres!\" \/>\n<meta name=\"robots\" content=\"index, follow, max-snippet:-1, max-image-preview:large, max-video-preview:-1\" \/>\n<link rel=\"canonical\" href=\"https:\/\/ebrecleaneco.com\/ca\/sobre-nosaltres\/\" \/>\n<meta property=\"og:locale\" content=\"ca_ES\" \/>\n<meta property=\"og:type\" content=\"article\" \/>\n<meta property=\"og:title\" content=\"Sobre nosaltres - Ebreclean ECO\" \/>\n<meta property=\"og:description\" content=\"La teva botiga de productes de neteja pel teu vehicle, accessoris i detailing! Som fabricants i distribu\u00efdors. Munta el teu propi rentador ecol\u00f2gic amb nosaltres!\" \/>\n<meta property=\"og:url\" content=\"https:\/\/ebrecleaneco.com\/ca\/sobre-nosaltres\/\" \/>\n<meta property=\"og:site_name\" content=\"Ebreclean ECO\" \/>\n<meta property=\"article:modified_time\" content=\"2023-08-18T08:04:28+00:00\" \/>\n<meta name=\"twitter:card\" content=\"summary_large_image\" \/>\n<meta name=\"twitter:label1\" content=\"Temps estimat de lectura\" \/>\n\t<meta name=\"twitter:data1\" content=\"2 minuts\" \/>\n<script type=\"application\/ld+json\" class=\"yoast-schema-graph\">{\"@context\":\"https:\\\/\\\/schema.org\",\"@graph\":[{\"@type\":\"WebPage\",\"@id\":\"https:\\\/\\\/ebrecleaneco.com\\\/ca\\\/sobre-nosaltres\\\/\",\"url\":\"https:\\\/\\\/ebrecleaneco.com\\\/ca\\\/sobre-nosaltres\\\/\",\"name\":\"Sobre nosaltres - Ebreclean ECO\",\"isPartOf\":{\"@id\":\"https:\\\/\\\/ebrecleaneco.com\\\/ca\\\/#website\"},\"datePublished\":\"2020-10-15T17:17:57+00:00\",\"dateModified\":\"2023-08-18T08:04:28+00:00\",\"description\":\"La teva botiga de productes de neteja pel teu vehicle, accessoris i detailing! Som fabricants i distribu\u00efdors. Munta el teu propi rentador ecol\u00f2gic amb nosaltres!\",\"breadcrumb\":{\"@id\":\"https:\\\/\\\/ebrecleaneco.com\\\/ca\\\/sobre-nosaltres\\\/#breadcrumb\"},\"inLanguage\":\"ca\",\"potentialAction\":[{\"@type\":\"ReadAction\",\"target\":[\"https:\\\/\\\/ebrecleaneco.com\\\/ca\\\/sobre-nosaltres\\\/\"]}]},{\"@type\":\"BreadcrumbList\",\"@id\":\"https:\\\/\\\/ebrecleaneco.com\\\/ca\\\/sobre-nosaltres\\\/#breadcrumb\",\"itemListElement\":[{\"@type\":\"ListItem\",\"position\":1,\"name\":\"Home\",\"item\":\"https:\\\/\\\/ebrecleaneco.com\\\/ca\\\/ebreclean-eco-detailing\\\/\"},{\"@type\":\"ListItem\",\"position\":2,\"name\":\"Sobre nosaltres\"}]},{\"@type\":\"WebSite\",\"@id\":\"https:\\\/\\\/ebrecleaneco.com\\\/ca\\\/#website\",\"url\":\"https:\\\/\\\/ebrecleaneco.com\\\/ca\\\/\",\"name\":\"Ebreclean ECO\",\"description\":\"Tu tienda online de productos de limpieza para tu vehiculo, accesorios y detailing! Somos fabricantes y distribuidores. Monta tu propio lavadero ecol\u00f3gico con nosotros!\",\"publisher\":{\"@id\":\"https:\\\/\\\/ebrecleaneco.com\\\/ca\\\/#organization\"},\"alternateName\":\"EBRECLEAN\",\"potentialAction\":[{\"@type\":\"SearchAction\",\"target\":{\"@type\":\"EntryPoint\",\"urlTemplate\":\"https:\\\/\\\/ebrecleaneco.com\\\/ca\\\/?s={search_term_string}\"},\"query-input\":{\"@type\":\"PropertyValueSpecification\",\"valueRequired\":true,\"valueName\":\"search_term_string\"}}],\"inLanguage\":\"ca\"},{\"@type\":\"Organization\",\"@id\":\"https:\\\/\\\/ebrecleaneco.com\\\/ca\\\/#organization\",\"name\":\"Ebreclean ECO\",\"url\":\"https:\\\/\\\/ebrecleaneco.com\\\/ca\\\/\",\"logo\":{\"@type\":\"ImageObject\",\"inLanguage\":\"ca\",\"@id\":\"https:\\\/\\\/ebrecleaneco.com\\\/ca\\\/#\\\/schema\\\/logo\\\/image\\\/\",\"url\":\"https:\\\/\\\/ebrecleaneco.com\\\/wp-content\\\/uploads\\\/2023\\\/03\\\/cropped-logo-512-blanc.png\",\"contentUrl\":\"https:\\\/\\\/ebrecleaneco.com\\\/wp-content\\\/uploads\\\/2023\\\/03\\\/cropped-logo-512-blanc.png\",\"width\":512,\"height\":512,\"caption\":\"Ebreclean ECO\"},\"image\":{\"@id\":\"https:\\\/\\\/ebrecleaneco.com\\\/ca\\\/#\\\/schema\\\/logo\\\/image\\\/\"},\"sameAs\":[\"https:\\\/\\\/www.instagram.com\\\/ebrecleaneco\\\/\"]}]}<\/script>\n<!-- \/ Yoast SEO plugin. -->","yoast_head_json":{"title":"Sobre nosaltres - Ebreclean ECO","description":"La teva botiga de productes de neteja pel teu vehicle, accessoris i detailing! Som fabricants i distribu\u00efdors. Munta el teu propi rentador ecol\u00f2gic amb nosaltres!","robots":{"index":"index","follow":"follow","max-snippet":"max-snippet:-1","max-image-preview":"max-image-preview:large","max-video-preview":"max-video-preview:-1"},"canonical":"https:\/\/ebrecleaneco.com\/ca\/sobre-nosaltres\/","og_locale":"ca_ES","og_type":"article","og_title":"Sobre nosaltres - Ebreclean ECO","og_description":"La teva botiga de productes de neteja pel teu vehicle, accessoris i detailing! Som fabricants i distribu\u00efdors. Munta el teu propi rentador ecol\u00f2gic amb nosaltres!","og_url":"https:\/\/ebrecleaneco.com\/ca\/sobre-nosaltres\/","og_site_name":"Ebreclean ECO","article_modified_time":"2023-08-18T08:04:28+00:00","twitter_card":"summary_large_image","twitter_misc":{"Temps estimat de lectura":"2 minuts"},"schema":{"@context":"https:\/\/schema.org","@graph":[{"@type":"WebPage","@id":"https:\/\/ebrecleaneco.com\/ca\/sobre-nosaltres\/","url":"https:\/\/ebrecleaneco.com\/ca\/sobre-nosaltres\/","name":"Sobre nosaltres - Ebreclean ECO","isPartOf":{"@id":"https:\/\/ebrecleaneco.com\/ca\/#website"},"datePublished":"2020-10-15T17:17:57+00:00","dateModified":"2023-08-18T08:04:28+00:00","description":"La teva botiga de productes de neteja pel teu vehicle, accessoris i detailing! Som fabricants i distribu\u00efdors. Munta el teu propi rentador ecol\u00f2gic amb nosaltres!","breadcrumb":{"@id":"https:\/\/ebrecleaneco.com\/ca\/sobre-nosaltres\/#breadcrumb"},"inLanguage":"ca","potentialAction":[{"@type":"ReadAction","target":["https:\/\/ebrecleaneco.com\/ca\/sobre-nosaltres\/"]}]},{"@type":"BreadcrumbList","@id":"https:\/\/ebrecleaneco.com\/ca\/sobre-nosaltres\/#breadcrumb","itemListElement":[{"@type":"ListItem","position":1,"name":"Home","item":"https:\/\/ebrecleaneco.com\/ca\/ebreclean-eco-detailing\/"},{"@type":"ListItem","position":2,"name":"Sobre nosaltres"}]},{"@type":"WebSite","@id":"https:\/\/ebrecleaneco.com\/ca\/#website","url":"https:\/\/ebrecleaneco.com\/ca\/","name":"Ebreclean ECO","description":"Tu tienda online de productos de limpieza para tu vehiculo, accesorios y detailing! Somos fabricantes y distribuidores. Monta tu propio lavadero ecol\u00f3gico con nosotros!","publisher":{"@id":"https:\/\/ebrecleaneco.com\/ca\/#organization"},"alternateName":"EBRECLEAN","potentialAction":[{"@type":"SearchAction","target":{"@type":"EntryPoint","urlTemplate":"https:\/\/ebrecleaneco.com\/ca\/?s={search_term_string}"},"query-input":{"@type":"PropertyValueSpecification","valueRequired":true,"valueName":"search_term_string"}}],"inLanguage":"ca"},{"@type":"Organization","@id":"https:\/\/ebrecleaneco.com\/ca\/#organization","name":"Ebreclean ECO","url":"https:\/\/ebrecleaneco.com\/ca\/","logo":{"@type":"ImageObject","inLanguage":"ca","@id":"https:\/\/ebrecleaneco.com\/ca\/#\/schema\/logo\/image\/","url":"https:\/\/ebrecleaneco.com\/wp-content\/uploads\/2023\/03\/cropped-logo-512-blanc.png","contentUrl":"https:\/\/ebrecleaneco.com\/wp-content\/uploads\/2023\/03\/cropped-logo-512-blanc.png","width":512,"height":512,"caption":"Ebreclean ECO"},"image":{"@id":"https:\/\/ebrecleaneco.com\/ca\/#\/schema\/logo\/image\/"},"sameAs":["https:\/\/www.instagram.com\/ebrecleaneco\/"]}]}},"_links":{"self":[{"href":"https:\/\/ebrecleaneco.com\/ca\/wp-json\/wp\/v2\/pages\/9544","targetHints":{"allow":["GET"]}}],"collection":[{"href":"https:\/\/ebrecleaneco.com\/ca\/wp-json\/wp\/v2\/pages"}],"about":[{"href":"https:\/\/ebrecleaneco.com\/ca\/wp-json\/wp\/v2\/types\/page"}],"author":[{"embeddable":true,"href":"https:\/\/ebrecleaneco.com\/ca\/wp-json\/wp\/v2\/users\/3"}],"replies":[{"embeddable":true,"href":"https:\/\/ebrecleaneco.com\/ca\/wp-json\/wp\/v2\/comments?post=9544"}],"version-history":[{"count":0,"href":"https:\/\/ebrecleaneco.com\/ca\/wp-json\/wp\/v2\/pages\/9544\/revisions"}],"wp:attachment":[{"href":"https:\/\/ebrecleaneco.com\/ca\/wp-json\/wp\/v2\/media?parent=9544"}],"curies":[{"name":"wp","href":"https:\/\/api.w.org\/{rel}","templated":true}]}}