{"id":10161,"date":"2023-09-12T16:01:42","date_gmt":"2023-09-12T15:01:42","guid":{"rendered":"https:\/\/ebrecleaneco.com\/?post_type=product&#038;p=10161"},"modified":"2026-02-20T08:34:11","modified_gmt":"2026-02-20T07:34:11","slug":"pack-tapisseries-professional-copia","status":"publish","type":"product","link":"https:\/\/ebrecleaneco.com\/ca\/producte\/pack-tapisseries-professional-copia\/","title":{"rendered":"PACK PROMOCIONAL"},"content":{"rendered":"<section class=\"wpb-content-wrapper\"><p>[vc_row pix_padding_top=&#8221;padding No&#8221; pix_padding_bottom=&#8221;padding No&#8221; gradient_colors=&#8221;%5B%7B%7D%5D&#8221;][vc_column width=&#8221;3\/4&#8243; gradient_colors=&#8221;%5B%7B%7D%5D&#8221;][vc_column_text]<\/p>\n<p><strong>PACK PROMOCIONAL<br \/>\n<\/strong><\/p>\n<div dir=\"auto\">\n<p>1 <a href=\"https:\/\/ebrecleaneco.com\/ca\/?attachment_id=9615\">AMPOLLA DE 500ML DE REMOVE<\/a> \u00e9s un producte de gran qualitat per a tot tipus de tapisseries, renovador de teixits i per deixar-la amb un perfum suavitzant.<\/p>\n<\/div>\n<div dir=\"auto\">\n<p>1 <a href=\"https:\/\/ebrecleaneco.com\/ca\/producte\/apc-netejador-multiusos-desengreixant\/\">AMPOLLA DE 500ML D&#8217;APC<\/a> \u00e9s un desgreixador lliure de c\u00e0ustics per utilitzar en taques dif\u00edcils com xocolata, sang, oli&#8230;<\/p>\n<p>1 <a href=\"https:\/\/ebrecleaneco.com\/ca\/?attachment_id=9613\">AMPOLLA FIRE GLASS<\/a>: \u00c9s un neteja vidres assecat r\u00e0pid sense paper. Aplicar poc producte i aplicar amb una baieta microfibra<\/p>\n<p>1 <a href=\"https:\/\/ebrecleaneco.com\/ca\/producte\/bright-board\/\">AMPOLLA BRIGHT BOARD<\/a>: \u00c9s un abrillantador de quadre de comandament amb efecte brillantor sense silicona i sec al tacte.<\/p>\n<p>V\u00e0lid fins al final d&#8217;exist\u00e8ncies! Tapisseria, Tallers, Vidres, APC.<\/p>\n<\/div>\n<\/section>","protected":false},"excerpt":{"rendered":"<p><strong>PACK PROMOCIONAL<\/strong><\/p>\n<p>PACK PROMOCIONAL nom\u00e9s v\u00e0lid fins a final d&#8217;exist\u00e8ncies a Ebreclean Eco! Els 4 productes al millor preu! Aprofita el nostre pack promocional!<\/p>\n","protected":false},"featured_media":10166,"comment_status":"open","ping_status":"closed","template":"","meta":{"inline_featured_image":false},"product_brand":[],"product_cat":[437],"product_tag":[],"class_list":{"0":"post-10161","1":"product","2":"type-product","3":"status-publish","4":"has-post-thumbnail","6":"product_cat-packs-estalvi","8":"first","9":"instock","10":"sale","11":"shipping-taxable","12":"purchasable","13":"product-type-simple"},"yoast_head":"<!-- This site is optimized with the Yoast SEO plugin v27.6 - https:\/\/yoast.com\/product\/yoast-seo-wordpress\/ -->\n<title>PACK PROMOCIONAL - Ebreclean ECO<\/title>\n<meta name=\"description\" content=\"PACK PROMOCIONAL nom\u00e9s v\u00e0lid fins a final d&#039;exist\u00e8ncies a Ebreclean Eco! Els 4 productes al millor preu! Aprofita el nostre pack promocional!\" \/>\n<meta name=\"robots\" content=\"index, follow, max-snippet:-1, max-image-preview:large, max-video-preview:-1\" \/>\n<link rel=\"canonical\" href=\"https:\/\/ebrecleaneco.com\/ca\/producte\/pack-tapisseries-professional-copia\/\" \/>\n<meta property=\"og:locale\" content=\"ca_ES\" \/>\n<meta property=\"og:type\" content=\"article\" \/>\n<meta property=\"og:title\" content=\"PACK PROMOCIONAL - Ebreclean ECO\" \/>\n<meta property=\"og:description\" content=\"PACK PROMOCIONAL nom\u00e9s v\u00e0lid fins a final d&#039;exist\u00e8ncies a Ebreclean Eco! Els 4 productes al millor preu! Aprofita el nostre pack promocional!\" \/>\n<meta property=\"og:url\" content=\"https:\/\/ebrecleaneco.com\/ca\/producte\/pack-tapisseries-professional-copia\/\" \/>\n<meta property=\"og:site_name\" content=\"Ebreclean ECO\" \/>\n<meta property=\"article:modified_time\" content=\"2026-02-20T07:34:11+00:00\" \/>\n<meta property=\"og:image\" content=\"https:\/\/ebrecleaneco.com\/wp-content\/uploads\/2023\/09\/pack-promocional.jpg\" \/>\n\t<meta property=\"og:image:width\" content=\"500\" \/>\n\t<meta property=\"og:image:height\" content=\"500\" \/>\n\t<meta property=\"og:image:type\" content=\"image\/jpeg\" \/>\n<meta name=\"twitter:card\" content=\"summary_large_image\" \/>\n<meta name=\"twitter:label1\" content=\"Temps estimat de lectura\" \/>\n\t<meta name=\"twitter:data1\" content=\"1 minut\" \/>\n<script type=\"application\/ld+json\" class=\"yoast-schema-graph\">{\"@context\":\"https:\\\/\\\/schema.org\",\"@graph\":[{\"@type\":\"WebPage\",\"@id\":\"https:\\\/\\\/ebrecleaneco.com\\\/ca\\\/producte\\\/pack-tapisseries-professional-copia\\\/\",\"url\":\"https:\\\/\\\/ebrecleaneco.com\\\/ca\\\/producte\\\/pack-tapisseries-professional-copia\\\/\",\"name\":\"PACK PROMOCIONAL - Ebreclean ECO\",\"isPartOf\":{\"@id\":\"https:\\\/\\\/ebrecleaneco.com\\\/ca\\\/#website\"},\"primaryImageOfPage\":{\"@id\":\"https:\\\/\\\/ebrecleaneco.com\\\/ca\\\/producte\\\/pack-tapisseries-professional-copia\\\/#primaryimage\"},\"image\":{\"@id\":\"https:\\\/\\\/ebrecleaneco.com\\\/ca\\\/producte\\\/pack-tapisseries-professional-copia\\\/#primaryimage\"},\"thumbnailUrl\":\"https:\\\/\\\/ebrecleaneco.com\\\/wp-content\\\/uploads\\\/2023\\\/09\\\/pack-promocional.jpg\",\"datePublished\":\"2023-09-12T15:01:42+00:00\",\"dateModified\":\"2026-02-20T07:34:11+00:00\",\"description\":\"PACK PROMOCIONAL nom\u00e9s v\u00e0lid fins a final d'exist\u00e8ncies a Ebreclean Eco! Els 4 productes al millor preu! Aprofita el nostre pack promocional!\",\"breadcrumb\":{\"@id\":\"https:\\\/\\\/ebrecleaneco.com\\\/ca\\\/producte\\\/pack-tapisseries-professional-copia\\\/#breadcrumb\"},\"inLanguage\":\"ca\",\"potentialAction\":[{\"@type\":\"ReadAction\",\"target\":[\"https:\\\/\\\/ebrecleaneco.com\\\/ca\\\/producte\\\/pack-tapisseries-professional-copia\\\/\"]}]},{\"@type\":\"ImageObject\",\"inLanguage\":\"ca\",\"@id\":\"https:\\\/\\\/ebrecleaneco.com\\\/ca\\\/producte\\\/pack-tapisseries-professional-copia\\\/#primaryimage\",\"url\":\"https:\\\/\\\/ebrecleaneco.com\\\/wp-content\\\/uploads\\\/2023\\\/09\\\/pack-promocional.jpg\",\"contentUrl\":\"https:\\\/\\\/ebrecleaneco.com\\\/wp-content\\\/uploads\\\/2023\\\/09\\\/pack-promocional.jpg\",\"width\":500,\"height\":500,\"caption\":\"pack promocional\"},{\"@type\":\"BreadcrumbList\",\"@id\":\"https:\\\/\\\/ebrecleaneco.com\\\/ca\\\/producte\\\/pack-tapisseries-professional-copia\\\/#breadcrumb\",\"itemListElement\":[{\"@type\":\"ListItem\",\"position\":1,\"name\":\"Home\",\"item\":\"https:\\\/\\\/ebrecleaneco.com\\\/ca\\\/ebreclean-eco-detailing\\\/\"},{\"@type\":\"ListItem\",\"position\":2,\"name\":\"Botiga\",\"item\":\"https:\\\/\\\/ebrecleaneco.com\\\/ca\\\/botiga\\\/\"},{\"@type\":\"ListItem\",\"position\":3,\"name\":\"PACK PROMOCIONAL\"}]},{\"@type\":\"WebSite\",\"@id\":\"https:\\\/\\\/ebrecleaneco.com\\\/ca\\\/#website\",\"url\":\"https:\\\/\\\/ebrecleaneco.com\\\/ca\\\/\",\"name\":\"Ebreclean ECO\",\"description\":\"Tu tienda online de productos de limpieza para tu vehiculo, accesorios y detailing! Somos fabricantes y distribuidores. Monta tu propio lavadero ecol\u00f3gico con nosotros!\",\"publisher\":{\"@id\":\"https:\\\/\\\/ebrecleaneco.com\\\/ca\\\/#organization\"},\"alternateName\":\"EBRECLEAN\",\"potentialAction\":[{\"@type\":\"SearchAction\",\"target\":{\"@type\":\"EntryPoint\",\"urlTemplate\":\"https:\\\/\\\/ebrecleaneco.com\\\/ca\\\/?s={search_term_string}\"},\"query-input\":{\"@type\":\"PropertyValueSpecification\",\"valueRequired\":true,\"valueName\":\"search_term_string\"}}],\"inLanguage\":\"ca\"},{\"@type\":\"Organization\",\"@id\":\"https:\\\/\\\/ebrecleaneco.com\\\/ca\\\/#organization\",\"name\":\"Ebreclean ECO\",\"url\":\"https:\\\/\\\/ebrecleaneco.com\\\/ca\\\/\",\"logo\":{\"@type\":\"ImageObject\",\"inLanguage\":\"ca\",\"@id\":\"https:\\\/\\\/ebrecleaneco.com\\\/ca\\\/#\\\/schema\\\/logo\\\/image\\\/\",\"url\":\"https:\\\/\\\/ebrecleaneco.com\\\/wp-content\\\/uploads\\\/2023\\\/03\\\/cropped-logo-512-blanc.png\",\"contentUrl\":\"https:\\\/\\\/ebrecleaneco.com\\\/wp-content\\\/uploads\\\/2023\\\/03\\\/cropped-logo-512-blanc.png\",\"width\":512,\"height\":512,\"caption\":\"Ebreclean ECO\"},\"image\":{\"@id\":\"https:\\\/\\\/ebrecleaneco.com\\\/ca\\\/#\\\/schema\\\/logo\\\/image\\\/\"},\"sameAs\":[\"https:\\\/\\\/www.instagram.com\\\/ebrecleaneco\\\/\"]}]}<\/script>\n<!-- \/ Yoast SEO plugin. -->","yoast_head_json":{"title":"PACK PROMOCIONAL - Ebreclean ECO","description":"PACK PROMOCIONAL nom\u00e9s v\u00e0lid fins a final d'exist\u00e8ncies a Ebreclean Eco! Els 4 productes al millor preu! Aprofita el nostre pack promocional!","robots":{"index":"index","follow":"follow","max-snippet":"max-snippet:-1","max-image-preview":"max-image-preview:large","max-video-preview":"max-video-preview:-1"},"canonical":"https:\/\/ebrecleaneco.com\/ca\/producte\/pack-tapisseries-professional-copia\/","og_locale":"ca_ES","og_type":"article","og_title":"PACK PROMOCIONAL - Ebreclean ECO","og_description":"PACK PROMOCIONAL nom\u00e9s v\u00e0lid fins a final d'exist\u00e8ncies a Ebreclean Eco! Els 4 productes al millor preu! Aprofita el nostre pack promocional!","og_url":"https:\/\/ebrecleaneco.com\/ca\/producte\/pack-tapisseries-professional-copia\/","og_site_name":"Ebreclean ECO","article_modified_time":"2026-02-20T07:34:11+00:00","og_image":[{"width":500,"height":500,"url":"https:\/\/ebrecleaneco.com\/wp-content\/uploads\/2023\/09\/pack-promocional.jpg","type":"image\/jpeg"}],"twitter_card":"summary_large_image","twitter_misc":{"Temps estimat de lectura":"1 minut"},"schema":{"@context":"https:\/\/schema.org","@graph":[{"@type":"WebPage","@id":"https:\/\/ebrecleaneco.com\/ca\/producte\/pack-tapisseries-professional-copia\/","url":"https:\/\/ebrecleaneco.com\/ca\/producte\/pack-tapisseries-professional-copia\/","name":"PACK PROMOCIONAL - Ebreclean ECO","isPartOf":{"@id":"https:\/\/ebrecleaneco.com\/ca\/#website"},"primaryImageOfPage":{"@id":"https:\/\/ebrecleaneco.com\/ca\/producte\/pack-tapisseries-professional-copia\/#primaryimage"},"image":{"@id":"https:\/\/ebrecleaneco.com\/ca\/producte\/pack-tapisseries-professional-copia\/#primaryimage"},"thumbnailUrl":"https:\/\/ebrecleaneco.com\/wp-content\/uploads\/2023\/09\/pack-promocional.jpg","datePublished":"2023-09-12T15:01:42+00:00","dateModified":"2026-02-20T07:34:11+00:00","description":"PACK PROMOCIONAL nom\u00e9s v\u00e0lid fins a final d'exist\u00e8ncies a Ebreclean Eco! Els 4 productes al millor preu! Aprofita el nostre pack promocional!","breadcrumb":{"@id":"https:\/\/ebrecleaneco.com\/ca\/producte\/pack-tapisseries-professional-copia\/#breadcrumb"},"inLanguage":"ca","potentialAction":[{"@type":"ReadAction","target":["https:\/\/ebrecleaneco.com\/ca\/producte\/pack-tapisseries-professional-copia\/"]}]},{"@type":"ImageObject","inLanguage":"ca","@id":"https:\/\/ebrecleaneco.com\/ca\/producte\/pack-tapisseries-professional-copia\/#primaryimage","url":"https:\/\/ebrecleaneco.com\/wp-content\/uploads\/2023\/09\/pack-promocional.jpg","contentUrl":"https:\/\/ebrecleaneco.com\/wp-content\/uploads\/2023\/09\/pack-promocional.jpg","width":500,"height":500,"caption":"pack promocional"},{"@type":"BreadcrumbList","@id":"https:\/\/ebrecleaneco.com\/ca\/producte\/pack-tapisseries-professional-copia\/#breadcrumb","itemListElement":[{"@type":"ListItem","position":1,"name":"Home","item":"https:\/\/ebrecleaneco.com\/ca\/ebreclean-eco-detailing\/"},{"@type":"ListItem","position":2,"name":"Botiga","item":"https:\/\/ebrecleaneco.com\/ca\/botiga\/"},{"@type":"ListItem","position":3,"name":"PACK PROMOCIONAL"}]},{"@type":"WebSite","@id":"https:\/\/ebrecleaneco.com\/ca\/#website","url":"https:\/\/ebrecleaneco.com\/ca\/","name":"Ebreclean ECO","description":"Tu tienda online de productos de limpieza para tu vehiculo, accesorios y detailing! Somos fabricantes y distribuidores. Monta tu propio lavadero ecol\u00f3gico con nosotros!","publisher":{"@id":"https:\/\/ebrecleaneco.com\/ca\/#organization"},"alternateName":"EBRECLEAN","potentialAction":[{"@type":"SearchAction","target":{"@type":"EntryPoint","urlTemplate":"https:\/\/ebrecleaneco.com\/ca\/?s={search_term_string}"},"query-input":{"@type":"PropertyValueSpecification","valueRequired":true,"valueName":"search_term_string"}}],"inLanguage":"ca"},{"@type":"Organization","@id":"https:\/\/ebrecleaneco.com\/ca\/#organization","name":"Ebreclean ECO","url":"https:\/\/ebrecleaneco.com\/ca\/","logo":{"@type":"ImageObject","inLanguage":"ca","@id":"https:\/\/ebrecleaneco.com\/ca\/#\/schema\/logo\/image\/","url":"https:\/\/ebrecleaneco.com\/wp-content\/uploads\/2023\/03\/cropped-logo-512-blanc.png","contentUrl":"https:\/\/ebrecleaneco.com\/wp-content\/uploads\/2023\/03\/cropped-logo-512-blanc.png","width":512,"height":512,"caption":"Ebreclean ECO"},"image":{"@id":"https:\/\/ebrecleaneco.com\/ca\/#\/schema\/logo\/image\/"},"sameAs":["https:\/\/www.instagram.com\/ebrecleaneco\/"]}]}},"_links":{"self":[{"href":"https:\/\/ebrecleaneco.com\/ca\/wp-json\/wp\/v2\/product\/10161","targetHints":{"allow":["GET"]}}],"collection":[{"href":"https:\/\/ebrecleaneco.com\/ca\/wp-json\/wp\/v2\/product"}],"about":[{"href":"https:\/\/ebrecleaneco.com\/ca\/wp-json\/wp\/v2\/types\/product"}],"replies":[{"embeddable":true,"href":"https:\/\/ebrecleaneco.com\/ca\/wp-json\/wp\/v2\/comments?post=10161"}],"wp:featuredmedia":[{"embeddable":true,"href":"https:\/\/ebrecleaneco.com\/ca\/wp-json\/wp\/v2\/media\/10166"}],"wp:attachment":[{"href":"https:\/\/ebrecleaneco.com\/ca\/wp-json\/wp\/v2\/media?parent=10161"}],"wp:term":[{"taxonomy":"product_brand","embeddable":true,"href":"https:\/\/ebrecleaneco.com\/ca\/wp-json\/wp\/v2\/product_brand?post=10161"},{"taxonomy":"product_cat","embeddable":true,"href":"https:\/\/ebrecleaneco.com\/ca\/wp-json\/wp\/v2\/product_cat?post=10161"},{"taxonomy":"product_tag","embeddable":true,"href":"https:\/\/ebrecleaneco.com\/ca\/wp-json\/wp\/v2\/product_tag?post=10161"}],"curies":[{"name":"wp","href":"https:\/\/api.w.org\/{rel}","templated":true}]}}