{"id":10375,"date":"2025-02-16T21:03:30","date_gmt":"2025-02-16T20:03:30","guid":{"rendered":"https:\/\/ebrecleaneco.com\/?post_type=product&#038;p=10375"},"modified":"2026-02-20T08:23:12","modified_gmt":"2026-02-20T07:23:12","slug":"pack-de-2-draps-microfibra-ultra-pamex-car","status":"publish","type":"product","link":"https:\/\/ebrecleaneco.com\/ca\/producte\/pack-de-2-draps-microfibra-ultra-pamex-car\/","title":{"rendered":"PACK DE 2 DRAPS MICROFIBRA ULTRA PAMEX CAR 45X40 CM"},"content":{"rendered":"<section class=\"wpb-content-wrapper\"><p>[vc_row pix_padding_top=&#8221;padding No&#8221; pix_padding_bottom=&#8221;padding No&#8221; gradient_colors=&#8221;%5B%7B%7D%5D&#8221;][vc_column width=&#8221;3\/4&#8243; gradient_colors=&#8221;%5B%7B%7D%5D&#8221;][vc_column_text]<\/p>\n<p>&nbsp;<\/p>\n<h2 id=\"tw-target-text\" class=\"tw-data-text tw-text-large tw-ta\" dir=\"ltr\" data-placeholder=\"Traducci\u00f3\" data-ved=\"2ahUKEwitz-Wmv8aLAxVvfKQEHfHMGTsQ3ewLegQICxAW\" aria-label=\"Text tradu\u00eft: PANY MICROFIBRA ULTRA PAMEX CAR 45X40 CM Tovallola de microfibra per a cotxe, drap de neteja de microfibra, assecat i aplicacions de ceres l\u00edquides. Combinaci\u00f3 de poliamida 20% i poli\u00e8ster 80% d'alta qualitat en dues capes Assecat Eficient i R\u00e0pid:\"><span class=\"Y2IQFc\" lang=\"ca\">PACK DE 2 DRAPS MICROFIBRA ULTRA PAMEX CAR 45X40 CM <\/span><\/h2>\n<h5 class=\"tw-data-text tw-text-large tw-ta\" dir=\"ltr\" data-placeholder=\"Traducci\u00f3\" data-ved=\"2ahUKEwitz-Wmv8aLAxVvfKQEHfHMGTsQ3ewLegQICxAW\" aria-label=\"Text tradu\u00eft: PANY MICROFIBRA ULTRA PAMEX CAR 45X40 CM Tovallola de microfibra per a cotxe, drap de neteja de microfibra, assecat i aplicacions de ceres l\u00edquides. Combinaci\u00f3 de poliamida 20% i poli\u00e8ster 80% d'alta qualitat en dues capes Assecat Eficient i R\u00e0pid:\"><span class=\"Y2IQFc\" lang=\"ca\">Tovallola de microfibra per a cotxe, drap de neteja de microfibra, assecat i aplicacions de ceres l\u00edquides. <\/span><\/h5>\n<h5 class=\"tw-data-text tw-text-large tw-ta\" dir=\"ltr\" data-placeholder=\"Traducci\u00f3\" data-ved=\"2ahUKEwitz-Wmv8aLAxVvfKQEHfHMGTsQ3ewLegQICxAW\" aria-label=\"Text tradu\u00eft: PANY MICROFIBRA ULTRA PAMEX CAR 45X40 CM Tovallola de microfibra per a cotxe, drap de neteja de microfibra, assecat i aplicacions de ceres l\u00edquides. Combinaci\u00f3 de poliamida 20% i poli\u00e8ster 80% d'alta qualitat en dues capes Assecat Eficient i R\u00e0pid:\"><span class=\"Y2IQFc\" lang=\"ca\">Combinaci\u00f3 de poliamida 20% i poli\u00e8ster 80% d&#8217;alta qualitat en dues capes .<\/span><\/h5>\n<h5 class=\"tw-data-text tw-text-large tw-ta\" dir=\"ltr\" data-placeholder=\"Traducci\u00f3\" data-ved=\"2ahUKEwitz-Wmv8aLAxVvfKQEHfHMGTsQ3ewLegQICxAW\" aria-label=\"Text tradu\u00eft: PANY MICROFIBRA ULTRA PAMEX CAR 45X40 CM Tovallola de microfibra per a cotxe, drap de neteja de microfibra, assecat i aplicacions de ceres l\u00edquides. Combinaci\u00f3 de poliamida 20% i poli\u00e8ster 80% d'alta qualitat en dues capes Assecat Eficient i R\u00e0pid:\"><span class=\"Y2IQFc\" lang=\"ca\">Assecat Eficient i R\u00e0pid.<\/span><\/h5>\n<p>&nbsp;<\/p>\n<p>&nbsp;<\/p>\n<p>&nbsp;<\/p>\n<p>&nbsp;<\/p>\n<\/section>","protected":false},"excerpt":{"rendered":"<p>&nbsp;<\/p>\n<h2 id=\"tw-target-text\" class=\"tw-data-text tw-text-large tw-ta\" dir=\"ltr\" data-placeholder=\"Traducci\u00f3\" data-ved=\"2ahUKEwitz-Wmv8aLAxVvfKQEHfHMGTsQ3ewLegQICxAW\" aria-label=\"Text tradu\u00eft: PANY MICROFIBRA ULTRA PAMEX CAR 45X40 CM Tovallola de microfibra per a cotxe, drap de neteja de microfibra, assecat i aplicacions de ceres l\u00edquides. Combinaci\u00f3 de poliamida 20% i poli\u00e8ster 80% d'alta qualitat en dues capes Assecat Eficient i R\u00e0pid:\"><span class=\"Y2IQFc\" lang=\"ca\">PACK DE 2 DRAPS MICROFIBRA ULTRA PAMEX CAR 45X40 CM <\/span><\/h2>\n<h5 class=\"tw-data-text tw-text-large tw-ta\" dir=\"ltr\" data-placeholder=\"Traducci\u00f3\" data-ved=\"2ahUKEwitz-Wmv8aLAxVvfKQEHfHMGTsQ3ewLegQICxAW\" aria-label=\"Text tradu\u00eft: PANY MICROFIBRA ULTRA PAMEX CAR 45X40 CM Tovallola de microfibra per a cotxe, drap de neteja de microfibra, assecat i aplicacions de ceres l\u00edquides. Combinaci\u00f3 de poliamida 20% i poli\u00e8ster 80% d'alta qualitat en dues capes Assecat Eficient i R\u00e0pid:\"><span class=\"Y2IQFc\" lang=\"ca\">Tovallola de microfibra per a cotxe, drap de neteja de microfibra, assecat i aplicacions de ceres l\u00edquides.<\/span><\/h5>\n<p>Conte 2 draps.<\/p>\n<p>&nbsp;<\/p>\n","protected":false},"featured_media":10379,"comment_status":"open","ping_status":"closed","template":"","meta":{"inline_featured_image":false},"product_brand":[],"product_cat":[443],"product_tag":[],"class_list":{"0":"post-10375","1":"product","2":"type-product","3":"status-publish","4":"has-post-thumbnail","6":"product_cat-accessoris","8":"first","9":"instock","10":"sale","11":"shipping-taxable","12":"purchasable","13":"product-type-simple"},"yoast_head":"<!-- This site is optimized with the Yoast SEO plugin v27.5 - https:\/\/yoast.com\/product\/yoast-seo-wordpress\/ -->\n<title>PACK DE 2 DRAPS MICROFIBRA ULTRA PAMEX CAR 45X40 CM<\/title>\n<meta name=\"description\" content=\"PACK DE 2 DRAPS MICROFIBRA ULTRA PAMEX CAR 45X40 CM Tovallola per a cotxe, drap de neteja de microfibra, assecat i aplicacions de ceres l\u00edquides.\" \/>\n<meta name=\"robots\" content=\"index, follow, max-snippet:-1, max-image-preview:large, max-video-preview:-1\" \/>\n<link rel=\"canonical\" href=\"https:\/\/ebrecleaneco.com\/ca\/producte\/pack-de-2-draps-microfibra-ultra-pamex-car\/\" \/>\n<meta property=\"og:locale\" content=\"ca_ES\" \/>\n<meta property=\"og:type\" content=\"article\" \/>\n<meta property=\"og:title\" content=\"PACK DE 2 DRAPS MICROFIBRA ULTRA PAMEX CAR 45X40 CM\" \/>\n<meta property=\"og:description\" content=\"PACK DE 2 DRAPS MICROFIBRA ULTRA PAMEX CAR 45X40 CM Tovallola per a cotxe, drap de neteja de microfibra, assecat i aplicacions de ceres l\u00edquides.\" \/>\n<meta property=\"og:url\" content=\"https:\/\/ebrecleaneco.com\/ca\/producte\/pack-de-2-draps-microfibra-ultra-pamex-car\/\" \/>\n<meta property=\"og:site_name\" content=\"Ebreclean ECO\" \/>\n<meta property=\"article:modified_time\" content=\"2026-02-20T07:23:12+00:00\" \/>\n<meta name=\"twitter:card\" content=\"summary_large_image\" \/>\n<meta name=\"twitter:label1\" content=\"Temps estimat de lectura\" \/>\n\t<meta name=\"twitter:data1\" content=\"1 minut\" \/>\n<script type=\"application\/ld+json\" class=\"yoast-schema-graph\">{\"@context\":\"https:\\\/\\\/schema.org\",\"@graph\":[{\"@type\":\"WebPage\",\"@id\":\"https:\\\/\\\/ebrecleaneco.com\\\/ca\\\/producte\\\/pack-de-2-draps-microfibra-ultra-pamex-car\\\/\",\"url\":\"https:\\\/\\\/ebrecleaneco.com\\\/ca\\\/producte\\\/pack-de-2-draps-microfibra-ultra-pamex-car\\\/\",\"name\":\"PACK DE 2 DRAPS MICROFIBRA ULTRA PAMEX CAR 45X40 CM\",\"isPartOf\":{\"@id\":\"https:\\\/\\\/ebrecleaneco.com\\\/ca\\\/#website\"},\"primaryImageOfPage\":{\"@id\":\"https:\\\/\\\/ebrecleaneco.com\\\/ca\\\/producte\\\/pack-de-2-draps-microfibra-ultra-pamex-car\\\/#primaryimage\"},\"image\":{\"@id\":\"https:\\\/\\\/ebrecleaneco.com\\\/ca\\\/producte\\\/pack-de-2-draps-microfibra-ultra-pamex-car\\\/#primaryimage\"},\"thumbnailUrl\":\"https:\\\/\\\/ebrecleaneco.com\\\/wp-content\\\/uploads\\\/2025\\\/02\\\/E3c9670d22c60497ca7904333ca7046bdK.png_720x720q75.avif\",\"datePublished\":\"2025-02-16T20:03:30+00:00\",\"dateModified\":\"2026-02-20T07:23:12+00:00\",\"description\":\"PACK DE 2 DRAPS MICROFIBRA ULTRA PAMEX CAR 45X40 CM Tovallola per a cotxe, drap de neteja de microfibra, assecat i aplicacions de ceres l\u00edquides.\",\"breadcrumb\":{\"@id\":\"https:\\\/\\\/ebrecleaneco.com\\\/ca\\\/producte\\\/pack-de-2-draps-microfibra-ultra-pamex-car\\\/#breadcrumb\"},\"inLanguage\":\"ca\",\"potentialAction\":[{\"@type\":\"ReadAction\",\"target\":[\"https:\\\/\\\/ebrecleaneco.com\\\/ca\\\/producte\\\/pack-de-2-draps-microfibra-ultra-pamex-car\\\/\"]}]},{\"@type\":\"ImageObject\",\"inLanguage\":\"ca\",\"@id\":\"https:\\\/\\\/ebrecleaneco.com\\\/ca\\\/producte\\\/pack-de-2-draps-microfibra-ultra-pamex-car\\\/#primaryimage\",\"url\":\"https:\\\/\\\/ebrecleaneco.com\\\/wp-content\\\/uploads\\\/2025\\\/02\\\/E3c9670d22c60497ca7904333ca7046bdK.png_720x720q75.avif\",\"contentUrl\":\"https:\\\/\\\/ebrecleaneco.com\\\/wp-content\\\/uploads\\\/2025\\\/02\\\/E3c9670d22c60497ca7904333ca7046bdK.png_720x720q75.avif\",\"width\":705,\"height\":705},{\"@type\":\"BreadcrumbList\",\"@id\":\"https:\\\/\\\/ebrecleaneco.com\\\/ca\\\/producte\\\/pack-de-2-draps-microfibra-ultra-pamex-car\\\/#breadcrumb\",\"itemListElement\":[{\"@type\":\"ListItem\",\"position\":1,\"name\":\"Home\",\"item\":\"https:\\\/\\\/ebrecleaneco.com\\\/ca\\\/ebreclean-eco-detailing\\\/\"},{\"@type\":\"ListItem\",\"position\":2,\"name\":\"Botiga\",\"item\":\"https:\\\/\\\/ebrecleaneco.com\\\/ca\\\/botiga\\\/\"},{\"@type\":\"ListItem\",\"position\":3,\"name\":\"PACK DE 2 DRAPS MICROFIBRA ULTRA PAMEX CAR 45X40 CM\"}]},{\"@type\":\"WebSite\",\"@id\":\"https:\\\/\\\/ebrecleaneco.com\\\/ca\\\/#website\",\"url\":\"https:\\\/\\\/ebrecleaneco.com\\\/ca\\\/\",\"name\":\"Ebreclean ECO\",\"description\":\"Tu tienda online de productos de limpieza para tu vehiculo, accesorios y detailing! Somos fabricantes y distribuidores. Monta tu propio lavadero ecol\u00f3gico con nosotros!\",\"publisher\":{\"@id\":\"https:\\\/\\\/ebrecleaneco.com\\\/ca\\\/#organization\"},\"alternateName\":\"EBRECLEAN\",\"potentialAction\":[{\"@type\":\"SearchAction\",\"target\":{\"@type\":\"EntryPoint\",\"urlTemplate\":\"https:\\\/\\\/ebrecleaneco.com\\\/ca\\\/?s={search_term_string}\"},\"query-input\":{\"@type\":\"PropertyValueSpecification\",\"valueRequired\":true,\"valueName\":\"search_term_string\"}}],\"inLanguage\":\"ca\"},{\"@type\":\"Organization\",\"@id\":\"https:\\\/\\\/ebrecleaneco.com\\\/ca\\\/#organization\",\"name\":\"Ebreclean ECO\",\"url\":\"https:\\\/\\\/ebrecleaneco.com\\\/ca\\\/\",\"logo\":{\"@type\":\"ImageObject\",\"inLanguage\":\"ca\",\"@id\":\"https:\\\/\\\/ebrecleaneco.com\\\/ca\\\/#\\\/schema\\\/logo\\\/image\\\/\",\"url\":\"https:\\\/\\\/ebrecleaneco.com\\\/wp-content\\\/uploads\\\/2023\\\/03\\\/cropped-logo-512-blanc.png\",\"contentUrl\":\"https:\\\/\\\/ebrecleaneco.com\\\/wp-content\\\/uploads\\\/2023\\\/03\\\/cropped-logo-512-blanc.png\",\"width\":512,\"height\":512,\"caption\":\"Ebreclean ECO\"},\"image\":{\"@id\":\"https:\\\/\\\/ebrecleaneco.com\\\/ca\\\/#\\\/schema\\\/logo\\\/image\\\/\"},\"sameAs\":[\"https:\\\/\\\/www.instagram.com\\\/ebrecleaneco\\\/\"]}]}<\/script>\n<!-- \/ Yoast SEO plugin. -->","yoast_head_json":{"title":"PACK DE 2 DRAPS MICROFIBRA ULTRA PAMEX CAR 45X40 CM","description":"PACK DE 2 DRAPS MICROFIBRA ULTRA PAMEX CAR 45X40 CM Tovallola per a cotxe, drap de neteja de microfibra, assecat i aplicacions de ceres l\u00edquides.","robots":{"index":"index","follow":"follow","max-snippet":"max-snippet:-1","max-image-preview":"max-image-preview:large","max-video-preview":"max-video-preview:-1"},"canonical":"https:\/\/ebrecleaneco.com\/ca\/producte\/pack-de-2-draps-microfibra-ultra-pamex-car\/","og_locale":"ca_ES","og_type":"article","og_title":"PACK DE 2 DRAPS MICROFIBRA ULTRA PAMEX CAR 45X40 CM","og_description":"PACK DE 2 DRAPS MICROFIBRA ULTRA PAMEX CAR 45X40 CM Tovallola per a cotxe, drap de neteja de microfibra, assecat i aplicacions de ceres l\u00edquides.","og_url":"https:\/\/ebrecleaneco.com\/ca\/producte\/pack-de-2-draps-microfibra-ultra-pamex-car\/","og_site_name":"Ebreclean ECO","article_modified_time":"2026-02-20T07:23:12+00:00","twitter_card":"summary_large_image","twitter_misc":{"Temps estimat de lectura":"1 minut"},"schema":{"@context":"https:\/\/schema.org","@graph":[{"@type":"WebPage","@id":"https:\/\/ebrecleaneco.com\/ca\/producte\/pack-de-2-draps-microfibra-ultra-pamex-car\/","url":"https:\/\/ebrecleaneco.com\/ca\/producte\/pack-de-2-draps-microfibra-ultra-pamex-car\/","name":"PACK DE 2 DRAPS MICROFIBRA ULTRA PAMEX CAR 45X40 CM","isPartOf":{"@id":"https:\/\/ebrecleaneco.com\/ca\/#website"},"primaryImageOfPage":{"@id":"https:\/\/ebrecleaneco.com\/ca\/producte\/pack-de-2-draps-microfibra-ultra-pamex-car\/#primaryimage"},"image":{"@id":"https:\/\/ebrecleaneco.com\/ca\/producte\/pack-de-2-draps-microfibra-ultra-pamex-car\/#primaryimage"},"thumbnailUrl":"https:\/\/ebrecleaneco.com\/wp-content\/uploads\/2025\/02\/E3c9670d22c60497ca7904333ca7046bdK.png_720x720q75.avif","datePublished":"2025-02-16T20:03:30+00:00","dateModified":"2026-02-20T07:23:12+00:00","description":"PACK DE 2 DRAPS MICROFIBRA ULTRA PAMEX CAR 45X40 CM Tovallola per a cotxe, drap de neteja de microfibra, assecat i aplicacions de ceres l\u00edquides.","breadcrumb":{"@id":"https:\/\/ebrecleaneco.com\/ca\/producte\/pack-de-2-draps-microfibra-ultra-pamex-car\/#breadcrumb"},"inLanguage":"ca","potentialAction":[{"@type":"ReadAction","target":["https:\/\/ebrecleaneco.com\/ca\/producte\/pack-de-2-draps-microfibra-ultra-pamex-car\/"]}]},{"@type":"ImageObject","inLanguage":"ca","@id":"https:\/\/ebrecleaneco.com\/ca\/producte\/pack-de-2-draps-microfibra-ultra-pamex-car\/#primaryimage","url":"https:\/\/ebrecleaneco.com\/wp-content\/uploads\/2025\/02\/E3c9670d22c60497ca7904333ca7046bdK.png_720x720q75.avif","contentUrl":"https:\/\/ebrecleaneco.com\/wp-content\/uploads\/2025\/02\/E3c9670d22c60497ca7904333ca7046bdK.png_720x720q75.avif","width":705,"height":705},{"@type":"BreadcrumbList","@id":"https:\/\/ebrecleaneco.com\/ca\/producte\/pack-de-2-draps-microfibra-ultra-pamex-car\/#breadcrumb","itemListElement":[{"@type":"ListItem","position":1,"name":"Home","item":"https:\/\/ebrecleaneco.com\/ca\/ebreclean-eco-detailing\/"},{"@type":"ListItem","position":2,"name":"Botiga","item":"https:\/\/ebrecleaneco.com\/ca\/botiga\/"},{"@type":"ListItem","position":3,"name":"PACK DE 2 DRAPS MICROFIBRA ULTRA PAMEX CAR 45X40 CM"}]},{"@type":"WebSite","@id":"https:\/\/ebrecleaneco.com\/ca\/#website","url":"https:\/\/ebrecleaneco.com\/ca\/","name":"Ebreclean ECO","description":"Tu tienda online de productos de limpieza para tu vehiculo, accesorios y detailing! Somos fabricantes y distribuidores. Monta tu propio lavadero ecol\u00f3gico con nosotros!","publisher":{"@id":"https:\/\/ebrecleaneco.com\/ca\/#organization"},"alternateName":"EBRECLEAN","potentialAction":[{"@type":"SearchAction","target":{"@type":"EntryPoint","urlTemplate":"https:\/\/ebrecleaneco.com\/ca\/?s={search_term_string}"},"query-input":{"@type":"PropertyValueSpecification","valueRequired":true,"valueName":"search_term_string"}}],"inLanguage":"ca"},{"@type":"Organization","@id":"https:\/\/ebrecleaneco.com\/ca\/#organization","name":"Ebreclean ECO","url":"https:\/\/ebrecleaneco.com\/ca\/","logo":{"@type":"ImageObject","inLanguage":"ca","@id":"https:\/\/ebrecleaneco.com\/ca\/#\/schema\/logo\/image\/","url":"https:\/\/ebrecleaneco.com\/wp-content\/uploads\/2023\/03\/cropped-logo-512-blanc.png","contentUrl":"https:\/\/ebrecleaneco.com\/wp-content\/uploads\/2023\/03\/cropped-logo-512-blanc.png","width":512,"height":512,"caption":"Ebreclean ECO"},"image":{"@id":"https:\/\/ebrecleaneco.com\/ca\/#\/schema\/logo\/image\/"},"sameAs":["https:\/\/www.instagram.com\/ebrecleaneco\/"]}]}},"_links":{"self":[{"href":"https:\/\/ebrecleaneco.com\/ca\/wp-json\/wp\/v2\/product\/10375","targetHints":{"allow":["GET"]}}],"collection":[{"href":"https:\/\/ebrecleaneco.com\/ca\/wp-json\/wp\/v2\/product"}],"about":[{"href":"https:\/\/ebrecleaneco.com\/ca\/wp-json\/wp\/v2\/types\/product"}],"replies":[{"embeddable":true,"href":"https:\/\/ebrecleaneco.com\/ca\/wp-json\/wp\/v2\/comments?post=10375"}],"wp:featuredmedia":[{"embeddable":true,"href":"https:\/\/ebrecleaneco.com\/ca\/wp-json\/wp\/v2\/media\/10379"}],"wp:attachment":[{"href":"https:\/\/ebrecleaneco.com\/ca\/wp-json\/wp\/v2\/media?parent=10375"}],"wp:term":[{"taxonomy":"product_brand","embeddable":true,"href":"https:\/\/ebrecleaneco.com\/ca\/wp-json\/wp\/v2\/product_brand?post=10375"},{"taxonomy":"product_cat","embeddable":true,"href":"https:\/\/ebrecleaneco.com\/ca\/wp-json\/wp\/v2\/product_cat?post=10375"},{"taxonomy":"product_tag","embeddable":true,"href":"https:\/\/ebrecleaneco.com\/ca\/wp-json\/wp\/v2\/product_tag?post=10375"}],"curies":[{"name":"wp","href":"https:\/\/api.w.org\/{rel}","templated":true}]}}