{"id":10712,"date":"2026-02-19T08:53:36","date_gmt":"2026-02-19T07:53:36","guid":{"rendered":"https:\/\/ebrecleaneco.com\/?post_type=product&#038;p=10712"},"modified":"2026-02-26T18:56:02","modified_gmt":"2026-02-26T17:56:02","slug":"bayeta-per-a-ceres-groga-30x40","status":"publish","type":"product","link":"https:\/\/ebrecleaneco.com\/ca\/producte\/bayeta-per-a-ceres-groga-30x40\/","title":{"rendered":"BAYETA PER A CERES GROGA 30X40"},"content":{"rendered":"<section class=\"wpb-content-wrapper\"><p>[vc_row pix_padding_top=&#8221;padding No&#8221; pix_padding_bottom=&#8221;padding No&#8221; gradient_colors=&#8221;%5B%7B%7D%5D&#8221;][vc_column width=&#8221;3\/4&#8243; gradient_colors=&#8221;%5B%7B%7D%5D&#8221;][vc_column_text]<\/p>\n<p><strong>TOVALLOLA MITJANA ASSECAT PACK 3 UNITATS<\/strong><\/p>\n<p>Tovallola de microfibra per a cotxe, drap de neteja de microfibra, assecat i aplicacions de ceres l\u00edquides.<\/p>\n<p>Tamany 45&#215;38.<\/p>\n<div dir=\"auto\">Pack 3 unitats.<\/div>\n<\/section>","protected":false},"excerpt":{"rendered":"<p><strong>BAYETA PER A CERES GROC 30X40<\/strong><\/p>\n<p>BAYETA PER A CERES GROC 30X40 \u00e9s una premium, aquesta baieta \u00e9s perfecta per als detalls m\u00e9s fins i per a les parts m\u00e9s sensibles del teu vehicle.<\/p>\n<p>&nbsp;<\/p>\n","protected":false},"featured_media":10714,"comment_status":"open","ping_status":"closed","template":"","meta":{"inline_featured_image":false},"product_brand":[],"product_cat":[443,486],"product_tag":[],"class_list":{"0":"post-10712","1":"product","2":"type-product","3":"status-publish","4":"has-post-thumbnail","6":"product_cat-accessoris","7":"product_cat-novetats","9":"first","10":"instock","11":"sale","12":"shipping-taxable","13":"purchasable","14":"product-type-simple"},"yoast_head":"<!-- This site is optimized with the Yoast SEO plugin v27.3 - https:\/\/yoast.com\/product\/yoast-seo-wordpress\/ -->\n<title>BAYETA PER A CERES GROGA 30X40<\/title>\n<meta name=\"description\" content=\"BAYETA PER A CERES GROC 30X40 \u00e9s una premium, aquesta baieta \u00e9s perfecta per als detalls m\u00e9s fins i per a les parts m\u00e9s sensibles del teu vehicle.\" \/>\n<meta name=\"robots\" content=\"index, follow, max-snippet:-1, max-image-preview:large, max-video-preview:-1\" \/>\n<link rel=\"canonical\" href=\"https:\/\/ebrecleaneco.com\/ca\/producte\/bayeta-per-a-ceres-groga-30x40\/\" \/>\n<meta property=\"og:locale\" content=\"ca_ES\" \/>\n<meta property=\"og:type\" content=\"article\" \/>\n<meta property=\"og:title\" content=\"BAYETA PER A CERES GROGA 30X40\" \/>\n<meta property=\"og:description\" content=\"BAYETA PER A CERES GROC 30X40 \u00e9s una premium, aquesta baieta \u00e9s perfecta per als detalls m\u00e9s fins i per a les parts m\u00e9s sensibles del teu vehicle.\" \/>\n<meta property=\"og:url\" content=\"https:\/\/ebrecleaneco.com\/ca\/producte\/bayeta-per-a-ceres-groga-30x40\/\" \/>\n<meta property=\"og:site_name\" content=\"Ebreclean ECO\" \/>\n<meta property=\"article:modified_time\" content=\"2026-02-26T17:56:02+00:00\" \/>\n<meta property=\"og:image\" content=\"https:\/\/ebrecleaneco.com\/wp-content\/uploads\/2026\/02\/BAYETA-GRIS-Y-AMARILLA.jpeg\" \/>\n\t<meta property=\"og:image:width\" content=\"2048\" \/>\n\t<meta property=\"og:image:height\" content=\"1483\" \/>\n\t<meta property=\"og:image:type\" content=\"image\/jpeg\" \/>\n<meta name=\"twitter:card\" content=\"summary_large_image\" \/>\n<meta name=\"twitter:label1\" content=\"Temps estimat de lectura\" \/>\n\t<meta name=\"twitter:data1\" content=\"1 minut\" \/>\n<script type=\"application\/ld+json\" class=\"yoast-schema-graph\">{\"@context\":\"https:\\\/\\\/schema.org\",\"@graph\":[{\"@type\":\"WebPage\",\"@id\":\"https:\\\/\\\/ebrecleaneco.com\\\/ca\\\/producte\\\/bayeta-per-a-ceres-groga-30x40\\\/\",\"url\":\"https:\\\/\\\/ebrecleaneco.com\\\/ca\\\/producte\\\/bayeta-per-a-ceres-groga-30x40\\\/\",\"name\":\"BAYETA PER A CERES GROGA 30X40\",\"isPartOf\":{\"@id\":\"https:\\\/\\\/ebrecleaneco.com\\\/ca\\\/#website\"},\"primaryImageOfPage\":{\"@id\":\"https:\\\/\\\/ebrecleaneco.com\\\/ca\\\/producte\\\/bayeta-per-a-ceres-groga-30x40\\\/#primaryimage\"},\"image\":{\"@id\":\"https:\\\/\\\/ebrecleaneco.com\\\/ca\\\/producte\\\/bayeta-per-a-ceres-groga-30x40\\\/#primaryimage\"},\"thumbnailUrl\":\"https:\\\/\\\/ebrecleaneco.com\\\/wp-content\\\/uploads\\\/2026\\\/02\\\/BAYETA-GRIS-Y-AMARILLA.jpeg\",\"datePublished\":\"2026-02-19T07:53:36+00:00\",\"dateModified\":\"2026-02-26T17:56:02+00:00\",\"description\":\"BAYETA PER A CERES GROC 30X40 \u00e9s una premium, aquesta baieta \u00e9s perfecta per als detalls m\u00e9s fins i per a les parts m\u00e9s sensibles del teu vehicle.\",\"breadcrumb\":{\"@id\":\"https:\\\/\\\/ebrecleaneco.com\\\/ca\\\/producte\\\/bayeta-per-a-ceres-groga-30x40\\\/#breadcrumb\"},\"inLanguage\":\"ca\",\"potentialAction\":[{\"@type\":\"ReadAction\",\"target\":[\"https:\\\/\\\/ebrecleaneco.com\\\/ca\\\/producte\\\/bayeta-per-a-ceres-groga-30x40\\\/\"]}]},{\"@type\":\"ImageObject\",\"inLanguage\":\"ca\",\"@id\":\"https:\\\/\\\/ebrecleaneco.com\\\/ca\\\/producte\\\/bayeta-per-a-ceres-groga-30x40\\\/#primaryimage\",\"url\":\"https:\\\/\\\/ebrecleaneco.com\\\/wp-content\\\/uploads\\\/2026\\\/02\\\/BAYETA-GRIS-Y-AMARILLA.jpeg\",\"contentUrl\":\"https:\\\/\\\/ebrecleaneco.com\\\/wp-content\\\/uploads\\\/2026\\\/02\\\/BAYETA-GRIS-Y-AMARILLA.jpeg\",\"width\":2048,\"height\":1483,\"caption\":\"Bayeta para ceras amarilla 30x40 microfibra\"},{\"@type\":\"BreadcrumbList\",\"@id\":\"https:\\\/\\\/ebrecleaneco.com\\\/ca\\\/producte\\\/bayeta-per-a-ceres-groga-30x40\\\/#breadcrumb\",\"itemListElement\":[{\"@type\":\"ListItem\",\"position\":1,\"name\":\"Home\",\"item\":\"https:\\\/\\\/ebrecleaneco.com\\\/ca\\\/ebreclean-eco-detailing\\\/\"},{\"@type\":\"ListItem\",\"position\":2,\"name\":\"Botiga\",\"item\":\"https:\\\/\\\/ebrecleaneco.com\\\/ca\\\/botiga\\\/\"},{\"@type\":\"ListItem\",\"position\":3,\"name\":\"BAYETA PER A CERES GROGA 30X40\"}]},{\"@type\":\"WebSite\",\"@id\":\"https:\\\/\\\/ebrecleaneco.com\\\/ca\\\/#website\",\"url\":\"https:\\\/\\\/ebrecleaneco.com\\\/ca\\\/\",\"name\":\"Ebreclean ECO\",\"description\":\"Tu tienda online de productos de limpieza para tu vehiculo, accesorios y detailing! Somos fabricantes y distribuidores. Monta tu propio lavadero ecol\u00f3gico con nosotros!\",\"publisher\":{\"@id\":\"https:\\\/\\\/ebrecleaneco.com\\\/ca\\\/#organization\"},\"alternateName\":\"EBRECLEAN\",\"potentialAction\":[{\"@type\":\"SearchAction\",\"target\":{\"@type\":\"EntryPoint\",\"urlTemplate\":\"https:\\\/\\\/ebrecleaneco.com\\\/ca\\\/?s={search_term_string}\"},\"query-input\":{\"@type\":\"PropertyValueSpecification\",\"valueRequired\":true,\"valueName\":\"search_term_string\"}}],\"inLanguage\":\"ca\"},{\"@type\":\"Organization\",\"@id\":\"https:\\\/\\\/ebrecleaneco.com\\\/ca\\\/#organization\",\"name\":\"Ebreclean ECO\",\"url\":\"https:\\\/\\\/ebrecleaneco.com\\\/ca\\\/\",\"logo\":{\"@type\":\"ImageObject\",\"inLanguage\":\"ca\",\"@id\":\"https:\\\/\\\/ebrecleaneco.com\\\/ca\\\/#\\\/schema\\\/logo\\\/image\\\/\",\"url\":\"https:\\\/\\\/ebrecleaneco.com\\\/wp-content\\\/uploads\\\/2023\\\/03\\\/cropped-logo-512-blanc.png\",\"contentUrl\":\"https:\\\/\\\/ebrecleaneco.com\\\/wp-content\\\/uploads\\\/2023\\\/03\\\/cropped-logo-512-blanc.png\",\"width\":512,\"height\":512,\"caption\":\"Ebreclean ECO\"},\"image\":{\"@id\":\"https:\\\/\\\/ebrecleaneco.com\\\/ca\\\/#\\\/schema\\\/logo\\\/image\\\/\"},\"sameAs\":[\"https:\\\/\\\/www.instagram.com\\\/ebrecleaneco\\\/\"]}]}<\/script>\n<!-- \/ Yoast SEO plugin. -->","yoast_head_json":{"title":"BAYETA PER A CERES GROGA 30X40","description":"BAYETA PER A CERES GROC 30X40 \u00e9s una premium, aquesta baieta \u00e9s perfecta per als detalls m\u00e9s fins i per a les parts m\u00e9s sensibles del teu vehicle.","robots":{"index":"index","follow":"follow","max-snippet":"max-snippet:-1","max-image-preview":"max-image-preview:large","max-video-preview":"max-video-preview:-1"},"canonical":"https:\/\/ebrecleaneco.com\/ca\/producte\/bayeta-per-a-ceres-groga-30x40\/","og_locale":"ca_ES","og_type":"article","og_title":"BAYETA PER A CERES GROGA 30X40","og_description":"BAYETA PER A CERES GROC 30X40 \u00e9s una premium, aquesta baieta \u00e9s perfecta per als detalls m\u00e9s fins i per a les parts m\u00e9s sensibles del teu vehicle.","og_url":"https:\/\/ebrecleaneco.com\/ca\/producte\/bayeta-per-a-ceres-groga-30x40\/","og_site_name":"Ebreclean ECO","article_modified_time":"2026-02-26T17:56:02+00:00","og_image":[{"width":2048,"height":1483,"url":"https:\/\/ebrecleaneco.com\/wp-content\/uploads\/2026\/02\/BAYETA-GRIS-Y-AMARILLA.jpeg","type":"image\/jpeg"}],"twitter_card":"summary_large_image","twitter_misc":{"Temps estimat de lectura":"1 minut"},"schema":{"@context":"https:\/\/schema.org","@graph":[{"@type":"WebPage","@id":"https:\/\/ebrecleaneco.com\/ca\/producte\/bayeta-per-a-ceres-groga-30x40\/","url":"https:\/\/ebrecleaneco.com\/ca\/producte\/bayeta-per-a-ceres-groga-30x40\/","name":"BAYETA PER A CERES GROGA 30X40","isPartOf":{"@id":"https:\/\/ebrecleaneco.com\/ca\/#website"},"primaryImageOfPage":{"@id":"https:\/\/ebrecleaneco.com\/ca\/producte\/bayeta-per-a-ceres-groga-30x40\/#primaryimage"},"image":{"@id":"https:\/\/ebrecleaneco.com\/ca\/producte\/bayeta-per-a-ceres-groga-30x40\/#primaryimage"},"thumbnailUrl":"https:\/\/ebrecleaneco.com\/wp-content\/uploads\/2026\/02\/BAYETA-GRIS-Y-AMARILLA.jpeg","datePublished":"2026-02-19T07:53:36+00:00","dateModified":"2026-02-26T17:56:02+00:00","description":"BAYETA PER A CERES GROC 30X40 \u00e9s una premium, aquesta baieta \u00e9s perfecta per als detalls m\u00e9s fins i per a les parts m\u00e9s sensibles del teu vehicle.","breadcrumb":{"@id":"https:\/\/ebrecleaneco.com\/ca\/producte\/bayeta-per-a-ceres-groga-30x40\/#breadcrumb"},"inLanguage":"ca","potentialAction":[{"@type":"ReadAction","target":["https:\/\/ebrecleaneco.com\/ca\/producte\/bayeta-per-a-ceres-groga-30x40\/"]}]},{"@type":"ImageObject","inLanguage":"ca","@id":"https:\/\/ebrecleaneco.com\/ca\/producte\/bayeta-per-a-ceres-groga-30x40\/#primaryimage","url":"https:\/\/ebrecleaneco.com\/wp-content\/uploads\/2026\/02\/BAYETA-GRIS-Y-AMARILLA.jpeg","contentUrl":"https:\/\/ebrecleaneco.com\/wp-content\/uploads\/2026\/02\/BAYETA-GRIS-Y-AMARILLA.jpeg","width":2048,"height":1483,"caption":"Bayeta para ceras amarilla 30x40 microfibra"},{"@type":"BreadcrumbList","@id":"https:\/\/ebrecleaneco.com\/ca\/producte\/bayeta-per-a-ceres-groga-30x40\/#breadcrumb","itemListElement":[{"@type":"ListItem","position":1,"name":"Home","item":"https:\/\/ebrecleaneco.com\/ca\/ebreclean-eco-detailing\/"},{"@type":"ListItem","position":2,"name":"Botiga","item":"https:\/\/ebrecleaneco.com\/ca\/botiga\/"},{"@type":"ListItem","position":3,"name":"BAYETA PER A CERES GROGA 30X40"}]},{"@type":"WebSite","@id":"https:\/\/ebrecleaneco.com\/ca\/#website","url":"https:\/\/ebrecleaneco.com\/ca\/","name":"Ebreclean ECO","description":"Tu tienda online de productos de limpieza para tu vehiculo, accesorios y detailing! Somos fabricantes y distribuidores. Monta tu propio lavadero ecol\u00f3gico con nosotros!","publisher":{"@id":"https:\/\/ebrecleaneco.com\/ca\/#organization"},"alternateName":"EBRECLEAN","potentialAction":[{"@type":"SearchAction","target":{"@type":"EntryPoint","urlTemplate":"https:\/\/ebrecleaneco.com\/ca\/?s={search_term_string}"},"query-input":{"@type":"PropertyValueSpecification","valueRequired":true,"valueName":"search_term_string"}}],"inLanguage":"ca"},{"@type":"Organization","@id":"https:\/\/ebrecleaneco.com\/ca\/#organization","name":"Ebreclean ECO","url":"https:\/\/ebrecleaneco.com\/ca\/","logo":{"@type":"ImageObject","inLanguage":"ca","@id":"https:\/\/ebrecleaneco.com\/ca\/#\/schema\/logo\/image\/","url":"https:\/\/ebrecleaneco.com\/wp-content\/uploads\/2023\/03\/cropped-logo-512-blanc.png","contentUrl":"https:\/\/ebrecleaneco.com\/wp-content\/uploads\/2023\/03\/cropped-logo-512-blanc.png","width":512,"height":512,"caption":"Ebreclean ECO"},"image":{"@id":"https:\/\/ebrecleaneco.com\/ca\/#\/schema\/logo\/image\/"},"sameAs":["https:\/\/www.instagram.com\/ebrecleaneco\/"]}]}},"_links":{"self":[{"href":"https:\/\/ebrecleaneco.com\/ca\/wp-json\/wp\/v2\/product\/10712","targetHints":{"allow":["GET"]}}],"collection":[{"href":"https:\/\/ebrecleaneco.com\/ca\/wp-json\/wp\/v2\/product"}],"about":[{"href":"https:\/\/ebrecleaneco.com\/ca\/wp-json\/wp\/v2\/types\/product"}],"replies":[{"embeddable":true,"href":"https:\/\/ebrecleaneco.com\/ca\/wp-json\/wp\/v2\/comments?post=10712"}],"wp:featuredmedia":[{"embeddable":true,"href":"https:\/\/ebrecleaneco.com\/ca\/wp-json\/wp\/v2\/media\/10714"}],"wp:attachment":[{"href":"https:\/\/ebrecleaneco.com\/ca\/wp-json\/wp\/v2\/media?parent=10712"}],"wp:term":[{"taxonomy":"product_brand","embeddable":true,"href":"https:\/\/ebrecleaneco.com\/ca\/wp-json\/wp\/v2\/product_brand?post=10712"},{"taxonomy":"product_cat","embeddable":true,"href":"https:\/\/ebrecleaneco.com\/ca\/wp-json\/wp\/v2\/product_cat?post=10712"},{"taxonomy":"product_tag","embeddable":true,"href":"https:\/\/ebrecleaneco.com\/ca\/wp-json\/wp\/v2\/product_tag?post=10712"}],"curies":[{"name":"wp","href":"https:\/\/api.w.org\/{rel}","templated":true}]}}