{"id":10727,"date":"2026-02-20T07:12:38","date_gmt":"2026-02-20T06:12:38","guid":{"rendered":"https:\/\/ebrecleaneco.com\/?post_type=product&#038;p=10727"},"modified":"2026-02-26T18:56:02","modified_gmt":"2026-02-26T17:56:02","slug":"esponja-microfibra-premium-23x12-billionaire","status":"publish","type":"product","link":"https:\/\/ebrecleaneco.com\/ca\/producte\/esponja-microfibra-premium-23x12-billionaire\/","title":{"rendered":"ESPONJA MICROFIBRA PREMIUM 23\u00d712 BILLIONAIRE"},"content":{"rendered":"<section class=\"wpb-content-wrapper\"><p>[vc_row pix_padding_top=&#8221;padding No&#8221; pix_padding_bottom=&#8221;padding No&#8221; gradient_colors=&#8221;%5B%7B%7D%5D&#8221;][vc_column width=&#8221;3\/4&#8243; gradient_colors=&#8221;%5B%7B%7D%5D&#8221;][vc_column_text]<\/p>\n<p>ESPONJA MICROFIBRA PREMIUM 23\u00d712 BILLIONAIRE<\/p>\n<p>L&#8217;esponja de microfibra premium Billionaire est\u00e0 dissenyada per netejar la carrosseria del cotxe de manera efica\u00e7, eliminant la brut\u00edcia, la pols i els residus de forma suau per\u00f2 potent.<\/p>\n<p>Feta amb microfibra de primera qualitat, la nostra esponja proporciona una neteja suau i sense esgarrapades, protegint la pintura i els acabats del teu vehicle per a un aspecte impecable.<\/p>\n<p>Equipada amb una reixeta al revers per combatre la brut\u00edcia m\u00e9s obstinada, permet una neteja profunda i efectiva fins i tot a les \u00e0rees m\u00e9s dif\u00edcils i amb acumulaci\u00f3 de brut\u00edcia.<\/p>\n<p>MIDA: 23\u00d712 cm<\/p>\n<p>&nbsp;<\/p>\n<\/section>","protected":false},"excerpt":{"rendered":"<p>ESPONJA MICROFIBRA PREMIUM 23\u00d712 BILLIONAIRE<\/p>\n<p>L&#8217;esponja de microfibra premium Billionaire est\u00e0 dissenyada per netejar la carrosseria del cotxe de manera efica\u00e7, eliminant la brut\u00edcia, la pols i els residus de forma suau per\u00f2 potent.<\/p>\n<p>Feta amb microfibra de primera qualitat, la nostra esponja proporciona una neteja suau i sense esgarrapades, protegint la pintura i els acabats del teu vehicle per a un aspecte impecable.<\/p>\n<p>Equipada amb una reixeta al revers per combatre la brut\u00edcia m\u00e9s obstinada, permet una neteja profunda i efectiva fins i tot a les \u00e0rees m\u00e9s dif\u00edcils i amb acumulaci\u00f3 de brut\u00edcia.<\/p>\n<p>MIDA: 23\u00d712 cm<\/p>\n","protected":false},"featured_media":10729,"comment_status":"open","ping_status":"closed","template":"","meta":{"inline_featured_image":false},"product_brand":[],"product_cat":[443,486],"product_tag":[],"class_list":{"0":"post-10727","1":"product","2":"type-product","3":"status-publish","4":"has-post-thumbnail","6":"product_cat-accessoris","7":"product_cat-novetats","9":"first","10":"instock","11":"sale","12":"shipping-taxable","13":"purchasable","14":"product-type-simple"},"yoast_head":"<!-- This site is optimized with the Yoast SEO plugin v27.3 - https:\/\/yoast.com\/product\/yoast-seo-wordpress\/ -->\n<title>ESPONJA MICROFIBRA PREMIUM 23\u00d712 BILLIONAIRE - Ebreclean ECO<\/title>\n<meta name=\"description\" content=\"ESPONJA MICROFIBRA PREMIUM 23\u00d712 BILLIONAIRE est\u00e0 dissenyada per netejar, eliminant la brut\u00edcia, la pols i els residus de manera suau per\u00f2 potent.\" \/>\n<meta name=\"robots\" content=\"index, follow, max-snippet:-1, max-image-preview:large, max-video-preview:-1\" \/>\n<link rel=\"canonical\" href=\"https:\/\/ebrecleaneco.com\/ca\/producte\/esponja-microfibra-premium-23x12-billionaire\/\" \/>\n<meta property=\"og:locale\" content=\"ca_ES\" \/>\n<meta property=\"og:type\" content=\"article\" \/>\n<meta property=\"og:title\" content=\"ESPONJA MICROFIBRA PREMIUM 23\u00d712 BILLIONAIRE - Ebreclean ECO\" \/>\n<meta property=\"og:description\" content=\"ESPONJA MICROFIBRA PREMIUM 23\u00d712 BILLIONAIRE est\u00e0 dissenyada per netejar, eliminant la brut\u00edcia, la pols i els residus de manera suau per\u00f2 potent.\" \/>\n<meta property=\"og:url\" content=\"https:\/\/ebrecleaneco.com\/ca\/producte\/esponja-microfibra-premium-23x12-billionaire\/\" \/>\n<meta property=\"og:site_name\" content=\"Ebreclean ECO\" \/>\n<meta property=\"article:modified_time\" content=\"2026-02-26T17:56:02+00:00\" \/>\n<meta property=\"og:image\" content=\"https:\/\/ebrecleaneco.com\/wp-content\/uploads\/2026\/02\/Esponja-Microfibra-Premium-Billionaire.jpg\" \/>\n\t<meta property=\"og:image:width\" content=\"1400\" \/>\n\t<meta property=\"og:image:height\" content=\"1400\" \/>\n\t<meta property=\"og:image:type\" content=\"image\/jpeg\" \/>\n<meta name=\"twitter:card\" content=\"summary_large_image\" \/>\n<meta name=\"twitter:label1\" content=\"Temps estimat de lectura\" \/>\n\t<meta name=\"twitter:data1\" content=\"1 minut\" \/>\n<script type=\"application\/ld+json\" class=\"yoast-schema-graph\">{\"@context\":\"https:\\\/\\\/schema.org\",\"@graph\":[{\"@type\":\"WebPage\",\"@id\":\"https:\\\/\\\/ebrecleaneco.com\\\/ca\\\/producte\\\/esponja-microfibra-premium-23x12-billionaire\\\/\",\"url\":\"https:\\\/\\\/ebrecleaneco.com\\\/ca\\\/producte\\\/esponja-microfibra-premium-23x12-billionaire\\\/\",\"name\":\"ESPONJA MICROFIBRA PREMIUM 23\u00d712 BILLIONAIRE - Ebreclean ECO\",\"isPartOf\":{\"@id\":\"https:\\\/\\\/ebrecleaneco.com\\\/ca\\\/#website\"},\"primaryImageOfPage\":{\"@id\":\"https:\\\/\\\/ebrecleaneco.com\\\/ca\\\/producte\\\/esponja-microfibra-premium-23x12-billionaire\\\/#primaryimage\"},\"image\":{\"@id\":\"https:\\\/\\\/ebrecleaneco.com\\\/ca\\\/producte\\\/esponja-microfibra-premium-23x12-billionaire\\\/#primaryimage\"},\"thumbnailUrl\":\"https:\\\/\\\/ebrecleaneco.com\\\/wp-content\\\/uploads\\\/2026\\\/02\\\/Esponja-Microfibra-Premium-Billionaire.jpg\",\"datePublished\":\"2026-02-20T06:12:38+00:00\",\"dateModified\":\"2026-02-26T17:56:02+00:00\",\"description\":\"ESPONJA MICROFIBRA PREMIUM 23\u00d712 BILLIONAIRE est\u00e0 dissenyada per netejar, eliminant la brut\u00edcia, la pols i els residus de manera suau per\u00f2 potent.\",\"breadcrumb\":{\"@id\":\"https:\\\/\\\/ebrecleaneco.com\\\/ca\\\/producte\\\/esponja-microfibra-premium-23x12-billionaire\\\/#breadcrumb\"},\"inLanguage\":\"ca\",\"potentialAction\":[{\"@type\":\"ReadAction\",\"target\":[\"https:\\\/\\\/ebrecleaneco.com\\\/ca\\\/producte\\\/esponja-microfibra-premium-23x12-billionaire\\\/\"]}]},{\"@type\":\"ImageObject\",\"inLanguage\":\"ca\",\"@id\":\"https:\\\/\\\/ebrecleaneco.com\\\/ca\\\/producte\\\/esponja-microfibra-premium-23x12-billionaire\\\/#primaryimage\",\"url\":\"https:\\\/\\\/ebrecleaneco.com\\\/wp-content\\\/uploads\\\/2026\\\/02\\\/Esponja-Microfibra-Premium-Billionaire.jpg\",\"contentUrl\":\"https:\\\/\\\/ebrecleaneco.com\\\/wp-content\\\/uploads\\\/2026\\\/02\\\/Esponja-Microfibra-Premium-Billionaire.jpg\",\"width\":1400,\"height\":1400},{\"@type\":\"BreadcrumbList\",\"@id\":\"https:\\\/\\\/ebrecleaneco.com\\\/ca\\\/producte\\\/esponja-microfibra-premium-23x12-billionaire\\\/#breadcrumb\",\"itemListElement\":[{\"@type\":\"ListItem\",\"position\":1,\"name\":\"Home\",\"item\":\"https:\\\/\\\/ebrecleaneco.com\\\/ca\\\/ebreclean-eco-detailing\\\/\"},{\"@type\":\"ListItem\",\"position\":2,\"name\":\"Botiga\",\"item\":\"https:\\\/\\\/ebrecleaneco.com\\\/ca\\\/botiga\\\/\"},{\"@type\":\"ListItem\",\"position\":3,\"name\":\"ESPONJA MICROFIBRA PREMIUM 23\u00d712 BILLIONAIRE\"}]},{\"@type\":\"WebSite\",\"@id\":\"https:\\\/\\\/ebrecleaneco.com\\\/ca\\\/#website\",\"url\":\"https:\\\/\\\/ebrecleaneco.com\\\/ca\\\/\",\"name\":\"Ebreclean ECO\",\"description\":\"Tu tienda online de productos de limpieza para tu vehiculo, accesorios y detailing! Somos fabricantes y distribuidores. Monta tu propio lavadero ecol\u00f3gico con nosotros!\",\"publisher\":{\"@id\":\"https:\\\/\\\/ebrecleaneco.com\\\/ca\\\/#organization\"},\"alternateName\":\"EBRECLEAN\",\"potentialAction\":[{\"@type\":\"SearchAction\",\"target\":{\"@type\":\"EntryPoint\",\"urlTemplate\":\"https:\\\/\\\/ebrecleaneco.com\\\/ca\\\/?s={search_term_string}\"},\"query-input\":{\"@type\":\"PropertyValueSpecification\",\"valueRequired\":true,\"valueName\":\"search_term_string\"}}],\"inLanguage\":\"ca\"},{\"@type\":\"Organization\",\"@id\":\"https:\\\/\\\/ebrecleaneco.com\\\/ca\\\/#organization\",\"name\":\"Ebreclean ECO\",\"url\":\"https:\\\/\\\/ebrecleaneco.com\\\/ca\\\/\",\"logo\":{\"@type\":\"ImageObject\",\"inLanguage\":\"ca\",\"@id\":\"https:\\\/\\\/ebrecleaneco.com\\\/ca\\\/#\\\/schema\\\/logo\\\/image\\\/\",\"url\":\"https:\\\/\\\/ebrecleaneco.com\\\/wp-content\\\/uploads\\\/2023\\\/03\\\/cropped-logo-512-blanc.png\",\"contentUrl\":\"https:\\\/\\\/ebrecleaneco.com\\\/wp-content\\\/uploads\\\/2023\\\/03\\\/cropped-logo-512-blanc.png\",\"width\":512,\"height\":512,\"caption\":\"Ebreclean ECO\"},\"image\":{\"@id\":\"https:\\\/\\\/ebrecleaneco.com\\\/ca\\\/#\\\/schema\\\/logo\\\/image\\\/\"},\"sameAs\":[\"https:\\\/\\\/www.instagram.com\\\/ebrecleaneco\\\/\"]}]}<\/script>\n<!-- \/ Yoast SEO plugin. -->","yoast_head_json":{"title":"ESPONJA MICROFIBRA PREMIUM 23\u00d712 BILLIONAIRE - Ebreclean ECO","description":"ESPONJA MICROFIBRA PREMIUM 23\u00d712 BILLIONAIRE est\u00e0 dissenyada per netejar, eliminant la brut\u00edcia, la pols i els residus de manera suau per\u00f2 potent.","robots":{"index":"index","follow":"follow","max-snippet":"max-snippet:-1","max-image-preview":"max-image-preview:large","max-video-preview":"max-video-preview:-1"},"canonical":"https:\/\/ebrecleaneco.com\/ca\/producte\/esponja-microfibra-premium-23x12-billionaire\/","og_locale":"ca_ES","og_type":"article","og_title":"ESPONJA MICROFIBRA PREMIUM 23\u00d712 BILLIONAIRE - Ebreclean ECO","og_description":"ESPONJA MICROFIBRA PREMIUM 23\u00d712 BILLIONAIRE est\u00e0 dissenyada per netejar, eliminant la brut\u00edcia, la pols i els residus de manera suau per\u00f2 potent.","og_url":"https:\/\/ebrecleaneco.com\/ca\/producte\/esponja-microfibra-premium-23x12-billionaire\/","og_site_name":"Ebreclean ECO","article_modified_time":"2026-02-26T17:56:02+00:00","og_image":[{"width":1400,"height":1400,"url":"https:\/\/ebrecleaneco.com\/wp-content\/uploads\/2026\/02\/Esponja-Microfibra-Premium-Billionaire.jpg","type":"image\/jpeg"}],"twitter_card":"summary_large_image","twitter_misc":{"Temps estimat de lectura":"1 minut"},"schema":{"@context":"https:\/\/schema.org","@graph":[{"@type":"WebPage","@id":"https:\/\/ebrecleaneco.com\/ca\/producte\/esponja-microfibra-premium-23x12-billionaire\/","url":"https:\/\/ebrecleaneco.com\/ca\/producte\/esponja-microfibra-premium-23x12-billionaire\/","name":"ESPONJA MICROFIBRA PREMIUM 23\u00d712 BILLIONAIRE - Ebreclean ECO","isPartOf":{"@id":"https:\/\/ebrecleaneco.com\/ca\/#website"},"primaryImageOfPage":{"@id":"https:\/\/ebrecleaneco.com\/ca\/producte\/esponja-microfibra-premium-23x12-billionaire\/#primaryimage"},"image":{"@id":"https:\/\/ebrecleaneco.com\/ca\/producte\/esponja-microfibra-premium-23x12-billionaire\/#primaryimage"},"thumbnailUrl":"https:\/\/ebrecleaneco.com\/wp-content\/uploads\/2026\/02\/Esponja-Microfibra-Premium-Billionaire.jpg","datePublished":"2026-02-20T06:12:38+00:00","dateModified":"2026-02-26T17:56:02+00:00","description":"ESPONJA MICROFIBRA PREMIUM 23\u00d712 BILLIONAIRE est\u00e0 dissenyada per netejar, eliminant la brut\u00edcia, la pols i els residus de manera suau per\u00f2 potent.","breadcrumb":{"@id":"https:\/\/ebrecleaneco.com\/ca\/producte\/esponja-microfibra-premium-23x12-billionaire\/#breadcrumb"},"inLanguage":"ca","potentialAction":[{"@type":"ReadAction","target":["https:\/\/ebrecleaneco.com\/ca\/producte\/esponja-microfibra-premium-23x12-billionaire\/"]}]},{"@type":"ImageObject","inLanguage":"ca","@id":"https:\/\/ebrecleaneco.com\/ca\/producte\/esponja-microfibra-premium-23x12-billionaire\/#primaryimage","url":"https:\/\/ebrecleaneco.com\/wp-content\/uploads\/2026\/02\/Esponja-Microfibra-Premium-Billionaire.jpg","contentUrl":"https:\/\/ebrecleaneco.com\/wp-content\/uploads\/2026\/02\/Esponja-Microfibra-Premium-Billionaire.jpg","width":1400,"height":1400},{"@type":"BreadcrumbList","@id":"https:\/\/ebrecleaneco.com\/ca\/producte\/esponja-microfibra-premium-23x12-billionaire\/#breadcrumb","itemListElement":[{"@type":"ListItem","position":1,"name":"Home","item":"https:\/\/ebrecleaneco.com\/ca\/ebreclean-eco-detailing\/"},{"@type":"ListItem","position":2,"name":"Botiga","item":"https:\/\/ebrecleaneco.com\/ca\/botiga\/"},{"@type":"ListItem","position":3,"name":"ESPONJA MICROFIBRA PREMIUM 23\u00d712 BILLIONAIRE"}]},{"@type":"WebSite","@id":"https:\/\/ebrecleaneco.com\/ca\/#website","url":"https:\/\/ebrecleaneco.com\/ca\/","name":"Ebreclean ECO","description":"Tu tienda online de productos de limpieza para tu vehiculo, accesorios y detailing! Somos fabricantes y distribuidores. Monta tu propio lavadero ecol\u00f3gico con nosotros!","publisher":{"@id":"https:\/\/ebrecleaneco.com\/ca\/#organization"},"alternateName":"EBRECLEAN","potentialAction":[{"@type":"SearchAction","target":{"@type":"EntryPoint","urlTemplate":"https:\/\/ebrecleaneco.com\/ca\/?s={search_term_string}"},"query-input":{"@type":"PropertyValueSpecification","valueRequired":true,"valueName":"search_term_string"}}],"inLanguage":"ca"},{"@type":"Organization","@id":"https:\/\/ebrecleaneco.com\/ca\/#organization","name":"Ebreclean ECO","url":"https:\/\/ebrecleaneco.com\/ca\/","logo":{"@type":"ImageObject","inLanguage":"ca","@id":"https:\/\/ebrecleaneco.com\/ca\/#\/schema\/logo\/image\/","url":"https:\/\/ebrecleaneco.com\/wp-content\/uploads\/2023\/03\/cropped-logo-512-blanc.png","contentUrl":"https:\/\/ebrecleaneco.com\/wp-content\/uploads\/2023\/03\/cropped-logo-512-blanc.png","width":512,"height":512,"caption":"Ebreclean ECO"},"image":{"@id":"https:\/\/ebrecleaneco.com\/ca\/#\/schema\/logo\/image\/"},"sameAs":["https:\/\/www.instagram.com\/ebrecleaneco\/"]}]}},"_links":{"self":[{"href":"https:\/\/ebrecleaneco.com\/ca\/wp-json\/wp\/v2\/product\/10727","targetHints":{"allow":["GET"]}}],"collection":[{"href":"https:\/\/ebrecleaneco.com\/ca\/wp-json\/wp\/v2\/product"}],"about":[{"href":"https:\/\/ebrecleaneco.com\/ca\/wp-json\/wp\/v2\/types\/product"}],"replies":[{"embeddable":true,"href":"https:\/\/ebrecleaneco.com\/ca\/wp-json\/wp\/v2\/comments?post=10727"}],"wp:featuredmedia":[{"embeddable":true,"href":"https:\/\/ebrecleaneco.com\/ca\/wp-json\/wp\/v2\/media\/10729"}],"wp:attachment":[{"href":"https:\/\/ebrecleaneco.com\/ca\/wp-json\/wp\/v2\/media?parent=10727"}],"wp:term":[{"taxonomy":"product_brand","embeddable":true,"href":"https:\/\/ebrecleaneco.com\/ca\/wp-json\/wp\/v2\/product_brand?post=10727"},{"taxonomy":"product_cat","embeddable":true,"href":"https:\/\/ebrecleaneco.com\/ca\/wp-json\/wp\/v2\/product_cat?post=10727"},{"taxonomy":"product_tag","embeddable":true,"href":"https:\/\/ebrecleaneco.com\/ca\/wp-json\/wp\/v2\/product_tag?post=10727"}],"curies":[{"name":"wp","href":"https:\/\/api.w.org\/{rel}","templated":true}]}}