{"id":10759,"date":"2026-02-25T17:29:03","date_gmt":"2026-02-25T16:29:03","guid":{"rendered":"https:\/\/ebrecleaneco.com\/?post_type=product&#038;p=10759"},"modified":"2026-02-26T18:56:02","modified_gmt":"2026-02-26T17:56:02","slug":"pack-tapisseries-basic","status":"publish","type":"product","link":"https:\/\/ebrecleaneco.com\/ca\/producte\/pack-tapisseries-basic\/","title":{"rendered":"PACK TAPISSERIES B\u00c0SIC"},"content":{"rendered":"<section class=\"wpb-content-wrapper\"><p>[vc_row pix_padding_top=&#8221;padding No&#8221; pix_padding_bottom=&#8221;padding No&#8221; gradient_colors=&#8221;%5B%7B%7D%5D&#8221;][vc_column width=&#8221;3\/4&#8243; gradient_colors=&#8221;%5B%7B%7D%5D&#8221;][vc_column_text]<\/p>\n<p><strong>PACK TAPISSERIES B\u00c0SIC<\/strong><\/p>\n<div dir=\"auto\">\n<div dir=\"auto\">\n<div dir=\"auto\"><a href=\"https:\/\/ebrecleaneco.com\/ca\/?attachment_id=9616\">1 AMPOLLA DE 500ML DE REMOVE <\/a><\/div>\n<div dir=\"auto\">(Netejador de tapisseria i pell)<\/div>\n<div dir=\"auto\"><\/div>\n<div dir=\"auto\"><a href=\"https:\/\/ebrecleaneco.com\/ca\/producte\/baieta-premium-per-a-vidres\/\">2 BAIETES MICROFIBRA<\/a><\/div>\n<\/div>\n<\/div>\n<div dir=\"auto\"><\/div>\n<div dir=\"auto\"><a href=\"https:\/\/ebrecleaneco.com\/ca\/producte\/pack-de-raspalls-de-tapisseria\/\">1 RASPALL TAPISSERIA MANUAL<\/a><\/div>\n<div dir=\"auto\">\n<div dir=\"auto\">\n<div dir=\"auto\"><\/div>\n<div dir=\"auto\">INFORMACI\u00d3 PACK TAPISSERIES B\u00c0SIC<\/div>\n<div dir=\"auto\"><\/div>\n<div dir=\"auto\">El PACK TAPISSERIES B\u00c0SIC cont\u00e9 tot el necessari per a una neteja b\u00e0sica de tapisseria i pell.<\/div>\n<div dir=\"auto\"><\/div>\n<div dir=\"auto\">REMOVE \u00e9s un producte de gran qualitat per a tot tipus de tapisseries, renovador de teixits i per deixar-la amb un perfum suavitzant.<\/div>\n<div dir=\"auto\"><\/div>\n<div dir=\"auto\">Productes de qualitat que no fan malb\u00e9 cap material i el raspall adequat.<\/div>\n<\/div>\n<\/div>\n<\/section>","protected":false},"excerpt":{"rendered":"<p><strong>Pack estalvi 4<\/strong><\/p>\n<p>Aquest magn\u00edfic Pack estalvi \u00e9s ideal per provar el nostre sistema de neteja de tapisseries i pell.<\/p>\n<p> Tamb\u00e9 \u00e9s perfecte per iniciar-te amb els productes abans de passar al format professional.<\/p>\n<p>Cont\u00e9:<\/p>\n<p> 1- Raspall manual suau i una baieta.<\/p>\n<p>1- Un netejador de  tapisseries REMOVE 500ml.<\/p>\n<p>&nbsp;<\/p>\n","protected":false},"featured_media":10755,"comment_status":"open","ping_status":"closed","template":"","meta":{"inline_featured_image":false},"product_brand":[],"product_cat":[486],"product_tag":[],"class_list":{"0":"post-10759","1":"product","2":"type-product","3":"status-publish","4":"has-post-thumbnail","6":"product_cat-novetats","8":"first","9":"instock","10":"sale","11":"shipping-taxable","12":"purchasable","13":"product-type-simple"},"yoast_head":"<!-- This site is optimized with the Yoast SEO plugin v27.3 - https:\/\/yoast.com\/product\/yoast-seo-wordpress\/ -->\n<title>PACK TAPISSERIES B\u00c0SIC - Ebreclean ECO<\/title>\n<meta name=\"description\" content=\"PACK TAPISSERIES B\u00c0SIC ideal per provar tots els nostres productes a un preu m\u00e9s econ\u00f2mic. Oferta exclusiva EbreClean ECO Detailing.\" \/>\n<meta name=\"robots\" content=\"index, follow, max-snippet:-1, max-image-preview:large, max-video-preview:-1\" \/>\n<link rel=\"canonical\" href=\"https:\/\/ebrecleaneco.com\/ca\/producte\/pack-tapisseries-basic\/\" \/>\n<meta property=\"og:locale\" content=\"ca_ES\" \/>\n<meta property=\"og:type\" content=\"article\" \/>\n<meta property=\"og:title\" content=\"PACK TAPISSERIES B\u00c0SIC - Ebreclean ECO\" \/>\n<meta property=\"og:description\" content=\"PACK TAPISSERIES B\u00c0SIC ideal per provar tots els nostres productes a un preu m\u00e9s econ\u00f2mic. Oferta exclusiva EbreClean ECO Detailing.\" \/>\n<meta property=\"og:url\" content=\"https:\/\/ebrecleaneco.com\/ca\/producte\/pack-tapisseries-basic\/\" \/>\n<meta property=\"og:site_name\" content=\"Ebreclean ECO\" \/>\n<meta property=\"article:modified_time\" content=\"2026-02-26T17:56:02+00:00\" \/>\n<meta property=\"og:image\" content=\"https:\/\/ebrecleaneco.com\/wp-content\/uploads\/2023\/04\/WhatsApp-Image-2026-02-25-at-17.06.23-1.jpeg\" \/>\n\t<meta property=\"og:image:width\" content=\"1024\" \/>\n\t<meta property=\"og:image:height\" content=\"1024\" \/>\n\t<meta property=\"og:image:type\" content=\"image\/jpeg\" \/>\n<meta name=\"twitter:card\" content=\"summary_large_image\" \/>\n<meta name=\"twitter:label1\" content=\"Temps estimat de lectura\" \/>\n\t<meta name=\"twitter:data1\" content=\"1 minut\" \/>\n<script type=\"application\/ld+json\" class=\"yoast-schema-graph\">{\"@context\":\"https:\\\/\\\/schema.org\",\"@graph\":[{\"@type\":\"WebPage\",\"@id\":\"https:\\\/\\\/ebrecleaneco.com\\\/ca\\\/producte\\\/pack-tapisseries-basic\\\/\",\"url\":\"https:\\\/\\\/ebrecleaneco.com\\\/ca\\\/producte\\\/pack-tapisseries-basic\\\/\",\"name\":\"PACK TAPISSERIES B\u00c0SIC - Ebreclean ECO\",\"isPartOf\":{\"@id\":\"https:\\\/\\\/ebrecleaneco.com\\\/ca\\\/#website\"},\"primaryImageOfPage\":{\"@id\":\"https:\\\/\\\/ebrecleaneco.com\\\/ca\\\/producte\\\/pack-tapisseries-basic\\\/#primaryimage\"},\"image\":{\"@id\":\"https:\\\/\\\/ebrecleaneco.com\\\/ca\\\/producte\\\/pack-tapisseries-basic\\\/#primaryimage\"},\"thumbnailUrl\":\"https:\\\/\\\/ebrecleaneco.com\\\/wp-content\\\/uploads\\\/2023\\\/04\\\/WhatsApp-Image-2026-02-25-at-17.06.23-1.jpeg\",\"datePublished\":\"2026-02-25T16:29:03+00:00\",\"dateModified\":\"2026-02-26T17:56:02+00:00\",\"description\":\"PACK TAPISSERIES B\u00c0SIC ideal per provar tots els nostres productes a un preu m\u00e9s econ\u00f2mic. Oferta exclusiva EbreClean ECO Detailing.\",\"breadcrumb\":{\"@id\":\"https:\\\/\\\/ebrecleaneco.com\\\/ca\\\/producte\\\/pack-tapisseries-basic\\\/#breadcrumb\"},\"inLanguage\":\"ca\",\"potentialAction\":[{\"@type\":\"ReadAction\",\"target\":[\"https:\\\/\\\/ebrecleaneco.com\\\/ca\\\/producte\\\/pack-tapisseries-basic\\\/\"]}]},{\"@type\":\"ImageObject\",\"inLanguage\":\"ca\",\"@id\":\"https:\\\/\\\/ebrecleaneco.com\\\/ca\\\/producte\\\/pack-tapisseries-basic\\\/#primaryimage\",\"url\":\"https:\\\/\\\/ebrecleaneco.com\\\/wp-content\\\/uploads\\\/2023\\\/04\\\/WhatsApp-Image-2026-02-25-at-17.06.23-1.jpeg\",\"contentUrl\":\"https:\\\/\\\/ebrecleaneco.com\\\/wp-content\\\/uploads\\\/2023\\\/04\\\/WhatsApp-Image-2026-02-25-at-17.06.23-1.jpeg\",\"width\":1024,\"height\":1024},{\"@type\":\"BreadcrumbList\",\"@id\":\"https:\\\/\\\/ebrecleaneco.com\\\/ca\\\/producte\\\/pack-tapisseries-basic\\\/#breadcrumb\",\"itemListElement\":[{\"@type\":\"ListItem\",\"position\":1,\"name\":\"Home\",\"item\":\"https:\\\/\\\/ebrecleaneco.com\\\/ca\\\/ebreclean-eco-detailing\\\/\"},{\"@type\":\"ListItem\",\"position\":2,\"name\":\"Botiga\",\"item\":\"https:\\\/\\\/ebrecleaneco.com\\\/ca\\\/botiga\\\/\"},{\"@type\":\"ListItem\",\"position\":3,\"name\":\"PACK TAPISSERIES B\u00c0SIC\"}]},{\"@type\":\"WebSite\",\"@id\":\"https:\\\/\\\/ebrecleaneco.com\\\/ca\\\/#website\",\"url\":\"https:\\\/\\\/ebrecleaneco.com\\\/ca\\\/\",\"name\":\"Ebreclean ECO\",\"description\":\"Tu tienda online de productos de limpieza para tu vehiculo, accesorios y detailing! Somos fabricantes y distribuidores. Monta tu propio lavadero ecol\u00f3gico con nosotros!\",\"publisher\":{\"@id\":\"https:\\\/\\\/ebrecleaneco.com\\\/ca\\\/#organization\"},\"alternateName\":\"EBRECLEAN\",\"potentialAction\":[{\"@type\":\"SearchAction\",\"target\":{\"@type\":\"EntryPoint\",\"urlTemplate\":\"https:\\\/\\\/ebrecleaneco.com\\\/ca\\\/?s={search_term_string}\"},\"query-input\":{\"@type\":\"PropertyValueSpecification\",\"valueRequired\":true,\"valueName\":\"search_term_string\"}}],\"inLanguage\":\"ca\"},{\"@type\":\"Organization\",\"@id\":\"https:\\\/\\\/ebrecleaneco.com\\\/ca\\\/#organization\",\"name\":\"Ebreclean ECO\",\"url\":\"https:\\\/\\\/ebrecleaneco.com\\\/ca\\\/\",\"logo\":{\"@type\":\"ImageObject\",\"inLanguage\":\"ca\",\"@id\":\"https:\\\/\\\/ebrecleaneco.com\\\/ca\\\/#\\\/schema\\\/logo\\\/image\\\/\",\"url\":\"https:\\\/\\\/ebrecleaneco.com\\\/wp-content\\\/uploads\\\/2023\\\/03\\\/cropped-logo-512-blanc.png\",\"contentUrl\":\"https:\\\/\\\/ebrecleaneco.com\\\/wp-content\\\/uploads\\\/2023\\\/03\\\/cropped-logo-512-blanc.png\",\"width\":512,\"height\":512,\"caption\":\"Ebreclean ECO\"},\"image\":{\"@id\":\"https:\\\/\\\/ebrecleaneco.com\\\/ca\\\/#\\\/schema\\\/logo\\\/image\\\/\"},\"sameAs\":[\"https:\\\/\\\/www.instagram.com\\\/ebrecleaneco\\\/\"]}]}<\/script>\n<!-- \/ Yoast SEO plugin. -->","yoast_head_json":{"title":"PACK TAPISSERIES B\u00c0SIC - Ebreclean ECO","description":"PACK TAPISSERIES B\u00c0SIC ideal per provar tots els nostres productes a un preu m\u00e9s econ\u00f2mic. Oferta exclusiva EbreClean ECO Detailing.","robots":{"index":"index","follow":"follow","max-snippet":"max-snippet:-1","max-image-preview":"max-image-preview:large","max-video-preview":"max-video-preview:-1"},"canonical":"https:\/\/ebrecleaneco.com\/ca\/producte\/pack-tapisseries-basic\/","og_locale":"ca_ES","og_type":"article","og_title":"PACK TAPISSERIES B\u00c0SIC - Ebreclean ECO","og_description":"PACK TAPISSERIES B\u00c0SIC ideal per provar tots els nostres productes a un preu m\u00e9s econ\u00f2mic. Oferta exclusiva EbreClean ECO Detailing.","og_url":"https:\/\/ebrecleaneco.com\/ca\/producte\/pack-tapisseries-basic\/","og_site_name":"Ebreclean ECO","article_modified_time":"2026-02-26T17:56:02+00:00","og_image":[{"width":1024,"height":1024,"url":"https:\/\/ebrecleaneco.com\/wp-content\/uploads\/2023\/04\/WhatsApp-Image-2026-02-25-at-17.06.23-1.jpeg","type":"image\/jpeg"}],"twitter_card":"summary_large_image","twitter_misc":{"Temps estimat de lectura":"1 minut"},"schema":{"@context":"https:\/\/schema.org","@graph":[{"@type":"WebPage","@id":"https:\/\/ebrecleaneco.com\/ca\/producte\/pack-tapisseries-basic\/","url":"https:\/\/ebrecleaneco.com\/ca\/producte\/pack-tapisseries-basic\/","name":"PACK TAPISSERIES B\u00c0SIC - Ebreclean ECO","isPartOf":{"@id":"https:\/\/ebrecleaneco.com\/ca\/#website"},"primaryImageOfPage":{"@id":"https:\/\/ebrecleaneco.com\/ca\/producte\/pack-tapisseries-basic\/#primaryimage"},"image":{"@id":"https:\/\/ebrecleaneco.com\/ca\/producte\/pack-tapisseries-basic\/#primaryimage"},"thumbnailUrl":"https:\/\/ebrecleaneco.com\/wp-content\/uploads\/2023\/04\/WhatsApp-Image-2026-02-25-at-17.06.23-1.jpeg","datePublished":"2026-02-25T16:29:03+00:00","dateModified":"2026-02-26T17:56:02+00:00","description":"PACK TAPISSERIES B\u00c0SIC ideal per provar tots els nostres productes a un preu m\u00e9s econ\u00f2mic. Oferta exclusiva EbreClean ECO Detailing.","breadcrumb":{"@id":"https:\/\/ebrecleaneco.com\/ca\/producte\/pack-tapisseries-basic\/#breadcrumb"},"inLanguage":"ca","potentialAction":[{"@type":"ReadAction","target":["https:\/\/ebrecleaneco.com\/ca\/producte\/pack-tapisseries-basic\/"]}]},{"@type":"ImageObject","inLanguage":"ca","@id":"https:\/\/ebrecleaneco.com\/ca\/producte\/pack-tapisseries-basic\/#primaryimage","url":"https:\/\/ebrecleaneco.com\/wp-content\/uploads\/2023\/04\/WhatsApp-Image-2026-02-25-at-17.06.23-1.jpeg","contentUrl":"https:\/\/ebrecleaneco.com\/wp-content\/uploads\/2023\/04\/WhatsApp-Image-2026-02-25-at-17.06.23-1.jpeg","width":1024,"height":1024},{"@type":"BreadcrumbList","@id":"https:\/\/ebrecleaneco.com\/ca\/producte\/pack-tapisseries-basic\/#breadcrumb","itemListElement":[{"@type":"ListItem","position":1,"name":"Home","item":"https:\/\/ebrecleaneco.com\/ca\/ebreclean-eco-detailing\/"},{"@type":"ListItem","position":2,"name":"Botiga","item":"https:\/\/ebrecleaneco.com\/ca\/botiga\/"},{"@type":"ListItem","position":3,"name":"PACK TAPISSERIES B\u00c0SIC"}]},{"@type":"WebSite","@id":"https:\/\/ebrecleaneco.com\/ca\/#website","url":"https:\/\/ebrecleaneco.com\/ca\/","name":"Ebreclean ECO","description":"Tu tienda online de productos de limpieza para tu vehiculo, accesorios y detailing! Somos fabricantes y distribuidores. Monta tu propio lavadero ecol\u00f3gico con nosotros!","publisher":{"@id":"https:\/\/ebrecleaneco.com\/ca\/#organization"},"alternateName":"EBRECLEAN","potentialAction":[{"@type":"SearchAction","target":{"@type":"EntryPoint","urlTemplate":"https:\/\/ebrecleaneco.com\/ca\/?s={search_term_string}"},"query-input":{"@type":"PropertyValueSpecification","valueRequired":true,"valueName":"search_term_string"}}],"inLanguage":"ca"},{"@type":"Organization","@id":"https:\/\/ebrecleaneco.com\/ca\/#organization","name":"Ebreclean ECO","url":"https:\/\/ebrecleaneco.com\/ca\/","logo":{"@type":"ImageObject","inLanguage":"ca","@id":"https:\/\/ebrecleaneco.com\/ca\/#\/schema\/logo\/image\/","url":"https:\/\/ebrecleaneco.com\/wp-content\/uploads\/2023\/03\/cropped-logo-512-blanc.png","contentUrl":"https:\/\/ebrecleaneco.com\/wp-content\/uploads\/2023\/03\/cropped-logo-512-blanc.png","width":512,"height":512,"caption":"Ebreclean ECO"},"image":{"@id":"https:\/\/ebrecleaneco.com\/ca\/#\/schema\/logo\/image\/"},"sameAs":["https:\/\/www.instagram.com\/ebrecleaneco\/"]}]}},"_links":{"self":[{"href":"https:\/\/ebrecleaneco.com\/ca\/wp-json\/wp\/v2\/product\/10759","targetHints":{"allow":["GET"]}}],"collection":[{"href":"https:\/\/ebrecleaneco.com\/ca\/wp-json\/wp\/v2\/product"}],"about":[{"href":"https:\/\/ebrecleaneco.com\/ca\/wp-json\/wp\/v2\/types\/product"}],"replies":[{"embeddable":true,"href":"https:\/\/ebrecleaneco.com\/ca\/wp-json\/wp\/v2\/comments?post=10759"}],"wp:featuredmedia":[{"embeddable":true,"href":"https:\/\/ebrecleaneco.com\/ca\/wp-json\/wp\/v2\/media\/10755"}],"wp:attachment":[{"href":"https:\/\/ebrecleaneco.com\/ca\/wp-json\/wp\/v2\/media?parent=10759"}],"wp:term":[{"taxonomy":"product_brand","embeddable":true,"href":"https:\/\/ebrecleaneco.com\/ca\/wp-json\/wp\/v2\/product_brand?post=10759"},{"taxonomy":"product_cat","embeddable":true,"href":"https:\/\/ebrecleaneco.com\/ca\/wp-json\/wp\/v2\/product_cat?post=10759"},{"taxonomy":"product_tag","embeddable":true,"href":"https:\/\/ebrecleaneco.com\/ca\/wp-json\/wp\/v2\/product_tag?post=10759"}],"curies":[{"name":"wp","href":"https:\/\/api.w.org\/{rel}","templated":true}]}}