{"id":10849,"date":"2026-04-07T14:26:06","date_gmt":"2026-04-07T13:26:06","guid":{"rendered":"https:\/\/ebrecleaneco.com\/?post_type=product&#038;p=10849"},"modified":"2026-04-07T14:46:05","modified_gmt":"2026-04-07T13:46:05","slug":"pinzells-per-a-linterior","status":"publish","type":"product","link":"https:\/\/ebrecleaneco.com\/ca\/producte\/pinzells-per-a-linterior\/","title":{"rendered":"KIT DE 3 PINZELLS BILLIONAIRE PER AL DETALLAT INTERIOR"},"content":{"rendered":"<section class=\"wpb-content-wrapper\"><p>[vc_row pix_padding_top=&#8221;padding No&#8221; pix_padding_bottom=&#8221;padding No&#8221; gradient_colors=&#8221;%5B%7B%7D%5D&#8221;][vc_column width=&#8221;3\/4&#8243; gradient_colors=&#8221;%5B%7B%7D%5D&#8221;][vc_column_text]<\/p>\n<p><strong>PINZELLS DE P\u00c8L DE PORC SENGLAR<\/strong><\/p>\n<p>Joc de 3 pinzells de p\u00e8l de porc senglar Natural per a detalls de cotxe, cordes suaus per a neteja interior i exterior.<\/p>\n<p>&nbsp;<\/p>\n<p>&nbsp;<\/p>\n<\/section>","protected":false},"excerpt":{"rendered":"<pre id=\"tw-target-text\" class=\"tw-data-text tw-text-large tw-ta\" dir=\"ltr\" tabindex=\"-1\" role=\"text\" data-placeholder=\"Traducci\u00f3\" data-ved=\"2ahUKEwjo4PuC79uTAxVBVkEAHTdlGZ4Q3ewLegQIDBAW\" aria-label=\"Text tradu\u00eft: PINZELLS PER A INTERIOR\r\n\r\nJoc de 3 pinzells per a detalls de cotxe, cordes suaus per a neteja interior.\r\n\r\nRaspalls de diferents pelatges per a detalls de cotxe, cordes suaus per a neteja interior.\r\n\r\nTamb\u00e9 inclou un colze per utilitzar-lo a zones de dif\u00edcil acc\u00e9s.\"><span class=\"Y2IQFc\" lang=\"ca\">PINZELLS PER A INTERIOR\r\n\r\nJoc de 3 pinzells per a detalls de cotxe, cordes suaus per a neteja interior.\r\n\r\nRaspalls de diferents pelatges per a detalls de cotxe, cordes suaus per a neteja interior.\r\n\r\nTamb\u00e9 inclou un colze per utilitzar-lo a zones de dif\u00edcil acc\u00e9s.<\/span><\/pre>\n<p>&nbsp;<\/p>\n","protected":false},"featured_media":10851,"comment_status":"open","ping_status":"closed","template":"","meta":{"inline_featured_image":false},"product_brand":[],"product_cat":[443],"product_tag":[],"class_list":{"0":"post-10849","1":"product","2":"type-product","3":"status-publish","4":"has-post-thumbnail","6":"product_cat-accessoris","8":"first","9":"instock","10":"shipping-taxable","11":"purchasable","12":"product-type-simple"},"yoast_head":"<!-- This site is optimized with the Yoast SEO plugin v27.3 - https:\/\/yoast.com\/product\/yoast-seo-wordpress\/ -->\n<title>KIT DE 3 PINZELLS BILLIONAIRE PER AL DETALLAT INTERIOR<\/title>\n<meta name=\"description\" content=\"PINZELLS PER A INTERIOR Joc de 3 pinzells per a detalls de cotxe. Tamb\u00e9 inclou un colze per utilitzar-lo a zones de dif\u00edcil acc\u00e9s.\" \/>\n<meta name=\"robots\" content=\"index, follow, max-snippet:-1, max-image-preview:large, max-video-preview:-1\" \/>\n<link rel=\"canonical\" href=\"https:\/\/ebrecleaneco.com\/ca\/producte\/pinzells-per-a-linterior\/\" \/>\n<meta property=\"og:locale\" content=\"ca_ES\" \/>\n<meta property=\"og:type\" content=\"article\" \/>\n<meta property=\"og:title\" content=\"KIT DE 3 PINZELLS BILLIONAIRE PER AL DETALLAT INTERIOR\" \/>\n<meta property=\"og:description\" content=\"PINZELLS PER A INTERIOR Joc de 3 pinzells per a detalls de cotxe. Tamb\u00e9 inclou un colze per utilitzar-lo a zones de dif\u00edcil acc\u00e9s.\" \/>\n<meta property=\"og:url\" content=\"https:\/\/ebrecleaneco.com\/ca\/producte\/pinzells-per-a-linterior\/\" \/>\n<meta property=\"og:site_name\" content=\"Ebreclean ECO\" \/>\n<meta property=\"article:modified_time\" content=\"2026-04-07T13:46:05+00:00\" \/>\n<meta property=\"og:image\" content=\"https:\/\/ebrecleaneco.com\/wp-content\/uploads\/2026\/04\/3-PINZELES-BILLIONAIRE.jpg\" \/>\n\t<meta property=\"og:image:width\" content=\"2362\" \/>\n\t<meta property=\"og:image:height\" content=\"2362\" \/>\n\t<meta property=\"og:image:type\" content=\"image\/jpeg\" \/>\n<meta name=\"twitter:card\" content=\"summary_large_image\" \/>\n<meta name=\"twitter:label1\" content=\"Temps estimat de lectura\" \/>\n\t<meta name=\"twitter:data1\" content=\"1 minut\" \/>\n<script type=\"application\/ld+json\" class=\"yoast-schema-graph\">{\"@context\":\"https:\\\/\\\/schema.org\",\"@graph\":[{\"@type\":\"WebPage\",\"@id\":\"https:\\\/\\\/ebrecleaneco.com\\\/ca\\\/producte\\\/pinzells-per-a-linterior\\\/\",\"url\":\"https:\\\/\\\/ebrecleaneco.com\\\/ca\\\/producte\\\/pinzells-per-a-linterior\\\/\",\"name\":\"KIT DE 3 PINZELLS BILLIONAIRE PER AL DETALLAT INTERIOR\",\"isPartOf\":{\"@id\":\"https:\\\/\\\/ebrecleaneco.com\\\/ca\\\/#website\"},\"primaryImageOfPage\":{\"@id\":\"https:\\\/\\\/ebrecleaneco.com\\\/ca\\\/producte\\\/pinzells-per-a-linterior\\\/#primaryimage\"},\"image\":{\"@id\":\"https:\\\/\\\/ebrecleaneco.com\\\/ca\\\/producte\\\/pinzells-per-a-linterior\\\/#primaryimage\"},\"thumbnailUrl\":\"https:\\\/\\\/ebrecleaneco.com\\\/wp-content\\\/uploads\\\/2026\\\/04\\\/3-PINZELES-BILLIONAIRE.jpg\",\"datePublished\":\"2026-04-07T13:26:06+00:00\",\"dateModified\":\"2026-04-07T13:46:05+00:00\",\"description\":\"PINZELLS PER A INTERIOR Joc de 3 pinzells per a detalls de cotxe. Tamb\u00e9 inclou un colze per utilitzar-lo a zones de dif\u00edcil acc\u00e9s.\",\"breadcrumb\":{\"@id\":\"https:\\\/\\\/ebrecleaneco.com\\\/ca\\\/producte\\\/pinzells-per-a-linterior\\\/#breadcrumb\"},\"inLanguage\":\"ca\",\"potentialAction\":[{\"@type\":\"ReadAction\",\"target\":[\"https:\\\/\\\/ebrecleaneco.com\\\/ca\\\/producte\\\/pinzells-per-a-linterior\\\/\"]}]},{\"@type\":\"ImageObject\",\"inLanguage\":\"ca\",\"@id\":\"https:\\\/\\\/ebrecleaneco.com\\\/ca\\\/producte\\\/pinzells-per-a-linterior\\\/#primaryimage\",\"url\":\"https:\\\/\\\/ebrecleaneco.com\\\/wp-content\\\/uploads\\\/2026\\\/04\\\/3-PINZELES-BILLIONAIRE.jpg\",\"contentUrl\":\"https:\\\/\\\/ebrecleaneco.com\\\/wp-content\\\/uploads\\\/2026\\\/04\\\/3-PINZELES-BILLIONAIRE.jpg\",\"width\":2362,\"height\":2362},{\"@type\":\"BreadcrumbList\",\"@id\":\"https:\\\/\\\/ebrecleaneco.com\\\/ca\\\/producte\\\/pinzells-per-a-linterior\\\/#breadcrumb\",\"itemListElement\":[{\"@type\":\"ListItem\",\"position\":1,\"name\":\"Home\",\"item\":\"https:\\\/\\\/ebrecleaneco.com\\\/ca\\\/ebreclean-eco-detailing\\\/\"},{\"@type\":\"ListItem\",\"position\":2,\"name\":\"Botiga\",\"item\":\"https:\\\/\\\/ebrecleaneco.com\\\/ca\\\/botiga\\\/\"},{\"@type\":\"ListItem\",\"position\":3,\"name\":\"KIT DE 3 PINZELLS BILLIONAIRE PER AL DETALLAT INTERIOR\"}]},{\"@type\":\"WebSite\",\"@id\":\"https:\\\/\\\/ebrecleaneco.com\\\/ca\\\/#website\",\"url\":\"https:\\\/\\\/ebrecleaneco.com\\\/ca\\\/\",\"name\":\"Ebreclean ECO\",\"description\":\"Tu tienda online de productos de limpieza para tu vehiculo, accesorios y detailing! Somos fabricantes y distribuidores. Monta tu propio lavadero ecol\u00f3gico con nosotros!\",\"publisher\":{\"@id\":\"https:\\\/\\\/ebrecleaneco.com\\\/ca\\\/#organization\"},\"alternateName\":\"EBRECLEAN\",\"potentialAction\":[{\"@type\":\"SearchAction\",\"target\":{\"@type\":\"EntryPoint\",\"urlTemplate\":\"https:\\\/\\\/ebrecleaneco.com\\\/ca\\\/?s={search_term_string}\"},\"query-input\":{\"@type\":\"PropertyValueSpecification\",\"valueRequired\":true,\"valueName\":\"search_term_string\"}}],\"inLanguage\":\"ca\"},{\"@type\":\"Organization\",\"@id\":\"https:\\\/\\\/ebrecleaneco.com\\\/ca\\\/#organization\",\"name\":\"Ebreclean ECO\",\"url\":\"https:\\\/\\\/ebrecleaneco.com\\\/ca\\\/\",\"logo\":{\"@type\":\"ImageObject\",\"inLanguage\":\"ca\",\"@id\":\"https:\\\/\\\/ebrecleaneco.com\\\/ca\\\/#\\\/schema\\\/logo\\\/image\\\/\",\"url\":\"https:\\\/\\\/ebrecleaneco.com\\\/wp-content\\\/uploads\\\/2023\\\/03\\\/cropped-logo-512-blanc.png\",\"contentUrl\":\"https:\\\/\\\/ebrecleaneco.com\\\/wp-content\\\/uploads\\\/2023\\\/03\\\/cropped-logo-512-blanc.png\",\"width\":512,\"height\":512,\"caption\":\"Ebreclean ECO\"},\"image\":{\"@id\":\"https:\\\/\\\/ebrecleaneco.com\\\/ca\\\/#\\\/schema\\\/logo\\\/image\\\/\"},\"sameAs\":[\"https:\\\/\\\/www.instagram.com\\\/ebrecleaneco\\\/\"]}]}<\/script>\n<!-- \/ Yoast SEO plugin. -->","yoast_head_json":{"title":"KIT DE 3 PINZELLS BILLIONAIRE PER AL DETALLAT INTERIOR","description":"PINZELLS PER A INTERIOR Joc de 3 pinzells per a detalls de cotxe. Tamb\u00e9 inclou un colze per utilitzar-lo a zones de dif\u00edcil acc\u00e9s.","robots":{"index":"index","follow":"follow","max-snippet":"max-snippet:-1","max-image-preview":"max-image-preview:large","max-video-preview":"max-video-preview:-1"},"canonical":"https:\/\/ebrecleaneco.com\/ca\/producte\/pinzells-per-a-linterior\/","og_locale":"ca_ES","og_type":"article","og_title":"KIT DE 3 PINZELLS BILLIONAIRE PER AL DETALLAT INTERIOR","og_description":"PINZELLS PER A INTERIOR Joc de 3 pinzells per a detalls de cotxe. Tamb\u00e9 inclou un colze per utilitzar-lo a zones de dif\u00edcil acc\u00e9s.","og_url":"https:\/\/ebrecleaneco.com\/ca\/producte\/pinzells-per-a-linterior\/","og_site_name":"Ebreclean ECO","article_modified_time":"2026-04-07T13:46:05+00:00","og_image":[{"width":2362,"height":2362,"url":"https:\/\/ebrecleaneco.com\/wp-content\/uploads\/2026\/04\/3-PINZELES-BILLIONAIRE.jpg","type":"image\/jpeg"}],"twitter_card":"summary_large_image","twitter_misc":{"Temps estimat de lectura":"1 minut"},"schema":{"@context":"https:\/\/schema.org","@graph":[{"@type":"WebPage","@id":"https:\/\/ebrecleaneco.com\/ca\/producte\/pinzells-per-a-linterior\/","url":"https:\/\/ebrecleaneco.com\/ca\/producte\/pinzells-per-a-linterior\/","name":"KIT DE 3 PINZELLS BILLIONAIRE PER AL DETALLAT INTERIOR","isPartOf":{"@id":"https:\/\/ebrecleaneco.com\/ca\/#website"},"primaryImageOfPage":{"@id":"https:\/\/ebrecleaneco.com\/ca\/producte\/pinzells-per-a-linterior\/#primaryimage"},"image":{"@id":"https:\/\/ebrecleaneco.com\/ca\/producte\/pinzells-per-a-linterior\/#primaryimage"},"thumbnailUrl":"https:\/\/ebrecleaneco.com\/wp-content\/uploads\/2026\/04\/3-PINZELES-BILLIONAIRE.jpg","datePublished":"2026-04-07T13:26:06+00:00","dateModified":"2026-04-07T13:46:05+00:00","description":"PINZELLS PER A INTERIOR Joc de 3 pinzells per a detalls de cotxe. Tamb\u00e9 inclou un colze per utilitzar-lo a zones de dif\u00edcil acc\u00e9s.","breadcrumb":{"@id":"https:\/\/ebrecleaneco.com\/ca\/producte\/pinzells-per-a-linterior\/#breadcrumb"},"inLanguage":"ca","potentialAction":[{"@type":"ReadAction","target":["https:\/\/ebrecleaneco.com\/ca\/producte\/pinzells-per-a-linterior\/"]}]},{"@type":"ImageObject","inLanguage":"ca","@id":"https:\/\/ebrecleaneco.com\/ca\/producte\/pinzells-per-a-linterior\/#primaryimage","url":"https:\/\/ebrecleaneco.com\/wp-content\/uploads\/2026\/04\/3-PINZELES-BILLIONAIRE.jpg","contentUrl":"https:\/\/ebrecleaneco.com\/wp-content\/uploads\/2026\/04\/3-PINZELES-BILLIONAIRE.jpg","width":2362,"height":2362},{"@type":"BreadcrumbList","@id":"https:\/\/ebrecleaneco.com\/ca\/producte\/pinzells-per-a-linterior\/#breadcrumb","itemListElement":[{"@type":"ListItem","position":1,"name":"Home","item":"https:\/\/ebrecleaneco.com\/ca\/ebreclean-eco-detailing\/"},{"@type":"ListItem","position":2,"name":"Botiga","item":"https:\/\/ebrecleaneco.com\/ca\/botiga\/"},{"@type":"ListItem","position":3,"name":"KIT DE 3 PINZELLS BILLIONAIRE PER AL DETALLAT INTERIOR"}]},{"@type":"WebSite","@id":"https:\/\/ebrecleaneco.com\/ca\/#website","url":"https:\/\/ebrecleaneco.com\/ca\/","name":"Ebreclean ECO","description":"Tu tienda online de productos de limpieza para tu vehiculo, accesorios y detailing! Somos fabricantes y distribuidores. Monta tu propio lavadero ecol\u00f3gico con nosotros!","publisher":{"@id":"https:\/\/ebrecleaneco.com\/ca\/#organization"},"alternateName":"EBRECLEAN","potentialAction":[{"@type":"SearchAction","target":{"@type":"EntryPoint","urlTemplate":"https:\/\/ebrecleaneco.com\/ca\/?s={search_term_string}"},"query-input":{"@type":"PropertyValueSpecification","valueRequired":true,"valueName":"search_term_string"}}],"inLanguage":"ca"},{"@type":"Organization","@id":"https:\/\/ebrecleaneco.com\/ca\/#organization","name":"Ebreclean ECO","url":"https:\/\/ebrecleaneco.com\/ca\/","logo":{"@type":"ImageObject","inLanguage":"ca","@id":"https:\/\/ebrecleaneco.com\/ca\/#\/schema\/logo\/image\/","url":"https:\/\/ebrecleaneco.com\/wp-content\/uploads\/2023\/03\/cropped-logo-512-blanc.png","contentUrl":"https:\/\/ebrecleaneco.com\/wp-content\/uploads\/2023\/03\/cropped-logo-512-blanc.png","width":512,"height":512,"caption":"Ebreclean ECO"},"image":{"@id":"https:\/\/ebrecleaneco.com\/ca\/#\/schema\/logo\/image\/"},"sameAs":["https:\/\/www.instagram.com\/ebrecleaneco\/"]}]}},"_links":{"self":[{"href":"https:\/\/ebrecleaneco.com\/ca\/wp-json\/wp\/v2\/product\/10849","targetHints":{"allow":["GET"]}}],"collection":[{"href":"https:\/\/ebrecleaneco.com\/ca\/wp-json\/wp\/v2\/product"}],"about":[{"href":"https:\/\/ebrecleaneco.com\/ca\/wp-json\/wp\/v2\/types\/product"}],"replies":[{"embeddable":true,"href":"https:\/\/ebrecleaneco.com\/ca\/wp-json\/wp\/v2\/comments?post=10849"}],"wp:featuredmedia":[{"embeddable":true,"href":"https:\/\/ebrecleaneco.com\/ca\/wp-json\/wp\/v2\/media\/10851"}],"wp:attachment":[{"href":"https:\/\/ebrecleaneco.com\/ca\/wp-json\/wp\/v2\/media?parent=10849"}],"wp:term":[{"taxonomy":"product_brand","embeddable":true,"href":"https:\/\/ebrecleaneco.com\/ca\/wp-json\/wp\/v2\/product_brand?post=10849"},{"taxonomy":"product_cat","embeddable":true,"href":"https:\/\/ebrecleaneco.com\/ca\/wp-json\/wp\/v2\/product_cat?post=10849"},{"taxonomy":"product_tag","embeddable":true,"href":"https:\/\/ebrecleaneco.com\/ca\/wp-json\/wp\/v2\/product_tag?post=10849"}],"curies":[{"name":"wp","href":"https:\/\/api.w.org\/{rel}","templated":true}]}}