{"id":10857,"date":"2026-04-07T14:51:54","date_gmt":"2026-04-07T13:51:54","guid":{"rendered":"https:\/\/ebrecleaneco.com\/?post_type=product&#038;p=10857"},"modified":"2026-04-07T15:07:58","modified_gmt":"2026-04-07T14:07:58","slug":"kit-neteja-galleda-i-reixeta-billionaire","status":"publish","type":"product","link":"https:\/\/ebrecleaneco.com\/ca\/producte\/kit-neteja-galleda-i-reixeta-billionaire\/","title":{"rendered":"KIT NETEJA: GALLEDA I REIXETA BILLIONAIRE"},"content":{"rendered":"<section class=\"wpb-content-wrapper\"><p>[vc_row pix_padding_top=&#8221;padding No&#8221; pix_padding_bottom=&#8221;padding No&#8221; gradient_colors=&#8221;%5B%7B%7D%5D&#8221;][vc_column width=&#8221;3\/4&#8243; gradient_colors=&#8221;%5B%7B%7D%5D&#8221;][vc_column_text]<\/p>\n<pre id=\"tw-target-text\" class=\"tw-data-text tw-text-large tw-ta\" dir=\"ltr\" tabindex=\"-1\" role=\"text\" data-placeholder=\"Traducci\u00f3\" data-ved=\"2ahUKEwixl7ud9NuTAxV8RaQEHbBLBQ4Q3ewLegQIDBAW\" aria-label=\"Text tradu\u00eft: KIT NETEJA: GALLEDA I REIXETA BILLIONAIRE\r\n\r\n\r\nL'oferta integral de neteja brinda tots els elements essencials per fer un detailing de qualitat professional en un \u00fanic paquet. Aquest inclou una galleda de 20 litres i una reixeta.\r\n\r\nOptimitza l'efici\u00e8ncia i l'organitzaci\u00f3 amb la combinaci\u00f3 perfecta de galleda i reixeta. Aquesta garanteix una neteja efica\u00e7 i ordenada en submergir els teus accessoris en aigua neta i mantenir els teus productes segurs.\r\n\r\nConstru\u00efts amb materials de primera qualitat, la galleda i la reixeta ofereixen una durabilitat excepcional per resistir l'\u00fas intensiu al llarg del temps, assegurant una inversi\u00f3 duradora per a les teves necessitats de detailing.\"><span class=\"Y2IQFc\" lang=\"ca\">KIT NETEJA: GALLEDA I REIXETA BILLIONAIRE\r\n\r\n\r\nL'oferta integral de neteja brinda tots els elements essencials per fer un detailing de qualitat professional en un \u00fanic paquet. Aquest inclou una galleda de 20 litres i una reixeta.\r\n\r\nOptimitza l'efici\u00e8ncia i l'organitzaci\u00f3 amb la combinaci\u00f3 perfecta de galleda i reixeta. Aquesta garanteix una neteja efica\u00e7 i ordenada en submergir els teus accessoris en aigua neta i mantenir els teus productes segurs.\r\n\r\nConstru\u00efts amb materials de primera qualitat, la galleda i la reixeta ofereixen una durabilitat excepcional per resistir l'\u00fas intensiu al llarg del temps, assegurant una inversi\u00f3 duradora per a les teves necessitats de detailing.<\/span><\/pre>\n<p>&nbsp;<\/p>\n<\/section>","protected":false},"excerpt":{"rendered":"<pre id=\"tw-target-text\" class=\"tw-data-text tw-text-large tw-ta\" dir=\"ltr\" tabindex=\"-1\" role=\"text\" data-placeholder=\"Traducci\u00f3\" data-ved=\"2ahUKEwixl7ud9NuTAxV8RaQEHbBLBQ4Q3ewLegQIDBAW\" aria-label=\"Text tradu\u00eft: KIT NETEJA: GALLEDA I REIXETA BILLIONAIRE\r\n\r\n\r\nL'oferta integral de neteja brinda tots els elements essencials per fer un detailing de qualitat professional en un \u00fanic paquet. Aquest inclou una galleda de 20 litres i una reixeta.\r\n\r\nOptimitza l'efici\u00e8ncia i l'organitzaci\u00f3 amb la combinaci\u00f3 perfecta de galleda i reixeta. Aquesta garanteix una neteja efica\u00e7 i ordenada en submergir els teus accessoris en aigua neta i mantenir els teus productes segurs.\r\n\r\nConstru\u00efts amb materials de primera qualitat, la galleda i la reixeta ofereixen una durabilitat excepcional per resistir l'\u00fas intensiu al llarg del temps, assegurant una inversi\u00f3 duradora per a les teves necessitats de detailing.\"><span class=\"Y2IQFc\" lang=\"ca\">KIT NETEJA: GALLEDA I REIXETA BILLIONAIRE\r\n\r\n\r\nL'oferta integral de neteja brinda tots els elements essencials per fer un detailing de qualitat professional en un \u00fanic paquet. Aquest inclou una galleda de 20 litres i una reixeta.\r\n\r\nOptimitza l'efici\u00e8ncia i l'organitzaci\u00f3 amb la combinaci\u00f3 perfecta de galleda i reixeta. Aquesta garanteix una neteja efica\u00e7 i ordenada en submergir els teus accessoris en aigua neta i mantenir els teus productes segurs.\r\n\r\nConstru\u00efts amb materials de primera qualitat, la galleda i la reixeta ofereixen una durabilitat excepcional per resistir l'\u00fas intensiu al llarg del temps, assegurant una inversi\u00f3 duradora per a les teves necessitats de detailing.<\/span><\/pre>\n","protected":false},"featured_media":10859,"comment_status":"open","ping_status":"closed","template":"","meta":{"inline_featured_image":false},"product_brand":[],"product_cat":[443],"product_tag":[],"class_list":{"0":"post-10857","1":"product","2":"type-product","3":"status-publish","4":"has-post-thumbnail","6":"product_cat-accessoris","8":"first","9":"instock","10":"sale","11":"shipping-taxable","12":"purchasable","13":"product-type-simple"},"yoast_head":"<!-- This site is optimized with the Yoast SEO plugin v27.3 - https:\/\/yoast.com\/product\/yoast-seo-wordpress\/ -->\n<title>KIT NETEJA: GALLEDA I REIXETA BILLIONAIRE - Ebreclean ECO<\/title>\n<meta name=\"description\" content=\"KIT NETEJA: GALLEDA I REIXETA BILLIONAIRE brinda tots els elements essencials per fer un detailing de qualitat professional en un \u00fanic paquet.\" \/>\n<meta name=\"robots\" content=\"index, follow, max-snippet:-1, max-image-preview:large, max-video-preview:-1\" \/>\n<link rel=\"canonical\" href=\"https:\/\/ebrecleaneco.com\/ca\/producte\/kit-neteja-galleda-i-reixeta-billionaire\/\" \/>\n<meta property=\"og:locale\" content=\"ca_ES\" \/>\n<meta property=\"og:type\" content=\"article\" \/>\n<meta property=\"og:title\" content=\"KIT NETEJA: GALLEDA I REIXETA BILLIONAIRE - Ebreclean ECO\" \/>\n<meta property=\"og:description\" content=\"KIT NETEJA: GALLEDA I REIXETA BILLIONAIRE brinda tots els elements essencials per fer un detailing de qualitat professional en un \u00fanic paquet.\" \/>\n<meta property=\"og:url\" content=\"https:\/\/ebrecleaneco.com\/ca\/producte\/kit-neteja-galleda-i-reixeta-billionaire\/\" \/>\n<meta property=\"og:site_name\" content=\"Ebreclean ECO\" \/>\n<meta property=\"article:modified_time\" content=\"2026-04-07T14:07:58+00:00\" \/>\n<meta property=\"og:image\" content=\"https:\/\/ebrecleaneco.com\/wp-content\/uploads\/2026\/04\/cubo-rejilla-ideal-para-limpieza-800x800-1.webp\" \/>\n\t<meta property=\"og:image:width\" content=\"800\" \/>\n\t<meta property=\"og:image:height\" content=\"800\" \/>\n\t<meta property=\"og:image:type\" content=\"image\/webp\" \/>\n<meta name=\"twitter:card\" content=\"summary_large_image\" \/>\n<meta name=\"twitter:label1\" content=\"Temps estimat de lectura\" \/>\n\t<meta name=\"twitter:data1\" content=\"1 minut\" \/>\n<script type=\"application\/ld+json\" class=\"yoast-schema-graph\">{\"@context\":\"https:\\\/\\\/schema.org\",\"@graph\":[{\"@type\":\"WebPage\",\"@id\":\"https:\\\/\\\/ebrecleaneco.com\\\/ca\\\/producte\\\/kit-neteja-galleda-i-reixeta-billionaire\\\/\",\"url\":\"https:\\\/\\\/ebrecleaneco.com\\\/ca\\\/producte\\\/kit-neteja-galleda-i-reixeta-billionaire\\\/\",\"name\":\"KIT NETEJA: GALLEDA I REIXETA BILLIONAIRE - Ebreclean ECO\",\"isPartOf\":{\"@id\":\"https:\\\/\\\/ebrecleaneco.com\\\/ca\\\/#website\"},\"primaryImageOfPage\":{\"@id\":\"https:\\\/\\\/ebrecleaneco.com\\\/ca\\\/producte\\\/kit-neteja-galleda-i-reixeta-billionaire\\\/#primaryimage\"},\"image\":{\"@id\":\"https:\\\/\\\/ebrecleaneco.com\\\/ca\\\/producte\\\/kit-neteja-galleda-i-reixeta-billionaire\\\/#primaryimage\"},\"thumbnailUrl\":\"https:\\\/\\\/ebrecleaneco.com\\\/wp-content\\\/uploads\\\/2026\\\/04\\\/cubo-rejilla-ideal-para-limpieza-800x800-1.webp\",\"datePublished\":\"2026-04-07T13:51:54+00:00\",\"dateModified\":\"2026-04-07T14:07:58+00:00\",\"description\":\"KIT NETEJA: GALLEDA I REIXETA BILLIONAIRE brinda tots els elements essencials per fer un detailing de qualitat professional en un \u00fanic paquet.\",\"breadcrumb\":{\"@id\":\"https:\\\/\\\/ebrecleaneco.com\\\/ca\\\/producte\\\/kit-neteja-galleda-i-reixeta-billionaire\\\/#breadcrumb\"},\"inLanguage\":\"ca\",\"potentialAction\":[{\"@type\":\"ReadAction\",\"target\":[\"https:\\\/\\\/ebrecleaneco.com\\\/ca\\\/producte\\\/kit-neteja-galleda-i-reixeta-billionaire\\\/\"]}]},{\"@type\":\"ImageObject\",\"inLanguage\":\"ca\",\"@id\":\"https:\\\/\\\/ebrecleaneco.com\\\/ca\\\/producte\\\/kit-neteja-galleda-i-reixeta-billionaire\\\/#primaryimage\",\"url\":\"https:\\\/\\\/ebrecleaneco.com\\\/wp-content\\\/uploads\\\/2026\\\/04\\\/cubo-rejilla-ideal-para-limpieza-800x800-1.webp\",\"contentUrl\":\"https:\\\/\\\/ebrecleaneco.com\\\/wp-content\\\/uploads\\\/2026\\\/04\\\/cubo-rejilla-ideal-para-limpieza-800x800-1.webp\",\"width\":800,\"height\":800},{\"@type\":\"BreadcrumbList\",\"@id\":\"https:\\\/\\\/ebrecleaneco.com\\\/ca\\\/producte\\\/kit-neteja-galleda-i-reixeta-billionaire\\\/#breadcrumb\",\"itemListElement\":[{\"@type\":\"ListItem\",\"position\":1,\"name\":\"Home\",\"item\":\"https:\\\/\\\/ebrecleaneco.com\\\/ca\\\/ebreclean-eco-detailing\\\/\"},{\"@type\":\"ListItem\",\"position\":2,\"name\":\"Botiga\",\"item\":\"https:\\\/\\\/ebrecleaneco.com\\\/ca\\\/botiga\\\/\"},{\"@type\":\"ListItem\",\"position\":3,\"name\":\"KIT NETEJA: GALLEDA I REIXETA BILLIONAIRE\"}]},{\"@type\":\"WebSite\",\"@id\":\"https:\\\/\\\/ebrecleaneco.com\\\/ca\\\/#website\",\"url\":\"https:\\\/\\\/ebrecleaneco.com\\\/ca\\\/\",\"name\":\"Ebreclean ECO\",\"description\":\"Tu tienda online de productos de limpieza para tu vehiculo, accesorios y detailing! Somos fabricantes y distribuidores. Monta tu propio lavadero ecol\u00f3gico con nosotros!\",\"publisher\":{\"@id\":\"https:\\\/\\\/ebrecleaneco.com\\\/ca\\\/#organization\"},\"alternateName\":\"EBRECLEAN\",\"potentialAction\":[{\"@type\":\"SearchAction\",\"target\":{\"@type\":\"EntryPoint\",\"urlTemplate\":\"https:\\\/\\\/ebrecleaneco.com\\\/ca\\\/?s={search_term_string}\"},\"query-input\":{\"@type\":\"PropertyValueSpecification\",\"valueRequired\":true,\"valueName\":\"search_term_string\"}}],\"inLanguage\":\"ca\"},{\"@type\":\"Organization\",\"@id\":\"https:\\\/\\\/ebrecleaneco.com\\\/ca\\\/#organization\",\"name\":\"Ebreclean ECO\",\"url\":\"https:\\\/\\\/ebrecleaneco.com\\\/ca\\\/\",\"logo\":{\"@type\":\"ImageObject\",\"inLanguage\":\"ca\",\"@id\":\"https:\\\/\\\/ebrecleaneco.com\\\/ca\\\/#\\\/schema\\\/logo\\\/image\\\/\",\"url\":\"https:\\\/\\\/ebrecleaneco.com\\\/wp-content\\\/uploads\\\/2023\\\/03\\\/cropped-logo-512-blanc.png\",\"contentUrl\":\"https:\\\/\\\/ebrecleaneco.com\\\/wp-content\\\/uploads\\\/2023\\\/03\\\/cropped-logo-512-blanc.png\",\"width\":512,\"height\":512,\"caption\":\"Ebreclean ECO\"},\"image\":{\"@id\":\"https:\\\/\\\/ebrecleaneco.com\\\/ca\\\/#\\\/schema\\\/logo\\\/image\\\/\"},\"sameAs\":[\"https:\\\/\\\/www.instagram.com\\\/ebrecleaneco\\\/\"]}]}<\/script>\n<!-- \/ Yoast SEO plugin. -->","yoast_head_json":{"title":"KIT NETEJA: GALLEDA I REIXETA BILLIONAIRE - Ebreclean ECO","description":"KIT NETEJA: GALLEDA I REIXETA BILLIONAIRE brinda tots els elements essencials per fer un detailing de qualitat professional en un \u00fanic paquet.","robots":{"index":"index","follow":"follow","max-snippet":"max-snippet:-1","max-image-preview":"max-image-preview:large","max-video-preview":"max-video-preview:-1"},"canonical":"https:\/\/ebrecleaneco.com\/ca\/producte\/kit-neteja-galleda-i-reixeta-billionaire\/","og_locale":"ca_ES","og_type":"article","og_title":"KIT NETEJA: GALLEDA I REIXETA BILLIONAIRE - Ebreclean ECO","og_description":"KIT NETEJA: GALLEDA I REIXETA BILLIONAIRE brinda tots els elements essencials per fer un detailing de qualitat professional en un \u00fanic paquet.","og_url":"https:\/\/ebrecleaneco.com\/ca\/producte\/kit-neteja-galleda-i-reixeta-billionaire\/","og_site_name":"Ebreclean ECO","article_modified_time":"2026-04-07T14:07:58+00:00","og_image":[{"width":800,"height":800,"url":"https:\/\/ebrecleaneco.com\/wp-content\/uploads\/2026\/04\/cubo-rejilla-ideal-para-limpieza-800x800-1.webp","type":"image\/webp"}],"twitter_card":"summary_large_image","twitter_misc":{"Temps estimat de lectura":"1 minut"},"schema":{"@context":"https:\/\/schema.org","@graph":[{"@type":"WebPage","@id":"https:\/\/ebrecleaneco.com\/ca\/producte\/kit-neteja-galleda-i-reixeta-billionaire\/","url":"https:\/\/ebrecleaneco.com\/ca\/producte\/kit-neteja-galleda-i-reixeta-billionaire\/","name":"KIT NETEJA: GALLEDA I REIXETA BILLIONAIRE - Ebreclean ECO","isPartOf":{"@id":"https:\/\/ebrecleaneco.com\/ca\/#website"},"primaryImageOfPage":{"@id":"https:\/\/ebrecleaneco.com\/ca\/producte\/kit-neteja-galleda-i-reixeta-billionaire\/#primaryimage"},"image":{"@id":"https:\/\/ebrecleaneco.com\/ca\/producte\/kit-neteja-galleda-i-reixeta-billionaire\/#primaryimage"},"thumbnailUrl":"https:\/\/ebrecleaneco.com\/wp-content\/uploads\/2026\/04\/cubo-rejilla-ideal-para-limpieza-800x800-1.webp","datePublished":"2026-04-07T13:51:54+00:00","dateModified":"2026-04-07T14:07:58+00:00","description":"KIT NETEJA: GALLEDA I REIXETA BILLIONAIRE brinda tots els elements essencials per fer un detailing de qualitat professional en un \u00fanic paquet.","breadcrumb":{"@id":"https:\/\/ebrecleaneco.com\/ca\/producte\/kit-neteja-galleda-i-reixeta-billionaire\/#breadcrumb"},"inLanguage":"ca","potentialAction":[{"@type":"ReadAction","target":["https:\/\/ebrecleaneco.com\/ca\/producte\/kit-neteja-galleda-i-reixeta-billionaire\/"]}]},{"@type":"ImageObject","inLanguage":"ca","@id":"https:\/\/ebrecleaneco.com\/ca\/producte\/kit-neteja-galleda-i-reixeta-billionaire\/#primaryimage","url":"https:\/\/ebrecleaneco.com\/wp-content\/uploads\/2026\/04\/cubo-rejilla-ideal-para-limpieza-800x800-1.webp","contentUrl":"https:\/\/ebrecleaneco.com\/wp-content\/uploads\/2026\/04\/cubo-rejilla-ideal-para-limpieza-800x800-1.webp","width":800,"height":800},{"@type":"BreadcrumbList","@id":"https:\/\/ebrecleaneco.com\/ca\/producte\/kit-neteja-galleda-i-reixeta-billionaire\/#breadcrumb","itemListElement":[{"@type":"ListItem","position":1,"name":"Home","item":"https:\/\/ebrecleaneco.com\/ca\/ebreclean-eco-detailing\/"},{"@type":"ListItem","position":2,"name":"Botiga","item":"https:\/\/ebrecleaneco.com\/ca\/botiga\/"},{"@type":"ListItem","position":3,"name":"KIT NETEJA: GALLEDA I REIXETA BILLIONAIRE"}]},{"@type":"WebSite","@id":"https:\/\/ebrecleaneco.com\/ca\/#website","url":"https:\/\/ebrecleaneco.com\/ca\/","name":"Ebreclean ECO","description":"Tu tienda online de productos de limpieza para tu vehiculo, accesorios y detailing! Somos fabricantes y distribuidores. Monta tu propio lavadero ecol\u00f3gico con nosotros!","publisher":{"@id":"https:\/\/ebrecleaneco.com\/ca\/#organization"},"alternateName":"EBRECLEAN","potentialAction":[{"@type":"SearchAction","target":{"@type":"EntryPoint","urlTemplate":"https:\/\/ebrecleaneco.com\/ca\/?s={search_term_string}"},"query-input":{"@type":"PropertyValueSpecification","valueRequired":true,"valueName":"search_term_string"}}],"inLanguage":"ca"},{"@type":"Organization","@id":"https:\/\/ebrecleaneco.com\/ca\/#organization","name":"Ebreclean ECO","url":"https:\/\/ebrecleaneco.com\/ca\/","logo":{"@type":"ImageObject","inLanguage":"ca","@id":"https:\/\/ebrecleaneco.com\/ca\/#\/schema\/logo\/image\/","url":"https:\/\/ebrecleaneco.com\/wp-content\/uploads\/2023\/03\/cropped-logo-512-blanc.png","contentUrl":"https:\/\/ebrecleaneco.com\/wp-content\/uploads\/2023\/03\/cropped-logo-512-blanc.png","width":512,"height":512,"caption":"Ebreclean ECO"},"image":{"@id":"https:\/\/ebrecleaneco.com\/ca\/#\/schema\/logo\/image\/"},"sameAs":["https:\/\/www.instagram.com\/ebrecleaneco\/"]}]}},"_links":{"self":[{"href":"https:\/\/ebrecleaneco.com\/ca\/wp-json\/wp\/v2\/product\/10857","targetHints":{"allow":["GET"]}}],"collection":[{"href":"https:\/\/ebrecleaneco.com\/ca\/wp-json\/wp\/v2\/product"}],"about":[{"href":"https:\/\/ebrecleaneco.com\/ca\/wp-json\/wp\/v2\/types\/product"}],"replies":[{"embeddable":true,"href":"https:\/\/ebrecleaneco.com\/ca\/wp-json\/wp\/v2\/comments?post=10857"}],"wp:featuredmedia":[{"embeddable":true,"href":"https:\/\/ebrecleaneco.com\/ca\/wp-json\/wp\/v2\/media\/10859"}],"wp:attachment":[{"href":"https:\/\/ebrecleaneco.com\/ca\/wp-json\/wp\/v2\/media?parent=10857"}],"wp:term":[{"taxonomy":"product_brand","embeddable":true,"href":"https:\/\/ebrecleaneco.com\/ca\/wp-json\/wp\/v2\/product_brand?post=10857"},{"taxonomy":"product_cat","embeddable":true,"href":"https:\/\/ebrecleaneco.com\/ca\/wp-json\/wp\/v2\/product_cat?post=10857"},{"taxonomy":"product_tag","embeddable":true,"href":"https:\/\/ebrecleaneco.com\/ca\/wp-json\/wp\/v2\/product_tag?post=10857"}],"curies":[{"name":"wp","href":"https:\/\/api.w.org\/{rel}","templated":true}]}}