{"id":9554,"date":"2023-04-06T16:32:14","date_gmt":"2023-04-06T15:32:14","guid":{"rendered":"https:\/\/ebrecleaneco.com\/producto\/pack-estalvi-1\/"},"modified":"2025-02-19T00:54:25","modified_gmt":"2025-02-18T23:54:25","slug":"pack-estalvi-1","status":"publish","type":"product","link":"https:\/\/ebrecleaneco.com\/ca\/producte\/pack-estalvi-1\/","title":{"rendered":"PACK PRODUCTES"},"content":{"rendered":"<section class=\"wpb-content-wrapper\"><p>[vc_row pix_padding_top=&#8221;padding No&#8221; pix_padding_bottom=&#8221;padding No&#8221; gradient_colors=&#8221;%5B%7B%7D%5D&#8221;][vc_column width=&#8221;3\/4&#8243; gradient_colors=&#8221;%5B%7B%7D%5D&#8221;][vc_column_text]<\/p>\n<p><strong>PACK PRODUCTES<\/strong><\/p>\n<div dir=\"auto\">\n<p><a href=\"https:\/\/ebrecleaneco.com\/ca\/?attachment_id=9606\">1 AMPOLLA DE 500ML DE DRY PEACH <\/a><br \/>\n(Neteja en sec + encerat de carrosseria)<\/p>\n<div dir=\"auto\">\n<div dir=\"auto\"><a href=\"https:\/\/ebrecleaneco.com\/ca\/producte\/the-first\/\">1 AMPOLLA DE 500ML DE THE FIRST<\/a><\/div>\n<div dir=\"auto\">(Netejador de llantes alcal\u00ed)<\/div>\n<div dir=\"auto\"><\/div>\n<div dir=\"auto\"><a href=\"https:\/\/ebrecleaneco.com\/ca\/producte\/bright-board\/\">1 AMPOLLA DE 500ML DE BRIGHT BOARD <\/a><\/div>\n<div dir=\"auto\">(Netejador i abrillantador de tauler de control sense silicona)<\/div>\n<div dir=\"auto\"><\/div>\n<div dir=\"auto\"><a href=\"https:\/\/ebrecleaneco.com\/ca\/?attachment_id=9616\">1 AMPOLLA DE 500ML DE REMOVE <\/a><\/div>\n<div dir=\"auto\">(Netejador de tapisseria i pell)<\/div>\n<div dir=\"auto\"><\/div>\n<div dir=\"auto\"><a href=\"https:\/\/ebrecleaneco.com\/ca\/?attachment_id=9612\">1 AMPOLLA DE 500ML DE DARK PLASTIC + APLICADOR <\/a><\/div>\n<div dir=\"auto\">(Abrillantador de pneum\u00e0tics i pl\u00e0stics nous)<\/div>\n<div dir=\"auto\"><\/div>\n<div dir=\"auto\"><a href=\"https:\/\/ebrecleaneco.com\/ca\/?attachment_id=9614\">1 AMPOLLA DE 500ML DE FIRE GLASS <\/a><\/div>\n<div dir=\"auto\">(Netejacristalls assecat r\u00e0pid)<\/div>\n<div dir=\"auto\"><\/div>\n<div dir=\"auto\"><a href=\"https:\/\/ebrecleaneco.com\/ca\/producte\/apc-netejador-multiusos-desengreixant\/\">1 AMPOLLA DE 500ML DE APC<\/a><\/div>\n<div dir=\"auto\">(Netejador multiusos desengreixant)<\/div>\n<div dir=\"auto\"><\/div>\n<div dir=\"auto\"><a href=\"https:\/\/ebrecleaneco.com\/ca\/?attachment_id=9622\">1 AMPOLLA DE 150 ML DE MAGIC POTION + APLICADOR <\/a><\/div>\n<div dir=\"auto\">(Recuperador de pl\u00e0stics vells)<\/div>\n<div dir=\"auto\"><\/div>\n<div dir=\"auto\"><a href=\"https:\/\/ebrecleaneco.com\/ca\/producte\/ambientador-newcar\/\">1 AMPOLLA DE 75ML D&#8217;AMBIENTADOR NEW CAR <\/a><\/div>\n<div dir=\"auto\">(Ambientador aroma cotxe nou)<\/div>\n<div dir=\"auto\"><\/div>\n<div dir=\"auto\"><a href=\"https:\/\/ebrecleaneco.com\/ca\/producte\/baieta-premium-per-a-vidres\/\">6 BAIETES MICROFIBRA<\/a><\/div>\n<div dir=\"auto\"><\/div>\n<div dir=\"auto\"><\/div>\n<div dir=\"auto\">INFORMACI\u00d3 PACK PRODUCTES<\/div>\n<div dir=\"auto\"><\/div>\n<div dir=\"auto\">Aquest magn\u00edfic PACK PRODUCTES \u00e9s ideal per provar tots els nostres productes a un preu m\u00e9s econ\u00f2mic. Tamb\u00e9 \u00e9s perfecte per iniciar-te amb els productes abans de passar al format professional.<\/div>\n<\/div>\n<\/div>\n<\/section>","protected":false},"excerpt":{"rendered":"<p><strong>PACK PRODUCTES<\/strong><\/p>\n<p>Aquest magn\u00edfic PACK PRODUCTES \u00e9s ideal per provar tots els nostres productes a un preu m\u00e9s econ\u00f2mic. Tamb\u00e9 \u00e9s perfecte per iniciar-te amb els productes abans de passar al format professional.<\/p>\n<p>&nbsp;<\/p>\n","protected":false},"featured_media":9960,"comment_status":"open","ping_status":"closed","template":"","meta":{"inline_featured_image":false},"product_brand":[],"product_cat":[437],"product_tag":[],"class_list":{"0":"post-9554","1":"product","2":"type-product","3":"status-publish","4":"has-post-thumbnail","6":"product_cat-packs-estalvi","8":"first","9":"instock","10":"sale","11":"shipping-taxable","12":"purchasable","13":"product-type-simple"},"yoast_head":"<!-- This site is optimized with the Yoast SEO plugin v27.6 - https:\/\/yoast.com\/product\/yoast-seo-wordpress\/ -->\n<title>PACK PRODUCTES - Ebreclean ECO<\/title>\n<meta name=\"description\" content=\"PACK PRODUCTES ideal per provar tots els nostres productes a un preu m\u00e9s econ\u00f2mic. Oferta exclusiva EbreClean ECO Detailing.\" \/>\n<meta name=\"robots\" content=\"index, follow, max-snippet:-1, max-image-preview:large, max-video-preview:-1\" \/>\n<link rel=\"canonical\" href=\"https:\/\/ebrecleaneco.com\/ca\/producte\/pack-estalvi-1\/\" \/>\n<meta property=\"og:locale\" content=\"ca_ES\" \/>\n<meta property=\"og:type\" content=\"article\" \/>\n<meta property=\"og:title\" content=\"PACK PRODUCTES - Ebreclean ECO\" \/>\n<meta property=\"og:description\" content=\"PACK PRODUCTES ideal per provar tots els nostres productes a un preu m\u00e9s econ\u00f2mic. Oferta exclusiva EbreClean ECO Detailing.\" \/>\n<meta property=\"og:url\" content=\"https:\/\/ebrecleaneco.com\/ca\/producte\/pack-estalvi-1\/\" \/>\n<meta property=\"og:site_name\" content=\"Ebreclean ECO\" \/>\n<meta property=\"article:modified_time\" content=\"2025-02-18T23:54:25+00:00\" \/>\n<meta property=\"og:image\" content=\"https:\/\/ebrecleaneco.com\/wp-content\/uploads\/2023\/04\/productos.jpg\" \/>\n\t<meta property=\"og:image:width\" content=\"946\" \/>\n\t<meta property=\"og:image:height\" content=\"841\" \/>\n\t<meta property=\"og:image:type\" content=\"image\/jpeg\" \/>\n<meta name=\"twitter:card\" content=\"summary_large_image\" \/>\n<meta name=\"twitter:label1\" content=\"Temps estimat de lectura\" \/>\n\t<meta name=\"twitter:data1\" content=\"1 minut\" \/>\n<script type=\"application\/ld+json\" class=\"yoast-schema-graph\">{\"@context\":\"https:\\\/\\\/schema.org\",\"@graph\":[{\"@type\":\"WebPage\",\"@id\":\"https:\\\/\\\/ebrecleaneco.com\\\/ca\\\/producte\\\/pack-estalvi-1\\\/\",\"url\":\"https:\\\/\\\/ebrecleaneco.com\\\/ca\\\/producte\\\/pack-estalvi-1\\\/\",\"name\":\"PACK PRODUCTES - Ebreclean ECO\",\"isPartOf\":{\"@id\":\"https:\\\/\\\/ebrecleaneco.com\\\/ca\\\/#website\"},\"primaryImageOfPage\":{\"@id\":\"https:\\\/\\\/ebrecleaneco.com\\\/ca\\\/producte\\\/pack-estalvi-1\\\/#primaryimage\"},\"image\":{\"@id\":\"https:\\\/\\\/ebrecleaneco.com\\\/ca\\\/producte\\\/pack-estalvi-1\\\/#primaryimage\"},\"thumbnailUrl\":\"https:\\\/\\\/ebrecleaneco.com\\\/wp-content\\\/uploads\\\/2023\\\/04\\\/productos.jpg\",\"datePublished\":\"2023-04-06T15:32:14+00:00\",\"dateModified\":\"2025-02-18T23:54:25+00:00\",\"description\":\"PACK PRODUCTES ideal per provar tots els nostres productes a un preu m\u00e9s econ\u00f2mic. Oferta exclusiva EbreClean ECO Detailing.\",\"breadcrumb\":{\"@id\":\"https:\\\/\\\/ebrecleaneco.com\\\/ca\\\/producte\\\/pack-estalvi-1\\\/#breadcrumb\"},\"inLanguage\":\"ca\",\"potentialAction\":[{\"@type\":\"ReadAction\",\"target\":[\"https:\\\/\\\/ebrecleaneco.com\\\/ca\\\/producte\\\/pack-estalvi-1\\\/\"]}]},{\"@type\":\"ImageObject\",\"inLanguage\":\"ca\",\"@id\":\"https:\\\/\\\/ebrecleaneco.com\\\/ca\\\/producte\\\/pack-estalvi-1\\\/#primaryimage\",\"url\":\"https:\\\/\\\/ebrecleaneco.com\\\/wp-content\\\/uploads\\\/2023\\\/04\\\/productos.jpg\",\"contentUrl\":\"https:\\\/\\\/ebrecleaneco.com\\\/wp-content\\\/uploads\\\/2023\\\/04\\\/productos.jpg\",\"width\":946,\"height\":841,\"caption\":\"PACK PRODUCTOS\"},{\"@type\":\"BreadcrumbList\",\"@id\":\"https:\\\/\\\/ebrecleaneco.com\\\/ca\\\/producte\\\/pack-estalvi-1\\\/#breadcrumb\",\"itemListElement\":[{\"@type\":\"ListItem\",\"position\":1,\"name\":\"Home\",\"item\":\"https:\\\/\\\/ebrecleaneco.com\\\/ca\\\/ebreclean-eco-detailing\\\/\"},{\"@type\":\"ListItem\",\"position\":2,\"name\":\"Botiga\",\"item\":\"https:\\\/\\\/ebrecleaneco.com\\\/ca\\\/botiga\\\/\"},{\"@type\":\"ListItem\",\"position\":3,\"name\":\"PACK PRODUCTES\"}]},{\"@type\":\"WebSite\",\"@id\":\"https:\\\/\\\/ebrecleaneco.com\\\/ca\\\/#website\",\"url\":\"https:\\\/\\\/ebrecleaneco.com\\\/ca\\\/\",\"name\":\"Ebreclean ECO\",\"description\":\"Tu tienda online de productos de limpieza para tu vehiculo, accesorios y detailing! Somos fabricantes y distribuidores. Monta tu propio lavadero ecol\u00f3gico con nosotros!\",\"publisher\":{\"@id\":\"https:\\\/\\\/ebrecleaneco.com\\\/ca\\\/#organization\"},\"alternateName\":\"EBRECLEAN\",\"potentialAction\":[{\"@type\":\"SearchAction\",\"target\":{\"@type\":\"EntryPoint\",\"urlTemplate\":\"https:\\\/\\\/ebrecleaneco.com\\\/ca\\\/?s={search_term_string}\"},\"query-input\":{\"@type\":\"PropertyValueSpecification\",\"valueRequired\":true,\"valueName\":\"search_term_string\"}}],\"inLanguage\":\"ca\"},{\"@type\":\"Organization\",\"@id\":\"https:\\\/\\\/ebrecleaneco.com\\\/ca\\\/#organization\",\"name\":\"Ebreclean ECO\",\"url\":\"https:\\\/\\\/ebrecleaneco.com\\\/ca\\\/\",\"logo\":{\"@type\":\"ImageObject\",\"inLanguage\":\"ca\",\"@id\":\"https:\\\/\\\/ebrecleaneco.com\\\/ca\\\/#\\\/schema\\\/logo\\\/image\\\/\",\"url\":\"https:\\\/\\\/ebrecleaneco.com\\\/wp-content\\\/uploads\\\/2023\\\/03\\\/cropped-logo-512-blanc.png\",\"contentUrl\":\"https:\\\/\\\/ebrecleaneco.com\\\/wp-content\\\/uploads\\\/2023\\\/03\\\/cropped-logo-512-blanc.png\",\"width\":512,\"height\":512,\"caption\":\"Ebreclean ECO\"},\"image\":{\"@id\":\"https:\\\/\\\/ebrecleaneco.com\\\/ca\\\/#\\\/schema\\\/logo\\\/image\\\/\"},\"sameAs\":[\"https:\\\/\\\/www.instagram.com\\\/ebrecleaneco\\\/\"]}]}<\/script>\n<!-- \/ Yoast SEO plugin. -->","yoast_head_json":{"title":"PACK PRODUCTES - Ebreclean ECO","description":"PACK PRODUCTES ideal per provar tots els nostres productes a un preu m\u00e9s econ\u00f2mic. Oferta exclusiva EbreClean ECO Detailing.","robots":{"index":"index","follow":"follow","max-snippet":"max-snippet:-1","max-image-preview":"max-image-preview:large","max-video-preview":"max-video-preview:-1"},"canonical":"https:\/\/ebrecleaneco.com\/ca\/producte\/pack-estalvi-1\/","og_locale":"ca_ES","og_type":"article","og_title":"PACK PRODUCTES - Ebreclean ECO","og_description":"PACK PRODUCTES ideal per provar tots els nostres productes a un preu m\u00e9s econ\u00f2mic. Oferta exclusiva EbreClean ECO Detailing.","og_url":"https:\/\/ebrecleaneco.com\/ca\/producte\/pack-estalvi-1\/","og_site_name":"Ebreclean ECO","article_modified_time":"2025-02-18T23:54:25+00:00","og_image":[{"width":946,"height":841,"url":"https:\/\/ebrecleaneco.com\/wp-content\/uploads\/2023\/04\/productos.jpg","type":"image\/jpeg"}],"twitter_card":"summary_large_image","twitter_misc":{"Temps estimat de lectura":"1 minut"},"schema":{"@context":"https:\/\/schema.org","@graph":[{"@type":"WebPage","@id":"https:\/\/ebrecleaneco.com\/ca\/producte\/pack-estalvi-1\/","url":"https:\/\/ebrecleaneco.com\/ca\/producte\/pack-estalvi-1\/","name":"PACK PRODUCTES - Ebreclean ECO","isPartOf":{"@id":"https:\/\/ebrecleaneco.com\/ca\/#website"},"primaryImageOfPage":{"@id":"https:\/\/ebrecleaneco.com\/ca\/producte\/pack-estalvi-1\/#primaryimage"},"image":{"@id":"https:\/\/ebrecleaneco.com\/ca\/producte\/pack-estalvi-1\/#primaryimage"},"thumbnailUrl":"https:\/\/ebrecleaneco.com\/wp-content\/uploads\/2023\/04\/productos.jpg","datePublished":"2023-04-06T15:32:14+00:00","dateModified":"2025-02-18T23:54:25+00:00","description":"PACK PRODUCTES ideal per provar tots els nostres productes a un preu m\u00e9s econ\u00f2mic. Oferta exclusiva EbreClean ECO Detailing.","breadcrumb":{"@id":"https:\/\/ebrecleaneco.com\/ca\/producte\/pack-estalvi-1\/#breadcrumb"},"inLanguage":"ca","potentialAction":[{"@type":"ReadAction","target":["https:\/\/ebrecleaneco.com\/ca\/producte\/pack-estalvi-1\/"]}]},{"@type":"ImageObject","inLanguage":"ca","@id":"https:\/\/ebrecleaneco.com\/ca\/producte\/pack-estalvi-1\/#primaryimage","url":"https:\/\/ebrecleaneco.com\/wp-content\/uploads\/2023\/04\/productos.jpg","contentUrl":"https:\/\/ebrecleaneco.com\/wp-content\/uploads\/2023\/04\/productos.jpg","width":946,"height":841,"caption":"PACK PRODUCTOS"},{"@type":"BreadcrumbList","@id":"https:\/\/ebrecleaneco.com\/ca\/producte\/pack-estalvi-1\/#breadcrumb","itemListElement":[{"@type":"ListItem","position":1,"name":"Home","item":"https:\/\/ebrecleaneco.com\/ca\/ebreclean-eco-detailing\/"},{"@type":"ListItem","position":2,"name":"Botiga","item":"https:\/\/ebrecleaneco.com\/ca\/botiga\/"},{"@type":"ListItem","position":3,"name":"PACK PRODUCTES"}]},{"@type":"WebSite","@id":"https:\/\/ebrecleaneco.com\/ca\/#website","url":"https:\/\/ebrecleaneco.com\/ca\/","name":"Ebreclean ECO","description":"Tu tienda online de productos de limpieza para tu vehiculo, accesorios y detailing! Somos fabricantes y distribuidores. Monta tu propio lavadero ecol\u00f3gico con nosotros!","publisher":{"@id":"https:\/\/ebrecleaneco.com\/ca\/#organization"},"alternateName":"EBRECLEAN","potentialAction":[{"@type":"SearchAction","target":{"@type":"EntryPoint","urlTemplate":"https:\/\/ebrecleaneco.com\/ca\/?s={search_term_string}"},"query-input":{"@type":"PropertyValueSpecification","valueRequired":true,"valueName":"search_term_string"}}],"inLanguage":"ca"},{"@type":"Organization","@id":"https:\/\/ebrecleaneco.com\/ca\/#organization","name":"Ebreclean ECO","url":"https:\/\/ebrecleaneco.com\/ca\/","logo":{"@type":"ImageObject","inLanguage":"ca","@id":"https:\/\/ebrecleaneco.com\/ca\/#\/schema\/logo\/image\/","url":"https:\/\/ebrecleaneco.com\/wp-content\/uploads\/2023\/03\/cropped-logo-512-blanc.png","contentUrl":"https:\/\/ebrecleaneco.com\/wp-content\/uploads\/2023\/03\/cropped-logo-512-blanc.png","width":512,"height":512,"caption":"Ebreclean ECO"},"image":{"@id":"https:\/\/ebrecleaneco.com\/ca\/#\/schema\/logo\/image\/"},"sameAs":["https:\/\/www.instagram.com\/ebrecleaneco\/"]}]}},"_links":{"self":[{"href":"https:\/\/ebrecleaneco.com\/ca\/wp-json\/wp\/v2\/product\/9554","targetHints":{"allow":["GET"]}}],"collection":[{"href":"https:\/\/ebrecleaneco.com\/ca\/wp-json\/wp\/v2\/product"}],"about":[{"href":"https:\/\/ebrecleaneco.com\/ca\/wp-json\/wp\/v2\/types\/product"}],"replies":[{"embeddable":true,"href":"https:\/\/ebrecleaneco.com\/ca\/wp-json\/wp\/v2\/comments?post=9554"}],"wp:featuredmedia":[{"embeddable":true,"href":"https:\/\/ebrecleaneco.com\/ca\/wp-json\/wp\/v2\/media\/9960"}],"wp:attachment":[{"href":"https:\/\/ebrecleaneco.com\/ca\/wp-json\/wp\/v2\/media?parent=9554"}],"wp:term":[{"taxonomy":"product_brand","embeddable":true,"href":"https:\/\/ebrecleaneco.com\/ca\/wp-json\/wp\/v2\/product_brand?post=9554"},{"taxonomy":"product_cat","embeddable":true,"href":"https:\/\/ebrecleaneco.com\/ca\/wp-json\/wp\/v2\/product_cat?post=9554"},{"taxonomy":"product_tag","embeddable":true,"href":"https:\/\/ebrecleaneco.com\/ca\/wp-json\/wp\/v2\/product_tag?post=9554"}],"curies":[{"name":"wp","href":"https:\/\/api.w.org\/{rel}","templated":true}]}}