{"id":9555,"date":"2023-04-06T16:06:25","date_gmt":"2023-04-06T15:06:25","guid":{"rendered":"https:\/\/ebrecleaneco.com\/producto\/the-first\/"},"modified":"2024-01-09T00:34:51","modified_gmt":"2024-01-08T23:34:51","slug":"the-first","status":"publish","type":"product","link":"https:\/\/ebrecleaneco.com\/ca\/producte\/the-first\/","title":{"rendered":"THE FIRST &#8211; LLANTES ALCAL\u00cd"},"content":{"rendered":"<section class=\"wpb-content-wrapper\"><p>[vc_row pix_padding_top=&#8221;padding No&#8221; pix_padding_bottom=&#8221;padding No&#8221; gradient_colors=&#8221;%5B%7B%7D%5D&#8221;][vc_column width=&#8221;3\/4&#8243; gradient_colors=&#8221;%5B%7B%7D%5D&#8221;][vc_column_text]<\/p>\n<p><strong>THE FIRST<br \/>\n<\/strong><\/p>\n<div dir=\"auto\">\n<div dir=\"auto\">Producte altament concentrat per a la neteja de llantes d&#8217;alumini als vehicles. Elimina la carboneta i la brut\u00edcia que s&#8217;acumula a les llantes d&#8217;alumini, deixant-les totalment netes i brillants. <\/div>\n<div dir=\"auto\">No danyar\u00e0 cap llanta.<\/div>\n<div dir=\"auto\"><\/div>\n<div dir=\"auto\">MODE D&#8217;\u00daS<\/div>\n<div dir=\"auto\"><\/div>\n<div dir=\"auto\">Mullar pr\u00e8viament la llanta amb aigua i aplicar sobre la superf\u00edcie a netejar, mitjan\u00e7ant polvoritzaci\u00f3. Fregar lleugerament amb brotxa, esponja, etc., deixar actuar 1 o 2 minuts i aclarir finalment amb aigua abundant, preferiblement a pressi\u00f3. Per a brut\u00edcies lleugeres, es pot diluir el producte entre el 20-40% amb aigua.  <\/div>\n<div dir=\"auto\"><\/div>\n<div dir=\"auto\">PRESENTACI\u00d3:<\/div>\n<div dir=\"auto\"><\/div>\n<ul>\n<li>Ampolla de 750ml.<\/li>\n<\/ul>\n<\/div>\n<\/section>","protected":false},"excerpt":{"rendered":"<p><strong>The First<\/strong><\/p>\n<p>Netejador de llantes alcal\u00ed.<\/p>\n<div dir=\"auto\">Producte altament concentrat per a la neteja de llantes d&#8217;alumini als vehicles. Elimina la carboneta i la brut\u00edcia que s&#8217;acumula a les llantes d&#8217;alumini, deixant-les totalment netes i brillants. No danyar\u00e0 cap llanta.  <\/div>\n","protected":false},"featured_media":9803,"comment_status":"open","ping_status":"closed","template":"","meta":{"inline_featured_image":false},"product_brand":[],"product_cat":[444],"product_tag":[],"class_list":{"0":"post-9555","1":"product","2":"type-product","3":"status-publish","4":"has-post-thumbnail","6":"product_cat-exterior-ca","8":"first","9":"instock","10":"sale","11":"shipping-taxable","12":"purchasable","13":"product-type-simple"},"yoast_head":"<!-- This site is optimized with the Yoast SEO plugin v27.4 - https:\/\/yoast.com\/product\/yoast-seo-wordpress\/ -->\n<title>THE FIRST - LLANTES ALCAL\u00cd - Ebreclean ECO<\/title>\n<meta name=\"description\" content=\"The FirstTHE FIRST - LLANTES ALCAL\u00cd. altament concentrat per a la neteja de llantes d&#039;alumini als vehicles. Elimina la carboneta i la brut\u00edcia.\" \/>\n<meta name=\"robots\" content=\"index, follow, max-snippet:-1, max-image-preview:large, max-video-preview:-1\" \/>\n<link rel=\"canonical\" href=\"https:\/\/ebrecleaneco.com\/ca\/producte\/the-first\/\" \/>\n<meta property=\"og:locale\" content=\"ca_ES\" \/>\n<meta property=\"og:type\" content=\"article\" \/>\n<meta property=\"og:title\" content=\"THE FIRST - LLANTES ALCAL\u00cd - Ebreclean ECO\" \/>\n<meta property=\"og:description\" content=\"The FirstTHE FIRST - LLANTES ALCAL\u00cd. altament concentrat per a la neteja de llantes d&#039;alumini als vehicles. Elimina la carboneta i la brut\u00edcia.\" \/>\n<meta property=\"og:url\" content=\"https:\/\/ebrecleaneco.com\/ca\/producte\/the-first\/\" \/>\n<meta property=\"og:site_name\" content=\"Ebreclean ECO\" \/>\n<meta property=\"article:modified_time\" content=\"2024-01-08T23:34:51+00:00\" \/>\n<meta property=\"og:image\" content=\"https:\/\/ebrecleaneco.com\/wp-content\/uploads\/2023\/04\/the-first.jpg\" \/>\n\t<meta property=\"og:image:width\" content=\"500\" \/>\n\t<meta property=\"og:image:height\" content=\"500\" \/>\n\t<meta property=\"og:image:type\" content=\"image\/jpeg\" \/>\n<meta name=\"twitter:card\" content=\"summary_large_image\" \/>\n<meta name=\"twitter:label1\" content=\"Temps estimat de lectura\" \/>\n\t<meta name=\"twitter:data1\" content=\"1 minut\" \/>\n<script type=\"application\/ld+json\" class=\"yoast-schema-graph\">{\"@context\":\"https:\\\/\\\/schema.org\",\"@graph\":[{\"@type\":\"WebPage\",\"@id\":\"https:\\\/\\\/ebrecleaneco.com\\\/ca\\\/producte\\\/the-first\\\/\",\"url\":\"https:\\\/\\\/ebrecleaneco.com\\\/ca\\\/producte\\\/the-first\\\/\",\"name\":\"THE FIRST - LLANTES ALCAL\u00cd - Ebreclean ECO\",\"isPartOf\":{\"@id\":\"https:\\\/\\\/ebrecleaneco.com\\\/ca\\\/#website\"},\"primaryImageOfPage\":{\"@id\":\"https:\\\/\\\/ebrecleaneco.com\\\/ca\\\/producte\\\/the-first\\\/#primaryimage\"},\"image\":{\"@id\":\"https:\\\/\\\/ebrecleaneco.com\\\/ca\\\/producte\\\/the-first\\\/#primaryimage\"},\"thumbnailUrl\":\"https:\\\/\\\/ebrecleaneco.com\\\/wp-content\\\/uploads\\\/2023\\\/04\\\/the-first.jpg\",\"datePublished\":\"2023-04-06T15:06:25+00:00\",\"dateModified\":\"2024-01-08T23:34:51+00:00\",\"description\":\"The FirstTHE FIRST - LLANTES ALCAL\u00cd. altament concentrat per a la neteja de llantes d'alumini als vehicles. Elimina la carboneta i la brut\u00edcia.\",\"breadcrumb\":{\"@id\":\"https:\\\/\\\/ebrecleaneco.com\\\/ca\\\/producte\\\/the-first\\\/#breadcrumb\"},\"inLanguage\":\"ca\",\"potentialAction\":[{\"@type\":\"ReadAction\",\"target\":[\"https:\\\/\\\/ebrecleaneco.com\\\/ca\\\/producte\\\/the-first\\\/\"]}]},{\"@type\":\"ImageObject\",\"inLanguage\":\"ca\",\"@id\":\"https:\\\/\\\/ebrecleaneco.com\\\/ca\\\/producte\\\/the-first\\\/#primaryimage\",\"url\":\"https:\\\/\\\/ebrecleaneco.com\\\/wp-content\\\/uploads\\\/2023\\\/04\\\/the-first.jpg\",\"contentUrl\":\"https:\\\/\\\/ebrecleaneco.com\\\/wp-content\\\/uploads\\\/2023\\\/04\\\/the-first.jpg\",\"width\":500,\"height\":500,\"caption\":\"THE FIRST\"},{\"@type\":\"BreadcrumbList\",\"@id\":\"https:\\\/\\\/ebrecleaneco.com\\\/ca\\\/producte\\\/the-first\\\/#breadcrumb\",\"itemListElement\":[{\"@type\":\"ListItem\",\"position\":1,\"name\":\"Home\",\"item\":\"https:\\\/\\\/ebrecleaneco.com\\\/ca\\\/ebreclean-eco-detailing\\\/\"},{\"@type\":\"ListItem\",\"position\":2,\"name\":\"Botiga\",\"item\":\"https:\\\/\\\/ebrecleaneco.com\\\/ca\\\/botiga\\\/\"},{\"@type\":\"ListItem\",\"position\":3,\"name\":\"THE FIRST &#8211; LLANTES ALCAL\u00cd\"}]},{\"@type\":\"WebSite\",\"@id\":\"https:\\\/\\\/ebrecleaneco.com\\\/ca\\\/#website\",\"url\":\"https:\\\/\\\/ebrecleaneco.com\\\/ca\\\/\",\"name\":\"Ebreclean ECO\",\"description\":\"Tu tienda online de productos de limpieza para tu vehiculo, accesorios y detailing! Somos fabricantes y distribuidores. Monta tu propio lavadero ecol\u00f3gico con nosotros!\",\"publisher\":{\"@id\":\"https:\\\/\\\/ebrecleaneco.com\\\/ca\\\/#organization\"},\"alternateName\":\"EBRECLEAN\",\"potentialAction\":[{\"@type\":\"SearchAction\",\"target\":{\"@type\":\"EntryPoint\",\"urlTemplate\":\"https:\\\/\\\/ebrecleaneco.com\\\/ca\\\/?s={search_term_string}\"},\"query-input\":{\"@type\":\"PropertyValueSpecification\",\"valueRequired\":true,\"valueName\":\"search_term_string\"}}],\"inLanguage\":\"ca\"},{\"@type\":\"Organization\",\"@id\":\"https:\\\/\\\/ebrecleaneco.com\\\/ca\\\/#organization\",\"name\":\"Ebreclean ECO\",\"url\":\"https:\\\/\\\/ebrecleaneco.com\\\/ca\\\/\",\"logo\":{\"@type\":\"ImageObject\",\"inLanguage\":\"ca\",\"@id\":\"https:\\\/\\\/ebrecleaneco.com\\\/ca\\\/#\\\/schema\\\/logo\\\/image\\\/\",\"url\":\"https:\\\/\\\/ebrecleaneco.com\\\/wp-content\\\/uploads\\\/2023\\\/03\\\/cropped-logo-512-blanc.png\",\"contentUrl\":\"https:\\\/\\\/ebrecleaneco.com\\\/wp-content\\\/uploads\\\/2023\\\/03\\\/cropped-logo-512-blanc.png\",\"width\":512,\"height\":512,\"caption\":\"Ebreclean ECO\"},\"image\":{\"@id\":\"https:\\\/\\\/ebrecleaneco.com\\\/ca\\\/#\\\/schema\\\/logo\\\/image\\\/\"},\"sameAs\":[\"https:\\\/\\\/www.instagram.com\\\/ebrecleaneco\\\/\"]}]}<\/script>\n<!-- \/ Yoast SEO plugin. -->","yoast_head_json":{"title":"THE FIRST - LLANTES ALCAL\u00cd - Ebreclean ECO","description":"The FirstTHE FIRST - LLANTES ALCAL\u00cd. altament concentrat per a la neteja de llantes d'alumini als vehicles. Elimina la carboneta i la brut\u00edcia.","robots":{"index":"index","follow":"follow","max-snippet":"max-snippet:-1","max-image-preview":"max-image-preview:large","max-video-preview":"max-video-preview:-1"},"canonical":"https:\/\/ebrecleaneco.com\/ca\/producte\/the-first\/","og_locale":"ca_ES","og_type":"article","og_title":"THE FIRST - LLANTES ALCAL\u00cd - Ebreclean ECO","og_description":"The FirstTHE FIRST - LLANTES ALCAL\u00cd. altament concentrat per a la neteja de llantes d'alumini als vehicles. Elimina la carboneta i la brut\u00edcia.","og_url":"https:\/\/ebrecleaneco.com\/ca\/producte\/the-first\/","og_site_name":"Ebreclean ECO","article_modified_time":"2024-01-08T23:34:51+00:00","og_image":[{"width":500,"height":500,"url":"https:\/\/ebrecleaneco.com\/wp-content\/uploads\/2023\/04\/the-first.jpg","type":"image\/jpeg"}],"twitter_card":"summary_large_image","twitter_misc":{"Temps estimat de lectura":"1 minut"},"schema":{"@context":"https:\/\/schema.org","@graph":[{"@type":"WebPage","@id":"https:\/\/ebrecleaneco.com\/ca\/producte\/the-first\/","url":"https:\/\/ebrecleaneco.com\/ca\/producte\/the-first\/","name":"THE FIRST - LLANTES ALCAL\u00cd - Ebreclean ECO","isPartOf":{"@id":"https:\/\/ebrecleaneco.com\/ca\/#website"},"primaryImageOfPage":{"@id":"https:\/\/ebrecleaneco.com\/ca\/producte\/the-first\/#primaryimage"},"image":{"@id":"https:\/\/ebrecleaneco.com\/ca\/producte\/the-first\/#primaryimage"},"thumbnailUrl":"https:\/\/ebrecleaneco.com\/wp-content\/uploads\/2023\/04\/the-first.jpg","datePublished":"2023-04-06T15:06:25+00:00","dateModified":"2024-01-08T23:34:51+00:00","description":"The FirstTHE FIRST - LLANTES ALCAL\u00cd. altament concentrat per a la neteja de llantes d'alumini als vehicles. Elimina la carboneta i la brut\u00edcia.","breadcrumb":{"@id":"https:\/\/ebrecleaneco.com\/ca\/producte\/the-first\/#breadcrumb"},"inLanguage":"ca","potentialAction":[{"@type":"ReadAction","target":["https:\/\/ebrecleaneco.com\/ca\/producte\/the-first\/"]}]},{"@type":"ImageObject","inLanguage":"ca","@id":"https:\/\/ebrecleaneco.com\/ca\/producte\/the-first\/#primaryimage","url":"https:\/\/ebrecleaneco.com\/wp-content\/uploads\/2023\/04\/the-first.jpg","contentUrl":"https:\/\/ebrecleaneco.com\/wp-content\/uploads\/2023\/04\/the-first.jpg","width":500,"height":500,"caption":"THE FIRST"},{"@type":"BreadcrumbList","@id":"https:\/\/ebrecleaneco.com\/ca\/producte\/the-first\/#breadcrumb","itemListElement":[{"@type":"ListItem","position":1,"name":"Home","item":"https:\/\/ebrecleaneco.com\/ca\/ebreclean-eco-detailing\/"},{"@type":"ListItem","position":2,"name":"Botiga","item":"https:\/\/ebrecleaneco.com\/ca\/botiga\/"},{"@type":"ListItem","position":3,"name":"THE FIRST &#8211; LLANTES ALCAL\u00cd"}]},{"@type":"WebSite","@id":"https:\/\/ebrecleaneco.com\/ca\/#website","url":"https:\/\/ebrecleaneco.com\/ca\/","name":"Ebreclean ECO","description":"Tu tienda online de productos de limpieza para tu vehiculo, accesorios y detailing! Somos fabricantes y distribuidores. Monta tu propio lavadero ecol\u00f3gico con nosotros!","publisher":{"@id":"https:\/\/ebrecleaneco.com\/ca\/#organization"},"alternateName":"EBRECLEAN","potentialAction":[{"@type":"SearchAction","target":{"@type":"EntryPoint","urlTemplate":"https:\/\/ebrecleaneco.com\/ca\/?s={search_term_string}"},"query-input":{"@type":"PropertyValueSpecification","valueRequired":true,"valueName":"search_term_string"}}],"inLanguage":"ca"},{"@type":"Organization","@id":"https:\/\/ebrecleaneco.com\/ca\/#organization","name":"Ebreclean ECO","url":"https:\/\/ebrecleaneco.com\/ca\/","logo":{"@type":"ImageObject","inLanguage":"ca","@id":"https:\/\/ebrecleaneco.com\/ca\/#\/schema\/logo\/image\/","url":"https:\/\/ebrecleaneco.com\/wp-content\/uploads\/2023\/03\/cropped-logo-512-blanc.png","contentUrl":"https:\/\/ebrecleaneco.com\/wp-content\/uploads\/2023\/03\/cropped-logo-512-blanc.png","width":512,"height":512,"caption":"Ebreclean ECO"},"image":{"@id":"https:\/\/ebrecleaneco.com\/ca\/#\/schema\/logo\/image\/"},"sameAs":["https:\/\/www.instagram.com\/ebrecleaneco\/"]}]}},"_links":{"self":[{"href":"https:\/\/ebrecleaneco.com\/ca\/wp-json\/wp\/v2\/product\/9555","targetHints":{"allow":["GET"]}}],"collection":[{"href":"https:\/\/ebrecleaneco.com\/ca\/wp-json\/wp\/v2\/product"}],"about":[{"href":"https:\/\/ebrecleaneco.com\/ca\/wp-json\/wp\/v2\/types\/product"}],"replies":[{"embeddable":true,"href":"https:\/\/ebrecleaneco.com\/ca\/wp-json\/wp\/v2\/comments?post=9555"}],"wp:featuredmedia":[{"embeddable":true,"href":"https:\/\/ebrecleaneco.com\/ca\/wp-json\/wp\/v2\/media\/9803"}],"wp:attachment":[{"href":"https:\/\/ebrecleaneco.com\/ca\/wp-json\/wp\/v2\/media?parent=9555"}],"wp:term":[{"taxonomy":"product_brand","embeddable":true,"href":"https:\/\/ebrecleaneco.com\/ca\/wp-json\/wp\/v2\/product_brand?post=9555"},{"taxonomy":"product_cat","embeddable":true,"href":"https:\/\/ebrecleaneco.com\/ca\/wp-json\/wp\/v2\/product_cat?post=9555"},{"taxonomy":"product_tag","embeddable":true,"href":"https:\/\/ebrecleaneco.com\/ca\/wp-json\/wp\/v2\/product_tag?post=9555"}],"curies":[{"name":"wp","href":"https:\/\/api.w.org\/{rel}","templated":true}]}}