{"id":9565,"date":"2023-04-06T11:23:51","date_gmt":"2023-04-06T10:23:51","guid":{"rendered":"https:\/\/ebrecleaneco.com\/producto\/dry-peach\/"},"modified":"2026-02-25T17:40:40","modified_gmt":"2026-02-25T16:40:40","slug":"polvoritzador-espumant-2-0","status":"publish","type":"product","link":"https:\/\/ebrecleaneco.com\/ca\/producte\/polvoritzador-espumant-2-0\/","title":{"rendered":"POLVORITZADOR ESPUMANT 2.0"},"content":{"rendered":"<section class=\"wpb-content-wrapper\"><p>[vc_row pix_padding_top=&#8221;padding No&#8221; pix_padding_bottom=&#8221;padding No&#8221; gradient_colors=&#8221;%5B%7B%7D%5D&#8221;][vc_column width=&#8221;3\/4&#8243; gradient_colors=&#8221;%5B%7B%7D%5D&#8221;][vc_column_text]<\/p>\n<p><strong>POLVORITZADOR ESPUMANT 2.0<\/strong><\/p>\n<p>Est\u00e0 equipat amb tres mescladors (taronja, gris i verd) que permeten variar el tipus d&#8217;escuma escollint entre escuma humida, interm\u00e8dia o seca.<\/p>\n<div dir=\"auto\"><\/div>\n<div dir=\"auto\">IK Foam Pro 2+ proporciona a l&#8217;usuari una escuma densa i permanent que \u00e9s ideal per a treballs professionals de neteja, sanejament i desinfecci\u00f3, neteja de sistemes HVAC, rentat i detalls de vehicles, aix\u00ed com per a la desinfecci\u00f3 d&#8217;\u00e0rees de processament d&#8217;aliments i cuines industrials.<\/div>\n<div dir=\"auto\"><\/div>\n<div dir=\"auto\">IK FOAM Pro 2+<\/div>\n<div dir=\"auto\">Polvoritzador professional<\/div>\n<div dir=\"auto\">El polvoritzador professional IK FOAM Pro 2+ ha estat fabricat per generar escuma seca i duradora. Est\u00e0 dissenyat per ser utilitzat amb agents qu\u00edmics amb propietats tensioactives. Foam Pro 2+ es pot accionar de dues maneres diferents: manualment o amb el connector d\u02bbaire comprimit.<\/div>\n<div dir=\"auto\"><\/div>\n<div dir=\"auto\">Permet que el tanc es pressuritzi mitjan\u00e7ant m\u00f2duls de compressor gen\u00e8rics com els destinats a inflar pneum\u00e0tics. El connector daire fa que el proc\u00e9s de pressi\u00f3 sigui m\u00e9s r\u00e0pid i f\u00e0cil mitjan\u00e7ant l\u00fas de dispositius \u00e0mpliament disponibles comercialment sense necessitat de bombar-lo manualment.<\/div>\n<div dir=\"auto\"><\/div>\n<div dir=\"auto\">Aquest polvoritzador t\u00e9 una \u00e0mplia boca d&#8217;ompliment, disseny ergon\u00f2mic, una v\u00e0lvula de seguretat de 3 bar, base per a m\u00e9s estabilitat, tapes de colors per identificar el contingut del dip\u00f2sit i un bloqueig de seguretat.<\/div>\n<\/section>","protected":false},"excerpt":{"rendered":"<p><strong>POLVORITZADOR ESPUMANT 2.0<\/strong><\/p>\n<p>Est\u00e0 equipat amb tres mescladors que permeten variar el tipus d&#8217;escuma escollint entre escuma humida, interm\u00e8dia o seca.<\/p>\n","protected":false},"featured_media":9797,"comment_status":"open","ping_status":"closed","template":"","meta":{"inline_featured_image":false},"product_brand":[],"product_cat":[443],"product_tag":[],"class_list":{"0":"post-9565","1":"product","2":"type-product","3":"status-publish","4":"has-post-thumbnail","6":"product_cat-accessoris","8":"first","9":"instock","10":"shipping-taxable","11":"purchasable","12":"product-type-simple"},"yoast_head":"<!-- This site is optimized with the Yoast SEO plugin v27.4 - https:\/\/yoast.com\/product\/yoast-seo-wordpress\/ -->\n<title>POLVORITZADOR ESPUMANT 2.0 - Ebreclean ECO<\/title>\n<meta name=\"description\" content=\"POLVORITZADOR ESPUMANT 2.0 Est\u00e0 equipat amb tres mescladors que permeten variar el tipus d&#039;escuma escollint entre escuma humida, interm\u00e8dia o seca.\" \/>\n<meta name=\"robots\" content=\"index, follow, max-snippet:-1, max-image-preview:large, max-video-preview:-1\" \/>\n<link rel=\"canonical\" href=\"https:\/\/ebrecleaneco.com\/ca\/producte\/polvoritzador-espumant-2-0\/\" \/>\n<meta property=\"og:locale\" content=\"ca_ES\" \/>\n<meta property=\"og:type\" content=\"article\" \/>\n<meta property=\"og:title\" content=\"POLVORITZADOR ESPUMANT 2.0 - Ebreclean ECO\" \/>\n<meta property=\"og:description\" content=\"POLVORITZADOR ESPUMANT 2.0 Est\u00e0 equipat amb tres mescladors que permeten variar el tipus d&#039;escuma escollint entre escuma humida, interm\u00e8dia o seca.\" \/>\n<meta property=\"og:url\" content=\"https:\/\/ebrecleaneco.com\/ca\/producte\/polvoritzador-espumant-2-0\/\" \/>\n<meta property=\"og:site_name\" content=\"Ebreclean ECO\" \/>\n<meta property=\"article:modified_time\" content=\"2026-02-25T16:40:40+00:00\" \/>\n<meta property=\"og:image\" content=\"https:\/\/ebrecleaneco.com\/wp-content\/uploads\/2023\/04\/pulverizador-espumante2.0.jpg\" \/>\n\t<meta property=\"og:image:width\" content=\"500\" \/>\n\t<meta property=\"og:image:height\" content=\"500\" \/>\n\t<meta property=\"og:image:type\" content=\"image\/jpeg\" \/>\n<meta name=\"twitter:card\" content=\"summary_large_image\" \/>\n<meta name=\"twitter:label1\" content=\"Temps estimat de lectura\" \/>\n\t<meta name=\"twitter:data1\" content=\"2 minuts\" \/>\n<script type=\"application\/ld+json\" class=\"yoast-schema-graph\">{\"@context\":\"https:\\\/\\\/schema.org\",\"@graph\":[{\"@type\":\"WebPage\",\"@id\":\"https:\\\/\\\/ebrecleaneco.com\\\/ca\\\/producte\\\/polvoritzador-espumant-2-0\\\/\",\"url\":\"https:\\\/\\\/ebrecleaneco.com\\\/ca\\\/producte\\\/polvoritzador-espumant-2-0\\\/\",\"name\":\"POLVORITZADOR ESPUMANT 2.0 - Ebreclean ECO\",\"isPartOf\":{\"@id\":\"https:\\\/\\\/ebrecleaneco.com\\\/ca\\\/#website\"},\"primaryImageOfPage\":{\"@id\":\"https:\\\/\\\/ebrecleaneco.com\\\/ca\\\/producte\\\/polvoritzador-espumant-2-0\\\/#primaryimage\"},\"image\":{\"@id\":\"https:\\\/\\\/ebrecleaneco.com\\\/ca\\\/producte\\\/polvoritzador-espumant-2-0\\\/#primaryimage\"},\"thumbnailUrl\":\"https:\\\/\\\/ebrecleaneco.com\\\/wp-content\\\/uploads\\\/2023\\\/04\\\/pulverizador-espumante2.0.jpg\",\"datePublished\":\"2023-04-06T10:23:51+00:00\",\"dateModified\":\"2026-02-25T16:40:40+00:00\",\"description\":\"POLVORITZADOR ESPUMANT 2.0 Est\u00e0 equipat amb tres mescladors que permeten variar el tipus d'escuma escollint entre escuma humida, interm\u00e8dia o seca.\",\"breadcrumb\":{\"@id\":\"https:\\\/\\\/ebrecleaneco.com\\\/ca\\\/producte\\\/polvoritzador-espumant-2-0\\\/#breadcrumb\"},\"inLanguage\":\"ca\",\"potentialAction\":[{\"@type\":\"ReadAction\",\"target\":[\"https:\\\/\\\/ebrecleaneco.com\\\/ca\\\/producte\\\/polvoritzador-espumant-2-0\\\/\"]}]},{\"@type\":\"ImageObject\",\"inLanguage\":\"ca\",\"@id\":\"https:\\\/\\\/ebrecleaneco.com\\\/ca\\\/producte\\\/polvoritzador-espumant-2-0\\\/#primaryimage\",\"url\":\"https:\\\/\\\/ebrecleaneco.com\\\/wp-content\\\/uploads\\\/2023\\\/04\\\/pulverizador-espumante2.0.jpg\",\"contentUrl\":\"https:\\\/\\\/ebrecleaneco.com\\\/wp-content\\\/uploads\\\/2023\\\/04\\\/pulverizador-espumante2.0.jpg\",\"width\":500,\"height\":500,\"caption\":\"pulverizador espumante 2.0\"},{\"@type\":\"BreadcrumbList\",\"@id\":\"https:\\\/\\\/ebrecleaneco.com\\\/ca\\\/producte\\\/polvoritzador-espumant-2-0\\\/#breadcrumb\",\"itemListElement\":[{\"@type\":\"ListItem\",\"position\":1,\"name\":\"Home\",\"item\":\"https:\\\/\\\/ebrecleaneco.com\\\/ca\\\/ebreclean-eco-detailing\\\/\"},{\"@type\":\"ListItem\",\"position\":2,\"name\":\"Botiga\",\"item\":\"https:\\\/\\\/ebrecleaneco.com\\\/ca\\\/botiga\\\/\"},{\"@type\":\"ListItem\",\"position\":3,\"name\":\"POLVORITZADOR ESPUMANT 2.0\"}]},{\"@type\":\"WebSite\",\"@id\":\"https:\\\/\\\/ebrecleaneco.com\\\/ca\\\/#website\",\"url\":\"https:\\\/\\\/ebrecleaneco.com\\\/ca\\\/\",\"name\":\"Ebreclean ECO\",\"description\":\"Tu tienda online de productos de limpieza para tu vehiculo, accesorios y detailing! Somos fabricantes y distribuidores. Monta tu propio lavadero ecol\u00f3gico con nosotros!\",\"publisher\":{\"@id\":\"https:\\\/\\\/ebrecleaneco.com\\\/ca\\\/#organization\"},\"alternateName\":\"EBRECLEAN\",\"potentialAction\":[{\"@type\":\"SearchAction\",\"target\":{\"@type\":\"EntryPoint\",\"urlTemplate\":\"https:\\\/\\\/ebrecleaneco.com\\\/ca\\\/?s={search_term_string}\"},\"query-input\":{\"@type\":\"PropertyValueSpecification\",\"valueRequired\":true,\"valueName\":\"search_term_string\"}}],\"inLanguage\":\"ca\"},{\"@type\":\"Organization\",\"@id\":\"https:\\\/\\\/ebrecleaneco.com\\\/ca\\\/#organization\",\"name\":\"Ebreclean ECO\",\"url\":\"https:\\\/\\\/ebrecleaneco.com\\\/ca\\\/\",\"logo\":{\"@type\":\"ImageObject\",\"inLanguage\":\"ca\",\"@id\":\"https:\\\/\\\/ebrecleaneco.com\\\/ca\\\/#\\\/schema\\\/logo\\\/image\\\/\",\"url\":\"https:\\\/\\\/ebrecleaneco.com\\\/wp-content\\\/uploads\\\/2023\\\/03\\\/cropped-logo-512-blanc.png\",\"contentUrl\":\"https:\\\/\\\/ebrecleaneco.com\\\/wp-content\\\/uploads\\\/2023\\\/03\\\/cropped-logo-512-blanc.png\",\"width\":512,\"height\":512,\"caption\":\"Ebreclean ECO\"},\"image\":{\"@id\":\"https:\\\/\\\/ebrecleaneco.com\\\/ca\\\/#\\\/schema\\\/logo\\\/image\\\/\"},\"sameAs\":[\"https:\\\/\\\/www.instagram.com\\\/ebrecleaneco\\\/\"]}]}<\/script>\n<!-- \/ Yoast SEO plugin. -->","yoast_head_json":{"title":"POLVORITZADOR ESPUMANT 2.0 - Ebreclean ECO","description":"POLVORITZADOR ESPUMANT 2.0 Est\u00e0 equipat amb tres mescladors que permeten variar el tipus d'escuma escollint entre escuma humida, interm\u00e8dia o seca.","robots":{"index":"index","follow":"follow","max-snippet":"max-snippet:-1","max-image-preview":"max-image-preview:large","max-video-preview":"max-video-preview:-1"},"canonical":"https:\/\/ebrecleaneco.com\/ca\/producte\/polvoritzador-espumant-2-0\/","og_locale":"ca_ES","og_type":"article","og_title":"POLVORITZADOR ESPUMANT 2.0 - Ebreclean ECO","og_description":"POLVORITZADOR ESPUMANT 2.0 Est\u00e0 equipat amb tres mescladors que permeten variar el tipus d'escuma escollint entre escuma humida, interm\u00e8dia o seca.","og_url":"https:\/\/ebrecleaneco.com\/ca\/producte\/polvoritzador-espumant-2-0\/","og_site_name":"Ebreclean ECO","article_modified_time":"2026-02-25T16:40:40+00:00","og_image":[{"width":500,"height":500,"url":"https:\/\/ebrecleaneco.com\/wp-content\/uploads\/2023\/04\/pulverizador-espumante2.0.jpg","type":"image\/jpeg"}],"twitter_card":"summary_large_image","twitter_misc":{"Temps estimat de lectura":"2 minuts"},"schema":{"@context":"https:\/\/schema.org","@graph":[{"@type":"WebPage","@id":"https:\/\/ebrecleaneco.com\/ca\/producte\/polvoritzador-espumant-2-0\/","url":"https:\/\/ebrecleaneco.com\/ca\/producte\/polvoritzador-espumant-2-0\/","name":"POLVORITZADOR ESPUMANT 2.0 - Ebreclean ECO","isPartOf":{"@id":"https:\/\/ebrecleaneco.com\/ca\/#website"},"primaryImageOfPage":{"@id":"https:\/\/ebrecleaneco.com\/ca\/producte\/polvoritzador-espumant-2-0\/#primaryimage"},"image":{"@id":"https:\/\/ebrecleaneco.com\/ca\/producte\/polvoritzador-espumant-2-0\/#primaryimage"},"thumbnailUrl":"https:\/\/ebrecleaneco.com\/wp-content\/uploads\/2023\/04\/pulverizador-espumante2.0.jpg","datePublished":"2023-04-06T10:23:51+00:00","dateModified":"2026-02-25T16:40:40+00:00","description":"POLVORITZADOR ESPUMANT 2.0 Est\u00e0 equipat amb tres mescladors que permeten variar el tipus d'escuma escollint entre escuma humida, interm\u00e8dia o seca.","breadcrumb":{"@id":"https:\/\/ebrecleaneco.com\/ca\/producte\/polvoritzador-espumant-2-0\/#breadcrumb"},"inLanguage":"ca","potentialAction":[{"@type":"ReadAction","target":["https:\/\/ebrecleaneco.com\/ca\/producte\/polvoritzador-espumant-2-0\/"]}]},{"@type":"ImageObject","inLanguage":"ca","@id":"https:\/\/ebrecleaneco.com\/ca\/producte\/polvoritzador-espumant-2-0\/#primaryimage","url":"https:\/\/ebrecleaneco.com\/wp-content\/uploads\/2023\/04\/pulverizador-espumante2.0.jpg","contentUrl":"https:\/\/ebrecleaneco.com\/wp-content\/uploads\/2023\/04\/pulverizador-espumante2.0.jpg","width":500,"height":500,"caption":"pulverizador espumante 2.0"},{"@type":"BreadcrumbList","@id":"https:\/\/ebrecleaneco.com\/ca\/producte\/polvoritzador-espumant-2-0\/#breadcrumb","itemListElement":[{"@type":"ListItem","position":1,"name":"Home","item":"https:\/\/ebrecleaneco.com\/ca\/ebreclean-eco-detailing\/"},{"@type":"ListItem","position":2,"name":"Botiga","item":"https:\/\/ebrecleaneco.com\/ca\/botiga\/"},{"@type":"ListItem","position":3,"name":"POLVORITZADOR ESPUMANT 2.0"}]},{"@type":"WebSite","@id":"https:\/\/ebrecleaneco.com\/ca\/#website","url":"https:\/\/ebrecleaneco.com\/ca\/","name":"Ebreclean ECO","description":"Tu tienda online de productos de limpieza para tu vehiculo, accesorios y detailing! Somos fabricantes y distribuidores. Monta tu propio lavadero ecol\u00f3gico con nosotros!","publisher":{"@id":"https:\/\/ebrecleaneco.com\/ca\/#organization"},"alternateName":"EBRECLEAN","potentialAction":[{"@type":"SearchAction","target":{"@type":"EntryPoint","urlTemplate":"https:\/\/ebrecleaneco.com\/ca\/?s={search_term_string}"},"query-input":{"@type":"PropertyValueSpecification","valueRequired":true,"valueName":"search_term_string"}}],"inLanguage":"ca"},{"@type":"Organization","@id":"https:\/\/ebrecleaneco.com\/ca\/#organization","name":"Ebreclean ECO","url":"https:\/\/ebrecleaneco.com\/ca\/","logo":{"@type":"ImageObject","inLanguage":"ca","@id":"https:\/\/ebrecleaneco.com\/ca\/#\/schema\/logo\/image\/","url":"https:\/\/ebrecleaneco.com\/wp-content\/uploads\/2023\/03\/cropped-logo-512-blanc.png","contentUrl":"https:\/\/ebrecleaneco.com\/wp-content\/uploads\/2023\/03\/cropped-logo-512-blanc.png","width":512,"height":512,"caption":"Ebreclean ECO"},"image":{"@id":"https:\/\/ebrecleaneco.com\/ca\/#\/schema\/logo\/image\/"},"sameAs":["https:\/\/www.instagram.com\/ebrecleaneco\/"]}]}},"_links":{"self":[{"href":"https:\/\/ebrecleaneco.com\/ca\/wp-json\/wp\/v2\/product\/9565","targetHints":{"allow":["GET"]}}],"collection":[{"href":"https:\/\/ebrecleaneco.com\/ca\/wp-json\/wp\/v2\/product"}],"about":[{"href":"https:\/\/ebrecleaneco.com\/ca\/wp-json\/wp\/v2\/types\/product"}],"replies":[{"embeddable":true,"href":"https:\/\/ebrecleaneco.com\/ca\/wp-json\/wp\/v2\/comments?post=9565"}],"wp:featuredmedia":[{"embeddable":true,"href":"https:\/\/ebrecleaneco.com\/ca\/wp-json\/wp\/v2\/media\/9797"}],"wp:attachment":[{"href":"https:\/\/ebrecleaneco.com\/ca\/wp-json\/wp\/v2\/media?parent=9565"}],"wp:term":[{"taxonomy":"product_brand","embeddable":true,"href":"https:\/\/ebrecleaneco.com\/ca\/wp-json\/wp\/v2\/product_brand?post=9565"},{"taxonomy":"product_cat","embeddable":true,"href":"https:\/\/ebrecleaneco.com\/ca\/wp-json\/wp\/v2\/product_cat?post=9565"},{"taxonomy":"product_tag","embeddable":true,"href":"https:\/\/ebrecleaneco.com\/ca\/wp-json\/wp\/v2\/product_tag?post=9565"}],"curies":[{"name":"wp","href":"https:\/\/api.w.org\/{rel}","templated":true}]}}