{"id":9568,"date":"2023-04-06T11:04:18","date_gmt":"2023-04-06T10:04:18","guid":{"rendered":"https:\/\/ebrecleaneco.com\/producto\/dark-plastic\/"},"modified":"2026-02-20T09:43:26","modified_gmt":"2026-02-20T08:43:26","slug":"dark-plastic-abrillantador-de-pneumatics-i-plastics-nous-2","status":"publish","type":"product","link":"https:\/\/ebrecleaneco.com\/ca\/producte\/dark-plastic-abrillantador-de-pneumatics-i-plastics-nous-2\/","title":{"rendered":"DARK PLASTIC &#8211; ABRILLANTADOR PNEUM\u00c0TICS I PL\u00c0STICS NOUS"},"content":{"rendered":"<section class=\"wpb-content-wrapper\"><p>[vc_row pix_padding_top=&#8221;padding No&#8221; pix_padding_bottom=&#8221;padding No&#8221; gradient_colors=&#8221;%5B%7B%7D%5D&#8221;][vc_column width=&#8221;3\/4&#8243; gradient_colors=&#8221;%5B%7B%7D%5D&#8221;][vc_column_text]<\/p>\n<p><strong>Dark Plastic<\/strong><\/p>\n<p>Proporciona als pneum\u00e0tics un acabat perfecte, amb brillantor espectacular, recuperant l&#8217;aspecte de nous. Protegeix i mant\u00e9 l&#8217;elasticitat del cautx\u00fa. No cont\u00e9 dissolvents. No resseca.<\/p>\n<div dir=\"auto\">MODE D&#8217;\u00daS<\/div>\n<div dir=\"auto\"><\/div>\n<div dir=\"auto\">Polvoritzar uniformement sobre la superf\u00edcie del pneum\u00e0tic o pl\u00e0stics. Repartiu-ho lleugerament amb un aplicador o esponja.<\/div>\n<div dir=\"auto\"><\/div>\n<div dir=\"auto\">PRESENTACI\u00d3:<\/div>\n<div dir=\"auto\"><\/div>\n<div dir=\"auto\">&#8211; Ampolla de 500 ml amb tap de seguretat, polvoritzador i un aplicador incl\u00f2s.<\/div>\n<\/section>","protected":false},"excerpt":{"rendered":"<p><strong>Dark Plastic<\/strong><\/p>\n<p>Recuperador-abrillantador de pneum\u00e0tics i pl\u00e0stics nous.<\/p>\n","protected":false},"featured_media":9612,"comment_status":"open","ping_status":"closed","template":"","meta":{"inline_featured_image":false},"product_brand":[],"product_cat":[444,436],"product_tag":[],"class_list":{"0":"post-9568","1":"product","2":"type-product","3":"status-publish","4":"has-post-thumbnail","6":"product_cat-exterior-ca","7":"product_cat-interior-ca","9":"first","10":"instock","11":"sale","12":"shipping-taxable","13":"purchasable","14":"product-type-simple"},"yoast_head":"<!-- This site is optimized with the Yoast SEO plugin v27.4 - https:\/\/yoast.com\/product\/yoast-seo-wordpress\/ -->\n<title>DARK PLASTIC - ABRILLANTADOR PNEUM\u00c0TICS I PL\u00c0STICS NOUS<\/title>\n<meta name=\"description\" content=\"Dark Plastic Recuperador-abrillantador de pneum\u00e0tics i pl\u00e0stics nous. Proporciona als pneum\u00e0tics un acabat perfecte, amb brillantor espectacular.\" \/>\n<meta name=\"robots\" content=\"index, follow, max-snippet:-1, max-image-preview:large, max-video-preview:-1\" \/>\n<link rel=\"canonical\" href=\"https:\/\/ebrecleaneco.com\/ca\/producte\/dark-plastic-abrillantador-de-pneumatics-i-plastics-nous-2\/\" \/>\n<meta property=\"og:locale\" content=\"ca_ES\" \/>\n<meta property=\"og:type\" content=\"article\" \/>\n<meta property=\"og:title\" content=\"DARK PLASTIC - ABRILLANTADOR PNEUM\u00c0TICS I PL\u00c0STICS NOUS\" \/>\n<meta property=\"og:description\" content=\"Dark Plastic Recuperador-abrillantador de pneum\u00e0tics i pl\u00e0stics nous. Proporciona als pneum\u00e0tics un acabat perfecte, amb brillantor espectacular.\" \/>\n<meta property=\"og:url\" content=\"https:\/\/ebrecleaneco.com\/ca\/producte\/dark-plastic-abrillantador-de-pneumatics-i-plastics-nous-2\/\" \/>\n<meta property=\"og:site_name\" content=\"Ebreclean ECO\" \/>\n<meta property=\"article:modified_time\" content=\"2026-02-20T08:43:26+00:00\" \/>\n<meta property=\"og:image\" content=\"https:\/\/ebrecleaneco.com\/wp-content\/uploads\/2023\/06\/DARK-PLASTIC.png\" \/>\n\t<meta property=\"og:image:width\" content=\"500\" \/>\n\t<meta property=\"og:image:height\" content=\"500\" \/>\n\t<meta property=\"og:image:type\" content=\"image\/png\" \/>\n<meta name=\"twitter:card\" content=\"summary_large_image\" \/>\n<meta name=\"twitter:label1\" content=\"Temps estimat de lectura\" \/>\n\t<meta name=\"twitter:data1\" content=\"1 minut\" \/>\n<script type=\"application\/ld+json\" class=\"yoast-schema-graph\">{\"@context\":\"https:\\\/\\\/schema.org\",\"@graph\":[{\"@type\":\"WebPage\",\"@id\":\"https:\\\/\\\/ebrecleaneco.com\\\/ca\\\/producte\\\/dark-plastic-abrillantador-de-pneumatics-i-plastics-nous-2\\\/\",\"url\":\"https:\\\/\\\/ebrecleaneco.com\\\/ca\\\/producte\\\/dark-plastic-abrillantador-de-pneumatics-i-plastics-nous-2\\\/\",\"name\":\"DARK PLASTIC - ABRILLANTADOR PNEUM\u00c0TICS I PL\u00c0STICS NOUS\",\"isPartOf\":{\"@id\":\"https:\\\/\\\/ebrecleaneco.com\\\/ca\\\/#website\"},\"primaryImageOfPage\":{\"@id\":\"https:\\\/\\\/ebrecleaneco.com\\\/ca\\\/producte\\\/dark-plastic-abrillantador-de-pneumatics-i-plastics-nous-2\\\/#primaryimage\"},\"image\":{\"@id\":\"https:\\\/\\\/ebrecleaneco.com\\\/ca\\\/producte\\\/dark-plastic-abrillantador-de-pneumatics-i-plastics-nous-2\\\/#primaryimage\"},\"thumbnailUrl\":\"https:\\\/\\\/ebrecleaneco.com\\\/wp-content\\\/uploads\\\/2023\\\/06\\\/DARK-PLASTIC.png\",\"datePublished\":\"2023-04-06T10:04:18+00:00\",\"dateModified\":\"2026-02-20T08:43:26+00:00\",\"description\":\"Dark Plastic Recuperador-abrillantador de pneum\u00e0tics i pl\u00e0stics nous. Proporciona als pneum\u00e0tics un acabat perfecte, amb brillantor espectacular.\",\"breadcrumb\":{\"@id\":\"https:\\\/\\\/ebrecleaneco.com\\\/ca\\\/producte\\\/dark-plastic-abrillantador-de-pneumatics-i-plastics-nous-2\\\/#breadcrumb\"},\"inLanguage\":\"ca\",\"potentialAction\":[{\"@type\":\"ReadAction\",\"target\":[\"https:\\\/\\\/ebrecleaneco.com\\\/ca\\\/producte\\\/dark-plastic-abrillantador-de-pneumatics-i-plastics-nous-2\\\/\"]}]},{\"@type\":\"ImageObject\",\"inLanguage\":\"ca\",\"@id\":\"https:\\\/\\\/ebrecleaneco.com\\\/ca\\\/producte\\\/dark-plastic-abrillantador-de-pneumatics-i-plastics-nous-2\\\/#primaryimage\",\"url\":\"https:\\\/\\\/ebrecleaneco.com\\\/wp-content\\\/uploads\\\/2023\\\/06\\\/DARK-PLASTIC.png\",\"contentUrl\":\"https:\\\/\\\/ebrecleaneco.com\\\/wp-content\\\/uploads\\\/2023\\\/06\\\/DARK-PLASTIC.png\",\"width\":500,\"height\":500,\"caption\":\"DARK PLASTIC\"},{\"@type\":\"BreadcrumbList\",\"@id\":\"https:\\\/\\\/ebrecleaneco.com\\\/ca\\\/producte\\\/dark-plastic-abrillantador-de-pneumatics-i-plastics-nous-2\\\/#breadcrumb\",\"itemListElement\":[{\"@type\":\"ListItem\",\"position\":1,\"name\":\"Home\",\"item\":\"https:\\\/\\\/ebrecleaneco.com\\\/ca\\\/ebreclean-eco-detailing\\\/\"},{\"@type\":\"ListItem\",\"position\":2,\"name\":\"Botiga\",\"item\":\"https:\\\/\\\/ebrecleaneco.com\\\/ca\\\/botiga\\\/\"},{\"@type\":\"ListItem\",\"position\":3,\"name\":\"DARK PLASTIC &#8211; ABRILLANTADOR PNEUM\u00c0TICS I PL\u00c0STICS NOUS\"}]},{\"@type\":\"WebSite\",\"@id\":\"https:\\\/\\\/ebrecleaneco.com\\\/ca\\\/#website\",\"url\":\"https:\\\/\\\/ebrecleaneco.com\\\/ca\\\/\",\"name\":\"Ebreclean ECO\",\"description\":\"Tu tienda online de productos de limpieza para tu vehiculo, accesorios y detailing! Somos fabricantes y distribuidores. Monta tu propio lavadero ecol\u00f3gico con nosotros!\",\"publisher\":{\"@id\":\"https:\\\/\\\/ebrecleaneco.com\\\/ca\\\/#organization\"},\"alternateName\":\"EBRECLEAN\",\"potentialAction\":[{\"@type\":\"SearchAction\",\"target\":{\"@type\":\"EntryPoint\",\"urlTemplate\":\"https:\\\/\\\/ebrecleaneco.com\\\/ca\\\/?s={search_term_string}\"},\"query-input\":{\"@type\":\"PropertyValueSpecification\",\"valueRequired\":true,\"valueName\":\"search_term_string\"}}],\"inLanguage\":\"ca\"},{\"@type\":\"Organization\",\"@id\":\"https:\\\/\\\/ebrecleaneco.com\\\/ca\\\/#organization\",\"name\":\"Ebreclean ECO\",\"url\":\"https:\\\/\\\/ebrecleaneco.com\\\/ca\\\/\",\"logo\":{\"@type\":\"ImageObject\",\"inLanguage\":\"ca\",\"@id\":\"https:\\\/\\\/ebrecleaneco.com\\\/ca\\\/#\\\/schema\\\/logo\\\/image\\\/\",\"url\":\"https:\\\/\\\/ebrecleaneco.com\\\/wp-content\\\/uploads\\\/2023\\\/03\\\/cropped-logo-512-blanc.png\",\"contentUrl\":\"https:\\\/\\\/ebrecleaneco.com\\\/wp-content\\\/uploads\\\/2023\\\/03\\\/cropped-logo-512-blanc.png\",\"width\":512,\"height\":512,\"caption\":\"Ebreclean ECO\"},\"image\":{\"@id\":\"https:\\\/\\\/ebrecleaneco.com\\\/ca\\\/#\\\/schema\\\/logo\\\/image\\\/\"},\"sameAs\":[\"https:\\\/\\\/www.instagram.com\\\/ebrecleaneco\\\/\"]}]}<\/script>\n<!-- \/ Yoast SEO plugin. -->","yoast_head_json":{"title":"DARK PLASTIC - ABRILLANTADOR PNEUM\u00c0TICS I PL\u00c0STICS NOUS","description":"Dark Plastic Recuperador-abrillantador de pneum\u00e0tics i pl\u00e0stics nous. Proporciona als pneum\u00e0tics un acabat perfecte, amb brillantor espectacular.","robots":{"index":"index","follow":"follow","max-snippet":"max-snippet:-1","max-image-preview":"max-image-preview:large","max-video-preview":"max-video-preview:-1"},"canonical":"https:\/\/ebrecleaneco.com\/ca\/producte\/dark-plastic-abrillantador-de-pneumatics-i-plastics-nous-2\/","og_locale":"ca_ES","og_type":"article","og_title":"DARK PLASTIC - ABRILLANTADOR PNEUM\u00c0TICS I PL\u00c0STICS NOUS","og_description":"Dark Plastic Recuperador-abrillantador de pneum\u00e0tics i pl\u00e0stics nous. Proporciona als pneum\u00e0tics un acabat perfecte, amb brillantor espectacular.","og_url":"https:\/\/ebrecleaneco.com\/ca\/producte\/dark-plastic-abrillantador-de-pneumatics-i-plastics-nous-2\/","og_site_name":"Ebreclean ECO","article_modified_time":"2026-02-20T08:43:26+00:00","og_image":[{"width":500,"height":500,"url":"https:\/\/ebrecleaneco.com\/wp-content\/uploads\/2023\/06\/DARK-PLASTIC.png","type":"image\/png"}],"twitter_card":"summary_large_image","twitter_misc":{"Temps estimat de lectura":"1 minut"},"schema":{"@context":"https:\/\/schema.org","@graph":[{"@type":"WebPage","@id":"https:\/\/ebrecleaneco.com\/ca\/producte\/dark-plastic-abrillantador-de-pneumatics-i-plastics-nous-2\/","url":"https:\/\/ebrecleaneco.com\/ca\/producte\/dark-plastic-abrillantador-de-pneumatics-i-plastics-nous-2\/","name":"DARK PLASTIC - ABRILLANTADOR PNEUM\u00c0TICS I PL\u00c0STICS NOUS","isPartOf":{"@id":"https:\/\/ebrecleaneco.com\/ca\/#website"},"primaryImageOfPage":{"@id":"https:\/\/ebrecleaneco.com\/ca\/producte\/dark-plastic-abrillantador-de-pneumatics-i-plastics-nous-2\/#primaryimage"},"image":{"@id":"https:\/\/ebrecleaneco.com\/ca\/producte\/dark-plastic-abrillantador-de-pneumatics-i-plastics-nous-2\/#primaryimage"},"thumbnailUrl":"https:\/\/ebrecleaneco.com\/wp-content\/uploads\/2023\/06\/DARK-PLASTIC.png","datePublished":"2023-04-06T10:04:18+00:00","dateModified":"2026-02-20T08:43:26+00:00","description":"Dark Plastic Recuperador-abrillantador de pneum\u00e0tics i pl\u00e0stics nous. Proporciona als pneum\u00e0tics un acabat perfecte, amb brillantor espectacular.","breadcrumb":{"@id":"https:\/\/ebrecleaneco.com\/ca\/producte\/dark-plastic-abrillantador-de-pneumatics-i-plastics-nous-2\/#breadcrumb"},"inLanguage":"ca","potentialAction":[{"@type":"ReadAction","target":["https:\/\/ebrecleaneco.com\/ca\/producte\/dark-plastic-abrillantador-de-pneumatics-i-plastics-nous-2\/"]}]},{"@type":"ImageObject","inLanguage":"ca","@id":"https:\/\/ebrecleaneco.com\/ca\/producte\/dark-plastic-abrillantador-de-pneumatics-i-plastics-nous-2\/#primaryimage","url":"https:\/\/ebrecleaneco.com\/wp-content\/uploads\/2023\/06\/DARK-PLASTIC.png","contentUrl":"https:\/\/ebrecleaneco.com\/wp-content\/uploads\/2023\/06\/DARK-PLASTIC.png","width":500,"height":500,"caption":"DARK PLASTIC"},{"@type":"BreadcrumbList","@id":"https:\/\/ebrecleaneco.com\/ca\/producte\/dark-plastic-abrillantador-de-pneumatics-i-plastics-nous-2\/#breadcrumb","itemListElement":[{"@type":"ListItem","position":1,"name":"Home","item":"https:\/\/ebrecleaneco.com\/ca\/ebreclean-eco-detailing\/"},{"@type":"ListItem","position":2,"name":"Botiga","item":"https:\/\/ebrecleaneco.com\/ca\/botiga\/"},{"@type":"ListItem","position":3,"name":"DARK PLASTIC &#8211; ABRILLANTADOR PNEUM\u00c0TICS I PL\u00c0STICS NOUS"}]},{"@type":"WebSite","@id":"https:\/\/ebrecleaneco.com\/ca\/#website","url":"https:\/\/ebrecleaneco.com\/ca\/","name":"Ebreclean ECO","description":"Tu tienda online de productos de limpieza para tu vehiculo, accesorios y detailing! Somos fabricantes y distribuidores. Monta tu propio lavadero ecol\u00f3gico con nosotros!","publisher":{"@id":"https:\/\/ebrecleaneco.com\/ca\/#organization"},"alternateName":"EBRECLEAN","potentialAction":[{"@type":"SearchAction","target":{"@type":"EntryPoint","urlTemplate":"https:\/\/ebrecleaneco.com\/ca\/?s={search_term_string}"},"query-input":{"@type":"PropertyValueSpecification","valueRequired":true,"valueName":"search_term_string"}}],"inLanguage":"ca"},{"@type":"Organization","@id":"https:\/\/ebrecleaneco.com\/ca\/#organization","name":"Ebreclean ECO","url":"https:\/\/ebrecleaneco.com\/ca\/","logo":{"@type":"ImageObject","inLanguage":"ca","@id":"https:\/\/ebrecleaneco.com\/ca\/#\/schema\/logo\/image\/","url":"https:\/\/ebrecleaneco.com\/wp-content\/uploads\/2023\/03\/cropped-logo-512-blanc.png","contentUrl":"https:\/\/ebrecleaneco.com\/wp-content\/uploads\/2023\/03\/cropped-logo-512-blanc.png","width":512,"height":512,"caption":"Ebreclean ECO"},"image":{"@id":"https:\/\/ebrecleaneco.com\/ca\/#\/schema\/logo\/image\/"},"sameAs":["https:\/\/www.instagram.com\/ebrecleaneco\/"]}]}},"_links":{"self":[{"href":"https:\/\/ebrecleaneco.com\/ca\/wp-json\/wp\/v2\/product\/9568","targetHints":{"allow":["GET"]}}],"collection":[{"href":"https:\/\/ebrecleaneco.com\/ca\/wp-json\/wp\/v2\/product"}],"about":[{"href":"https:\/\/ebrecleaneco.com\/ca\/wp-json\/wp\/v2\/types\/product"}],"replies":[{"embeddable":true,"href":"https:\/\/ebrecleaneco.com\/ca\/wp-json\/wp\/v2\/comments?post=9568"}],"wp:featuredmedia":[{"embeddable":true,"href":"https:\/\/ebrecleaneco.com\/ca\/wp-json\/wp\/v2\/media\/9612"}],"wp:attachment":[{"href":"https:\/\/ebrecleaneco.com\/ca\/wp-json\/wp\/v2\/media?parent=9568"}],"wp:term":[{"taxonomy":"product_brand","embeddable":true,"href":"https:\/\/ebrecleaneco.com\/ca\/wp-json\/wp\/v2\/product_brand?post=9568"},{"taxonomy":"product_cat","embeddable":true,"href":"https:\/\/ebrecleaneco.com\/ca\/wp-json\/wp\/v2\/product_cat?post=9568"},{"taxonomy":"product_tag","embeddable":true,"href":"https:\/\/ebrecleaneco.com\/ca\/wp-json\/wp\/v2\/product_tag?post=9568"}],"curies":[{"name":"wp","href":"https:\/\/api.w.org\/{rel}","templated":true}]}}