{"id":9586,"date":"2023-04-05T11:14:39","date_gmt":"2023-04-05T10:14:39","guid":{"rendered":"https:\/\/ebrecleaneco.com\/producto\/zvizzer-thermo-pad\/"},"modified":"2026-02-20T10:02:13","modified_gmt":"2026-02-20T09:02:13","slug":"zvizzer-thermo-pad","status":"publish","type":"product","link":"https:\/\/ebrecleaneco.com\/ca\/producte\/zvizzer-thermo-pad\/","title":{"rendered":"PACK PROFESSIONAL NETEJA VIDRES"},"content":{"rendered":"<section class=\"wpb-content-wrapper\"><p>[vc_row pix_padding_top=&#8221;padding No&#8221; pix_padding_bottom=&#8221;padding No&#8221; gradient_colors=&#8221;%5B%7B%7D%5D&#8221;][vc_column width=&#8221;3\/4&#8243; gradient_colors=&#8221;%5B%7B%7D%5D&#8221;][vc_column_text]<\/p>\n<div dir=\"auto\">\n<h2 id=\"tw-target-text\" class=\"tw-data-text tw-text-large tw-ta\" dir=\"ltr\" data-placeholder=\"Traducci\u00f3\" data-ved=\"2ahUKEwiJiOu1zqeKAxVSV6QEHanXGfcQ3ewLegQIDBAU\" aria-label=\"Text tradu\u00eft: PACK NETEJA PROFESSIONAL VIDRES Presentem el pack per a una correcta neteja de vidres. L'error m\u00e9s com\u00fa \u00e9s no desgreixar el vidre i no utilitzar les baietes correctes. Tots els vidres contenen molt de greix, normalment invisible que dificulta i entela els vidres. La nostra recomanaci\u00f3 \u00e9s: 1 - Desgreixar el vidre amb APC i una baieta premium de vidres panellada . 2- Netejar el vidre amb un drap netejavidres. PRESENTACI\u00d3: 1\u00a0ampolla de 500ml dAPC,1\u00a0ampolla de 500ml de FIRE GLASS, una baieta premium de vidres panellada\u00a0 i un drap netejavidres\"><span class=\"Y2IQFc\" lang=\"ca\"><strong>PACK NETEJA PROFESSIONAL VIDRES<\/strong><\/span><\/h2>\n<p class=\"tw-data-text tw-text-large tw-ta\" dir=\"ltr\" data-placeholder=\"Traducci\u00f3\" data-ved=\"2ahUKEwiJiOu1zqeKAxVSV6QEHanXGfcQ3ewLegQIDBAU\" aria-label=\"Text tradu\u00eft: PACK NETEJA PROFESSIONAL VIDRES Presentem el pack per a una correcta neteja de vidres. L'error m\u00e9s com\u00fa \u00e9s no desgreixar el vidre i no utilitzar les baietes correctes. Tots els vidres contenen molt de greix, normalment invisible que dificulta i entela els vidres. La nostra recomanaci\u00f3 \u00e9s: 1 - Desgreixar el vidre amb APC i una baieta premium de vidres panellada . 2- Netejar el vidre amb un drap netejavidres. PRESENTACI\u00d3: 1\u00a0ampolla de 500ml dAPC,1\u00a0ampolla de 500ml de FIRE GLASS, una baieta premium de vidres panellada\u00a0 i un drap netejavidres\"><span class=\"Y2IQFc\" lang=\"ca\"> Presentem el pack per a una correcta neteja de vidres.<\/span><\/p>\n<p class=\"tw-data-text tw-text-large tw-ta\" dir=\"ltr\" data-placeholder=\"Traducci\u00f3\" data-ved=\"2ahUKEwiJiOu1zqeKAxVSV6QEHanXGfcQ3ewLegQIDBAU\" aria-label=\"Text tradu\u00eft: PACK NETEJA PROFESSIONAL VIDRES Presentem el pack per a una correcta neteja de vidres. L'error m\u00e9s com\u00fa \u00e9s no desgreixar el vidre i no utilitzar les baietes correctes. Tots els vidres contenen molt de greix, normalment invisible que dificulta i entela els vidres. La nostra recomanaci\u00f3 \u00e9s: 1 - Desgreixar el vidre amb APC i una baieta premium de vidres panellada . 2- Netejar el vidre amb un drap netejavidres. PRESENTACI\u00d3: 1\u00a0ampolla de 500ml dAPC,1\u00a0ampolla de 500ml de FIRE GLASS, una baieta premium de vidres panellada\u00a0 i un drap netejavidres\"><span class=\"Y2IQFc\" lang=\"ca\">L&#8217;error m\u00e9s com\u00fa \u00e9s no desengreixar el vidre i no utilitzar les baietes correctes. <\/span><\/p>\n<p class=\"tw-data-text tw-text-large tw-ta\" dir=\"ltr\" data-placeholder=\"Traducci\u00f3\" data-ved=\"2ahUKEwiJiOu1zqeKAxVSV6QEHanXGfcQ3ewLegQIDBAU\" aria-label=\"Text tradu\u00eft: PACK NETEJA PROFESSIONAL VIDRES Presentem el pack per a una correcta neteja de vidres. L'error m\u00e9s com\u00fa \u00e9s no desgreixar el vidre i no utilitzar les baietes correctes. Tots els vidres contenen molt de greix, normalment invisible que dificulta i entela els vidres. La nostra recomanaci\u00f3 \u00e9s: 1 - Desgreixar el vidre amb APC i una baieta premium de vidres panellada . 2- Netejar el vidre amb un drap netejavidres. PRESENTACI\u00d3: 1\u00a0ampolla de 500ml dAPC,1\u00a0ampolla de 500ml de FIRE GLASS, una baieta premium de vidres panellada\u00a0 i un drap netejavidres\"><span class=\"Y2IQFc\" lang=\"ca\">Tots els vidres contenen molt de greix, normalment invisible que dificulta i entela els vidres. <\/span><\/p>\n<h4 class=\"tw-data-text tw-text-large tw-ta\" dir=\"ltr\" data-placeholder=\"Traducci\u00f3\" data-ved=\"2ahUKEwiJiOu1zqeKAxVSV6QEHanXGfcQ3ewLegQIDBAU\" aria-label=\"Text tradu\u00eft: PACK NETEJA PROFESSIONAL VIDRES Presentem el pack per a una correcta neteja de vidres. L'error m\u00e9s com\u00fa \u00e9s no desgreixar el vidre i no utilitzar les baietes correctes. Tots els vidres contenen molt de greix, normalment invisible que dificulta i entela els vidres. La nostra recomanaci\u00f3 \u00e9s: 1 - Desgreixar el vidre amb APC i una baieta premium de vidres panellada . 2- Netejar el vidre amb un drap netejavidres. PRESENTACI\u00d3: 1\u00a0ampolla de 500ml dAPC,1\u00a0ampolla de 500ml de FIRE GLASS, una baieta premium de vidres panellada\u00a0 i un drap netejavidres\"><span class=\"Y2IQFc\" lang=\"ca\"><strong>La nostra recomanaci\u00f3 \u00e9s<\/strong>:<\/span><\/h4>\n<ol>\n<li class=\"tw-data-text tw-text-large tw-ta\" dir=\"ltr\" data-placeholder=\"Traducci\u00f3\" data-ved=\"2ahUKEwiJiOu1zqeKAxVSV6QEHanXGfcQ3ewLegQIDBAU\" aria-label=\"Text tradu\u00eft: PACK NETEJA PROFESSIONAL VIDRES Presentem el pack per a una correcta neteja de vidres. L'error m\u00e9s com\u00fa \u00e9s no desgreixar el vidre i no utilitzar les baietes correctes. Tots els vidres contenen molt de greix, normalment invisible que dificulta i entela els vidres. La nostra recomanaci\u00f3 \u00e9s: 1 - Desgreixar el vidre amb APC i una baieta premium de vidres panellada . 2- Netejar el vidre amb un drap netejavidres. PRESENTACI\u00d3: 1\u00a0ampolla de 500ml dAPC,1\u00a0ampolla de 500ml de FIRE GLASS, una baieta premium de vidres panellada\u00a0 i un drap netejavidres\"><span class=\"Y2IQFc\" lang=\"ca\">\u00a0Desengreixar el vidre amb APC i una baieta premium de vidres panellada . <\/span><\/li>\n<li class=\"tw-data-text tw-text-large tw-ta\" dir=\"ltr\" data-placeholder=\"Traducci\u00f3\" data-ved=\"2ahUKEwiJiOu1zqeKAxVSV6QEHanXGfcQ3ewLegQIDBAU\" aria-label=\"Text tradu\u00eft: PACK NETEJA PROFESSIONAL VIDRES Presentem el pack per a una correcta neteja de vidres. L'error m\u00e9s com\u00fa \u00e9s no desgreixar el vidre i no utilitzar les baietes correctes. Tots els vidres contenen molt de greix, normalment invisible que dificulta i entela els vidres. La nostra recomanaci\u00f3 \u00e9s: 1 - Desgreixar el vidre amb APC i una baieta premium de vidres panellada . 2- Netejar el vidre amb un drap netejavidres. PRESENTACI\u00d3: 1\u00a0ampolla de 500ml dAPC,1\u00a0ampolla de 500ml de FIRE GLASS, una baieta premium de vidres panellada\u00a0 i un drap netejavidres\"><span class=\"Y2IQFc\" lang=\"ca\">\u00a0Netejar el vidre amb un drap netejavidres. PRESENTACI\u00d3: 1 ampolla de 500ml dAPC,1 ampolla de 500ml de FIRE GLASS, una baieta premium de vidres panellada\u00a0 i un drap netejavidres<\/span><\/li>\n<\/ol>\n<\/div>\n<\/section>","protected":false},"excerpt":{"rendered":"<h2 id=\"tw-target-text\" class=\"tw-data-text tw-text-large tw-ta\" dir=\"ltr\" data-placeholder=\"Traducci\u00f3\" data-ved=\"2ahUKEwi6u__miKiKAxU9Q6QEHdzIKwUQ3ewLegQIDBAU\" aria-label=\"Text tradu\u00eft: Pack professional \u00a0Els vidres quedaran com a nous. Cont\u00e9: 1\u00a0ampolla de 500ml d'APC 1\u00a0ampolla de 500ml de FIRE GLASS 1 baieta premium de vidres panellada (el color pot canviar segons disponibilitat) 1 drap netejavidres\"><strong><span class=\"Y2IQFc\" lang=\"ca\">Pack professional<\/span><\/strong><\/h2>\n<p class=\"tw-data-text tw-text-large tw-ta\" dir=\"ltr\" data-placeholder=\"Traducci\u00f3\" data-ved=\"2ahUKEwi6u__miKiKAxU9Q6QEHdzIKwUQ3ewLegQIDBAU\" aria-label=\"Text tradu\u00eft: Pack professional \u00a0Els vidres quedaran com a nous. Cont\u00e9: 1\u00a0ampolla de 500ml d'APC 1\u00a0ampolla de 500ml de FIRE GLASS 1 baieta premium de vidres panellada (el color pot canviar segons disponibilitat) 1 drap netejavidres\"><span class=\"Y2IQFc\" lang=\"ca\"> \u00a0Els vidres quedaran com a nous. <\/span><\/p>\n<h4 class=\"tw-data-text tw-text-large tw-ta\" dir=\"ltr\" data-placeholder=\"Traducci\u00f3\" data-ved=\"2ahUKEwi6u__miKiKAxU9Q6QEHdzIKwUQ3ewLegQIDBAU\" aria-label=\"Text tradu\u00eft: Pack professional \u00a0Els vidres quedaran com a nous. Cont\u00e9: 1\u00a0ampolla de 500ml d'APC 1\u00a0ampolla de 500ml de FIRE GLASS 1 baieta premium de vidres panellada (el color pot canviar segons disponibilitat) 1 drap netejavidres\"><strong><span class=\"Y2IQFc\" lang=\"ca\">Cont\u00e9:<\/span><\/strong><\/h4>\n<ul>\n<li class=\"tw-data-text tw-text-large tw-ta\" dir=\"ltr\" data-placeholder=\"Traducci\u00f3\" data-ved=\"2ahUKEwi6u__miKiKAxU9Q6QEHdzIKwUQ3ewLegQIDBAU\" aria-label=\"Text tradu\u00eft: Pack professional \u00a0Els vidres quedaran com a nous. Cont\u00e9: 1\u00a0ampolla de 500ml d'APC 1\u00a0ampolla de 500ml de FIRE GLASS 1 baieta premium de vidres panellada (el color pot canviar segons disponibilitat) 1 drap netejavidres\"><span class=\"Y2IQFc\" lang=\"ca\"> 1 ampolla de 500ml d&#8217;APC <\/span><\/li>\n<li class=\"tw-data-text tw-text-large tw-ta\" dir=\"ltr\" data-placeholder=\"Traducci\u00f3\" data-ved=\"2ahUKEwi6u__miKiKAxU9Q6QEHdzIKwUQ3ewLegQIDBAU\" aria-label=\"Text tradu\u00eft: Pack professional \u00a0Els vidres quedaran com a nous. Cont\u00e9: 1\u00a0ampolla de 500ml d'APC 1\u00a0ampolla de 500ml de FIRE GLASS 1 baieta premium de vidres panellada (el color pot canviar segons disponibilitat) 1 drap netejavidres\"><span class=\"Y2IQFc\" lang=\"ca\">1 ampolla de 500ml de FIRE GLASS <\/span><\/li>\n<li class=\"tw-data-text tw-text-large tw-ta\" dir=\"ltr\" data-placeholder=\"Traducci\u00f3\" data-ved=\"2ahUKEwi6u__miKiKAxU9Q6QEHdzIKwUQ3ewLegQIDBAU\" aria-label=\"Text tradu\u00eft: Pack professional \u00a0Els vidres quedaran com a nous. Cont\u00e9: 1\u00a0ampolla de 500ml d'APC 1\u00a0ampolla de 500ml de FIRE GLASS 1 baieta premium de vidres panellada (el color pot canviar segons disponibilitat) 1 drap netejavidres\"><span class=\"Y2IQFc\" lang=\"ca\">1 baieta premium de vidres panellada (el color pot canviar segons disponibilitat) <\/span><\/li>\n<li class=\"tw-data-text tw-text-large tw-ta\" dir=\"ltr\" data-placeholder=\"Traducci\u00f3\" data-ved=\"2ahUKEwi6u__miKiKAxU9Q6QEHdzIKwUQ3ewLegQIDBAU\" aria-label=\"Text tradu\u00eft: Pack professional \u00a0Els vidres quedaran com a nous. Cont\u00e9: 1\u00a0ampolla de 500ml d'APC 1\u00a0ampolla de 500ml de FIRE GLASS 1 baieta premium de vidres panellada (el color pot canviar segons disponibilitat) 1 drap netejavidres\"><span class=\"Y2IQFc\" lang=\"ca\">1 drap netejavidres<\/span><\/li>\n<\/ul>\n","protected":false},"featured_media":10311,"comment_status":"open","ping_status":"closed","template":"","meta":{"inline_featured_image":false},"product_brand":[],"product_cat":[437],"product_tag":[],"class_list":{"0":"post-9586","1":"product","2":"type-product","3":"status-publish","4":"has-post-thumbnail","6":"product_cat-packs-estalvi","8":"first","9":"instock","10":"sale","11":"shipping-taxable","12":"purchasable","13":"product-type-simple"},"yoast_head":"<!-- This site is optimized with the Yoast SEO plugin v27.6 - https:\/\/yoast.com\/product\/yoast-seo-wordpress\/ -->\n<title>PACK PROFESSIONAL NETEJA VIDRES<\/title>\n<meta name=\"description\" content=\"Presentem el pack per a una correcta neteja de vidres. L&#039;error m\u00e9s com\u00fa \u00e9s no desengreixar el vidre i no utilitzar les baietes correctes.\" \/>\n<meta name=\"robots\" content=\"index, follow, max-snippet:-1, max-video-preview:-1, noimageindex\" \/>\n<link rel=\"canonical\" href=\"https:\/\/ebrecleaneco.com\/ca\/producte\/zvizzer-thermo-pad\/\" \/>\n<meta property=\"og:locale\" content=\"ca_ES\" \/>\n<meta property=\"og:type\" content=\"article\" \/>\n<meta property=\"og:title\" content=\"PACK PROFESSIONAL NETEJA VIDRES\" \/>\n<meta property=\"og:description\" content=\"Presentem el pack per a una correcta neteja de vidres. L&#039;error m\u00e9s com\u00fa \u00e9s no desengreixar el vidre i no utilitzar les baietes correctes.\" \/>\n<meta property=\"og:url\" content=\"https:\/\/ebrecleaneco.com\/ca\/producte\/zvizzer-thermo-pad\/\" \/>\n<meta property=\"og:site_name\" content=\"Ebreclean ECO\" \/>\n<meta property=\"article:modified_time\" content=\"2026-02-20T09:02:13+00:00\" \/>\n<meta property=\"og:image\" content=\"https:\/\/ebrecleaneco.com\/wp-content\/uploads\/2023\/04\/PACK-PROFESIONAL-LIMPIEZA-CRISTALES.jpg\" \/>\n\t<meta property=\"og:image:width\" content=\"1512\" \/>\n\t<meta property=\"og:image:height\" content=\"1512\" \/>\n\t<meta property=\"og:image:type\" content=\"image\/jpeg\" \/>\n<meta name=\"twitter:card\" content=\"summary_large_image\" \/>\n<meta name=\"twitter:label1\" content=\"Temps estimat de lectura\" \/>\n\t<meta name=\"twitter:data1\" content=\"1 minut\" \/>\n<script type=\"application\/ld+json\" class=\"yoast-schema-graph\">{\"@context\":\"https:\\\/\\\/schema.org\",\"@graph\":[{\"@type\":\"WebPage\",\"@id\":\"https:\\\/\\\/ebrecleaneco.com\\\/ca\\\/producte\\\/zvizzer-thermo-pad\\\/\",\"url\":\"https:\\\/\\\/ebrecleaneco.com\\\/ca\\\/producte\\\/zvizzer-thermo-pad\\\/\",\"name\":\"PACK PROFESSIONAL NETEJA VIDRES\",\"isPartOf\":{\"@id\":\"https:\\\/\\\/ebrecleaneco.com\\\/ca\\\/#website\"},\"primaryImageOfPage\":{\"@id\":\"https:\\\/\\\/ebrecleaneco.com\\\/ca\\\/producte\\\/zvizzer-thermo-pad\\\/#primaryimage\"},\"image\":{\"@id\":\"https:\\\/\\\/ebrecleaneco.com\\\/ca\\\/producte\\\/zvizzer-thermo-pad\\\/#primaryimage\"},\"thumbnailUrl\":\"https:\\\/\\\/ebrecleaneco.com\\\/wp-content\\\/uploads\\\/2023\\\/04\\\/PACK-PROFESIONAL-LIMPIEZA-CRISTALES.jpg\",\"datePublished\":\"2023-04-05T10:14:39+00:00\",\"dateModified\":\"2026-02-20T09:02:13+00:00\",\"description\":\"Presentem el pack per a una correcta neteja de vidres. L'error m\u00e9s com\u00fa \u00e9s no desengreixar el vidre i no utilitzar les baietes correctes.\",\"breadcrumb\":{\"@id\":\"https:\\\/\\\/ebrecleaneco.com\\\/ca\\\/producte\\\/zvizzer-thermo-pad\\\/#breadcrumb\"},\"inLanguage\":\"ca\",\"potentialAction\":[{\"@type\":\"ReadAction\",\"target\":[\"https:\\\/\\\/ebrecleaneco.com\\\/ca\\\/producte\\\/zvizzer-thermo-pad\\\/\"]}]},{\"@type\":\"ImageObject\",\"inLanguage\":\"ca\",\"@id\":\"https:\\\/\\\/ebrecleaneco.com\\\/ca\\\/producte\\\/zvizzer-thermo-pad\\\/#primaryimage\",\"url\":\"https:\\\/\\\/ebrecleaneco.com\\\/wp-content\\\/uploads\\\/2023\\\/04\\\/PACK-PROFESIONAL-LIMPIEZA-CRISTALES.jpg\",\"contentUrl\":\"https:\\\/\\\/ebrecleaneco.com\\\/wp-content\\\/uploads\\\/2023\\\/04\\\/PACK-PROFESIONAL-LIMPIEZA-CRISTALES.jpg\",\"width\":1512,\"height\":1512,\"caption\":\"PACK PROFESIONAL LIMPIEZA CRISTALES\"},{\"@type\":\"BreadcrumbList\",\"@id\":\"https:\\\/\\\/ebrecleaneco.com\\\/ca\\\/producte\\\/zvizzer-thermo-pad\\\/#breadcrumb\",\"itemListElement\":[{\"@type\":\"ListItem\",\"position\":1,\"name\":\"Home\",\"item\":\"https:\\\/\\\/ebrecleaneco.com\\\/ca\\\/ebreclean-eco-detailing\\\/\"},{\"@type\":\"ListItem\",\"position\":2,\"name\":\"Botiga\",\"item\":\"https:\\\/\\\/ebrecleaneco.com\\\/ca\\\/botiga\\\/\"},{\"@type\":\"ListItem\",\"position\":3,\"name\":\"PACK PROFESSIONAL NETEJA VIDRES\"}]},{\"@type\":\"WebSite\",\"@id\":\"https:\\\/\\\/ebrecleaneco.com\\\/ca\\\/#website\",\"url\":\"https:\\\/\\\/ebrecleaneco.com\\\/ca\\\/\",\"name\":\"Ebreclean ECO\",\"description\":\"Tu tienda online de productos de limpieza para tu vehiculo, accesorios y detailing! Somos fabricantes y distribuidores. Monta tu propio lavadero ecol\u00f3gico con nosotros!\",\"publisher\":{\"@id\":\"https:\\\/\\\/ebrecleaneco.com\\\/ca\\\/#organization\"},\"alternateName\":\"EBRECLEAN\",\"potentialAction\":[{\"@type\":\"SearchAction\",\"target\":{\"@type\":\"EntryPoint\",\"urlTemplate\":\"https:\\\/\\\/ebrecleaneco.com\\\/ca\\\/?s={search_term_string}\"},\"query-input\":{\"@type\":\"PropertyValueSpecification\",\"valueRequired\":true,\"valueName\":\"search_term_string\"}}],\"inLanguage\":\"ca\"},{\"@type\":\"Organization\",\"@id\":\"https:\\\/\\\/ebrecleaneco.com\\\/ca\\\/#organization\",\"name\":\"Ebreclean ECO\",\"url\":\"https:\\\/\\\/ebrecleaneco.com\\\/ca\\\/\",\"logo\":{\"@type\":\"ImageObject\",\"inLanguage\":\"ca\",\"@id\":\"https:\\\/\\\/ebrecleaneco.com\\\/ca\\\/#\\\/schema\\\/logo\\\/image\\\/\",\"url\":\"https:\\\/\\\/ebrecleaneco.com\\\/wp-content\\\/uploads\\\/2023\\\/03\\\/cropped-logo-512-blanc.png\",\"contentUrl\":\"https:\\\/\\\/ebrecleaneco.com\\\/wp-content\\\/uploads\\\/2023\\\/03\\\/cropped-logo-512-blanc.png\",\"width\":512,\"height\":512,\"caption\":\"Ebreclean ECO\"},\"image\":{\"@id\":\"https:\\\/\\\/ebrecleaneco.com\\\/ca\\\/#\\\/schema\\\/logo\\\/image\\\/\"},\"sameAs\":[\"https:\\\/\\\/www.instagram.com\\\/ebrecleaneco\\\/\"]}]}<\/script>\n<!-- \/ Yoast SEO plugin. -->","yoast_head_json":{"title":"PACK PROFESSIONAL NETEJA VIDRES","description":"Presentem el pack per a una correcta neteja de vidres. L'error m\u00e9s com\u00fa \u00e9s no desengreixar el vidre i no utilitzar les baietes correctes.","robots":{"index":"index","follow":"follow","max-snippet":"max-snippet:-1","max-video-preview":"max-video-preview:-1","imageindex":"noimageindex"},"canonical":"https:\/\/ebrecleaneco.com\/ca\/producte\/zvizzer-thermo-pad\/","og_locale":"ca_ES","og_type":"article","og_title":"PACK PROFESSIONAL NETEJA VIDRES","og_description":"Presentem el pack per a una correcta neteja de vidres. L'error m\u00e9s com\u00fa \u00e9s no desengreixar el vidre i no utilitzar les baietes correctes.","og_url":"https:\/\/ebrecleaneco.com\/ca\/producte\/zvizzer-thermo-pad\/","og_site_name":"Ebreclean ECO","article_modified_time":"2026-02-20T09:02:13+00:00","og_image":[{"width":1512,"height":1512,"url":"https:\/\/ebrecleaneco.com\/wp-content\/uploads\/2023\/04\/PACK-PROFESIONAL-LIMPIEZA-CRISTALES.jpg","type":"image\/jpeg"}],"twitter_card":"summary_large_image","twitter_misc":{"Temps estimat de lectura":"1 minut"},"schema":{"@context":"https:\/\/schema.org","@graph":[{"@type":"WebPage","@id":"https:\/\/ebrecleaneco.com\/ca\/producte\/zvizzer-thermo-pad\/","url":"https:\/\/ebrecleaneco.com\/ca\/producte\/zvizzer-thermo-pad\/","name":"PACK PROFESSIONAL NETEJA VIDRES","isPartOf":{"@id":"https:\/\/ebrecleaneco.com\/ca\/#website"},"primaryImageOfPage":{"@id":"https:\/\/ebrecleaneco.com\/ca\/producte\/zvizzer-thermo-pad\/#primaryimage"},"image":{"@id":"https:\/\/ebrecleaneco.com\/ca\/producte\/zvizzer-thermo-pad\/#primaryimage"},"thumbnailUrl":"https:\/\/ebrecleaneco.com\/wp-content\/uploads\/2023\/04\/PACK-PROFESIONAL-LIMPIEZA-CRISTALES.jpg","datePublished":"2023-04-05T10:14:39+00:00","dateModified":"2026-02-20T09:02:13+00:00","description":"Presentem el pack per a una correcta neteja de vidres. L'error m\u00e9s com\u00fa \u00e9s no desengreixar el vidre i no utilitzar les baietes correctes.","breadcrumb":{"@id":"https:\/\/ebrecleaneco.com\/ca\/producte\/zvizzer-thermo-pad\/#breadcrumb"},"inLanguage":"ca","potentialAction":[{"@type":"ReadAction","target":["https:\/\/ebrecleaneco.com\/ca\/producte\/zvizzer-thermo-pad\/"]}]},{"@type":"ImageObject","inLanguage":"ca","@id":"https:\/\/ebrecleaneco.com\/ca\/producte\/zvizzer-thermo-pad\/#primaryimage","url":"https:\/\/ebrecleaneco.com\/wp-content\/uploads\/2023\/04\/PACK-PROFESIONAL-LIMPIEZA-CRISTALES.jpg","contentUrl":"https:\/\/ebrecleaneco.com\/wp-content\/uploads\/2023\/04\/PACK-PROFESIONAL-LIMPIEZA-CRISTALES.jpg","width":1512,"height":1512,"caption":"PACK PROFESIONAL LIMPIEZA CRISTALES"},{"@type":"BreadcrumbList","@id":"https:\/\/ebrecleaneco.com\/ca\/producte\/zvizzer-thermo-pad\/#breadcrumb","itemListElement":[{"@type":"ListItem","position":1,"name":"Home","item":"https:\/\/ebrecleaneco.com\/ca\/ebreclean-eco-detailing\/"},{"@type":"ListItem","position":2,"name":"Botiga","item":"https:\/\/ebrecleaneco.com\/ca\/botiga\/"},{"@type":"ListItem","position":3,"name":"PACK PROFESSIONAL NETEJA VIDRES"}]},{"@type":"WebSite","@id":"https:\/\/ebrecleaneco.com\/ca\/#website","url":"https:\/\/ebrecleaneco.com\/ca\/","name":"Ebreclean ECO","description":"Tu tienda online de productos de limpieza para tu vehiculo, accesorios y detailing! Somos fabricantes y distribuidores. Monta tu propio lavadero ecol\u00f3gico con nosotros!","publisher":{"@id":"https:\/\/ebrecleaneco.com\/ca\/#organization"},"alternateName":"EBRECLEAN","potentialAction":[{"@type":"SearchAction","target":{"@type":"EntryPoint","urlTemplate":"https:\/\/ebrecleaneco.com\/ca\/?s={search_term_string}"},"query-input":{"@type":"PropertyValueSpecification","valueRequired":true,"valueName":"search_term_string"}}],"inLanguage":"ca"},{"@type":"Organization","@id":"https:\/\/ebrecleaneco.com\/ca\/#organization","name":"Ebreclean ECO","url":"https:\/\/ebrecleaneco.com\/ca\/","logo":{"@type":"ImageObject","inLanguage":"ca","@id":"https:\/\/ebrecleaneco.com\/ca\/#\/schema\/logo\/image\/","url":"https:\/\/ebrecleaneco.com\/wp-content\/uploads\/2023\/03\/cropped-logo-512-blanc.png","contentUrl":"https:\/\/ebrecleaneco.com\/wp-content\/uploads\/2023\/03\/cropped-logo-512-blanc.png","width":512,"height":512,"caption":"Ebreclean ECO"},"image":{"@id":"https:\/\/ebrecleaneco.com\/ca\/#\/schema\/logo\/image\/"},"sameAs":["https:\/\/www.instagram.com\/ebrecleaneco\/"]}]}},"_links":{"self":[{"href":"https:\/\/ebrecleaneco.com\/ca\/wp-json\/wp\/v2\/product\/9586","targetHints":{"allow":["GET"]}}],"collection":[{"href":"https:\/\/ebrecleaneco.com\/ca\/wp-json\/wp\/v2\/product"}],"about":[{"href":"https:\/\/ebrecleaneco.com\/ca\/wp-json\/wp\/v2\/types\/product"}],"replies":[{"embeddable":true,"href":"https:\/\/ebrecleaneco.com\/ca\/wp-json\/wp\/v2\/comments?post=9586"}],"wp:featuredmedia":[{"embeddable":true,"href":"https:\/\/ebrecleaneco.com\/ca\/wp-json\/wp\/v2\/media\/10311"}],"wp:attachment":[{"href":"https:\/\/ebrecleaneco.com\/ca\/wp-json\/wp\/v2\/media?parent=9586"}],"wp:term":[{"taxonomy":"product_brand","embeddable":true,"href":"https:\/\/ebrecleaneco.com\/ca\/wp-json\/wp\/v2\/product_brand?post=9586"},{"taxonomy":"product_cat","embeddable":true,"href":"https:\/\/ebrecleaneco.com\/ca\/wp-json\/wp\/v2\/product_cat?post=9586"},{"taxonomy":"product_tag","embeddable":true,"href":"https:\/\/ebrecleaneco.com\/ca\/wp-json\/wp\/v2\/product_tag?post=9586"}],"curies":[{"name":"wp","href":"https:\/\/api.w.org\/{rel}","templated":true}]}}