{"id":9591,"date":"2023-04-05T11:14:38","date_gmt":"2023-04-05T10:14:38","guid":{"rendered":"https:\/\/ebrecleaneco.com\/producto\/rupes-lhr15-mark-iii-bigfoot\/"},"modified":"2026-02-25T18:17:33","modified_gmt":"2026-02-25T17:17:33","slug":"pulidora-rotorbital-21-mm","status":"publish","type":"product","link":"https:\/\/ebrecleaneco.com\/ca\/producte\/pulidora-rotorbital-21-mm\/","title":{"rendered":"POLIDORA ROTORBITAL 21MM"},"content":{"rendered":"<section class=\"wpb-content-wrapper\"><p>[vc_row pix_padding_top=&#8221;padding No&#8221; pix_padding_bottom=&#8221;padding No&#8221; gradient_colors=&#8221;%5B%7B%7D%5D&#8221;][vc_column width=&#8221;3\/4&#8243; gradient_colors=&#8221;%5B%7B%7D%5D&#8221;][vc_column_text]<\/p>\n<div dir=\"auto\">POLIDORA ROTORBITAL 21MM<\/div>\n<div dir=\"auto\"> POLIDORA ROTORBITAL 21MM la polidora exc\u00e8ntric m\u00e9s nova amb un plat de 125 mm. POLIDORA ROTORBITAL 21MM m\u00e9s poderosa i avan\u00e7ada que mai! Aix\u00f2 converteix la POLIDORA ROTORBITAL 21MM a la m\u00e0quina polidora m\u00e9s professional per polir la pintura d&#8217;autom\u00f2bils. Una m\u00e0quina de poliment el\u00e8ctrica que ha estat especialment desenvolupada per al detallista de cotxes professional, o el professional m\u00e9s exigent.<\/div>\n<div dir=\"auto\"><\/div>\n<div dir=\"auto\">Quant a la POLIDORA ROTORBITAL 21MM<\/div>\n<div dir=\"auto\"><\/div>\n<div dir=\"auto\">POLIDORA ROTORBITAL 21MM \u00e9s la m\u00e0quina m\u00e9s popular per polir el\u00e8ctricament tot tipus de pintures i recobriments. Aquesta polidora el\u00e8ctrica t\u00e9 una \u00f2rbita de 15 mm i est\u00e0 equipada amb un plat de velcro de 125 mm, sobre la qual es poden col\u00b7locar discos de poliment de 130 mm i 150 mm.<\/div>\n<div dir=\"auto\"><\/div>\n<div dir=\"auto\"><\/div>\n<div dir=\"auto\">Qu\u00e8 hi ha de nou POLIDORA ROTORBITAL 21MM ?<\/div>\n<div dir=\"auto\"><\/div>\n<div dir=\"auto\">La nova polidora ha estat renovada a diverses \u00e0rees. Per exemple, la m\u00e0quina de poliment t\u00e9 diverses caracter\u00edstiques noves, un disseny completament nou i una major velocitat de rotaci\u00f3. Llegiu a continuaci\u00f3 qu\u00e8 s&#8217;ha actualitzat i quin valor afegit t\u00e9 per a vost\u00e8.<\/div>\n<div dir=\"auto\"><\/div>\n<div dir=\"auto\">Nova i m\u00e9s alta velocitat.<\/div>\n<div dir=\"auto\"><\/div>\n<div dir=\"auto\">La pot\u00e8ncia del motor  ha estat igual, per\u00f2 la velocitat s&#8217;ha renovat i augmentat.<\/div>\n<div dir=\"auto\"><\/div>\n<div dir=\"auto\">Accelerador electr\u00f2nic en m\u00e0nec.<\/div>\n<div dir=\"auto\"><\/div>\n<div dir=\"auto\">La polidora est\u00e0 equipada amb un bot\u00f3 electr\u00f2nic al m\u00e0nec que compta com un accelerador. Amb aquest bot\u00f3 progressiu podeu controlar la velocitat de la m\u00e0quina de forma controlada i dosificada! L&#8217;accelerador al m\u00e0nec \u00e9s especialment efectiu quan ha d&#8217;aplicar un nou poliment a la pintura i estendre&#8217;l a baixa velocitat abans de comen\u00e7ar a polir. Aix\u00f2 vol dir que no has de baixar la velocitat cada vegada que distribueixis el poliment sobre la superf\u00edcie!<\/div>\n<div dir=\"auto\"><\/div>\n<div dir=\"auto\"><\/div>\n<div dir=\"auto\">Zones Softgrip<\/div>\n<div dir=\"auto\"><\/div>\n<div dir=\"auto\">Aix\u00f2 vol dir que no has de baixar la velocitat cada vegada que distribueixis el poliment sobre la superf\u00edcie! Aquestes zones estan fetes de goma incre\u00efblement suau perqu\u00e8 pugui polir encara m\u00e9s c\u00f2modament i sense vibracions. Un suport addicional es col\u00b7loca a la part superior de la m\u00e0quina, la qual cosa permet que la polidora es giri cap enrere perqu\u00e8 el coixinet de polit romangui neta.<\/div>\n<div dir=\"auto\"><\/div>\n<div dir=\"auto\"><\/div>\n<div dir=\"auto\">Cable d\u00b4alimentaci\u00f3 de 9 metres de llarg.<\/div>\n<div dir=\"auto\"><\/div>\n<p>l&#8217;autom\u00f2bil!<\/p><\/div>\n<div dir=\"auto\"><\/div>\n<div dir=\"auto\"><\/div>\n<div dir=\"auto\">Caracter\u00edstiques <\/div>\n<div dir=\"auto\"><\/div>\n<div dir=\"auto\">La nova \u00e9s la m\u00e0quina polidora m\u00e9s professional del mercat.<\/div>\n<div dir=\"auto\"><\/div>\n<div dir=\"auto\"> Equipada amb gallet progressiu al m\u00e0nec.<\/div>\n<div dir=\"auto\"> Equipada amb zones d&#8217;empunyadura suau per a m\u00e9s comoditat<\/div>\n<div dir=\"auto\"> Poliment sense vibracions<\/div>\n<div dir=\"auto\"> M\u00e0quina polidora exc\u00e8ntrica de la m\u00e9s alta qualitat.<\/div>\n<div dir=\"auto\"> Equipat amb plat de velcro de 125mm.<\/div>\n<div dir=\"auto\"> Adequada per a discos de poliment de 130 mm i 150 mm.<\/div>\n<div dir=\"auto\"> Adequada per al poliment de totes les pintures i revestiments d&#8217;autom\u00f2bils.<\/div>\n<div dir=\"auto\"> Funciona a 230 volts.<\/div>\n<div dir=\"auto\"> Prove\u00eft de velocitat regulable en 6 posicions.<\/div>\n<div dir=\"auto\"> Pesa nom\u00e9s 2,6 kg<\/div>\n<\/section>","protected":false},"excerpt":{"rendered":"<p>La m\u00e0quina polidora rotorbital XPRO Machine \u00e9s una eina professional d&#8217;alt rendiment dissenyada per al detailing. Amb un sistema rotoorbital de 21 mm, aquesta polidora proporciona un tall eficient i un acabat suau en superf\u00edcies de vehicles, ideal per a aplicacions de correcci\u00f3 i poliment de pintura.<\/p>\n<p>Caracter\u00edstiques principals:<\/p>\n<p>Pot\u00e8ncia absorbida: 900 W, oferint prou for\u00e7a per a treballs exigents sense comprometre el control.<\/p>\n<p>Velocitat de rotaci\u00f3: Ajust electr\u00f2nic entre 1700 i 4200 RPM, cosa que permet personalitzar el polit segons les necessitats espec\u00edfiques de cada etapa del treball.<\/p>\n<p>Rosca: M8, compatible amb m\u00faltiples accessoris i discos de poliment.<\/p>\n<p>Pes: 2800 grams, proporcionant estabilitat i facilitat de maneig durant l&#8217;\u00fas perllongat.<\/p>\n<p>Alimentaci\u00f3: 230 V\/50 Hz, apte per a \u00fas en entorns de treball europeus.<\/p>\n","protected":false},"featured_media":10751,"comment_status":"open","ping_status":"closed","template":"","meta":{"inline_featured_image":false},"product_brand":[],"product_cat":[438],"product_tag":[],"class_list":{"0":"post-9591","1":"product","2":"type-product","3":"status-publish","4":"has-post-thumbnail","6":"product_cat-polidora-carrosseria-i-ceramic","8":"first","9":"instock","10":"sale","11":"shipping-taxable","12":"purchasable","13":"product-type-simple"},"yoast_head":"<!-- This site is optimized with the Yoast SEO plugin v27.3 - https:\/\/yoast.com\/product\/yoast-seo-wordpress\/ -->\n<title>POLIDORA ROTORBITAL 21MM - Ebreclean ECO<\/title>\n<meta name=\"description\" content=\"POLIDORA ROTORBITAL 21MM \u00e9s una eina professional d&#039;alt rendiment dissenyada per al detailing, ideal per a aplicacions de correcci\u00f3 i poliment de pintura.\" \/>\n<meta name=\"robots\" content=\"index, follow, max-snippet:-1, max-image-preview:large, max-video-preview:-1\" \/>\n<link rel=\"canonical\" href=\"https:\/\/ebrecleaneco.com\/ca\/producte\/pulidora-rotorbital-21-mm\/\" \/>\n<meta property=\"og:locale\" content=\"ca_ES\" \/>\n<meta property=\"og:type\" content=\"article\" \/>\n<meta property=\"og:title\" content=\"POLIDORA ROTORBITAL 21MM - Ebreclean ECO\" \/>\n<meta property=\"og:description\" content=\"POLIDORA ROTORBITAL 21MM \u00e9s una eina professional d&#039;alt rendiment dissenyada per al detailing, ideal per a aplicacions de correcci\u00f3 i poliment de pintura.\" \/>\n<meta property=\"og:url\" content=\"https:\/\/ebrecleaneco.com\/ca\/producte\/pulidora-rotorbital-21-mm\/\" \/>\n<meta property=\"og:site_name\" content=\"Ebreclean ECO\" \/>\n<meta property=\"article:modified_time\" content=\"2026-02-25T17:17:33+00:00\" \/>\n<meta property=\"og:image\" content=\"https:\/\/ebrecleaneco.com\/wp-content\/uploads\/2023\/04\/Pulidora-Orbital-210-mm-1400x1400-1.jpg\" \/>\n\t<meta property=\"og:image:width\" content=\"1400\" \/>\n\t<meta property=\"og:image:height\" content=\"1400\" \/>\n\t<meta property=\"og:image:type\" content=\"image\/jpeg\" \/>\n<meta name=\"twitter:card\" content=\"summary_large_image\" \/>\n<meta name=\"twitter:label1\" content=\"Temps estimat de lectura\" \/>\n\t<meta name=\"twitter:data1\" content=\"3 minuts\" \/>\n<script type=\"application\/ld+json\" class=\"yoast-schema-graph\">{\"@context\":\"https:\\\/\\\/schema.org\",\"@graph\":[{\"@type\":\"WebPage\",\"@id\":\"https:\\\/\\\/ebrecleaneco.com\\\/ca\\\/producte\\\/pulidora-rotorbital-21-mm\\\/\",\"url\":\"https:\\\/\\\/ebrecleaneco.com\\\/ca\\\/producte\\\/pulidora-rotorbital-21-mm\\\/\",\"name\":\"POLIDORA ROTORBITAL 21MM - Ebreclean ECO\",\"isPartOf\":{\"@id\":\"https:\\\/\\\/ebrecleaneco.com\\\/ca\\\/#website\"},\"primaryImageOfPage\":{\"@id\":\"https:\\\/\\\/ebrecleaneco.com\\\/ca\\\/producte\\\/pulidora-rotorbital-21-mm\\\/#primaryimage\"},\"image\":{\"@id\":\"https:\\\/\\\/ebrecleaneco.com\\\/ca\\\/producte\\\/pulidora-rotorbital-21-mm\\\/#primaryimage\"},\"thumbnailUrl\":\"https:\\\/\\\/ebrecleaneco.com\\\/wp-content\\\/uploads\\\/2023\\\/04\\\/Pulidora-Orbital-210-mm-1400x1400-1.jpg\",\"datePublished\":\"2023-04-05T10:14:38+00:00\",\"dateModified\":\"2026-02-25T17:17:33+00:00\",\"description\":\"POLIDORA ROTORBITAL 21MM \u00e9s una eina professional d'alt rendiment dissenyada per al detailing, ideal per a aplicacions de correcci\u00f3 i poliment de pintura.\",\"breadcrumb\":{\"@id\":\"https:\\\/\\\/ebrecleaneco.com\\\/ca\\\/producte\\\/pulidora-rotorbital-21-mm\\\/#breadcrumb\"},\"inLanguage\":\"ca\",\"potentialAction\":[{\"@type\":\"ReadAction\",\"target\":[\"https:\\\/\\\/ebrecleaneco.com\\\/ca\\\/producte\\\/pulidora-rotorbital-21-mm\\\/\"]}]},{\"@type\":\"ImageObject\",\"inLanguage\":\"ca\",\"@id\":\"https:\\\/\\\/ebrecleaneco.com\\\/ca\\\/producte\\\/pulidora-rotorbital-21-mm\\\/#primaryimage\",\"url\":\"https:\\\/\\\/ebrecleaneco.com\\\/wp-content\\\/uploads\\\/2023\\\/04\\\/Pulidora-Orbital-210-mm-1400x1400-1.jpg\",\"contentUrl\":\"https:\\\/\\\/ebrecleaneco.com\\\/wp-content\\\/uploads\\\/2023\\\/04\\\/Pulidora-Orbital-210-mm-1400x1400-1.jpg\",\"width\":1400,\"height\":1400},{\"@type\":\"BreadcrumbList\",\"@id\":\"https:\\\/\\\/ebrecleaneco.com\\\/ca\\\/producte\\\/pulidora-rotorbital-21-mm\\\/#breadcrumb\",\"itemListElement\":[{\"@type\":\"ListItem\",\"position\":1,\"name\":\"Home\",\"item\":\"https:\\\/\\\/ebrecleaneco.com\\\/ca\\\/ebreclean-eco-detailing\\\/\"},{\"@type\":\"ListItem\",\"position\":2,\"name\":\"Botiga\",\"item\":\"https:\\\/\\\/ebrecleaneco.com\\\/ca\\\/botiga\\\/\"},{\"@type\":\"ListItem\",\"position\":3,\"name\":\"POLIDORA ROTORBITAL 21MM\"}]},{\"@type\":\"WebSite\",\"@id\":\"https:\\\/\\\/ebrecleaneco.com\\\/ca\\\/#website\",\"url\":\"https:\\\/\\\/ebrecleaneco.com\\\/ca\\\/\",\"name\":\"Ebreclean ECO\",\"description\":\"Tu tienda online de productos de limpieza para tu vehiculo, accesorios y detailing! Somos fabricantes y distribuidores. Monta tu propio lavadero ecol\u00f3gico con nosotros!\",\"publisher\":{\"@id\":\"https:\\\/\\\/ebrecleaneco.com\\\/ca\\\/#organization\"},\"alternateName\":\"EBRECLEAN\",\"potentialAction\":[{\"@type\":\"SearchAction\",\"target\":{\"@type\":\"EntryPoint\",\"urlTemplate\":\"https:\\\/\\\/ebrecleaneco.com\\\/ca\\\/?s={search_term_string}\"},\"query-input\":{\"@type\":\"PropertyValueSpecification\",\"valueRequired\":true,\"valueName\":\"search_term_string\"}}],\"inLanguage\":\"ca\"},{\"@type\":\"Organization\",\"@id\":\"https:\\\/\\\/ebrecleaneco.com\\\/ca\\\/#organization\",\"name\":\"Ebreclean ECO\",\"url\":\"https:\\\/\\\/ebrecleaneco.com\\\/ca\\\/\",\"logo\":{\"@type\":\"ImageObject\",\"inLanguage\":\"ca\",\"@id\":\"https:\\\/\\\/ebrecleaneco.com\\\/ca\\\/#\\\/schema\\\/logo\\\/image\\\/\",\"url\":\"https:\\\/\\\/ebrecleaneco.com\\\/wp-content\\\/uploads\\\/2023\\\/03\\\/cropped-logo-512-blanc.png\",\"contentUrl\":\"https:\\\/\\\/ebrecleaneco.com\\\/wp-content\\\/uploads\\\/2023\\\/03\\\/cropped-logo-512-blanc.png\",\"width\":512,\"height\":512,\"caption\":\"Ebreclean ECO\"},\"image\":{\"@id\":\"https:\\\/\\\/ebrecleaneco.com\\\/ca\\\/#\\\/schema\\\/logo\\\/image\\\/\"},\"sameAs\":[\"https:\\\/\\\/www.instagram.com\\\/ebrecleaneco\\\/\"]}]}<\/script>\n<!-- \/ Yoast SEO plugin. -->","yoast_head_json":{"title":"POLIDORA ROTORBITAL 21MM - Ebreclean ECO","description":"POLIDORA ROTORBITAL 21MM \u00e9s una eina professional d'alt rendiment dissenyada per al detailing, ideal per a aplicacions de correcci\u00f3 i poliment de pintura.","robots":{"index":"index","follow":"follow","max-snippet":"max-snippet:-1","max-image-preview":"max-image-preview:large","max-video-preview":"max-video-preview:-1"},"canonical":"https:\/\/ebrecleaneco.com\/ca\/producte\/pulidora-rotorbital-21-mm\/","og_locale":"ca_ES","og_type":"article","og_title":"POLIDORA ROTORBITAL 21MM - Ebreclean ECO","og_description":"POLIDORA ROTORBITAL 21MM \u00e9s una eina professional d'alt rendiment dissenyada per al detailing, ideal per a aplicacions de correcci\u00f3 i poliment de pintura.","og_url":"https:\/\/ebrecleaneco.com\/ca\/producte\/pulidora-rotorbital-21-mm\/","og_site_name":"Ebreclean ECO","article_modified_time":"2026-02-25T17:17:33+00:00","og_image":[{"width":1400,"height":1400,"url":"https:\/\/ebrecleaneco.com\/wp-content\/uploads\/2023\/04\/Pulidora-Orbital-210-mm-1400x1400-1.jpg","type":"image\/jpeg"}],"twitter_card":"summary_large_image","twitter_misc":{"Temps estimat de lectura":"3 minuts"},"schema":{"@context":"https:\/\/schema.org","@graph":[{"@type":"WebPage","@id":"https:\/\/ebrecleaneco.com\/ca\/producte\/pulidora-rotorbital-21-mm\/","url":"https:\/\/ebrecleaneco.com\/ca\/producte\/pulidora-rotorbital-21-mm\/","name":"POLIDORA ROTORBITAL 21MM - Ebreclean ECO","isPartOf":{"@id":"https:\/\/ebrecleaneco.com\/ca\/#website"},"primaryImageOfPage":{"@id":"https:\/\/ebrecleaneco.com\/ca\/producte\/pulidora-rotorbital-21-mm\/#primaryimage"},"image":{"@id":"https:\/\/ebrecleaneco.com\/ca\/producte\/pulidora-rotorbital-21-mm\/#primaryimage"},"thumbnailUrl":"https:\/\/ebrecleaneco.com\/wp-content\/uploads\/2023\/04\/Pulidora-Orbital-210-mm-1400x1400-1.jpg","datePublished":"2023-04-05T10:14:38+00:00","dateModified":"2026-02-25T17:17:33+00:00","description":"POLIDORA ROTORBITAL 21MM \u00e9s una eina professional d'alt rendiment dissenyada per al detailing, ideal per a aplicacions de correcci\u00f3 i poliment de pintura.","breadcrumb":{"@id":"https:\/\/ebrecleaneco.com\/ca\/producte\/pulidora-rotorbital-21-mm\/#breadcrumb"},"inLanguage":"ca","potentialAction":[{"@type":"ReadAction","target":["https:\/\/ebrecleaneco.com\/ca\/producte\/pulidora-rotorbital-21-mm\/"]}]},{"@type":"ImageObject","inLanguage":"ca","@id":"https:\/\/ebrecleaneco.com\/ca\/producte\/pulidora-rotorbital-21-mm\/#primaryimage","url":"https:\/\/ebrecleaneco.com\/wp-content\/uploads\/2023\/04\/Pulidora-Orbital-210-mm-1400x1400-1.jpg","contentUrl":"https:\/\/ebrecleaneco.com\/wp-content\/uploads\/2023\/04\/Pulidora-Orbital-210-mm-1400x1400-1.jpg","width":1400,"height":1400},{"@type":"BreadcrumbList","@id":"https:\/\/ebrecleaneco.com\/ca\/producte\/pulidora-rotorbital-21-mm\/#breadcrumb","itemListElement":[{"@type":"ListItem","position":1,"name":"Home","item":"https:\/\/ebrecleaneco.com\/ca\/ebreclean-eco-detailing\/"},{"@type":"ListItem","position":2,"name":"Botiga","item":"https:\/\/ebrecleaneco.com\/ca\/botiga\/"},{"@type":"ListItem","position":3,"name":"POLIDORA ROTORBITAL 21MM"}]},{"@type":"WebSite","@id":"https:\/\/ebrecleaneco.com\/ca\/#website","url":"https:\/\/ebrecleaneco.com\/ca\/","name":"Ebreclean ECO","description":"Tu tienda online de productos de limpieza para tu vehiculo, accesorios y detailing! Somos fabricantes y distribuidores. Monta tu propio lavadero ecol\u00f3gico con nosotros!","publisher":{"@id":"https:\/\/ebrecleaneco.com\/ca\/#organization"},"alternateName":"EBRECLEAN","potentialAction":[{"@type":"SearchAction","target":{"@type":"EntryPoint","urlTemplate":"https:\/\/ebrecleaneco.com\/ca\/?s={search_term_string}"},"query-input":{"@type":"PropertyValueSpecification","valueRequired":true,"valueName":"search_term_string"}}],"inLanguage":"ca"},{"@type":"Organization","@id":"https:\/\/ebrecleaneco.com\/ca\/#organization","name":"Ebreclean ECO","url":"https:\/\/ebrecleaneco.com\/ca\/","logo":{"@type":"ImageObject","inLanguage":"ca","@id":"https:\/\/ebrecleaneco.com\/ca\/#\/schema\/logo\/image\/","url":"https:\/\/ebrecleaneco.com\/wp-content\/uploads\/2023\/03\/cropped-logo-512-blanc.png","contentUrl":"https:\/\/ebrecleaneco.com\/wp-content\/uploads\/2023\/03\/cropped-logo-512-blanc.png","width":512,"height":512,"caption":"Ebreclean ECO"},"image":{"@id":"https:\/\/ebrecleaneco.com\/ca\/#\/schema\/logo\/image\/"},"sameAs":["https:\/\/www.instagram.com\/ebrecleaneco\/"]}]}},"_links":{"self":[{"href":"https:\/\/ebrecleaneco.com\/ca\/wp-json\/wp\/v2\/product\/9591","targetHints":{"allow":["GET"]}}],"collection":[{"href":"https:\/\/ebrecleaneco.com\/ca\/wp-json\/wp\/v2\/product"}],"about":[{"href":"https:\/\/ebrecleaneco.com\/ca\/wp-json\/wp\/v2\/types\/product"}],"replies":[{"embeddable":true,"href":"https:\/\/ebrecleaneco.com\/ca\/wp-json\/wp\/v2\/comments?post=9591"}],"wp:featuredmedia":[{"embeddable":true,"href":"https:\/\/ebrecleaneco.com\/ca\/wp-json\/wp\/v2\/media\/10751"}],"wp:attachment":[{"href":"https:\/\/ebrecleaneco.com\/ca\/wp-json\/wp\/v2\/media?parent=9591"}],"wp:term":[{"taxonomy":"product_brand","embeddable":true,"href":"https:\/\/ebrecleaneco.com\/ca\/wp-json\/wp\/v2\/product_brand?post=9591"},{"taxonomy":"product_cat","embeddable":true,"href":"https:\/\/ebrecleaneco.com\/ca\/wp-json\/wp\/v2\/product_cat?post=9591"},{"taxonomy":"product_tag","embeddable":true,"href":"https:\/\/ebrecleaneco.com\/ca\/wp-json\/wp\/v2\/product_tag?post=9591"}],"curies":[{"name":"wp","href":"https:\/\/api.w.org\/{rel}","templated":true}]}}