{"id":9592,"date":"2023-04-05T10:06:53","date_gmt":"2023-04-05T09:06:53","guid":{"rendered":"https:\/\/ebrecleaneco.com\/producto\/pulimento-zvizzer-one\/"},"modified":"2025-02-19T00:55:29","modified_gmt":"2025-02-18T23:55:29","slug":"pulimento-zvizzer-one","status":"publish","type":"product","link":"https:\/\/ebrecleaneco.com\/ca\/producte\/pulimento-zvizzer-one\/","title":{"rendered":"PULIMENTO ZVIZZER ONE"},"content":{"rendered":"<section class=\"wpb-content-wrapper\"><p>[vc_row pix_padding_top=&#8221;padding No&#8221; pix_padding_bottom=&#8221;padding No&#8221; gradient_colors=&#8221;%5B%7B%7D%5D&#8221;][vc_column width=&#8221;3\/4&#8243; gradient_colors=&#8221;%5B%7B%7D%5D&#8221;][vc_column_text]<\/p>\n<h1>PULIMENTO ZVIZZER ONE<\/h1>\n<p>Volem professionals que realitzin feines perfectes, estalviant temps i diners. I \u00e9s per aix\u00f2 que Zvizzer va desenvolupar ONE POLISH. Un producte per a detailers que necessiten estalviar temps a cada feina. ONE POLISH \u00e9s un producte complet que talla, acaba i protegeix la pintura.<\/p>\n<p>Feu la feina en un sol pas!<\/p>\n<p>One Polish \u00e9s un producte 3 en 1: abrillanta amb un important poder corrector, protegeix entre 6 i 12 mesos i d\u00f3na un bonic acabat brillant.<\/p>\n<p>El ONE Polish est\u00e0 dissenyat per a tallers amb molta feina on els detailers necessiten estalviar temps sense comprometre la qualitat dels resultats.<\/p>\n<p>ONE Polish permet eliminar raigs i \u00e9s compatible amb tot tipus de pintura, l&#8217;abrillantador es pot combinar amb el coixinet de la teva elecci\u00f3 de la gamma ZviZZer (des de les m\u00e9s abrasives fins a les m\u00e9s suaus) depenent de l&#8217;estat de la superf\u00edcie de pintura.<\/p>\n<p>No \u00e9s un tot en un de cl\u00e0ssic<\/p>\n<p>ZviZZer ONE Polish \u00e9s un poliment \u00fanic a la seva categoria. No \u00e9s un AIO d'&#8221;acabat&#8221; cl\u00e0ssic (tot en un) amb protecci\u00f3 a curt termini com es pot trobar al mercat, sin\u00f3 en realitat un poliment amb un poder corrector significatiu, un bell acabat i protecci\u00f3 a llarg termini.<\/p>\n<p>Despr\u00e9s de diversos mesos de proves i desenvolupament, finalment neix. El poliment ONE de ZviZZer us permetr\u00e0 duplicar la vostra efic\u00e0cia en la correcci\u00f3 de vernissos.<\/p>\n<p>Combina el millor de la gamma de poliments ZviZZer, \u00e9s a dir:<\/p>\n<p>Una for\u00e7a de correcci\u00f3 (tall) similar a la de l&#8217;eliminador de ralles Heavy Cut (elimina les marques de poliment P2000)<br \/>\nL&#8217;acabat de l&#8217;eliminador d&#8217;hologrames Fine Cut<br \/>\nProtecci\u00f3 sint\u00e8tica de llarga durada (de 6 a 12 mesos depenent de l&#8217;\u00fas i el manteniment del vehicle)<\/p>\n<p>Ser\u00e0 possible aplicar una cera natural o sint\u00e8tica sobre el ONE Polish de ZviZZer, per\u00f2 no ser\u00e0 possible aplicar un tractament cer\u00e0mic.<\/p>\n<hr>\n<p>PRESENTACI\u00d3: 250 ml i 750 ml<\/p>\n<p>&nbsp;<\/p>\n<\/section>","protected":false},"excerpt":{"rendered":"<div dir=\"auto\">ONE POLISH \u00e9s un producte complet que talla, acaba i protegeix la pintura.<\/div>\n<div dir=\"auto\"><\/div>\n<div dir=\"auto\">Un producte per a detailers que necessiten estalviar temps a cada treball<\/div>\n<div dir=\"auto\"><\/div>\n<div dir=\"auto\">PRESENTACI\u00d3: 250 ml i 750 ml<\/div>\n<p>.<\/p>\n","protected":false},"featured_media":9338,"comment_status":"open","ping_status":"closed","template":"","meta":{"inline_featured_image":false},"product_brand":[],"product_cat":[438],"product_tag":[],"class_list":{"0":"post-9592","1":"product","2":"type-product","3":"status-publish","4":"has-post-thumbnail","6":"product_cat-polidora-carrosseria-i-ceramic","8":"first","9":"onbackorder","10":"shipping-taxable","11":"purchasable","12":"product-type-variable","13":"has-default-attributes"},"yoast_head":"<!-- This site is optimized with the Yoast SEO plugin v27.6 - https:\/\/yoast.com\/product\/yoast-seo-wordpress\/ -->\n<title>PULIMENTO ZVIZZER ONE - Ebreclean ECO<\/title>\n<meta name=\"description\" content=\"Pulimento Zvizzer One. ONE POLISH \u00e9s un producte complet que talla, acaba i protegeix la pintura. Necessites estalviar temps a cada feina.\" \/>\n<meta name=\"robots\" content=\"index, follow, max-snippet:-1, max-image-preview:large, max-video-preview:-1\" \/>\n<link rel=\"canonical\" href=\"https:\/\/ebrecleaneco.com\/ca\/producte\/pulimento-zvizzer-one\/\" \/>\n<meta property=\"og:locale\" content=\"ca_ES\" \/>\n<meta property=\"og:type\" content=\"article\" \/>\n<meta property=\"og:title\" content=\"PULIMENTO ZVIZZER ONE - Ebreclean ECO\" \/>\n<meta property=\"og:description\" content=\"Pulimento Zvizzer One. ONE POLISH \u00e9s un producte complet que talla, acaba i protegeix la pintura. Necessites estalviar temps a cada feina.\" \/>\n<meta property=\"og:url\" content=\"https:\/\/ebrecleaneco.com\/ca\/producte\/pulimento-zvizzer-one\/\" \/>\n<meta property=\"og:site_name\" content=\"Ebreclean ECO\" \/>\n<meta property=\"article:modified_time\" content=\"2025-02-18T23:55:29+00:00\" \/>\n<meta property=\"og:image\" content=\"https:\/\/ebrecleaneco.com\/wp-content\/uploads\/2023\/04\/pulimento-zvizzer-one-750ml.jpg\" \/>\n\t<meta property=\"og:image:width\" content=\"500\" \/>\n\t<meta property=\"og:image:height\" content=\"500\" \/>\n\t<meta property=\"og:image:type\" content=\"image\/jpeg\" \/>\n<meta name=\"twitter:card\" content=\"summary_large_image\" \/>\n<meta name=\"twitter:label1\" content=\"Temps estimat de lectura\" \/>\n\t<meta name=\"twitter:data1\" content=\"2 minuts\" \/>\n<script type=\"application\/ld+json\" class=\"yoast-schema-graph\">{\"@context\":\"https:\\\/\\\/schema.org\",\"@graph\":[{\"@type\":\"WebPage\",\"@id\":\"https:\\\/\\\/ebrecleaneco.com\\\/ca\\\/producte\\\/pulimento-zvizzer-one\\\/\",\"url\":\"https:\\\/\\\/ebrecleaneco.com\\\/ca\\\/producte\\\/pulimento-zvizzer-one\\\/\",\"name\":\"PULIMENTO ZVIZZER ONE - Ebreclean ECO\",\"isPartOf\":{\"@id\":\"https:\\\/\\\/ebrecleaneco.com\\\/ca\\\/#website\"},\"primaryImageOfPage\":{\"@id\":\"https:\\\/\\\/ebrecleaneco.com\\\/ca\\\/producte\\\/pulimento-zvizzer-one\\\/#primaryimage\"},\"image\":{\"@id\":\"https:\\\/\\\/ebrecleaneco.com\\\/ca\\\/producte\\\/pulimento-zvizzer-one\\\/#primaryimage\"},\"thumbnailUrl\":\"https:\\\/\\\/ebrecleaneco.com\\\/wp-content\\\/uploads\\\/2023\\\/04\\\/pulimento-zvizzer-one-750ml.jpg\",\"datePublished\":\"2023-04-05T09:06:53+00:00\",\"dateModified\":\"2025-02-18T23:55:29+00:00\",\"description\":\"Pulimento Zvizzer One. ONE POLISH \u00e9s un producte complet que talla, acaba i protegeix la pintura. Necessites estalviar temps a cada feina.\",\"breadcrumb\":{\"@id\":\"https:\\\/\\\/ebrecleaneco.com\\\/ca\\\/producte\\\/pulimento-zvizzer-one\\\/#breadcrumb\"},\"inLanguage\":\"ca\",\"potentialAction\":[{\"@type\":\"ReadAction\",\"target\":[\"https:\\\/\\\/ebrecleaneco.com\\\/ca\\\/producte\\\/pulimento-zvizzer-one\\\/\"]}]},{\"@type\":\"ImageObject\",\"inLanguage\":\"ca\",\"@id\":\"https:\\\/\\\/ebrecleaneco.com\\\/ca\\\/producte\\\/pulimento-zvizzer-one\\\/#primaryimage\",\"url\":\"https:\\\/\\\/ebrecleaneco.com\\\/wp-content\\\/uploads\\\/2023\\\/04\\\/pulimento-zvizzer-one-750ml.jpg\",\"contentUrl\":\"https:\\\/\\\/ebrecleaneco.com\\\/wp-content\\\/uploads\\\/2023\\\/04\\\/pulimento-zvizzer-one-750ml.jpg\",\"width\":500,\"height\":500,\"caption\":\"Pulimento Zvizzer One\"},{\"@type\":\"BreadcrumbList\",\"@id\":\"https:\\\/\\\/ebrecleaneco.com\\\/ca\\\/producte\\\/pulimento-zvizzer-one\\\/#breadcrumb\",\"itemListElement\":[{\"@type\":\"ListItem\",\"position\":1,\"name\":\"Home\",\"item\":\"https:\\\/\\\/ebrecleaneco.com\\\/ca\\\/ebreclean-eco-detailing\\\/\"},{\"@type\":\"ListItem\",\"position\":2,\"name\":\"Botiga\",\"item\":\"https:\\\/\\\/ebrecleaneco.com\\\/ca\\\/botiga\\\/\"},{\"@type\":\"ListItem\",\"position\":3,\"name\":\"PULIMENTO ZVIZZER ONE\"}]},{\"@type\":\"WebSite\",\"@id\":\"https:\\\/\\\/ebrecleaneco.com\\\/ca\\\/#website\",\"url\":\"https:\\\/\\\/ebrecleaneco.com\\\/ca\\\/\",\"name\":\"Ebreclean ECO\",\"description\":\"Tu tienda online de productos de limpieza para tu vehiculo, accesorios y detailing! Somos fabricantes y distribuidores. Monta tu propio lavadero ecol\u00f3gico con nosotros!\",\"publisher\":{\"@id\":\"https:\\\/\\\/ebrecleaneco.com\\\/ca\\\/#organization\"},\"alternateName\":\"EBRECLEAN\",\"potentialAction\":[{\"@type\":\"SearchAction\",\"target\":{\"@type\":\"EntryPoint\",\"urlTemplate\":\"https:\\\/\\\/ebrecleaneco.com\\\/ca\\\/?s={search_term_string}\"},\"query-input\":{\"@type\":\"PropertyValueSpecification\",\"valueRequired\":true,\"valueName\":\"search_term_string\"}}],\"inLanguage\":\"ca\"},{\"@type\":\"Organization\",\"@id\":\"https:\\\/\\\/ebrecleaneco.com\\\/ca\\\/#organization\",\"name\":\"Ebreclean ECO\",\"url\":\"https:\\\/\\\/ebrecleaneco.com\\\/ca\\\/\",\"logo\":{\"@type\":\"ImageObject\",\"inLanguage\":\"ca\",\"@id\":\"https:\\\/\\\/ebrecleaneco.com\\\/ca\\\/#\\\/schema\\\/logo\\\/image\\\/\",\"url\":\"https:\\\/\\\/ebrecleaneco.com\\\/wp-content\\\/uploads\\\/2023\\\/03\\\/cropped-logo-512-blanc.png\",\"contentUrl\":\"https:\\\/\\\/ebrecleaneco.com\\\/wp-content\\\/uploads\\\/2023\\\/03\\\/cropped-logo-512-blanc.png\",\"width\":512,\"height\":512,\"caption\":\"Ebreclean ECO\"},\"image\":{\"@id\":\"https:\\\/\\\/ebrecleaneco.com\\\/ca\\\/#\\\/schema\\\/logo\\\/image\\\/\"},\"sameAs\":[\"https:\\\/\\\/www.instagram.com\\\/ebrecleaneco\\\/\"]}]}<\/script>\n<!-- \/ Yoast SEO plugin. -->","yoast_head_json":{"title":"PULIMENTO ZVIZZER ONE - Ebreclean ECO","description":"Pulimento Zvizzer One. ONE POLISH \u00e9s un producte complet que talla, acaba i protegeix la pintura. Necessites estalviar temps a cada feina.","robots":{"index":"index","follow":"follow","max-snippet":"max-snippet:-1","max-image-preview":"max-image-preview:large","max-video-preview":"max-video-preview:-1"},"canonical":"https:\/\/ebrecleaneco.com\/ca\/producte\/pulimento-zvizzer-one\/","og_locale":"ca_ES","og_type":"article","og_title":"PULIMENTO ZVIZZER ONE - Ebreclean ECO","og_description":"Pulimento Zvizzer One. ONE POLISH \u00e9s un producte complet que talla, acaba i protegeix la pintura. Necessites estalviar temps a cada feina.","og_url":"https:\/\/ebrecleaneco.com\/ca\/producte\/pulimento-zvizzer-one\/","og_site_name":"Ebreclean ECO","article_modified_time":"2025-02-18T23:55:29+00:00","og_image":[{"width":500,"height":500,"url":"https:\/\/ebrecleaneco.com\/wp-content\/uploads\/2023\/04\/pulimento-zvizzer-one-750ml.jpg","type":"image\/jpeg"}],"twitter_card":"summary_large_image","twitter_misc":{"Temps estimat de lectura":"2 minuts"},"schema":{"@context":"https:\/\/schema.org","@graph":[{"@type":"WebPage","@id":"https:\/\/ebrecleaneco.com\/ca\/producte\/pulimento-zvizzer-one\/","url":"https:\/\/ebrecleaneco.com\/ca\/producte\/pulimento-zvizzer-one\/","name":"PULIMENTO ZVIZZER ONE - Ebreclean ECO","isPartOf":{"@id":"https:\/\/ebrecleaneco.com\/ca\/#website"},"primaryImageOfPage":{"@id":"https:\/\/ebrecleaneco.com\/ca\/producte\/pulimento-zvizzer-one\/#primaryimage"},"image":{"@id":"https:\/\/ebrecleaneco.com\/ca\/producte\/pulimento-zvizzer-one\/#primaryimage"},"thumbnailUrl":"https:\/\/ebrecleaneco.com\/wp-content\/uploads\/2023\/04\/pulimento-zvizzer-one-750ml.jpg","datePublished":"2023-04-05T09:06:53+00:00","dateModified":"2025-02-18T23:55:29+00:00","description":"Pulimento Zvizzer One. ONE POLISH \u00e9s un producte complet que talla, acaba i protegeix la pintura. Necessites estalviar temps a cada feina.","breadcrumb":{"@id":"https:\/\/ebrecleaneco.com\/ca\/producte\/pulimento-zvizzer-one\/#breadcrumb"},"inLanguage":"ca","potentialAction":[{"@type":"ReadAction","target":["https:\/\/ebrecleaneco.com\/ca\/producte\/pulimento-zvizzer-one\/"]}]},{"@type":"ImageObject","inLanguage":"ca","@id":"https:\/\/ebrecleaneco.com\/ca\/producte\/pulimento-zvizzer-one\/#primaryimage","url":"https:\/\/ebrecleaneco.com\/wp-content\/uploads\/2023\/04\/pulimento-zvizzer-one-750ml.jpg","contentUrl":"https:\/\/ebrecleaneco.com\/wp-content\/uploads\/2023\/04\/pulimento-zvizzer-one-750ml.jpg","width":500,"height":500,"caption":"Pulimento Zvizzer One"},{"@type":"BreadcrumbList","@id":"https:\/\/ebrecleaneco.com\/ca\/producte\/pulimento-zvizzer-one\/#breadcrumb","itemListElement":[{"@type":"ListItem","position":1,"name":"Home","item":"https:\/\/ebrecleaneco.com\/ca\/ebreclean-eco-detailing\/"},{"@type":"ListItem","position":2,"name":"Botiga","item":"https:\/\/ebrecleaneco.com\/ca\/botiga\/"},{"@type":"ListItem","position":3,"name":"PULIMENTO ZVIZZER ONE"}]},{"@type":"WebSite","@id":"https:\/\/ebrecleaneco.com\/ca\/#website","url":"https:\/\/ebrecleaneco.com\/ca\/","name":"Ebreclean ECO","description":"Tu tienda online de productos de limpieza para tu vehiculo, accesorios y detailing! Somos fabricantes y distribuidores. Monta tu propio lavadero ecol\u00f3gico con nosotros!","publisher":{"@id":"https:\/\/ebrecleaneco.com\/ca\/#organization"},"alternateName":"EBRECLEAN","potentialAction":[{"@type":"SearchAction","target":{"@type":"EntryPoint","urlTemplate":"https:\/\/ebrecleaneco.com\/ca\/?s={search_term_string}"},"query-input":{"@type":"PropertyValueSpecification","valueRequired":true,"valueName":"search_term_string"}}],"inLanguage":"ca"},{"@type":"Organization","@id":"https:\/\/ebrecleaneco.com\/ca\/#organization","name":"Ebreclean ECO","url":"https:\/\/ebrecleaneco.com\/ca\/","logo":{"@type":"ImageObject","inLanguage":"ca","@id":"https:\/\/ebrecleaneco.com\/ca\/#\/schema\/logo\/image\/","url":"https:\/\/ebrecleaneco.com\/wp-content\/uploads\/2023\/03\/cropped-logo-512-blanc.png","contentUrl":"https:\/\/ebrecleaneco.com\/wp-content\/uploads\/2023\/03\/cropped-logo-512-blanc.png","width":512,"height":512,"caption":"Ebreclean ECO"},"image":{"@id":"https:\/\/ebrecleaneco.com\/ca\/#\/schema\/logo\/image\/"},"sameAs":["https:\/\/www.instagram.com\/ebrecleaneco\/"]}]}},"_links":{"self":[{"href":"https:\/\/ebrecleaneco.com\/ca\/wp-json\/wp\/v2\/product\/9592","targetHints":{"allow":["GET"]}}],"collection":[{"href":"https:\/\/ebrecleaneco.com\/ca\/wp-json\/wp\/v2\/product"}],"about":[{"href":"https:\/\/ebrecleaneco.com\/ca\/wp-json\/wp\/v2\/types\/product"}],"replies":[{"embeddable":true,"href":"https:\/\/ebrecleaneco.com\/ca\/wp-json\/wp\/v2\/comments?post=9592"}],"wp:featuredmedia":[{"embeddable":true,"href":"https:\/\/ebrecleaneco.com\/ca\/wp-json\/wp\/v2\/media\/9338"}],"wp:attachment":[{"href":"https:\/\/ebrecleaneco.com\/ca\/wp-json\/wp\/v2\/media?parent=9592"}],"wp:term":[{"taxonomy":"product_brand","embeddable":true,"href":"https:\/\/ebrecleaneco.com\/ca\/wp-json\/wp\/v2\/product_brand?post=9592"},{"taxonomy":"product_cat","embeddable":true,"href":"https:\/\/ebrecleaneco.com\/ca\/wp-json\/wp\/v2\/product_cat?post=9592"},{"taxonomy":"product_tag","embeddable":true,"href":"https:\/\/ebrecleaneco.com\/ca\/wp-json\/wp\/v2\/product_tag?post=9592"}],"curies":[{"name":"wp","href":"https:\/\/api.w.org\/{rel}","templated":true}]}}