{"id":9595,"date":"2023-04-05T10:06:53","date_gmt":"2023-04-05T09:06:53","guid":{"rendered":"https:\/\/ebrecleaneco.com\/producto\/tonyin-nano-graphene-coating-30ml\/"},"modified":"2026-02-20T10:08:50","modified_gmt":"2026-02-20T09:08:50","slug":"tonyin-nano-graphene-30ml-ca","status":"publish","type":"product","link":"https:\/\/ebrecleaneco.com\/ca\/producte\/tonyin-nano-graphene-30ml-ca\/","title":{"rendered":"TONYIN NANO GRAPHENE COATING 30ml"},"content":{"rendered":"<section class=\"wpb-content-wrapper\"><p>[vc_row pix_padding_top=&#8221;padding No&#8221; pix_padding_bottom=&#8221;padding No&#8221; gradient_colors=&#8221;%5B%7B%7D%5D&#8221;][vc_column width=&#8221;3\/4&#8243; gradient_colors=&#8221;%5B%7B%7D%5D&#8221;][vc_column_text]<\/p>\n<div dir=\"auto\">TONYIN NANO GRAPHENE COATING 30 Ml<\/div>\n<div dir=\"auto\">El revestiment de graf\u00e8 \u00e9s una capa bidimensional d&#8217;\u00e0toms de carboni, disposada en forma de gelosia alveolar.<\/div>\n<div dir=\"auto\"><\/div>\n<div dir=\"auto\">Dotat d&#8217;una gran quantitat de caracter\u00edstiques sorprenents, aquesta subst\u00e0ncia prima, d&#8217;un \u00e0tom de gruix, \u00e9s el material m\u00e9s lleuger, fort i prim, la seva alta resistivitat pot generar recobriments duradors que no s&#8217;esquerden i s\u00f3n resistents a l&#8217;aigua i l&#8217;oli.<\/div>\n<div dir=\"auto\"><\/div>\n<div dir=\"auto\">La capa de cristal\u00b7litzaci\u00f3 dacabat de doble revestiment es pot adherir fermament a la superf\u00edcie de les peces de revestiment i t\u00e9 lavantatge dalta resist\u00e8ncia, alta tenacitat i alta repel\u00e8ncia al aigua.<\/div>\n<div dir=\"auto\"><\/div>\n<div dir=\"auto\">Podeu a\u00efllar les peces de revestiment de l&#8217;exterior i evitar danys per esgarrapades, pluja \u00e0cida, oxidaci\u00f3, caiguda d&#8217;ocells i insectes, creant un excel\u00b7lent efecte de resist\u00e8ncia a la pols, resist\u00e8ncia al desgast duradora, descontaminaci\u00f3, f\u00e0cil neteja, fent que les peces de revestiment brillin i protegeixin tots els aspectes del teu carro.<\/div>\n<div dir=\"auto\"><\/div>\n<div dir=\"auto\">\u25cf Aplicable per a iots, avions, pintura de carrosseria, pl\u00e0stic, rodes, cuir, fars, plaques d&#8217;autom\u00f2bils, etc.<\/div>\n<div dir=\"auto\"><\/div>\n<div dir=\"auto\">\u25cf Milloreu la capacitat de repel\u00b7l\u00e8ncia a l&#8217;aigua, feu que la pintura estigui neta i sigui f\u00e0cil de mantenir.<\/div>\n<div dir=\"auto\"><\/div>\n<div dir=\"auto\">\u25cf La duresa cristal\u00b7lina \u00e9s moderada, mai es produiran petites esgarrinxades, deslaminaci\u00f3 i fractura.<\/div>\n<div dir=\"auto\"><\/div>\n<div dir=\"auto\">\u25cf Potent anti UV, protegeix tots els aspectes de la pintura.<\/div>\n<div dir=\"auto\"><\/div>\n<div dir=\"auto\">\u25cf Durabilitat excessiva, fa que la pintura brilli com a nova.<\/div>\n<div dir=\"auto\"><\/div>\n<div dir=\"auto\">PRESENTACI\u00d3: 30 ml<\/div>\n<div dir=\"auto\"><\/div>\n<div dir=\"auto\">MODE D&#8217;\u00daS<\/div>\n<div dir=\"auto\"><\/div>\n<div dir=\"auto\">1 &#8211; Corregir la capa d&#8217;\u00f2xid de la pintura, fer que l&#8217;autom\u00f2bil estigui net i sec.<\/div>\n<div dir=\"auto\"><\/div>\n<div dir=\"auto\">2 &#8211; Agiteu b\u00e9 i ruixeu aquest producte al cotxe.<\/div>\n<div dir=\"auto\"><\/div>\n<div dir=\"auto\">3 &#8211; Netegeu amb una tovallola neta despr\u00e9s de ruixar. (Si us plau, apliqui panell per panell)<\/div>\n<div dir=\"auto\"><\/div>\n<div dir=\"auto\">PRECAUCIONS ESPECIALS ABANS DE L&#8217;APLICACI\u00d3 DEL RECOBRIMENT<\/div>\n<div dir=\"auto\"><\/div>\n<div dir=\"auto\">1 &#8211; Netejar i desgreixar la carrosseria a fons.<\/div>\n<div dir=\"auto\"><\/div>\n<div dir=\"auto\">2 &#8211; Cobreixi la carrosseria de l&#8217;autom\u00f2bil de manera uniforme, netegeu-la despr\u00e9s de 4\/5 minuts.<\/div>\n<div dir=\"auto\"><\/div>\n<div dir=\"auto\">3- Deixar 2 hores de curat.<\/div>\n<div dir=\"auto\"><\/div>\n<div dir=\"auto\">ATENCI\u00d3 DESPR\u00c9S DEL RECOBRIMENT<\/div>\n<div dir=\"auto\"><\/div>\n<div dir=\"auto\">1 &#8211; No renteu ni netegeu l&#8217;autom\u00f2bil dins dels 5 dies posteriors al recobriment!<\/div>\n<div dir=\"auto\"><\/div>\n<div dir=\"auto\">2 &#8211; Mantenir allunyat del foc.<\/div>\n<div dir=\"auto\"><\/div>\n<div dir=\"auto\">3 &#8211; Mantingueu l&#8217;ampolla en posici\u00f3 vertical.<\/div>\n<div dir=\"auto\"><\/div>\n<div dir=\"auto\">4 &#8211; Premeu la tapa de l&#8217;ampolla despr\u00e9s d&#8217;utilitzar-la.<\/div>\n<div dir=\"auto\"><\/div>\n<div dir=\"auto\">5 &#8211; Eviteu els ulls i els llavis mentre feu servir el producte. Si els ulls entren en contacte accidentalment, esbandida immediatament amb aigua abundant.<\/div>\n<p>&nbsp;<\/p>\n<\/section>","protected":false},"excerpt":{"rendered":"<div dir=\"auto\">La seva alta resistivitat pot generar recobriments duradors que no s&#8217;esquerden i s\u00f3n resistents a l&#8217;aigua i l&#8217;oli.<\/div>\n<div dir=\"auto\"><\/div>\n<div dir=\"auto\">PRESENTACI\u00d3: 30 ml<\/div>\n","protected":false},"featured_media":9343,"comment_status":"open","ping_status":"closed","template":"","meta":{"inline_featured_image":false},"product_brand":[],"product_cat":[438],"product_tag":[],"class_list":{"0":"post-9595","1":"product","2":"type-product","3":"status-publish","4":"has-post-thumbnail","6":"product_cat-polidora-carrosseria-i-ceramic","8":"first","9":"instock","10":"sale","11":"shipping-taxable","12":"purchasable","13":"product-type-simple"},"yoast_head":"<!-- This site is optimized with the Yoast SEO plugin v27.5 - https:\/\/yoast.com\/product\/yoast-seo-wordpress\/ -->\n<title>TONYIN NANO GRAPHENE COATING 30ml - Ebreclean ECO<\/title>\n<meta name=\"description\" content=\"Tonyin Nano Graphene Coating 30ml, capa de cristalizaci\u00f3n de doble. Tiene alta resistencia, alta tenacidad y alta repelencia al agua\" \/>\n<meta name=\"robots\" content=\"index, follow, max-snippet:-1, max-image-preview:large, max-video-preview:-1\" \/>\n<link rel=\"canonical\" href=\"https:\/\/ebrecleaneco.com\/ca\/producte\/tonyin-nano-graphene-30ml-ca\/\" \/>\n<meta property=\"og:locale\" content=\"ca_ES\" \/>\n<meta property=\"og:type\" content=\"article\" \/>\n<meta property=\"og:title\" content=\"TONYIN NANO GRAPHENE COATING 30ml - Ebreclean ECO\" \/>\n<meta property=\"og:description\" content=\"Tonyin Nano Graphene Coating 30ml, capa de cristalizaci\u00f3n de doble. Tiene alta resistencia, alta tenacidad y alta repelencia al agua\" \/>\n<meta property=\"og:url\" content=\"https:\/\/ebrecleaneco.com\/ca\/producte\/tonyin-nano-graphene-30ml-ca\/\" \/>\n<meta property=\"og:site_name\" content=\"Ebreclean ECO\" \/>\n<meta property=\"article:modified_time\" content=\"2026-02-20T09:08:50+00:00\" \/>\n<meta property=\"og:image\" content=\"https:\/\/ebrecleaneco.com\/wp-content\/uploads\/2023\/04\/tonyin-30-ml-nano-graphene-coating-1.jpg\" \/>\n\t<meta property=\"og:image:width\" content=\"500\" \/>\n\t<meta property=\"og:image:height\" content=\"500\" \/>\n\t<meta property=\"og:image:type\" content=\"image\/jpeg\" \/>\n<meta name=\"twitter:card\" content=\"summary_large_image\" \/>\n<meta name=\"twitter:label1\" content=\"Temps estimat de lectura\" \/>\n\t<meta name=\"twitter:data1\" content=\"2 minuts\" \/>\n<script type=\"application\/ld+json\" class=\"yoast-schema-graph\">{\"@context\":\"https:\\\/\\\/schema.org\",\"@graph\":[{\"@type\":\"WebPage\",\"@id\":\"https:\\\/\\\/ebrecleaneco.com\\\/ca\\\/producte\\\/tonyin-nano-graphene-30ml-ca\\\/\",\"url\":\"https:\\\/\\\/ebrecleaneco.com\\\/ca\\\/producte\\\/tonyin-nano-graphene-30ml-ca\\\/\",\"name\":\"TONYIN NANO GRAPHENE COATING 30ml - Ebreclean ECO\",\"isPartOf\":{\"@id\":\"https:\\\/\\\/ebrecleaneco.com\\\/ca\\\/#website\"},\"primaryImageOfPage\":{\"@id\":\"https:\\\/\\\/ebrecleaneco.com\\\/ca\\\/producte\\\/tonyin-nano-graphene-30ml-ca\\\/#primaryimage\"},\"image\":{\"@id\":\"https:\\\/\\\/ebrecleaneco.com\\\/ca\\\/producte\\\/tonyin-nano-graphene-30ml-ca\\\/#primaryimage\"},\"thumbnailUrl\":\"https:\\\/\\\/ebrecleaneco.com\\\/wp-content\\\/uploads\\\/2023\\\/04\\\/tonyin-30-ml-nano-graphene-coating-1.jpg\",\"datePublished\":\"2023-04-05T09:06:53+00:00\",\"dateModified\":\"2026-02-20T09:08:50+00:00\",\"description\":\"Tonyin Nano Graphene Coating 30ml, capa de cristalizaci\u00f3n de doble. Tiene alta resistencia, alta tenacidad y alta repelencia al agua\",\"breadcrumb\":{\"@id\":\"https:\\\/\\\/ebrecleaneco.com\\\/ca\\\/producte\\\/tonyin-nano-graphene-30ml-ca\\\/#breadcrumb\"},\"inLanguage\":\"ca\",\"potentialAction\":[{\"@type\":\"ReadAction\",\"target\":[\"https:\\\/\\\/ebrecleaneco.com\\\/ca\\\/producte\\\/tonyin-nano-graphene-30ml-ca\\\/\"]}]},{\"@type\":\"ImageObject\",\"inLanguage\":\"ca\",\"@id\":\"https:\\\/\\\/ebrecleaneco.com\\\/ca\\\/producte\\\/tonyin-nano-graphene-30ml-ca\\\/#primaryimage\",\"url\":\"https:\\\/\\\/ebrecleaneco.com\\\/wp-content\\\/uploads\\\/2023\\\/04\\\/tonyin-30-ml-nano-graphene-coating-1.jpg\",\"contentUrl\":\"https:\\\/\\\/ebrecleaneco.com\\\/wp-content\\\/uploads\\\/2023\\\/04\\\/tonyin-30-ml-nano-graphene-coating-1.jpg\",\"width\":500,\"height\":500,\"caption\":\"Tonyin Nano Graphene Coating 30ml\"},{\"@type\":\"BreadcrumbList\",\"@id\":\"https:\\\/\\\/ebrecleaneco.com\\\/ca\\\/producte\\\/tonyin-nano-graphene-30ml-ca\\\/#breadcrumb\",\"itemListElement\":[{\"@type\":\"ListItem\",\"position\":1,\"name\":\"Home\",\"item\":\"https:\\\/\\\/ebrecleaneco.com\\\/ca\\\/ebreclean-eco-detailing\\\/\"},{\"@type\":\"ListItem\",\"position\":2,\"name\":\"Botiga\",\"item\":\"https:\\\/\\\/ebrecleaneco.com\\\/ca\\\/botiga\\\/\"},{\"@type\":\"ListItem\",\"position\":3,\"name\":\"TONYIN NANO GRAPHENE COATING 30ml\"}]},{\"@type\":\"WebSite\",\"@id\":\"https:\\\/\\\/ebrecleaneco.com\\\/ca\\\/#website\",\"url\":\"https:\\\/\\\/ebrecleaneco.com\\\/ca\\\/\",\"name\":\"Ebreclean ECO\",\"description\":\"Tu tienda online de productos de limpieza para tu vehiculo, accesorios y detailing! Somos fabricantes y distribuidores. Monta tu propio lavadero ecol\u00f3gico con nosotros!\",\"publisher\":{\"@id\":\"https:\\\/\\\/ebrecleaneco.com\\\/ca\\\/#organization\"},\"alternateName\":\"EBRECLEAN\",\"potentialAction\":[{\"@type\":\"SearchAction\",\"target\":{\"@type\":\"EntryPoint\",\"urlTemplate\":\"https:\\\/\\\/ebrecleaneco.com\\\/ca\\\/?s={search_term_string}\"},\"query-input\":{\"@type\":\"PropertyValueSpecification\",\"valueRequired\":true,\"valueName\":\"search_term_string\"}}],\"inLanguage\":\"ca\"},{\"@type\":\"Organization\",\"@id\":\"https:\\\/\\\/ebrecleaneco.com\\\/ca\\\/#organization\",\"name\":\"Ebreclean ECO\",\"url\":\"https:\\\/\\\/ebrecleaneco.com\\\/ca\\\/\",\"logo\":{\"@type\":\"ImageObject\",\"inLanguage\":\"ca\",\"@id\":\"https:\\\/\\\/ebrecleaneco.com\\\/ca\\\/#\\\/schema\\\/logo\\\/image\\\/\",\"url\":\"https:\\\/\\\/ebrecleaneco.com\\\/wp-content\\\/uploads\\\/2023\\\/03\\\/cropped-logo-512-blanc.png\",\"contentUrl\":\"https:\\\/\\\/ebrecleaneco.com\\\/wp-content\\\/uploads\\\/2023\\\/03\\\/cropped-logo-512-blanc.png\",\"width\":512,\"height\":512,\"caption\":\"Ebreclean ECO\"},\"image\":{\"@id\":\"https:\\\/\\\/ebrecleaneco.com\\\/ca\\\/#\\\/schema\\\/logo\\\/image\\\/\"},\"sameAs\":[\"https:\\\/\\\/www.instagram.com\\\/ebrecleaneco\\\/\"]}]}<\/script>\n<!-- \/ Yoast SEO plugin. -->","yoast_head_json":{"title":"TONYIN NANO GRAPHENE COATING 30ml - Ebreclean ECO","description":"Tonyin Nano Graphene Coating 30ml, capa de cristalizaci\u00f3n de doble. Tiene alta resistencia, alta tenacidad y alta repelencia al agua","robots":{"index":"index","follow":"follow","max-snippet":"max-snippet:-1","max-image-preview":"max-image-preview:large","max-video-preview":"max-video-preview:-1"},"canonical":"https:\/\/ebrecleaneco.com\/ca\/producte\/tonyin-nano-graphene-30ml-ca\/","og_locale":"ca_ES","og_type":"article","og_title":"TONYIN NANO GRAPHENE COATING 30ml - Ebreclean ECO","og_description":"Tonyin Nano Graphene Coating 30ml, capa de cristalizaci\u00f3n de doble. Tiene alta resistencia, alta tenacidad y alta repelencia al agua","og_url":"https:\/\/ebrecleaneco.com\/ca\/producte\/tonyin-nano-graphene-30ml-ca\/","og_site_name":"Ebreclean ECO","article_modified_time":"2026-02-20T09:08:50+00:00","og_image":[{"width":500,"height":500,"url":"https:\/\/ebrecleaneco.com\/wp-content\/uploads\/2023\/04\/tonyin-30-ml-nano-graphene-coating-1.jpg","type":"image\/jpeg"}],"twitter_card":"summary_large_image","twitter_misc":{"Temps estimat de lectura":"2 minuts"},"schema":{"@context":"https:\/\/schema.org","@graph":[{"@type":"WebPage","@id":"https:\/\/ebrecleaneco.com\/ca\/producte\/tonyin-nano-graphene-30ml-ca\/","url":"https:\/\/ebrecleaneco.com\/ca\/producte\/tonyin-nano-graphene-30ml-ca\/","name":"TONYIN NANO GRAPHENE COATING 30ml - Ebreclean ECO","isPartOf":{"@id":"https:\/\/ebrecleaneco.com\/ca\/#website"},"primaryImageOfPage":{"@id":"https:\/\/ebrecleaneco.com\/ca\/producte\/tonyin-nano-graphene-30ml-ca\/#primaryimage"},"image":{"@id":"https:\/\/ebrecleaneco.com\/ca\/producte\/tonyin-nano-graphene-30ml-ca\/#primaryimage"},"thumbnailUrl":"https:\/\/ebrecleaneco.com\/wp-content\/uploads\/2023\/04\/tonyin-30-ml-nano-graphene-coating-1.jpg","datePublished":"2023-04-05T09:06:53+00:00","dateModified":"2026-02-20T09:08:50+00:00","description":"Tonyin Nano Graphene Coating 30ml, capa de cristalizaci\u00f3n de doble. Tiene alta resistencia, alta tenacidad y alta repelencia al agua","breadcrumb":{"@id":"https:\/\/ebrecleaneco.com\/ca\/producte\/tonyin-nano-graphene-30ml-ca\/#breadcrumb"},"inLanguage":"ca","potentialAction":[{"@type":"ReadAction","target":["https:\/\/ebrecleaneco.com\/ca\/producte\/tonyin-nano-graphene-30ml-ca\/"]}]},{"@type":"ImageObject","inLanguage":"ca","@id":"https:\/\/ebrecleaneco.com\/ca\/producte\/tonyin-nano-graphene-30ml-ca\/#primaryimage","url":"https:\/\/ebrecleaneco.com\/wp-content\/uploads\/2023\/04\/tonyin-30-ml-nano-graphene-coating-1.jpg","contentUrl":"https:\/\/ebrecleaneco.com\/wp-content\/uploads\/2023\/04\/tonyin-30-ml-nano-graphene-coating-1.jpg","width":500,"height":500,"caption":"Tonyin Nano Graphene Coating 30ml"},{"@type":"BreadcrumbList","@id":"https:\/\/ebrecleaneco.com\/ca\/producte\/tonyin-nano-graphene-30ml-ca\/#breadcrumb","itemListElement":[{"@type":"ListItem","position":1,"name":"Home","item":"https:\/\/ebrecleaneco.com\/ca\/ebreclean-eco-detailing\/"},{"@type":"ListItem","position":2,"name":"Botiga","item":"https:\/\/ebrecleaneco.com\/ca\/botiga\/"},{"@type":"ListItem","position":3,"name":"TONYIN NANO GRAPHENE COATING 30ml"}]},{"@type":"WebSite","@id":"https:\/\/ebrecleaneco.com\/ca\/#website","url":"https:\/\/ebrecleaneco.com\/ca\/","name":"Ebreclean ECO","description":"Tu tienda online de productos de limpieza para tu vehiculo, accesorios y detailing! Somos fabricantes y distribuidores. Monta tu propio lavadero ecol\u00f3gico con nosotros!","publisher":{"@id":"https:\/\/ebrecleaneco.com\/ca\/#organization"},"alternateName":"EBRECLEAN","potentialAction":[{"@type":"SearchAction","target":{"@type":"EntryPoint","urlTemplate":"https:\/\/ebrecleaneco.com\/ca\/?s={search_term_string}"},"query-input":{"@type":"PropertyValueSpecification","valueRequired":true,"valueName":"search_term_string"}}],"inLanguage":"ca"},{"@type":"Organization","@id":"https:\/\/ebrecleaneco.com\/ca\/#organization","name":"Ebreclean ECO","url":"https:\/\/ebrecleaneco.com\/ca\/","logo":{"@type":"ImageObject","inLanguage":"ca","@id":"https:\/\/ebrecleaneco.com\/ca\/#\/schema\/logo\/image\/","url":"https:\/\/ebrecleaneco.com\/wp-content\/uploads\/2023\/03\/cropped-logo-512-blanc.png","contentUrl":"https:\/\/ebrecleaneco.com\/wp-content\/uploads\/2023\/03\/cropped-logo-512-blanc.png","width":512,"height":512,"caption":"Ebreclean ECO"},"image":{"@id":"https:\/\/ebrecleaneco.com\/ca\/#\/schema\/logo\/image\/"},"sameAs":["https:\/\/www.instagram.com\/ebrecleaneco\/"]}]}},"_links":{"self":[{"href":"https:\/\/ebrecleaneco.com\/ca\/wp-json\/wp\/v2\/product\/9595","targetHints":{"allow":["GET"]}}],"collection":[{"href":"https:\/\/ebrecleaneco.com\/ca\/wp-json\/wp\/v2\/product"}],"about":[{"href":"https:\/\/ebrecleaneco.com\/ca\/wp-json\/wp\/v2\/types\/product"}],"replies":[{"embeddable":true,"href":"https:\/\/ebrecleaneco.com\/ca\/wp-json\/wp\/v2\/comments?post=9595"}],"wp:featuredmedia":[{"embeddable":true,"href":"https:\/\/ebrecleaneco.com\/ca\/wp-json\/wp\/v2\/media\/9343"}],"wp:attachment":[{"href":"https:\/\/ebrecleaneco.com\/ca\/wp-json\/wp\/v2\/media?parent=9595"}],"wp:term":[{"taxonomy":"product_brand","embeddable":true,"href":"https:\/\/ebrecleaneco.com\/ca\/wp-json\/wp\/v2\/product_brand?post=9595"},{"taxonomy":"product_cat","embeddable":true,"href":"https:\/\/ebrecleaneco.com\/ca\/wp-json\/wp\/v2\/product_cat?post=9595"},{"taxonomy":"product_tag","embeddable":true,"href":"https:\/\/ebrecleaneco.com\/ca\/wp-json\/wp\/v2\/product_tag?post=9595"}],"curies":[{"name":"wp","href":"https:\/\/api.w.org\/{rel}","templated":true}]}}