{"id":9599,"date":"2021-04-17T19:49:05","date_gmt":"2021-04-17T19:49:05","guid":{"rendered":"https:\/\/ebrecleaneco.com\/producto\/raspall-de-mascotes\/"},"modified":"2026-02-20T10:23:36","modified_gmt":"2026-02-20T09:23:36","slug":"raspall-de-mascotes","status":"publish","type":"product","link":"https:\/\/ebrecleaneco.com\/ca\/producte\/raspall-de-mascotes\/","title":{"rendered":"RASPALL PER A P\u00c8L DE MASCOTES"},"content":{"rendered":"<section class=\"wpb-content-wrapper\"><p>[vc_row pix_padding_top=&#8221;padding No&#8221; pix_padding_bottom=&#8221;padding No&#8221; gradient_colors=&#8221;%5B%7B%7D%5D&#8221;][vc_column width=&#8221;3\/4&#8243; gradient_colors=&#8221;%5B%7B%7D%5D&#8221;][vc_column_text]<\/p>\n<h3>RASPALL PER A P\u00c8L DE MASCOTES: eliminador de p\u00e8l per a sof\u00e0s, catifes, banys, cotxes, netejadors de pols.<\/h3>\n<div dir=\"auto\"><strong>100% cautx\u00fa NATURAL<\/strong>: el cautx\u00fa atrau els cabells de les mascotes com un imant, de manera que aquest raspall \u00e9s perfecte per desfer-se dels cabells no desitjats de les mascotes a la roba i els mobles entapissats<\/div>\n<div dir=\"auto\"><\/div>\n<div dir=\"auto\"><strong>MINI<\/strong>: Aquest raspall \u00e9s perfecte per portar-lo amb tu quan viatges per eliminar la borrissol i els cabells de la roba.<\/div>\n<div dir=\"auto\">Cura suau: les suaus truges de goma estan dissenyades per ser prou suaus com per utilitzar a la cara de la seva mascota per eliminar runes o embolics de treball.<\/div>\n<div dir=\"auto\"><\/div>\n<div dir=\"auto\"><strong>\u00das humit o sec<\/strong>: el cautx\u00fa natural atrau els cabells de les mascotes com un imant, fins i tot quan est\u00e0 mullat. Aix\u00ed que pots utilitzar aquest raspall de neteja durant l&#8217;hora del bany per eliminar els cabells solts i desembolicar els cabells. Utilitzeu-lo sec per treure la borrissol i els cabells de les mascotes de la roba i els mobles o per raspallar la seva mascota regularment per reduir la caspa i el despreniment.  <\/div>\n<p>&nbsp;<\/p>\n<p>[\/vc_column_text][\/vc_column][vc_column width=&#8221;1\/4&#8243; gradient_colors=&#8221;%5B%7B%7D%5D&#8221; css=&#8221;.vc_custom_1615296800910{padding-left: 22px !important;}&#8221;][common_video url=&#8221;https:\/\/www.youtube.com\/watch?v=PssMYGPiyl0&#8243; color=&#8221;rgba(255,255,255,0.01)&#8221; image=&#8221;7512&#8243; height=&#8221;360px&#8221;][\/common_video][\/vc_column][\/vc_row]<\/p>\n<\/section>","protected":false},"excerpt":{"rendered":"<h3>RASPALL PER A P\u00c8L DE MASCOTES<\/h3>\n<div dir=\"auto\"><strong>100% cautx\u00fa NATURAL<\/strong>: el cautx\u00fa atrau els cabells de les mascotes com un imant, de manera que aquest raspall \u00e9s perfecte per desfer-se dels cabells no desitjat de les mascotes a la roba i els mobles entapissats.<\/div>\n","protected":false},"featured_media":9291,"comment_status":"open","ping_status":"closed","template":"","meta":{"inline_featured_image":false},"product_brand":[],"product_cat":[443],"product_tag":[],"class_list":{"0":"post-9599","1":"product","2":"type-product","3":"status-publish","4":"has-post-thumbnail","6":"product_cat-accessoris","8":"first","9":"instock","10":"shipping-taxable","11":"purchasable","12":"product-type-simple"},"yoast_head":"<!-- This site is optimized with the Yoast SEO plugin v27.6 - https:\/\/yoast.com\/product\/yoast-seo-wordpress\/ -->\n<title>RASPALL PER A P\u00c8L DE MASCOTES - Ebreclean ECO<\/title>\n<meta name=\"description\" content=\"RASPALL PER A P\u00c8L DE MASCOTES. Raspall eliminador de p\u00e8l per a sof\u00e0s, catifes, banys, cotxes, netejadors de pols. EbreClean ECO Detailing.\" \/>\n<meta name=\"robots\" content=\"index, follow, max-snippet:-1, max-image-preview:large, max-video-preview:-1\" \/>\n<link rel=\"canonical\" href=\"https:\/\/ebrecleaneco.com\/ca\/producte\/raspall-de-mascotes\/\" \/>\n<meta property=\"og:locale\" content=\"ca_ES\" \/>\n<meta property=\"og:type\" content=\"article\" \/>\n<meta property=\"og:title\" content=\"RASPALL PER A P\u00c8L DE MASCOTES - Ebreclean ECO\" \/>\n<meta property=\"og:description\" content=\"RASPALL PER A P\u00c8L DE MASCOTES. Raspall eliminador de p\u00e8l per a sof\u00e0s, catifes, banys, cotxes, netejadors de pols. EbreClean ECO Detailing.\" \/>\n<meta property=\"og:url\" content=\"https:\/\/ebrecleaneco.com\/ca\/producte\/raspall-de-mascotes\/\" \/>\n<meta property=\"og:site_name\" content=\"Ebreclean ECO\" \/>\n<meta property=\"article:modified_time\" content=\"2026-02-20T09:23:36+00:00\" \/>\n<meta property=\"og:image\" content=\"https:\/\/ebrecleaneco.com\/wp-content\/uploads\/2021\/04\/cepillo-mascotas-1.jpg\" \/>\n\t<meta property=\"og:image:width\" content=\"500\" \/>\n\t<meta property=\"og:image:height\" content=\"500\" \/>\n\t<meta property=\"og:image:type\" content=\"image\/jpeg\" \/>\n<meta name=\"twitter:card\" content=\"summary_large_image\" \/>\n<meta name=\"twitter:label1\" content=\"Temps estimat de lectura\" \/>\n\t<meta name=\"twitter:data1\" content=\"2 minuts\" \/>\n<script type=\"application\/ld+json\" class=\"yoast-schema-graph\">{\"@context\":\"https:\\\/\\\/schema.org\",\"@graph\":[{\"@type\":\"WebPage\",\"@id\":\"https:\\\/\\\/ebrecleaneco.com\\\/ca\\\/producte\\\/raspall-de-mascotes\\\/\",\"url\":\"https:\\\/\\\/ebrecleaneco.com\\\/ca\\\/producte\\\/raspall-de-mascotes\\\/\",\"name\":\"RASPALL PER A P\u00c8L DE MASCOTES - Ebreclean ECO\",\"isPartOf\":{\"@id\":\"https:\\\/\\\/ebrecleaneco.com\\\/ca\\\/#website\"},\"primaryImageOfPage\":{\"@id\":\"https:\\\/\\\/ebrecleaneco.com\\\/ca\\\/producte\\\/raspall-de-mascotes\\\/#primaryimage\"},\"image\":{\"@id\":\"https:\\\/\\\/ebrecleaneco.com\\\/ca\\\/producte\\\/raspall-de-mascotes\\\/#primaryimage\"},\"thumbnailUrl\":\"https:\\\/\\\/ebrecleaneco.com\\\/wp-content\\\/uploads\\\/2021\\\/04\\\/cepillo-mascotas-1.jpg\",\"datePublished\":\"2021-04-17T19:49:05+00:00\",\"dateModified\":\"2026-02-20T09:23:36+00:00\",\"description\":\"RASPALL PER A P\u00c8L DE MASCOTES. Raspall eliminador de p\u00e8l per a sof\u00e0s, catifes, banys, cotxes, netejadors de pols. EbreClean ECO Detailing.\",\"breadcrumb\":{\"@id\":\"https:\\\/\\\/ebrecleaneco.com\\\/ca\\\/producte\\\/raspall-de-mascotes\\\/#breadcrumb\"},\"inLanguage\":\"ca\",\"potentialAction\":[{\"@type\":\"ReadAction\",\"target\":[\"https:\\\/\\\/ebrecleaneco.com\\\/ca\\\/producte\\\/raspall-de-mascotes\\\/\"]}]},{\"@type\":\"ImageObject\",\"inLanguage\":\"ca\",\"@id\":\"https:\\\/\\\/ebrecleaneco.com\\\/ca\\\/producte\\\/raspall-de-mascotes\\\/#primaryimage\",\"url\":\"https:\\\/\\\/ebrecleaneco.com\\\/wp-content\\\/uploads\\\/2021\\\/04\\\/cepillo-mascotas-1.jpg\",\"contentUrl\":\"https:\\\/\\\/ebrecleaneco.com\\\/wp-content\\\/uploads\\\/2021\\\/04\\\/cepillo-mascotas-1.jpg\",\"width\":500,\"height\":500,\"caption\":\"Cepillo de mascotas\"},{\"@type\":\"BreadcrumbList\",\"@id\":\"https:\\\/\\\/ebrecleaneco.com\\\/ca\\\/producte\\\/raspall-de-mascotes\\\/#breadcrumb\",\"itemListElement\":[{\"@type\":\"ListItem\",\"position\":1,\"name\":\"Home\",\"item\":\"https:\\\/\\\/ebrecleaneco.com\\\/ca\\\/ebreclean-eco-detailing\\\/\"},{\"@type\":\"ListItem\",\"position\":2,\"name\":\"Botiga\",\"item\":\"https:\\\/\\\/ebrecleaneco.com\\\/ca\\\/botiga\\\/\"},{\"@type\":\"ListItem\",\"position\":3,\"name\":\"RASPALL PER A P\u00c8L DE MASCOTES\"}]},{\"@type\":\"WebSite\",\"@id\":\"https:\\\/\\\/ebrecleaneco.com\\\/ca\\\/#website\",\"url\":\"https:\\\/\\\/ebrecleaneco.com\\\/ca\\\/\",\"name\":\"Ebreclean ECO\",\"description\":\"Tu tienda online de productos de limpieza para tu vehiculo, accesorios y detailing! Somos fabricantes y distribuidores. Monta tu propio lavadero ecol\u00f3gico con nosotros!\",\"publisher\":{\"@id\":\"https:\\\/\\\/ebrecleaneco.com\\\/ca\\\/#organization\"},\"alternateName\":\"EBRECLEAN\",\"potentialAction\":[{\"@type\":\"SearchAction\",\"target\":{\"@type\":\"EntryPoint\",\"urlTemplate\":\"https:\\\/\\\/ebrecleaneco.com\\\/ca\\\/?s={search_term_string}\"},\"query-input\":{\"@type\":\"PropertyValueSpecification\",\"valueRequired\":true,\"valueName\":\"search_term_string\"}}],\"inLanguage\":\"ca\"},{\"@type\":\"Organization\",\"@id\":\"https:\\\/\\\/ebrecleaneco.com\\\/ca\\\/#organization\",\"name\":\"Ebreclean ECO\",\"url\":\"https:\\\/\\\/ebrecleaneco.com\\\/ca\\\/\",\"logo\":{\"@type\":\"ImageObject\",\"inLanguage\":\"ca\",\"@id\":\"https:\\\/\\\/ebrecleaneco.com\\\/ca\\\/#\\\/schema\\\/logo\\\/image\\\/\",\"url\":\"https:\\\/\\\/ebrecleaneco.com\\\/wp-content\\\/uploads\\\/2023\\\/03\\\/cropped-logo-512-blanc.png\",\"contentUrl\":\"https:\\\/\\\/ebrecleaneco.com\\\/wp-content\\\/uploads\\\/2023\\\/03\\\/cropped-logo-512-blanc.png\",\"width\":512,\"height\":512,\"caption\":\"Ebreclean ECO\"},\"image\":{\"@id\":\"https:\\\/\\\/ebrecleaneco.com\\\/ca\\\/#\\\/schema\\\/logo\\\/image\\\/\"},\"sameAs\":[\"https:\\\/\\\/www.instagram.com\\\/ebrecleaneco\\\/\"]}]}<\/script>\n<!-- \/ Yoast SEO plugin. -->","yoast_head_json":{"title":"RASPALL PER A P\u00c8L DE MASCOTES - Ebreclean ECO","description":"RASPALL PER A P\u00c8L DE MASCOTES. Raspall eliminador de p\u00e8l per a sof\u00e0s, catifes, banys, cotxes, netejadors de pols. EbreClean ECO Detailing.","robots":{"index":"index","follow":"follow","max-snippet":"max-snippet:-1","max-image-preview":"max-image-preview:large","max-video-preview":"max-video-preview:-1"},"canonical":"https:\/\/ebrecleaneco.com\/ca\/producte\/raspall-de-mascotes\/","og_locale":"ca_ES","og_type":"article","og_title":"RASPALL PER A P\u00c8L DE MASCOTES - Ebreclean ECO","og_description":"RASPALL PER A P\u00c8L DE MASCOTES. Raspall eliminador de p\u00e8l per a sof\u00e0s, catifes, banys, cotxes, netejadors de pols. EbreClean ECO Detailing.","og_url":"https:\/\/ebrecleaneco.com\/ca\/producte\/raspall-de-mascotes\/","og_site_name":"Ebreclean ECO","article_modified_time":"2026-02-20T09:23:36+00:00","og_image":[{"width":500,"height":500,"url":"https:\/\/ebrecleaneco.com\/wp-content\/uploads\/2021\/04\/cepillo-mascotas-1.jpg","type":"image\/jpeg"}],"twitter_card":"summary_large_image","twitter_misc":{"Temps estimat de lectura":"2 minuts"},"schema":{"@context":"https:\/\/schema.org","@graph":[{"@type":"WebPage","@id":"https:\/\/ebrecleaneco.com\/ca\/producte\/raspall-de-mascotes\/","url":"https:\/\/ebrecleaneco.com\/ca\/producte\/raspall-de-mascotes\/","name":"RASPALL PER A P\u00c8L DE MASCOTES - Ebreclean ECO","isPartOf":{"@id":"https:\/\/ebrecleaneco.com\/ca\/#website"},"primaryImageOfPage":{"@id":"https:\/\/ebrecleaneco.com\/ca\/producte\/raspall-de-mascotes\/#primaryimage"},"image":{"@id":"https:\/\/ebrecleaneco.com\/ca\/producte\/raspall-de-mascotes\/#primaryimage"},"thumbnailUrl":"https:\/\/ebrecleaneco.com\/wp-content\/uploads\/2021\/04\/cepillo-mascotas-1.jpg","datePublished":"2021-04-17T19:49:05+00:00","dateModified":"2026-02-20T09:23:36+00:00","description":"RASPALL PER A P\u00c8L DE MASCOTES. Raspall eliminador de p\u00e8l per a sof\u00e0s, catifes, banys, cotxes, netejadors de pols. EbreClean ECO Detailing.","breadcrumb":{"@id":"https:\/\/ebrecleaneco.com\/ca\/producte\/raspall-de-mascotes\/#breadcrumb"},"inLanguage":"ca","potentialAction":[{"@type":"ReadAction","target":["https:\/\/ebrecleaneco.com\/ca\/producte\/raspall-de-mascotes\/"]}]},{"@type":"ImageObject","inLanguage":"ca","@id":"https:\/\/ebrecleaneco.com\/ca\/producte\/raspall-de-mascotes\/#primaryimage","url":"https:\/\/ebrecleaneco.com\/wp-content\/uploads\/2021\/04\/cepillo-mascotas-1.jpg","contentUrl":"https:\/\/ebrecleaneco.com\/wp-content\/uploads\/2021\/04\/cepillo-mascotas-1.jpg","width":500,"height":500,"caption":"Cepillo de mascotas"},{"@type":"BreadcrumbList","@id":"https:\/\/ebrecleaneco.com\/ca\/producte\/raspall-de-mascotes\/#breadcrumb","itemListElement":[{"@type":"ListItem","position":1,"name":"Home","item":"https:\/\/ebrecleaneco.com\/ca\/ebreclean-eco-detailing\/"},{"@type":"ListItem","position":2,"name":"Botiga","item":"https:\/\/ebrecleaneco.com\/ca\/botiga\/"},{"@type":"ListItem","position":3,"name":"RASPALL PER A P\u00c8L DE MASCOTES"}]},{"@type":"WebSite","@id":"https:\/\/ebrecleaneco.com\/ca\/#website","url":"https:\/\/ebrecleaneco.com\/ca\/","name":"Ebreclean ECO","description":"Tu tienda online de productos de limpieza para tu vehiculo, accesorios y detailing! Somos fabricantes y distribuidores. Monta tu propio lavadero ecol\u00f3gico con nosotros!","publisher":{"@id":"https:\/\/ebrecleaneco.com\/ca\/#organization"},"alternateName":"EBRECLEAN","potentialAction":[{"@type":"SearchAction","target":{"@type":"EntryPoint","urlTemplate":"https:\/\/ebrecleaneco.com\/ca\/?s={search_term_string}"},"query-input":{"@type":"PropertyValueSpecification","valueRequired":true,"valueName":"search_term_string"}}],"inLanguage":"ca"},{"@type":"Organization","@id":"https:\/\/ebrecleaneco.com\/ca\/#organization","name":"Ebreclean ECO","url":"https:\/\/ebrecleaneco.com\/ca\/","logo":{"@type":"ImageObject","inLanguage":"ca","@id":"https:\/\/ebrecleaneco.com\/ca\/#\/schema\/logo\/image\/","url":"https:\/\/ebrecleaneco.com\/wp-content\/uploads\/2023\/03\/cropped-logo-512-blanc.png","contentUrl":"https:\/\/ebrecleaneco.com\/wp-content\/uploads\/2023\/03\/cropped-logo-512-blanc.png","width":512,"height":512,"caption":"Ebreclean ECO"},"image":{"@id":"https:\/\/ebrecleaneco.com\/ca\/#\/schema\/logo\/image\/"},"sameAs":["https:\/\/www.instagram.com\/ebrecleaneco\/"]}]}},"_links":{"self":[{"href":"https:\/\/ebrecleaneco.com\/ca\/wp-json\/wp\/v2\/product\/9599","targetHints":{"allow":["GET"]}}],"collection":[{"href":"https:\/\/ebrecleaneco.com\/ca\/wp-json\/wp\/v2\/product"}],"about":[{"href":"https:\/\/ebrecleaneco.com\/ca\/wp-json\/wp\/v2\/types\/product"}],"replies":[{"embeddable":true,"href":"https:\/\/ebrecleaneco.com\/ca\/wp-json\/wp\/v2\/comments?post=9599"}],"wp:featuredmedia":[{"embeddable":true,"href":"https:\/\/ebrecleaneco.com\/ca\/wp-json\/wp\/v2\/media\/9291"}],"wp:attachment":[{"href":"https:\/\/ebrecleaneco.com\/ca\/wp-json\/wp\/v2\/media?parent=9599"}],"wp:term":[{"taxonomy":"product_brand","embeddable":true,"href":"https:\/\/ebrecleaneco.com\/ca\/wp-json\/wp\/v2\/product_brand?post=9599"},{"taxonomy":"product_cat","embeddable":true,"href":"https:\/\/ebrecleaneco.com\/ca\/wp-json\/wp\/v2\/product_cat?post=9599"},{"taxonomy":"product_tag","embeddable":true,"href":"https:\/\/ebrecleaneco.com\/ca\/wp-json\/wp\/v2\/product_tag?post=9599"}],"curies":[{"name":"wp","href":"https:\/\/api.w.org\/{rel}","templated":true}]}}