{"id":9835,"date":"2023-07-05T16:26:45","date_gmt":"2023-07-05T15:26:45","guid":{"rendered":"https:\/\/ebrecleaneco.com\/?post_type=product&#038;p=9835"},"modified":"2026-02-20T09:01:00","modified_gmt":"2026-02-20T08:01:00","slug":"dry-peach-neteja-en-sec-encerat-de-carrosseria-5l","status":"publish","type":"product","link":"https:\/\/ebrecleaneco.com\/ca\/producte\/dry-peach-neteja-en-sec-encerat-de-carrosseria-5l\/","title":{"rendered":"DRY PEACH &#8211; NETEJA EN SEC + ENCERAT DE CARROSSERIA"},"content":{"rendered":"<section class=\"wpb-content-wrapper\"><p>[vc_row pix_padding_top=&#8221;padding No&#8221; pix_padding_bottom=&#8221;padding No&#8221; gradient_colors=&#8221;%5B%7B%7D%5D&#8221;][vc_column width=&#8221;3\/4&#8243; gradient_colors=&#8221;%5B%7B%7D%5D&#8221;][vc_column_text]<\/p>\n<p><strong>DRY PEACH &#8211; NETEJA EN SEC + ENCERAT DE CARROSSERIA<\/strong><\/p>\n<div dir=\"auto\">\n<div dir=\"auto\">\n<p>Producte espec\u00edfic per al rentat ecol\u00f2gic, sense aigua, de tota mena de vehicles (turismes, vehicles comercials, motos, bicicletes, etc.). La seva f\u00f3rmula especial permet rentar a fons el vehicle, fins i tot llantes i pneum\u00e0tics, sense necessitat d&#8217;aigua, aconseguint aix\u00ed un estalvi important de recursos naturals i evitant la contaminaci\u00f3 i abocament d&#8217;aig\u00fces residuals. Elimina tota la brut\u00edcia adherida al vehicle: olis, pols, insectes, etc., respectant la pintura i proporcionant un acabat d&#8217;alta qualitat i brillantor espectacular, deixant un tacte suau i lliscant que repel\u00b7leix la pols, conservant la superf\u00edcie neta i brillant per m\u00e9s temps.<\/p>\n<p>MODE D&#8217;\u00daS<\/p>\n<p>Per ser un producte multicapa, S&#8217;HA D&#8217;AGITAR ABANS DE CADA POLVORITZACI\u00d3. Aplicar per zones, polvoritzant sobre la superf\u00edcie i fregant amb la 1a baieta per eliminar la brut\u00edcia m\u00e9s forta. A continuaci\u00f3, fregueu amb la 2a baieta fins que la superf\u00edcie quedi seca, neta i brillant. En cas de gran quantitat de terra, fang o pols, es recomana fer pr\u00e8viament un prerentat.<\/p>\n<p>No aplicar quan la carrosseria estigui molt calenta.<\/p>\n<p>&nbsp;<\/p>\n<p>FRAG\u00c0NCIA: PR\u00c9SSEC<\/p>\n<p>PRESENTACI\u00d3:<\/p>\n<p>&#8211; Garrafa de 5 litres, inclosa una ampolla i polvoritzador professional amb 2 baietes microfibra.<\/p>\n<\/div>\n<\/div>\n<\/section>","protected":false},"excerpt":{"rendered":"<p>DRY PEACH &#8211; NETEJA EN SEC + ENCERAT DE CARROSSERIA<\/p>\n<p>Producte espec\u00edfic per al rentat ecol\u00f2gic, sense aigua, de tota mena de vehicles (turismes, vehicles comercials, motos, bicicletes, etc.). La seva f\u00f3rmula especial permet rentar a fons el vehicle, fins i tot llantes i pneum\u00e0tics, sense necessitat d&#8217;aigua, aconseguint aix\u00ed un estalvi important de recursos naturals i evitant la contaminaci\u00f3 i abocament d&#8217;aig\u00fces residuals. Elimina tota la brut\u00edcia adherida al vehicle: olis, pols, insectes, etc., respectant la pintura i proporcionant un acabat d&#8217;alta qualitat i brillantor espectacular, deixant un tacte suau i lliscant que repel\u00b7leix la pols, conservant la superf\u00edcie neta i brillant per m\u00e9s temps.<\/p>\n","protected":false},"featured_media":9817,"comment_status":"open","ping_status":"closed","template":"","meta":{"inline_featured_image":false},"product_brand":[],"product_cat":[435],"product_tag":[],"class_list":{"0":"post-9835","1":"product","2":"type-product","3":"status-publish","4":"has-post-thumbnail","6":"product_cat-format-professional","8":"first","9":"instock","10":"sale","11":"shipping-taxable","12":"purchasable","13":"product-type-simple"},"yoast_head":"<!-- This site is optimized with the Yoast SEO plugin v27.5 - https:\/\/yoast.com\/product\/yoast-seo-wordpress\/ -->\n<title>DRY PEACH - NETEJA EN SEC + ENCERAT DE CARROSSERIA<\/title>\n<meta name=\"description\" content=\"DRY PEACH - NETEJA EN SEC + ENCERAT DE CARROSSERIA Producte espec\u00edfic per al rentat ecol\u00f2gic, sense aigua, de tot tipus de vehicles\" \/>\n<meta name=\"robots\" content=\"index, follow, max-snippet:-1, max-image-preview:large, max-video-preview:-1\" \/>\n<link rel=\"canonical\" href=\"https:\/\/ebrecleaneco.com\/ca\/producte\/dry-peach-neteja-en-sec-encerat-de-carrosseria-5l\/\" \/>\n<meta property=\"og:locale\" content=\"ca_ES\" \/>\n<meta property=\"og:type\" content=\"article\" \/>\n<meta property=\"og:title\" content=\"DRY PEACH - NETEJA EN SEC + ENCERAT DE CARROSSERIA\" \/>\n<meta property=\"og:description\" content=\"DRY PEACH - NETEJA EN SEC + ENCERAT DE CARROSSERIA Producte espec\u00edfic per al rentat ecol\u00f2gic, sense aigua, de tot tipus de vehicles\" \/>\n<meta property=\"og:url\" content=\"https:\/\/ebrecleaneco.com\/ca\/producte\/dry-peach-neteja-en-sec-encerat-de-carrosseria-5l\/\" \/>\n<meta property=\"og:site_name\" content=\"Ebreclean ECO\" \/>\n<meta property=\"article:modified_time\" content=\"2026-02-20T08:01:00+00:00\" \/>\n<meta property=\"og:image\" content=\"https:\/\/ebrecleaneco.com\/wp-content\/uploads\/2023\/06\/DRY-PEACH-5L.jpg\" \/>\n\t<meta property=\"og:image:width\" content=\"500\" \/>\n\t<meta property=\"og:image:height\" content=\"500\" \/>\n\t<meta property=\"og:image:type\" content=\"image\/jpeg\" \/>\n<meta name=\"twitter:card\" content=\"summary_large_image\" \/>\n<meta name=\"twitter:label1\" content=\"Temps estimat de lectura\" \/>\n\t<meta name=\"twitter:data1\" content=\"2 minuts\" \/>\n<script type=\"application\/ld+json\" class=\"yoast-schema-graph\">{\"@context\":\"https:\\\/\\\/schema.org\",\"@graph\":[{\"@type\":\"WebPage\",\"@id\":\"https:\\\/\\\/ebrecleaneco.com\\\/ca\\\/producte\\\/dry-peach-neteja-en-sec-encerat-de-carrosseria-5l\\\/\",\"url\":\"https:\\\/\\\/ebrecleaneco.com\\\/ca\\\/producte\\\/dry-peach-neteja-en-sec-encerat-de-carrosseria-5l\\\/\",\"name\":\"DRY PEACH - NETEJA EN SEC + ENCERAT DE CARROSSERIA\",\"isPartOf\":{\"@id\":\"https:\\\/\\\/ebrecleaneco.com\\\/ca\\\/#website\"},\"primaryImageOfPage\":{\"@id\":\"https:\\\/\\\/ebrecleaneco.com\\\/ca\\\/producte\\\/dry-peach-neteja-en-sec-encerat-de-carrosseria-5l\\\/#primaryimage\"},\"image\":{\"@id\":\"https:\\\/\\\/ebrecleaneco.com\\\/ca\\\/producte\\\/dry-peach-neteja-en-sec-encerat-de-carrosseria-5l\\\/#primaryimage\"},\"thumbnailUrl\":\"https:\\\/\\\/ebrecleaneco.com\\\/wp-content\\\/uploads\\\/2023\\\/06\\\/DRY-PEACH-5L.jpg\",\"datePublished\":\"2023-07-05T15:26:45+00:00\",\"dateModified\":\"2026-02-20T08:01:00+00:00\",\"description\":\"DRY PEACH - NETEJA EN SEC + ENCERAT DE CARROSSERIA Producte espec\u00edfic per al rentat ecol\u00f2gic, sense aigua, de tot tipus de vehicles\",\"breadcrumb\":{\"@id\":\"https:\\\/\\\/ebrecleaneco.com\\\/ca\\\/producte\\\/dry-peach-neteja-en-sec-encerat-de-carrosseria-5l\\\/#breadcrumb\"},\"inLanguage\":\"ca\",\"potentialAction\":[{\"@type\":\"ReadAction\",\"target\":[\"https:\\\/\\\/ebrecleaneco.com\\\/ca\\\/producte\\\/dry-peach-neteja-en-sec-encerat-de-carrosseria-5l\\\/\"]}]},{\"@type\":\"ImageObject\",\"inLanguage\":\"ca\",\"@id\":\"https:\\\/\\\/ebrecleaneco.com\\\/ca\\\/producte\\\/dry-peach-neteja-en-sec-encerat-de-carrosseria-5l\\\/#primaryimage\",\"url\":\"https:\\\/\\\/ebrecleaneco.com\\\/wp-content\\\/uploads\\\/2023\\\/06\\\/DRY-PEACH-5L.jpg\",\"contentUrl\":\"https:\\\/\\\/ebrecleaneco.com\\\/wp-content\\\/uploads\\\/2023\\\/06\\\/DRY-PEACH-5L.jpg\",\"width\":500,\"height\":500,\"caption\":\"DRY PEACH - LIMPIEZA EN SECO + ENCERADO DE CARROCER\u00cdA\"},{\"@type\":\"BreadcrumbList\",\"@id\":\"https:\\\/\\\/ebrecleaneco.com\\\/ca\\\/producte\\\/dry-peach-neteja-en-sec-encerat-de-carrosseria-5l\\\/#breadcrumb\",\"itemListElement\":[{\"@type\":\"ListItem\",\"position\":1,\"name\":\"Home\",\"item\":\"https:\\\/\\\/ebrecleaneco.com\\\/ca\\\/ebreclean-eco-detailing\\\/\"},{\"@type\":\"ListItem\",\"position\":2,\"name\":\"Botiga\",\"item\":\"https:\\\/\\\/ebrecleaneco.com\\\/ca\\\/botiga\\\/\"},{\"@type\":\"ListItem\",\"position\":3,\"name\":\"DRY PEACH &#8211; NETEJA EN SEC + ENCERAT DE CARROSSERIA\"}]},{\"@type\":\"WebSite\",\"@id\":\"https:\\\/\\\/ebrecleaneco.com\\\/ca\\\/#website\",\"url\":\"https:\\\/\\\/ebrecleaneco.com\\\/ca\\\/\",\"name\":\"Ebreclean ECO\",\"description\":\"Tu tienda online de productos de limpieza para tu vehiculo, accesorios y detailing! Somos fabricantes y distribuidores. Monta tu propio lavadero ecol\u00f3gico con nosotros!\",\"publisher\":{\"@id\":\"https:\\\/\\\/ebrecleaneco.com\\\/ca\\\/#organization\"},\"alternateName\":\"EBRECLEAN\",\"potentialAction\":[{\"@type\":\"SearchAction\",\"target\":{\"@type\":\"EntryPoint\",\"urlTemplate\":\"https:\\\/\\\/ebrecleaneco.com\\\/ca\\\/?s={search_term_string}\"},\"query-input\":{\"@type\":\"PropertyValueSpecification\",\"valueRequired\":true,\"valueName\":\"search_term_string\"}}],\"inLanguage\":\"ca\"},{\"@type\":\"Organization\",\"@id\":\"https:\\\/\\\/ebrecleaneco.com\\\/ca\\\/#organization\",\"name\":\"Ebreclean ECO\",\"url\":\"https:\\\/\\\/ebrecleaneco.com\\\/ca\\\/\",\"logo\":{\"@type\":\"ImageObject\",\"inLanguage\":\"ca\",\"@id\":\"https:\\\/\\\/ebrecleaneco.com\\\/ca\\\/#\\\/schema\\\/logo\\\/image\\\/\",\"url\":\"https:\\\/\\\/ebrecleaneco.com\\\/wp-content\\\/uploads\\\/2023\\\/03\\\/cropped-logo-512-blanc.png\",\"contentUrl\":\"https:\\\/\\\/ebrecleaneco.com\\\/wp-content\\\/uploads\\\/2023\\\/03\\\/cropped-logo-512-blanc.png\",\"width\":512,\"height\":512,\"caption\":\"Ebreclean ECO\"},\"image\":{\"@id\":\"https:\\\/\\\/ebrecleaneco.com\\\/ca\\\/#\\\/schema\\\/logo\\\/image\\\/\"},\"sameAs\":[\"https:\\\/\\\/www.instagram.com\\\/ebrecleaneco\\\/\"]}]}<\/script>\n<!-- \/ Yoast SEO plugin. -->","yoast_head_json":{"title":"DRY PEACH - NETEJA EN SEC + ENCERAT DE CARROSSERIA","description":"DRY PEACH - NETEJA EN SEC + ENCERAT DE CARROSSERIA Producte espec\u00edfic per al rentat ecol\u00f2gic, sense aigua, de tot tipus de vehicles","robots":{"index":"index","follow":"follow","max-snippet":"max-snippet:-1","max-image-preview":"max-image-preview:large","max-video-preview":"max-video-preview:-1"},"canonical":"https:\/\/ebrecleaneco.com\/ca\/producte\/dry-peach-neteja-en-sec-encerat-de-carrosseria-5l\/","og_locale":"ca_ES","og_type":"article","og_title":"DRY PEACH - NETEJA EN SEC + ENCERAT DE CARROSSERIA","og_description":"DRY PEACH - NETEJA EN SEC + ENCERAT DE CARROSSERIA Producte espec\u00edfic per al rentat ecol\u00f2gic, sense aigua, de tot tipus de vehicles","og_url":"https:\/\/ebrecleaneco.com\/ca\/producte\/dry-peach-neteja-en-sec-encerat-de-carrosseria-5l\/","og_site_name":"Ebreclean ECO","article_modified_time":"2026-02-20T08:01:00+00:00","og_image":[{"width":500,"height":500,"url":"https:\/\/ebrecleaneco.com\/wp-content\/uploads\/2023\/06\/DRY-PEACH-5L.jpg","type":"image\/jpeg"}],"twitter_card":"summary_large_image","twitter_misc":{"Temps estimat de lectura":"2 minuts"},"schema":{"@context":"https:\/\/schema.org","@graph":[{"@type":"WebPage","@id":"https:\/\/ebrecleaneco.com\/ca\/producte\/dry-peach-neteja-en-sec-encerat-de-carrosseria-5l\/","url":"https:\/\/ebrecleaneco.com\/ca\/producte\/dry-peach-neteja-en-sec-encerat-de-carrosseria-5l\/","name":"DRY PEACH - NETEJA EN SEC + ENCERAT DE CARROSSERIA","isPartOf":{"@id":"https:\/\/ebrecleaneco.com\/ca\/#website"},"primaryImageOfPage":{"@id":"https:\/\/ebrecleaneco.com\/ca\/producte\/dry-peach-neteja-en-sec-encerat-de-carrosseria-5l\/#primaryimage"},"image":{"@id":"https:\/\/ebrecleaneco.com\/ca\/producte\/dry-peach-neteja-en-sec-encerat-de-carrosseria-5l\/#primaryimage"},"thumbnailUrl":"https:\/\/ebrecleaneco.com\/wp-content\/uploads\/2023\/06\/DRY-PEACH-5L.jpg","datePublished":"2023-07-05T15:26:45+00:00","dateModified":"2026-02-20T08:01:00+00:00","description":"DRY PEACH - NETEJA EN SEC + ENCERAT DE CARROSSERIA Producte espec\u00edfic per al rentat ecol\u00f2gic, sense aigua, de tot tipus de vehicles","breadcrumb":{"@id":"https:\/\/ebrecleaneco.com\/ca\/producte\/dry-peach-neteja-en-sec-encerat-de-carrosseria-5l\/#breadcrumb"},"inLanguage":"ca","potentialAction":[{"@type":"ReadAction","target":["https:\/\/ebrecleaneco.com\/ca\/producte\/dry-peach-neteja-en-sec-encerat-de-carrosseria-5l\/"]}]},{"@type":"ImageObject","inLanguage":"ca","@id":"https:\/\/ebrecleaneco.com\/ca\/producte\/dry-peach-neteja-en-sec-encerat-de-carrosseria-5l\/#primaryimage","url":"https:\/\/ebrecleaneco.com\/wp-content\/uploads\/2023\/06\/DRY-PEACH-5L.jpg","contentUrl":"https:\/\/ebrecleaneco.com\/wp-content\/uploads\/2023\/06\/DRY-PEACH-5L.jpg","width":500,"height":500,"caption":"DRY PEACH - LIMPIEZA EN SECO + ENCERADO DE CARROCER\u00cdA"},{"@type":"BreadcrumbList","@id":"https:\/\/ebrecleaneco.com\/ca\/producte\/dry-peach-neteja-en-sec-encerat-de-carrosseria-5l\/#breadcrumb","itemListElement":[{"@type":"ListItem","position":1,"name":"Home","item":"https:\/\/ebrecleaneco.com\/ca\/ebreclean-eco-detailing\/"},{"@type":"ListItem","position":2,"name":"Botiga","item":"https:\/\/ebrecleaneco.com\/ca\/botiga\/"},{"@type":"ListItem","position":3,"name":"DRY PEACH &#8211; NETEJA EN SEC + ENCERAT DE CARROSSERIA"}]},{"@type":"WebSite","@id":"https:\/\/ebrecleaneco.com\/ca\/#website","url":"https:\/\/ebrecleaneco.com\/ca\/","name":"Ebreclean ECO","description":"Tu tienda online de productos de limpieza para tu vehiculo, accesorios y detailing! Somos fabricantes y distribuidores. Monta tu propio lavadero ecol\u00f3gico con nosotros!","publisher":{"@id":"https:\/\/ebrecleaneco.com\/ca\/#organization"},"alternateName":"EBRECLEAN","potentialAction":[{"@type":"SearchAction","target":{"@type":"EntryPoint","urlTemplate":"https:\/\/ebrecleaneco.com\/ca\/?s={search_term_string}"},"query-input":{"@type":"PropertyValueSpecification","valueRequired":true,"valueName":"search_term_string"}}],"inLanguage":"ca"},{"@type":"Organization","@id":"https:\/\/ebrecleaneco.com\/ca\/#organization","name":"Ebreclean ECO","url":"https:\/\/ebrecleaneco.com\/ca\/","logo":{"@type":"ImageObject","inLanguage":"ca","@id":"https:\/\/ebrecleaneco.com\/ca\/#\/schema\/logo\/image\/","url":"https:\/\/ebrecleaneco.com\/wp-content\/uploads\/2023\/03\/cropped-logo-512-blanc.png","contentUrl":"https:\/\/ebrecleaneco.com\/wp-content\/uploads\/2023\/03\/cropped-logo-512-blanc.png","width":512,"height":512,"caption":"Ebreclean ECO"},"image":{"@id":"https:\/\/ebrecleaneco.com\/ca\/#\/schema\/logo\/image\/"},"sameAs":["https:\/\/www.instagram.com\/ebrecleaneco\/"]}]}},"_links":{"self":[{"href":"https:\/\/ebrecleaneco.com\/ca\/wp-json\/wp\/v2\/product\/9835","targetHints":{"allow":["GET"]}}],"collection":[{"href":"https:\/\/ebrecleaneco.com\/ca\/wp-json\/wp\/v2\/product"}],"about":[{"href":"https:\/\/ebrecleaneco.com\/ca\/wp-json\/wp\/v2\/types\/product"}],"replies":[{"embeddable":true,"href":"https:\/\/ebrecleaneco.com\/ca\/wp-json\/wp\/v2\/comments?post=9835"}],"wp:featuredmedia":[{"embeddable":true,"href":"https:\/\/ebrecleaneco.com\/ca\/wp-json\/wp\/v2\/media\/9817"}],"wp:attachment":[{"href":"https:\/\/ebrecleaneco.com\/ca\/wp-json\/wp\/v2\/media?parent=9835"}],"wp:term":[{"taxonomy":"product_brand","embeddable":true,"href":"https:\/\/ebrecleaneco.com\/ca\/wp-json\/wp\/v2\/product_brand?post=9835"},{"taxonomy":"product_cat","embeddable":true,"href":"https:\/\/ebrecleaneco.com\/ca\/wp-json\/wp\/v2\/product_cat?post=9835"},{"taxonomy":"product_tag","embeddable":true,"href":"https:\/\/ebrecleaneco.com\/ca\/wp-json\/wp\/v2\/product_tag?post=9835"}],"curies":[{"name":"wp","href":"https:\/\/api.w.org\/{rel}","templated":true}]}}