{"id":9876,"date":"2023-07-05T17:05:48","date_gmt":"2023-07-05T16:05:48","guid":{"rendered":"https:\/\/ebrecleaneco.com\/?post_type=product&#038;p=9876"},"modified":"2026-02-20T08:42:29","modified_gmt":"2026-02-20T07:42:29","slug":"quadre-de-comandament-amb-abrillantat-5l-bright-board-salpicaderos","status":"publish","type":"product","link":"https:\/\/ebrecleaneco.com\/ca\/producte\/quadre-de-comandament-amb-abrillantat-5l-bright-board-salpicaderos\/","title":{"rendered":"BRIGHT BOARD &#8211; QUADRE DE COMANDAMENT AMB ABRILLANTAT 5L"},"content":{"rendered":"<section class=\"wpb-content-wrapper\"><p>[vc_row pix_padding_top=&#8221;padding No&#8221; pix_padding_bottom=&#8221;padding No&#8221; gradient_colors=&#8221;%5B%7B%7D%5D&#8221;][vc_column width=&#8221;3\/4&#8243; gradient_colors=&#8221;%5B%7B%7D%5D&#8221;][vc_column_text]<\/p>\n<p><strong>BRIGHT BOARD<\/strong><\/p>\n<div dir=\"auto\">Producte dissenyat per a la neteja i abrillantat de superf\u00edcies de vinil, cautx\u00fa i pl\u00e0stic, al sector d&#8217;automoci\u00f3. Repel\u00b7li la pols i la brut\u00edcia, deixant les superf\u00edcies amb un magn\u00edfic acabat extra brillant. Impedeix la formaci\u00f3 de petjades i marques, reduint al m\u00ednim el ratllat. No grogueja amb el temps ni altera el color de les superf\u00edcies. No ataca els metalls. Facilita el manteniment de la brillantor, indicat per a autom\u00f2bils, sostres vin\u00edlics, cuir, tabliers, etc.<\/div>\n<div dir=\"auto\"><\/div>\n<div dir=\"auto\"><\/div>\n<div dir=\"auto\">MODE D&#8217;\u00daS<\/div>\n<div dir=\"auto\"><\/div>\n<div dir=\"auto\">Polvoritzar una petita quantitat de producte directament sobre la superf\u00edcie a una dist\u00e0ncia de 20-25 cm i estendre amb un drap net i sec.<\/div>\n<div dir=\"auto\">Per a posteriors neteges de superf\u00edcies tractades \u00e9s suficient passar lleugerament un drap ja que la pols i la brut\u00edcia no arriben a adherir-s&#8217;hi.<\/div>\n<div dir=\"auto\"><\/div>\n<div dir=\"auto\">PRESENTACI\u00d3:<\/div>\n<div dir=\"auto\"><\/div>\n<div dir=\"auto\"> &#8211; Garrafa de 5 litres.<\/div>\n<\/section>","protected":false},"excerpt":{"rendered":"<p><strong>BRIGHT BOARD<\/strong><\/p>\n<p>Quadre de comandament amb abrillantat.<\/p>\n<p>Producte dissenyat per a la neteja i abrillantat de superf\u00edcies de vinil, cautx\u00fa i pl\u00e0stic, al sector d&#8217;automoci\u00f3.<\/p>\n","protected":false},"featured_media":9815,"comment_status":"open","ping_status":"closed","template":"","meta":{"inline_featured_image":false},"product_brand":[],"product_cat":[435],"product_tag":[],"class_list":{"0":"post-9876","1":"product","2":"type-product","3":"status-publish","4":"has-post-thumbnail","6":"product_cat-format-professional","8":"first","9":"instock","10":"sale","11":"shipping-taxable","12":"purchasable","13":"product-type-simple"},"yoast_head":"<!-- This site is optimized with the Yoast SEO plugin v27.4 - https:\/\/yoast.com\/product\/yoast-seo-wordpress\/ -->\n<title>BRIGHT BOARD - QUADRE DE COMANDAMENT AMB ABRILLANTAT 5L - Ebreclean ECO<\/title>\n<meta name=\"description\" content=\"Bright Board Producte dissenyat per a la neteja i abrillantat de superf\u00edcies de vinil, cautx\u00fa i pl\u00e0stic, al sector d&#039;automoci\u00f3.\" \/>\n<meta name=\"robots\" content=\"index, follow, max-snippet:-1, max-image-preview:large, max-video-preview:-1\" \/>\n<link rel=\"canonical\" href=\"https:\/\/ebrecleaneco.com\/ca\/producte\/quadre-de-comandament-amb-abrillantat-5l-bright-board-salpicaderos\/\" \/>\n<meta property=\"og:locale\" content=\"ca_ES\" \/>\n<meta property=\"og:type\" content=\"article\" \/>\n<meta property=\"og:title\" content=\"BRIGHT BOARD - QUADRE DE COMANDAMENT AMB ABRILLANTAT 5L - Ebreclean ECO\" \/>\n<meta property=\"og:description\" content=\"Bright Board Producte dissenyat per a la neteja i abrillantat de superf\u00edcies de vinil, cautx\u00fa i pl\u00e0stic, al sector d&#039;automoci\u00f3.\" \/>\n<meta property=\"og:url\" content=\"https:\/\/ebrecleaneco.com\/ca\/producte\/quadre-de-comandament-amb-abrillantat-5l-bright-board-salpicaderos\/\" \/>\n<meta property=\"og:site_name\" content=\"Ebreclean ECO\" \/>\n<meta property=\"article:modified_time\" content=\"2026-02-20T07:42:29+00:00\" \/>\n<meta property=\"og:image\" content=\"https:\/\/ebrecleaneco.com\/wp-content\/uploads\/2023\/04\/BRIGHT-BOARD-5L.jpg\" \/>\n\t<meta property=\"og:image:width\" content=\"500\" \/>\n\t<meta property=\"og:image:height\" content=\"500\" \/>\n\t<meta property=\"og:image:type\" content=\"image\/jpeg\" \/>\n<meta name=\"twitter:card\" content=\"summary_large_image\" \/>\n<meta name=\"twitter:label1\" content=\"Temps estimat de lectura\" \/>\n\t<meta name=\"twitter:data1\" content=\"1 minut\" \/>\n<script type=\"application\/ld+json\" class=\"yoast-schema-graph\">{\"@context\":\"https:\\\/\\\/schema.org\",\"@graph\":[{\"@type\":\"WebPage\",\"@id\":\"https:\\\/\\\/ebrecleaneco.com\\\/ca\\\/producte\\\/quadre-de-comandament-amb-abrillantat-5l-bright-board-salpicaderos\\\/\",\"url\":\"https:\\\/\\\/ebrecleaneco.com\\\/ca\\\/producte\\\/quadre-de-comandament-amb-abrillantat-5l-bright-board-salpicaderos\\\/\",\"name\":\"BRIGHT BOARD - QUADRE DE COMANDAMENT AMB ABRILLANTAT 5L - Ebreclean ECO\",\"isPartOf\":{\"@id\":\"https:\\\/\\\/ebrecleaneco.com\\\/ca\\\/#website\"},\"primaryImageOfPage\":{\"@id\":\"https:\\\/\\\/ebrecleaneco.com\\\/ca\\\/producte\\\/quadre-de-comandament-amb-abrillantat-5l-bright-board-salpicaderos\\\/#primaryimage\"},\"image\":{\"@id\":\"https:\\\/\\\/ebrecleaneco.com\\\/ca\\\/producte\\\/quadre-de-comandament-amb-abrillantat-5l-bright-board-salpicaderos\\\/#primaryimage\"},\"thumbnailUrl\":\"https:\\\/\\\/ebrecleaneco.com\\\/wp-content\\\/uploads\\\/2023\\\/04\\\/BRIGHT-BOARD-5L.jpg\",\"datePublished\":\"2023-07-05T16:05:48+00:00\",\"dateModified\":\"2026-02-20T07:42:29+00:00\",\"description\":\"Bright Board Producte dissenyat per a la neteja i abrillantat de superf\u00edcies de vinil, cautx\u00fa i pl\u00e0stic, al sector d'automoci\u00f3.\",\"breadcrumb\":{\"@id\":\"https:\\\/\\\/ebrecleaneco.com\\\/ca\\\/producte\\\/quadre-de-comandament-amb-abrillantat-5l-bright-board-salpicaderos\\\/#breadcrumb\"},\"inLanguage\":\"ca\",\"potentialAction\":[{\"@type\":\"ReadAction\",\"target\":[\"https:\\\/\\\/ebrecleaneco.com\\\/ca\\\/producte\\\/quadre-de-comandament-amb-abrillantat-5l-bright-board-salpicaderos\\\/\"]}]},{\"@type\":\"ImageObject\",\"inLanguage\":\"ca\",\"@id\":\"https:\\\/\\\/ebrecleaneco.com\\\/ca\\\/producte\\\/quadre-de-comandament-amb-abrillantat-5l-bright-board-salpicaderos\\\/#primaryimage\",\"url\":\"https:\\\/\\\/ebrecleaneco.com\\\/wp-content\\\/uploads\\\/2023\\\/04\\\/BRIGHT-BOARD-5L.jpg\",\"contentUrl\":\"https:\\\/\\\/ebrecleaneco.com\\\/wp-content\\\/uploads\\\/2023\\\/04\\\/BRIGHT-BOARD-5L.jpg\",\"width\":500,\"height\":500,\"caption\":\"BRIGHT BOARD 5L\"},{\"@type\":\"BreadcrumbList\",\"@id\":\"https:\\\/\\\/ebrecleaneco.com\\\/ca\\\/producte\\\/quadre-de-comandament-amb-abrillantat-5l-bright-board-salpicaderos\\\/#breadcrumb\",\"itemListElement\":[{\"@type\":\"ListItem\",\"position\":1,\"name\":\"Home\",\"item\":\"https:\\\/\\\/ebrecleaneco.com\\\/ca\\\/ebreclean-eco-detailing\\\/\"},{\"@type\":\"ListItem\",\"position\":2,\"name\":\"Botiga\",\"item\":\"https:\\\/\\\/ebrecleaneco.com\\\/ca\\\/botiga\\\/\"},{\"@type\":\"ListItem\",\"position\":3,\"name\":\"BRIGHT BOARD &#8211; QUADRE DE COMANDAMENT AMB ABRILLANTAT 5L\"}]},{\"@type\":\"WebSite\",\"@id\":\"https:\\\/\\\/ebrecleaneco.com\\\/ca\\\/#website\",\"url\":\"https:\\\/\\\/ebrecleaneco.com\\\/ca\\\/\",\"name\":\"Ebreclean ECO\",\"description\":\"Tu tienda online de productos de limpieza para tu vehiculo, accesorios y detailing! Somos fabricantes y distribuidores. Monta tu propio lavadero ecol\u00f3gico con nosotros!\",\"publisher\":{\"@id\":\"https:\\\/\\\/ebrecleaneco.com\\\/ca\\\/#organization\"},\"alternateName\":\"EBRECLEAN\",\"potentialAction\":[{\"@type\":\"SearchAction\",\"target\":{\"@type\":\"EntryPoint\",\"urlTemplate\":\"https:\\\/\\\/ebrecleaneco.com\\\/ca\\\/?s={search_term_string}\"},\"query-input\":{\"@type\":\"PropertyValueSpecification\",\"valueRequired\":true,\"valueName\":\"search_term_string\"}}],\"inLanguage\":\"ca\"},{\"@type\":\"Organization\",\"@id\":\"https:\\\/\\\/ebrecleaneco.com\\\/ca\\\/#organization\",\"name\":\"Ebreclean ECO\",\"url\":\"https:\\\/\\\/ebrecleaneco.com\\\/ca\\\/\",\"logo\":{\"@type\":\"ImageObject\",\"inLanguage\":\"ca\",\"@id\":\"https:\\\/\\\/ebrecleaneco.com\\\/ca\\\/#\\\/schema\\\/logo\\\/image\\\/\",\"url\":\"https:\\\/\\\/ebrecleaneco.com\\\/wp-content\\\/uploads\\\/2023\\\/03\\\/cropped-logo-512-blanc.png\",\"contentUrl\":\"https:\\\/\\\/ebrecleaneco.com\\\/wp-content\\\/uploads\\\/2023\\\/03\\\/cropped-logo-512-blanc.png\",\"width\":512,\"height\":512,\"caption\":\"Ebreclean ECO\"},\"image\":{\"@id\":\"https:\\\/\\\/ebrecleaneco.com\\\/ca\\\/#\\\/schema\\\/logo\\\/image\\\/\"},\"sameAs\":[\"https:\\\/\\\/www.instagram.com\\\/ebrecleaneco\\\/\"]}]}<\/script>\n<!-- \/ Yoast SEO plugin. -->","yoast_head_json":{"title":"BRIGHT BOARD - QUADRE DE COMANDAMENT AMB ABRILLANTAT 5L - Ebreclean ECO","description":"Bright Board Producte dissenyat per a la neteja i abrillantat de superf\u00edcies de vinil, cautx\u00fa i pl\u00e0stic, al sector d'automoci\u00f3.","robots":{"index":"index","follow":"follow","max-snippet":"max-snippet:-1","max-image-preview":"max-image-preview:large","max-video-preview":"max-video-preview:-1"},"canonical":"https:\/\/ebrecleaneco.com\/ca\/producte\/quadre-de-comandament-amb-abrillantat-5l-bright-board-salpicaderos\/","og_locale":"ca_ES","og_type":"article","og_title":"BRIGHT BOARD - QUADRE DE COMANDAMENT AMB ABRILLANTAT 5L - Ebreclean ECO","og_description":"Bright Board Producte dissenyat per a la neteja i abrillantat de superf\u00edcies de vinil, cautx\u00fa i pl\u00e0stic, al sector d'automoci\u00f3.","og_url":"https:\/\/ebrecleaneco.com\/ca\/producte\/quadre-de-comandament-amb-abrillantat-5l-bright-board-salpicaderos\/","og_site_name":"Ebreclean ECO","article_modified_time":"2026-02-20T07:42:29+00:00","og_image":[{"width":500,"height":500,"url":"https:\/\/ebrecleaneco.com\/wp-content\/uploads\/2023\/04\/BRIGHT-BOARD-5L.jpg","type":"image\/jpeg"}],"twitter_card":"summary_large_image","twitter_misc":{"Temps estimat de lectura":"1 minut"},"schema":{"@context":"https:\/\/schema.org","@graph":[{"@type":"WebPage","@id":"https:\/\/ebrecleaneco.com\/ca\/producte\/quadre-de-comandament-amb-abrillantat-5l-bright-board-salpicaderos\/","url":"https:\/\/ebrecleaneco.com\/ca\/producte\/quadre-de-comandament-amb-abrillantat-5l-bright-board-salpicaderos\/","name":"BRIGHT BOARD - QUADRE DE COMANDAMENT AMB ABRILLANTAT 5L - Ebreclean ECO","isPartOf":{"@id":"https:\/\/ebrecleaneco.com\/ca\/#website"},"primaryImageOfPage":{"@id":"https:\/\/ebrecleaneco.com\/ca\/producte\/quadre-de-comandament-amb-abrillantat-5l-bright-board-salpicaderos\/#primaryimage"},"image":{"@id":"https:\/\/ebrecleaneco.com\/ca\/producte\/quadre-de-comandament-amb-abrillantat-5l-bright-board-salpicaderos\/#primaryimage"},"thumbnailUrl":"https:\/\/ebrecleaneco.com\/wp-content\/uploads\/2023\/04\/BRIGHT-BOARD-5L.jpg","datePublished":"2023-07-05T16:05:48+00:00","dateModified":"2026-02-20T07:42:29+00:00","description":"Bright Board Producte dissenyat per a la neteja i abrillantat de superf\u00edcies de vinil, cautx\u00fa i pl\u00e0stic, al sector d'automoci\u00f3.","breadcrumb":{"@id":"https:\/\/ebrecleaneco.com\/ca\/producte\/quadre-de-comandament-amb-abrillantat-5l-bright-board-salpicaderos\/#breadcrumb"},"inLanguage":"ca","potentialAction":[{"@type":"ReadAction","target":["https:\/\/ebrecleaneco.com\/ca\/producte\/quadre-de-comandament-amb-abrillantat-5l-bright-board-salpicaderos\/"]}]},{"@type":"ImageObject","inLanguage":"ca","@id":"https:\/\/ebrecleaneco.com\/ca\/producte\/quadre-de-comandament-amb-abrillantat-5l-bright-board-salpicaderos\/#primaryimage","url":"https:\/\/ebrecleaneco.com\/wp-content\/uploads\/2023\/04\/BRIGHT-BOARD-5L.jpg","contentUrl":"https:\/\/ebrecleaneco.com\/wp-content\/uploads\/2023\/04\/BRIGHT-BOARD-5L.jpg","width":500,"height":500,"caption":"BRIGHT BOARD 5L"},{"@type":"BreadcrumbList","@id":"https:\/\/ebrecleaneco.com\/ca\/producte\/quadre-de-comandament-amb-abrillantat-5l-bright-board-salpicaderos\/#breadcrumb","itemListElement":[{"@type":"ListItem","position":1,"name":"Home","item":"https:\/\/ebrecleaneco.com\/ca\/ebreclean-eco-detailing\/"},{"@type":"ListItem","position":2,"name":"Botiga","item":"https:\/\/ebrecleaneco.com\/ca\/botiga\/"},{"@type":"ListItem","position":3,"name":"BRIGHT BOARD &#8211; QUADRE DE COMANDAMENT AMB ABRILLANTAT 5L"}]},{"@type":"WebSite","@id":"https:\/\/ebrecleaneco.com\/ca\/#website","url":"https:\/\/ebrecleaneco.com\/ca\/","name":"Ebreclean ECO","description":"Tu tienda online de productos de limpieza para tu vehiculo, accesorios y detailing! Somos fabricantes y distribuidores. Monta tu propio lavadero ecol\u00f3gico con nosotros!","publisher":{"@id":"https:\/\/ebrecleaneco.com\/ca\/#organization"},"alternateName":"EBRECLEAN","potentialAction":[{"@type":"SearchAction","target":{"@type":"EntryPoint","urlTemplate":"https:\/\/ebrecleaneco.com\/ca\/?s={search_term_string}"},"query-input":{"@type":"PropertyValueSpecification","valueRequired":true,"valueName":"search_term_string"}}],"inLanguage":"ca"},{"@type":"Organization","@id":"https:\/\/ebrecleaneco.com\/ca\/#organization","name":"Ebreclean ECO","url":"https:\/\/ebrecleaneco.com\/ca\/","logo":{"@type":"ImageObject","inLanguage":"ca","@id":"https:\/\/ebrecleaneco.com\/ca\/#\/schema\/logo\/image\/","url":"https:\/\/ebrecleaneco.com\/wp-content\/uploads\/2023\/03\/cropped-logo-512-blanc.png","contentUrl":"https:\/\/ebrecleaneco.com\/wp-content\/uploads\/2023\/03\/cropped-logo-512-blanc.png","width":512,"height":512,"caption":"Ebreclean ECO"},"image":{"@id":"https:\/\/ebrecleaneco.com\/ca\/#\/schema\/logo\/image\/"},"sameAs":["https:\/\/www.instagram.com\/ebrecleaneco\/"]}]}},"_links":{"self":[{"href":"https:\/\/ebrecleaneco.com\/ca\/wp-json\/wp\/v2\/product\/9876","targetHints":{"allow":["GET"]}}],"collection":[{"href":"https:\/\/ebrecleaneco.com\/ca\/wp-json\/wp\/v2\/product"}],"about":[{"href":"https:\/\/ebrecleaneco.com\/ca\/wp-json\/wp\/v2\/types\/product"}],"replies":[{"embeddable":true,"href":"https:\/\/ebrecleaneco.com\/ca\/wp-json\/wp\/v2\/comments?post=9876"}],"wp:featuredmedia":[{"embeddable":true,"href":"https:\/\/ebrecleaneco.com\/ca\/wp-json\/wp\/v2\/media\/9815"}],"wp:attachment":[{"href":"https:\/\/ebrecleaneco.com\/ca\/wp-json\/wp\/v2\/media?parent=9876"}],"wp:term":[{"taxonomy":"product_brand","embeddable":true,"href":"https:\/\/ebrecleaneco.com\/ca\/wp-json\/wp\/v2\/product_brand?post=9876"},{"taxonomy":"product_cat","embeddable":true,"href":"https:\/\/ebrecleaneco.com\/ca\/wp-json\/wp\/v2\/product_cat?post=9876"},{"taxonomy":"product_tag","embeddable":true,"href":"https:\/\/ebrecleaneco.com\/ca\/wp-json\/wp\/v2\/product_tag?post=9876"}],"curies":[{"name":"wp","href":"https:\/\/api.w.org\/{rel}","templated":true}]}}